{"id":7978,"date":"2026-04-21T19:49:10","date_gmt":"2026-04-21T17:49:10","guid":{"rendered":"https:\/\/www.horn-wzm.de\/shop\/unkategorisiert\/saeulenbohrmaschine-altmetall-ax3-sv-n-bj-96-intnr231517\/"},"modified":"2026-04-21T19:49:11","modified_gmt":"2026-04-21T17:49:11","slug":"saeulenbohrmaschine-altmetall-ax3-sv-n-bj-96-intnr231517","status":"publish","type":"product","link":"https:\/\/www.horn-wzm.de\/uk\/shop\/zubehoer-sonstiges\/saeulenbohrmaschine-altmetall-ax3-sv-n-bj-96-intnr231517\/","title":{"rendered":"S\u00e4ulenbohrmaschine Altmetall AX3\/SV-N Bj. `96 IntNr231517"},"content":{"rendered":"<p><b>\u041c\u0456\u0441\u0446\u0435\u0437\u043d\u0430\u0445\u043e\u0434\u0436\u0435\u043d\u043d\u044f:<\/b> \u041d\u0456\u043c\u0435\u0447\u0447\u0438\u043d\u0430, \u0411\u0430\u0434\u0435\u043d-\u0412\u044e\u0440\u0442\u0435\u043c\u0431\u0435\u0440\u0433 \u041f\u0456\u0432\u0434\u0435\u043d\u043d\u0438\u0439 \u0417\u0430\u0445\u0456\u0434<\/p>\n<p><b>\u0423\u043c\u043e\u0432\u0430:<\/b> \u0411\/\u0432<\/p>\n<p><b>\u0412\u0438\u0440\u043e\u0431\u043d\u0438\u043a:<\/b> Alzmetall<\/p>\n<p><b>\u041c\u043e\u0434\u0435\u043b\u044c:<\/b> Alzmetall<\/p>\n<p><b>\u0420\u0456\u043a \u043f\u043e\u0431\u0443\u0434\u043e\u0432\u0438:<\/b> 1996<\/p>\n<p>Zum Verkauf steht eine gebrauchte S\u00e4ulenbohrmaschine ALZMETALL AX 3\/SV-N, Baujahr 1996, in robuster Industrieausf\u00fchrung.<br \/>\n\u0422\u0435\u0445\u043d\u0456\u0447\u043d\u0456 \u0434\u0430\u043d\u0456:<br \/>\nSteuerung: konventionell<br \/>\nBohrverm\u00f6gen in Stahl E335 (St 60): 40 mm<br \/>\nBohrleistung in Stahl: 32 mm<br \/>\nBohrleistung in Guss EN-GJL-200: 38 mm<br \/>\nGewindeschneiden in Stahl: M24<br \/>\nGewindeschneiden in Guss: M30<br \/>\nSpindelaufnahme: MK 3<br \/>\nSpindelhub: 120 mm<br \/>\nAusladung: 293 mm<br \/>\nS\u00e4ulendurchmesser: 115 mm<br \/>\nTischgr\u00f6\u00dfe \/ Auflagefl\u00e4che: 515 x 360 mm<br \/>\nT-Nuten: 2 x 14 x 224 mm<br \/>\nAbstand Spindel\u2013Tisch min.\/max.: 117 \/ 701 mm<br \/>\nVorschub: automatisch, zus\u00e4tzlich handbet\u00e4tigt; in einer Marktquelle mit 0,10 \/ 0,20 mm\/U bzw. 0,10 \/ 0,30 mm\/U je nach Ausf\u00fchrung angegeben.<br \/>\nDrehzahlverstellung: stufenlos<br \/>\nSpindeldrehzahl: 160\u20132250 U\/min<br \/>\nMaschinengewicht: ca. 270 kg<br \/>\nAbmessungen ca.: 700 x 1000 x 1900 mm<\/p>\n<p>\u041c\u0430\u0448\u0438\u043d\u0443 \u043c\u043e\u0436\u043d\u0430 \u043e\u0433\u043b\u044f\u043d\u0443\u0442\u0438 \u0437\u0430 \u043f\u043e\u043f\u0435\u0440\u0435\u0434\u043d\u0456\u043c \u0437\u0430\u043f\u0438\u0441\u043e\u043c.<br \/>\n\u041c\u0438 \u0437\u0430\u043b\u0438\u0448\u0430\u0454\u043c\u043e \u0437\u0430 \u0441\u043e\u0431\u043e\u044e \u043f\u0440\u0430\u0432\u043e \u043d\u0430 \u0437\u043c\u0456\u043d\u0438 \u0442\u0430 \u043f\u043e\u043c\u0438\u043b\u043a\u0438 \u0432 \u0442\u0435\u0445\u043d\u0456\u0447\u043d\u0438\u0445 \u0434\u0430\u043d\u0438\u0445 \u0442\u0430 \u0456\u043d\u0444\u043e\u0440\u043c\u0430\u0446\u0456\u0457, \u0430 \u0442\u0430\u043a\u043e\u0436 \u043d\u0430 \u043f\u043e\u043f\u0435\u0440\u0435\u0434\u043d\u0456\u0439 \u043f\u0440\u043e\u0434\u0430\u0436!<\/p>\n<p>A used ALZMETALL AX 3\/SV-N column drill press, manufactured in 1996, in a robust industrial design, is for sale.<br \/>\nTechnical specifications:<br \/>\nControl system: conventional<br \/>\nDrilling capacity in steel E335 (St 60): 40 mm<br \/>\nDrilling capacity in steel: 32 mm<br \/>\nDrilling capacity in cast iron EN-GJL-200: 38 mm<br \/>\nTapping in steel: M24<br \/>\nTapping in cast iron: M30<br \/>\nSpindle chuck: MK 3<br \/>\nSpindle stroke: 120 mm<br \/>\nOverhang: 293 mm<br \/>\nColumn diameter: 115 mm<br \/>\nTable size \/ support surface: 515 x 360 mm<br \/>\nT-slots: 2 x 14 x 224 mm<br \/>\nSpindle\u2013table distance min.\/max.: 117 \/ 701 mm<br \/>\nFeed: automatic, additionally manually operated; specified in one market source as 0.10 \/ 0.20 mm\/rev or 0.10 \/ 0.30 mm\/rev depending on the model.<br \/>\nSpeed adjustment: infinitely variable<br \/>\nSpindle speed: 160\u20132250 rpm<br \/>\nMachine weight: approx. 270 kg<br \/>\nDimensions approx.: 700 x 1000 x 1900 mm<\/p>\n<p>\u041c\u0430\u0448\u0438\u043d\u0443 \u043c\u043e\u0436\u043d\u0430 \u043e\u0433\u043b\u044f\u043d\u0443\u0442\u0438 \u0437\u0430 \u043f\u043e\u043f\u0435\u0440\u0435\u0434\u043d\u0456\u043c \u0437\u0430\u043f\u0438\u0441\u043e\u043c.<br \/>\nWe reserve the right to make changes and corrections to the technical data and specifications, and to sell the item in the meantime!<\/p>","protected":false},"excerpt":{"rendered":"<p>Standort: Deutschland, Baden-W\u00fcrttemberg S\u00fcdwest Zustand: Gebraucht Hersteller: Alzmetall Modell: Alzmetall Baujahr: 1996 Zum Verkauf steht eine gebrauchte S\u00e4ulenbohrmaschine ALZMETALL AX 3\/SV-N, Baujahr 1996, in robuster Industrieausf\u00fchrung. Technische Daten: Steuerung: konventionell Bohrverm\u00f6gen in Stahl E335 (St 60): 40 mm Bohrleistung in Stahl: 32 mm Bohrleistung in Guss EN-GJL-200: 38 mm Gewindeschneiden in Stahl: M24 Gewindeschneiden in [&hellip;]<\/p>\n","protected":false},"featured_media":7975,"template":"","meta":[],"product_brand":[],"product_cat":[94],"product_tag":[],"class_list":{"0":"post-7978","1":"product","2":"type-product","3":"status-publish","4":"has-post-thumbnail","6":"product_cat-zubehoer-sonstiges","8":"first","9":"instock","10":"taxable","11":"shipping-taxable","12":"product-type-simple"},"aioseo_notices":[],"_links":{"self":[{"href":"https:\/\/www.horn-wzm.de\/uk\/wp-json\/wp\/v2\/product\/7978","targetHints":{"allow":["GET"]}}],"collection":[{"href":"https:\/\/www.horn-wzm.de\/uk\/wp-json\/wp\/v2\/product"}],"about":[{"href":"https:\/\/www.horn-wzm.de\/uk\/wp-json\/wp\/v2\/types\/product"}],"version-history":[{"count":1,"href":"https:\/\/www.horn-wzm.de\/uk\/wp-json\/wp\/v2\/product\/7978\/revisions"}],"predecessor-version":[{"id":7979,"href":"https:\/\/www.horn-wzm.de\/uk\/wp-json\/wp\/v2\/product\/7978\/revisions\/7979"}],"wp:featuredmedia":[{"embeddable":true,"href":"https:\/\/www.horn-wzm.de\/uk\/wp-json\/wp\/v2\/media\/7975"}],"wp:attachment":[{"href":"https:\/\/www.horn-wzm.de\/uk\/wp-json\/wp\/v2\/media?parent=7978"}],"wp:term":[{"taxonomy":"product_brand","embeddable":true,"href":"https:\/\/www.horn-wzm.de\/uk\/wp-json\/wp\/v2\/product_brand?post=7978"},{"taxonomy":"product_cat","embeddable":true,"href":"https:\/\/www.horn-wzm.de\/uk\/wp-json\/wp\/v2\/product_cat?post=7978"},{"taxonomy":"product_tag","embeddable":true,"href":"https:\/\/www.horn-wzm.de\/uk\/wp-json\/wp\/v2\/product_tag?post=7978"}],"curies":[{"name":"wp","href":"https:\/\/api.w.org\/{rel}","templated":true}]}}