{"id":7963,"date":"2026-04-21T18:27:11","date_gmt":"2026-04-21T16:27:11","guid":{"rendered":"https:\/\/www.horn-wzm.de\/shop\/unkategorisiert\/hd-einheit-combiloob-cl1-f-30-20-a-bj-07-intnr231557\/"},"modified":"2026-04-21T18:27:11","modified_gmt":"2026-04-21T16:27:11","slug":"hd-einheit-combiloob-cl1-f-30-20-a-bj-07-intnr231557","status":"publish","type":"product","link":"https:\/\/www.horn-wzm.de\/uk\/shop\/hochdruckanlagen\/hd-einheit-combiloob-cl1-f-30-20-a-bj-07-intnr231557\/","title":{"rendered":"HD- Einheit Combiloob CL1-F-30-20-A, Bj. `07, IntNr231557"},"content":{"rendered":"<p><b>\u041c\u0456\u0441\u0446\u0435\u0437\u043d\u0430\u0445\u043e\u0434\u0436\u0435\u043d\u043d\u044f:<\/b> \u041d\u0456\u043c\u0435\u0447\u0447\u0438\u043d\u0430, \u0411\u0430\u0434\u0435\u043d-\u0412\u044e\u0440\u0442\u0435\u043c\u0431\u0435\u0440\u0433 \u041f\u0456\u0432\u0434\u0435\u043d\u043d\u0438\u0439 \u0417\u0430\u0445\u0456\u0434<\/p>\n<p><b>\u0423\u043c\u043e\u0432\u0430:<\/b> \u0411\/\u0432<\/p>\n<p><b>\u0412\u0438\u0440\u043e\u0431\u043d\u0438\u043a:<\/b> M\u00fcller Hydraulik<\/p>\n<p><b>\u041c\u043e\u0434\u0435\u043b\u044c:<\/b> M\u00fcller Hydraulik<\/p>\n<p><b>\u0420\u0456\u043a \u043f\u043e\u0431\u0443\u0434\u043e\u0432\u0438:<\/b> 2007<\/p>\n<p>Zum Verkauf steht eine leistungsstarke HD-Einheit Combiloop CL1-F-30-20-A aus dem Baujahr 2007. <\/p>\n<p>\u0422\u0435\u0445\u043d\u0456\u0447\u043d\u0456 \u0434\u0430\u043d\u0456:<br \/>\nAnlagenart: Hochdruck-Einheit (HD)<br \/>\nF\u00f6rdermedium: \u00d6l<br \/>\nMax. Betriebsdruck: ca. 20\u201330 bar<br \/>\nF\u00f6rderleistung: ca. 20\u201330 l\/min<br \/>\nAntrieb: Elektromotor<br \/>\nSpannung: 400 V \/ 50 Hz (Drehstrom)<br \/>\nSteuerung: integrierte Steuerungseinheit<br \/>\nBauform: kompakte, geschlossene Einheit<br \/>\nAnschluss: standardisierte Industrieanschl\u00fcsse<\/p>\n<p>Ausstattung &amp; Komponenten:<br \/>\nHochdruckpumpe<br \/>\nFiltereinheit zur Medienaufbereitung<br \/>\nSicherheitsventile und Druck\u00fcberwachung<br \/>\nR\u00fccklaufsystem f\u00fcr geschlossene Kreisl\u00e4ufe<br \/>\nRobustes Stahlgeh\u00e4use \/ fahrbar<\/p>\n<p>Die Einheit  kann nach Terminvereinbarung Strom besichtigt werden.<br \/>\n\u041c\u0438 \u0437\u0430\u043b\u0438\u0448\u0430\u0454\u043c\u043e \u0437\u0430 \u0441\u043e\u0431\u043e\u044e \u043f\u0440\u0430\u0432\u043e \u043d\u0430 \u0437\u043c\u0456\u043d\u0438 \u0442\u0430 \u043f\u043e\u043c\u0438\u043b\u043a\u0438 \u0432 \u0442\u0435\u0445\u043d\u0456\u0447\u043d\u0438\u0445 \u0434\u0430\u043d\u0438\u0445 \u0442\u0430 \u0456\u043d\u0444\u043e\u0440\u043c\u0430\u0446\u0456\u0457, \u0430 \u0442\u0430\u043a\u043e\u0436 \u043d\u0430 \u043f\u043e\u043f\u0435\u0440\u0435\u0434\u043d\u0456\u0439 \u043f\u0440\u043e\u0434\u0430\u0436!<\/p>\n<p>A high-performance Combiloop CL1-F-30-20-A high-pressure unit, manufactured in 2007, is for sale. <\/p>\n<p>Technical specifications:<br \/>\nSystem type: High-pressure unit (HP)<br \/>\nFluid: Oil<br \/>\nMax. operating pressure: approx. 20\u201330 bar<br \/>\nFlow rate: approx. 20\u201330 l\/min<br \/>\nDrive: Electric motor<br \/>\nVoltage: 400 V \/ 50 Hz (three-phase)<br \/>\nControl: Integrated control unit<br \/>\nDesign: Compact, enclosed unit<br \/>\nConnections: Standardised industrial connections<\/p>\n<p>Features &amp; components:<br \/>\nHigh-pressure pump<br \/>\nFilter unit for media preparation<br \/>\nSafety valves and pressure monitoring<br \/>\nReturn system for closed circuits<br \/>\nRobust steel housing \/ mobile<\/p>\n<p>The unit can be viewed by appointment.<br \/>\nWe reserve the right to make changes and corrections to the technical data and specifications, and to sell items prior to order!<\/p>","protected":false},"excerpt":{"rendered":"<p>Standort: Deutschland, Baden-W\u00fcrttemberg S\u00fcdwest Zustand: Gebraucht Hersteller: M\u00fcller Hydraulik Modell: M\u00fcller Hydraulik Baujahr: 2007 Zum Verkauf steht eine leistungsstarke HD-Einheit Combiloop CL1-F-30-20-A aus dem Baujahr 2007. Technische Daten: Anlagenart: Hochdruck-Einheit (HD) F\u00f6rdermedium: \u00d6l Max. Betriebsdruck: ca. 20\u201330 bar F\u00f6rderleistung: ca. 20\u201330 l\/min Antrieb: Elektromotor Spannung: 400 V \/ 50 Hz (Drehstrom) Steuerung: integrierte Steuerungseinheit Bauform: [&hellip;]<\/p>\n","protected":false},"featured_media":7960,"template":"","meta":[],"product_brand":[],"product_cat":[86],"product_tag":[],"class_list":{"0":"post-7963","1":"product","2":"type-product","3":"status-publish","4":"has-post-thumbnail","6":"product_cat-hochdruckanlagen","8":"first","9":"instock","10":"taxable","11":"shipping-taxable","12":"product-type-simple"},"aioseo_notices":[],"_links":{"self":[{"href":"https:\/\/www.horn-wzm.de\/uk\/wp-json\/wp\/v2\/product\/7963","targetHints":{"allow":["GET"]}}],"collection":[{"href":"https:\/\/www.horn-wzm.de\/uk\/wp-json\/wp\/v2\/product"}],"about":[{"href":"https:\/\/www.horn-wzm.de\/uk\/wp-json\/wp\/v2\/types\/product"}],"version-history":[{"count":1,"href":"https:\/\/www.horn-wzm.de\/uk\/wp-json\/wp\/v2\/product\/7963\/revisions"}],"predecessor-version":[{"id":7964,"href":"https:\/\/www.horn-wzm.de\/uk\/wp-json\/wp\/v2\/product\/7963\/revisions\/7964"}],"wp:featuredmedia":[{"embeddable":true,"href":"https:\/\/www.horn-wzm.de\/uk\/wp-json\/wp\/v2\/media\/7960"}],"wp:attachment":[{"href":"https:\/\/www.horn-wzm.de\/uk\/wp-json\/wp\/v2\/media?parent=7963"}],"wp:term":[{"taxonomy":"product_brand","embeddable":true,"href":"https:\/\/www.horn-wzm.de\/uk\/wp-json\/wp\/v2\/product_brand?post=7963"},{"taxonomy":"product_cat","embeddable":true,"href":"https:\/\/www.horn-wzm.de\/uk\/wp-json\/wp\/v2\/product_cat?post=7963"},{"taxonomy":"product_tag","embeddable":true,"href":"https:\/\/www.horn-wzm.de\/uk\/wp-json\/wp\/v2\/product_tag?post=7963"}],"curies":[{"name":"wp","href":"https:\/\/api.w.org\/{rel}","templated":true}]}}