{"id":7787,"date":"2026-03-31T17:27:23","date_gmt":"2026-03-31T15:27:23","guid":{"rendered":"https:\/\/www.horn-wzm.de\/shop\/unkategorisiert\/star-sr20r-ii-bj-12_2006_mit-fmb-turbo-3-26_-intnr231539\/"},"modified":"2026-04-24T10:17:44","modified_gmt":"2026-04-24T08:17:44","slug":"star-sr20r-ii-bj-12_2006_mit-fmb-turbo-3-26_-intnr231539","status":"publish","type":"product","link":"https:\/\/www.horn-wzm.de\/uk\/shop\/cnc-langdrehmaschinen\/star-sr20r-ii-bj-12_2006_mit-fmb-turbo-3-26_-intnr231539\/","title":{"rendered":"STAR SR20R II , Bj.12_2006_mit FMB Turbo 3-26_ IntNr231539"},"content":{"rendered":"<p><b>\u041c\u0456\u0441\u0446\u0435\u0437\u043d\u0430\u0445\u043e\u0434\u0436\u0435\u043d\u043d\u044f:<\/b> \u041d\u0456\u043c\u0435\u0447\u0447\u0438\u043d\u0430, \u0411\u0430\u0434\u0435\u043d-\u0412\u044e\u0440\u0442\u0435\u043c\u0431\u0435\u0440\u0433 \u041f\u0456\u0432\u0434\u0435\u043d\u043d\u0438\u0439 \u0417\u0430\u0445\u0456\u0434<\/p>\n<p><b>\u0423\u043c\u043e\u0432\u0430:<\/b> \u0411\/\u0432<\/p>\n<p><b>\u0412\u0438\u0440\u043e\u0431\u043d\u0438\u043a:<\/b> STAR Micronics<\/p>\n<p><b>\u041c\u043e\u0434\u0435\u043b\u044c:<\/b> STAR Micronics<\/p>\n<p><b>\u0413\u043e\u0434\u0438\u043d\u0438 \u0440\u043e\u0431\u043e\u0442\u0438:<\/b> 58685<\/p>\n<p>CNC-Langdrehmaschine STAR SR-20RII mit FMB Turbo 3-26<br \/>\nBaujahr: 12_2006<br \/>\nSteuerung: Fanuc 18i-TB<\/p>\n<p>\u0422\u0435\u0445\u043d\u0456\u0447\u043d\u0456 \u0445\u0430\u0440\u0430\u043a\u0442\u0435\u0440\u0438\u0441\u0442\u0438\u043a\u0438<br \/>\nMax. Drehdurchmesser: \u00d8 20 mm (optional bis \u00d8 22 mm)<br \/>\nDrehl\u00e4nge: 205 mm<br \/>\n\u0413\u043e\u043b\u043e\u0432\u043d\u0438\u0439 \u0448\u043f\u0438\u043d\u0434\u0435\u043b\u044c:<br \/>\n\u2022\tDrehzahl: bis ca. 10.000\u201312.000 min\u207b\u00b9<br \/>\n\u2022\tLeistung: ca. 3,7\u20135,5 kW<br \/>\n\u2022\tC-Achse f\u00fcr Konturbearbeitung<br \/>\n\u041a\u043e\u043d\u0442\u0440\u0448\u043f\u0438\u043d\u0434\u0435\u043b\u044c:<br \/>\n\u2022\tDrehzahl: bis ca. 6.000\u20138.000 min\u207b\u00b9<br \/>\n\u2022\tC-Achse<br \/>\nAchsen (Verfahrwege):<br \/>\n\u2022\tX1 \/ Z1 \/ Y1 (Hauptbearbeitung): X1 ca. 265 mm \/ Z1 ca. 205 mm \/ Y1 \u00b1 20 mm<br \/>\n\u2022\tX2 \/ Z2 (Gegenspindel): \u00e4hnlich Hauptachse, genaue Werte abh\u00e4ngig von Maschine<br \/>\n\u2022\tEilgang: ca. 24\u201330 m\/min<\/p>\n<p>Maschinenabmessungen: 2.400 \u00d7 1.205 \u00d7 1.700 mm<br \/>\nGewicht Maschine: ca. 2.200 kg<\/p>\n<p>Stangenlademagazin: FMB TURBO 3-26\/3200<br \/>\n\u041a\u043e\u043d\u0432\u0435\u0454\u0440 \u0434\u043b\u044f \u0442\u0440\u0430\u043d\u0441\u043f\u043e\u0440\u0442\u0443\u0432\u0430\u043d\u043d\u044f \u0441\u0442\u0440\u0443\u0436\u043a\u0438<\/p>\n<p>Besichtigung: Maschine kann nach Terminvereinbarung vor Ort besichtigt werden.<br \/>\nHinweis: \u00c4nderungen und Irrt\u00fcmer in den technischen Daten sowie Zwischenverkauf vorbehalten!<\/p>\n<p>STAR SR-20RII CNC vertical turning machine with FMB Turbo 3-26<br \/>\nYear of manufacture: 12_2006<br \/>\nControl system: Fanuc 18i-TB<\/p>\n<p>\u0422\u0435\u0445\u043d\u0456\u0447\u043d\u0456 \u0445\u0430\u0440\u0430\u043a\u0442\u0435\u0440\u0438\u0441\u0442\u0438\u043a\u0438<br \/>\n\u041c\u0430\u043a\u0441\u0438\u043c\u0430\u043b\u044c\u043d\u0438\u0439 \u0434\u0456\u0430\u043c\u0435\u0442\u0440 \u0442\u043e\u0447\u0456\u043d\u043d\u044f: \u00d8 20 \u043c\u043c (\u043e\u043f\u0446\u0456\u043e\u043d\u0430\u043b\u044c\u043d\u043e \u0434\u043e \u00d8 22 \u043c\u043c)<br \/>\nTurning length: 205 mm<br \/>\n\u0413\u043e\u043b\u043e\u0432\u043d\u0438\u0439 \u0448\u043f\u0438\u043d\u0434\u0435\u043b\u044c:<br \/>\n\u2022    Speed: up to approx. 10,000\u201312,000 rpm<br \/>\n\u2022    Power: approx. 3.7\u20135.5 kW<br \/>\n\u2022    C-axis for contour machining<br \/>\nCounter spindle:<br \/>\n\u2022    Speed: up to approx. 6,000\u20138,000 rpm<br \/>\n\u2022    C-axis<br \/>\nAxes (travel ranges):<br \/>\n\u2022    X1 \/ Z1 \/ Y1 (main machining): X1 approx. 265 mm \/ Z1 approx. 205 mm \/ Y1 \u00b1 20 mm<br \/>\n\u2022    X2 \/ Z2 (counter spindle): similar to main axis, exact values depend on machine<br \/>\n\u2022    Rapid traverse: approx. 24\u201330 m\/min<\/p>\n<p>Machine dimensions: 2,400 \u00d7 1,205 \u00d7 1,700 mm<br \/>\n\u0412\u0430\u0433\u0430 \u043c\u0430\u0448\u0438\u043d\u0438: \u043f\u0440\u0438\u0431\u043b\u0438\u0437\u043d\u043e 2 200 \u043a\u0433<\/p>\n<p>Bar loading magazine: FMB TURBO 3-26\/3200<br \/>\n\u041a\u043e\u043d\u0432\u0435\u0454\u0440 \u0434\u043b\u044f \u0442\u0440\u0430\u043d\u0441\u043f\u043e\u0440\u0442\u0443\u0432\u0430\u043d\u043d\u044f \u0441\u0442\u0440\u0443\u0436\u043a\u0438<\/p>\n<p>Viewing: The machine can be viewed on site by appointment.<br \/>\nNote: Subject to changes and errors in the technical data, and prior sale!<\/p>","protected":false},"excerpt":{"rendered":"<p>Standort: Deutschland, Baden-W\u00fcrttemberg S\u00fcdwest Zustand: Gebraucht Hersteller: STAR Micronics Modell: STAR Micronics Betriebsstunden: 58685 CNC-Langdrehmaschine STAR SR-20RII mit FMB Turbo 3-26 Baujahr: 12_2006 Steuerung: Fanuc 18i-TB Technische Daten Max. Drehdurchmesser: \u00d8 20 mm (optional bis \u00d8 22 mm) Drehl\u00e4nge: 205 mm Hauptspindel: \u2022 Drehzahl: bis ca. 10.000\u201312.000 min\u207b\u00b9 \u2022 Leistung: ca. 3,7\u20135,5 kW \u2022 C-Achse [&hellip;]<\/p>\n","protected":false},"featured_media":8094,"template":"","meta":[],"product_brand":[],"product_cat":[81],"product_tag":[],"class_list":{"0":"post-7787","1":"product","2":"type-product","3":"status-publish","4":"has-post-thumbnail","6":"product_cat-cnc-langdrehmaschinen","8":"first","9":"instock","10":"taxable","11":"shipping-taxable","12":"product-type-simple"},"aioseo_notices":[],"_links":{"self":[{"href":"https:\/\/www.horn-wzm.de\/uk\/wp-json\/wp\/v2\/product\/7787","targetHints":{"allow":["GET"]}}],"collection":[{"href":"https:\/\/www.horn-wzm.de\/uk\/wp-json\/wp\/v2\/product"}],"about":[{"href":"https:\/\/www.horn-wzm.de\/uk\/wp-json\/wp\/v2\/types\/product"}],"version-history":[{"count":1,"href":"https:\/\/www.horn-wzm.de\/uk\/wp-json\/wp\/v2\/product\/7787\/revisions"}],"predecessor-version":[{"id":7788,"href":"https:\/\/www.horn-wzm.de\/uk\/wp-json\/wp\/v2\/product\/7787\/revisions\/7788"}],"wp:featuredmedia":[{"embeddable":true,"href":"https:\/\/www.horn-wzm.de\/uk\/wp-json\/wp\/v2\/media\/8094"}],"wp:attachment":[{"href":"https:\/\/www.horn-wzm.de\/uk\/wp-json\/wp\/v2\/media?parent=7787"}],"wp:term":[{"taxonomy":"product_brand","embeddable":true,"href":"https:\/\/www.horn-wzm.de\/uk\/wp-json\/wp\/v2\/product_brand?post=7787"},{"taxonomy":"product_cat","embeddable":true,"href":"https:\/\/www.horn-wzm.de\/uk\/wp-json\/wp\/v2\/product_cat?post=7787"},{"taxonomy":"product_tag","embeddable":true,"href":"https:\/\/www.horn-wzm.de\/uk\/wp-json\/wp\/v2\/product_tag?post=7787"}],"curies":[{"name":"wp","href":"https:\/\/api.w.org\/{rel}","templated":true}]}}