{"id":7521,"date":"2026-03-13T11:26:04","date_gmt":"2026-03-13T10:26:04","guid":{"rendered":"https:\/\/www.horn-wzm.de\/shop\/unkategorisiert\/ergomat-tda-26-36-cnc-bj-97-mit-einzelstangenvorschub-intnr231498\/"},"modified":"2026-03-13T11:26:04","modified_gmt":"2026-03-13T10:26:04","slug":"ergomat-tda-26-36-cnc-bj-97-mit-einzelstangenvorschub-intnr231498","status":"publish","type":"product","link":"https:\/\/www.horn-wzm.de\/uk\/shop\/revolverdrehautomaten\/ergomat-tda-26-36-cnc-bj-97-mit-einzelstangenvorschub-intnr231498\/","title":{"rendered":"ERGOMAT TDA-26-36 CNC, Bj. `97 mit Einzelstangenvorschub IntNr231498"},"content":{"rendered":"<p><b>\u041c\u0456\u0441\u0446\u0435\u0437\u043d\u0430\u0445\u043e\u0434\u0436\u0435\u043d\u043d\u044f:<\/b> \u041d\u0456\u043c\u0435\u0447\u0447\u0438\u043d\u0430, \u0411\u0430\u0434\u0435\u043d-\u0412\u044e\u0440\u0442\u0435\u043c\u0431\u0435\u0440\u0433 \u041f\u0456\u0432\u0434\u0435\u043d\u043d\u0438\u0439 \u0417\u0430\u0445\u0456\u0434<\/p>\n<p><b>\u0423\u043c\u043e\u0432\u0430:<\/b> \u0411\/\u0432<\/p>\n<p><b>\u041c\u043e\u0434\u0435\u043b\u044c:<\/b> \u043d\u0443\u043b\u044c<\/p>\n<p><b>\u0420\u0456\u043a \u043f\u043e\u0431\u0443\u0434\u043e\u0432\u0438:<\/b> 1997<\/p>\n<p>Hochgeschwindigkeits-CNC-Drehautomat (Kurzdreher)<br \/>\nBaujahr: 1997<br \/>\nSteuerung: \u00e4hnlich Fanuc<\/p>\n<p>\u0422\u0435\u0445\u043d\u0456\u0447\u043d\u0456 \u0445\u0430\u0440\u0430\u043a\u0442\u0435\u0440\u0438\u0441\u0442\u0438\u043a\u0438<\/p>\n<p>Max. Stangendurchmesser: 36 mm<br \/>\nStandard-Stangendurchlass: 26 mm<br \/>\nMax. Drehl\u00e4nge: 100 mm<br \/>\nSchwingdurchmesser \u00fcber Planschlitten: 120 mm<\/p>\n<p>\u0413\u043e\u043b\u043e\u0432\u043d\u0438\u0439 \u0448\u043f\u0438\u043d\u0434\u0435\u043b\u044c<br \/>\nDrehzahlbereich: 100 \u2013 6.300 U\/min (stufenlos regelbar)<br \/>\nSpindelleistung: 7,5 kW \/ 11 kW (Dauer\/Peak)<br \/>\nSpindelnase: A2-5&#8243;<br \/>\n\u0412\u0456\u0441\u044c \u0421: \u0440\u043e\u0437\u0434\u0456\u043b\u044c\u043d\u0430 \u0437\u0434\u0430\u0442\u043d\u0456\u0441\u0442\u044c 0,001\u00b0.<br \/>\nAnzahl der Schlitten: 4 Linear-Schlitten (X\/Z) f\u00fcr Simultanbearbeitung<br \/>\n8-Stationen Sternrevolver (VDI 20)<br \/>\nEilganggeschwindigkeiten: 15 m\/min (X-Achse) \/ 20 m\/min (Z-Achse)<br \/>\nVorschubkraft: 2.500 N<\/p>\n<p>Einzelstangenvorschub: ERGOMAT, f\u00fcr Stangenl\u00e4ngen bis 3.000 mm.<\/p>\n<p>\u041c\u0430\u0448\u0438\u043d\u0443 \u043c\u043e\u0436\u043d\u0430 \u043e\u0433\u043b\u044f\u043d\u0443\u0442\u0438 \u043f\u0456\u0434 \u043d\u0430\u043f\u0440\u0443\u0433\u043e\u044e \u0437\u0430 \u043f\u043e\u043f\u0435\u0440\u0435\u0434\u043d\u0456\u043c \u0437\u0430\u043f\u0438\u0441\u043e\u043c.<br \/>\n\u041c\u0438 \u0437\u0430\u043b\u0438\u0448\u0430\u0454\u043c\u043e \u0437\u0430 \u0441\u043e\u0431\u043e\u044e \u043f\u0440\u0430\u0432\u043e \u043d\u0430 \u0437\u043c\u0456\u043d\u0438 \u0442\u0430 \u043f\u043e\u043c\u0438\u043b\u043a\u0438 \u0432 \u0442\u0435\u0445\u043d\u0456\u0447\u043d\u0438\u0445 \u0434\u0430\u043d\u0438\u0445 \u0442\u0430 \u0456\u043d\u0444\u043e\u0440\u043c\u0430\u0446\u0456\u0457, \u0430 \u0442\u0430\u043a\u043e\u0436 \u043d\u0430 \u043f\u043e\u043f\u0435\u0440\u0435\u0434\u043d\u0456\u0439 \u043f\u0440\u043e\u0434\u0430\u0436!<\/p>\n<p>UHigh-speed CNC automatic lathe (short-run lathe)<br \/>\nYear of manufacture: 1997<br \/>\nControl system: similar to Fanuc<\/p>\n<p>\u0422\u0435\u0445\u043d\u0456\u0447\u043d\u0456 \u0445\u0430\u0440\u0430\u043a\u0442\u0435\u0440\u0438\u0441\u0442\u0438\u043a\u0438<\/p>\n<p>Max. bar diameter: 36 mm<br \/>\nStandard bar capacity: 26 mm<br \/>\nMax. turning length: 100 mm<br \/>\nSwivel diameter over cross slide: 120 mm<\/p>\n<p>\u0413\u043e\u043b\u043e\u0432\u043d\u0438\u0439 \u0448\u043f\u0438\u043d\u0434\u0435\u043b\u044c<br \/>\nSpeed range: 100 \u2013 6,300 rpm (continuously variable)<br \/>\nSpindle power: 7.5 kW \/ 11 kW (continuous\/peak)<br \/>\nSpindle nose: A2-5&#8243;<br \/>\nC-axis: resolution 0.001\u00b0<br \/>\nNumber of slides: 4 linear slides (X\/Z) for simultaneous machining<br \/>\n8-station star turret (VDI 20)<br \/>\nRapid traverse speeds: 15 m\/min (X-axis) \/ 20 m\/min (Z-axis)<br \/>\nFeed force: 2,500 N<\/p>\n<p>Single bar feed: ERGOMAT, for bar lengths up to 3,000 mm.<\/p>\n<p>The machine can be viewed in operation by appointment.<br \/>\n\u041c\u043e\u0436\u043b\u0438\u0432\u0456 \u0437\u043c\u0456\u043d\u0438 \u0442\u0430 \u043f\u043e\u043c\u0438\u043b\u043a\u0438 \u0432 \u0442\u0435\u0445\u043d\u0456\u0447\u043d\u0438\u0445 \u0434\u0430\u043d\u0438\u0445 \u0442\u0430 \u0441\u043f\u0435\u0446\u0438\u0444\u0456\u043a\u0430\u0446\u0456\u044f\u0445, \u0430 \u0442\u0430\u043a\u043e\u0436 \u043f\u043e\u043f\u0435\u0440\u0435\u0434\u043d\u0456\u0439 \u043f\u0440\u043e\u0434\u0430\u0436!<\/p>","protected":false},"excerpt":{"rendered":"<p>Standort: Deutschland, Baden-W\u00fcrttemberg S\u00fcdwest Zustand: Gebraucht Modell: null Baujahr: 1997 Hochgeschwindigkeits-CNC-Drehautomat (Kurzdreher) Baujahr: 1997 Steuerung: \u00e4hnlich Fanuc Technische Daten Max. Stangendurchmesser: 36 mm Standard-Stangendurchlass: 26 mm Max. Drehl\u00e4nge: 100 mm Schwingdurchmesser \u00fcber Planschlitten: 120 mm Hauptspindel Drehzahlbereich: 100 \u2013 6.300 U\/min (stufenlos regelbar) Spindelleistung: 7,5 kW \/ 11 kW (Dauer\/Peak) Spindelnase: A2-5&#8243; C-Achse: Aufl\u00f6sung 0,001\u00b0 [&hellip;]<\/p>\n","protected":false},"featured_media":7515,"template":"","meta":[],"product_brand":[],"product_cat":[99],"product_tag":[],"class_list":{"0":"post-7521","1":"product","2":"type-product","3":"status-publish","4":"has-post-thumbnail","6":"product_cat-revolverdrehautomaten","8":"first","9":"instock","10":"taxable","11":"shipping-taxable","12":"product-type-simple"},"aioseo_notices":[],"_links":{"self":[{"href":"https:\/\/www.horn-wzm.de\/uk\/wp-json\/wp\/v2\/product\/7521","targetHints":{"allow":["GET"]}}],"collection":[{"href":"https:\/\/www.horn-wzm.de\/uk\/wp-json\/wp\/v2\/product"}],"about":[{"href":"https:\/\/www.horn-wzm.de\/uk\/wp-json\/wp\/v2\/types\/product"}],"version-history":[{"count":1,"href":"https:\/\/www.horn-wzm.de\/uk\/wp-json\/wp\/v2\/product\/7521\/revisions"}],"predecessor-version":[{"id":7522,"href":"https:\/\/www.horn-wzm.de\/uk\/wp-json\/wp\/v2\/product\/7521\/revisions\/7522"}],"wp:featuredmedia":[{"embeddable":true,"href":"https:\/\/www.horn-wzm.de\/uk\/wp-json\/wp\/v2\/media\/7515"}],"wp:attachment":[{"href":"https:\/\/www.horn-wzm.de\/uk\/wp-json\/wp\/v2\/media?parent=7521"}],"wp:term":[{"taxonomy":"product_brand","embeddable":true,"href":"https:\/\/www.horn-wzm.de\/uk\/wp-json\/wp\/v2\/product_brand?post=7521"},{"taxonomy":"product_cat","embeddable":true,"href":"https:\/\/www.horn-wzm.de\/uk\/wp-json\/wp\/v2\/product_cat?post=7521"},{"taxonomy":"product_tag","embeddable":true,"href":"https:\/\/www.horn-wzm.de\/uk\/wp-json\/wp\/v2\/product_tag?post=7521"}],"curies":[{"name":"wp","href":"https:\/\/api.w.org\/{rel}","templated":true}]}}