{"id":7412,"date":"2026-02-24T12:33:39","date_gmt":"2026-02-24T11:33:39","guid":{"rendered":"https:\/\/www.horn-wzm.de\/shop\/unkategorisiert\/cnc-langdrehfraeszentrum-star-st-38-bj-19-intnr231494\/"},"modified":"2026-02-24T12:33:39","modified_gmt":"2026-02-24T11:33:39","slug":"cnc-langdrehfraeszentrum-star-st-38-bj-19-intnr231494","status":"publish","type":"product","link":"https:\/\/www.horn-wzm.de\/uk\/shop\/cnc-langdrehmaschinen\/cnc-langdrehfraeszentrum-star-st-38-bj-19-intnr231494\/","title":{"rendered":"CNC-Langdrehfr\u00e4szentrum STAR ST-38, Bj. `19 (IntNr231494)"},"content":{"rendered":"<p><b>\u041c\u0456\u0441\u0446\u0435\u0437\u043d\u0430\u0445\u043e\u0434\u0436\u0435\u043d\u043d\u044f:<\/b> \u041d\u0456\u043c\u0435\u0447\u0447\u0438\u043d\u0430, \u0411\u0430\u0434\u0435\u043d-\u0412\u044e\u0440\u0442\u0435\u043c\u0431\u0435\u0440\u0433 \u041f\u0456\u0432\u0434\u0435\u043d\u043d\u0438\u0439 \u0417\u0430\u0445\u0456\u0434<\/p>\n<p><b>\u0423\u043c\u043e\u0432\u0430:<\/b> \u0411\/\u0432<\/p>\n<p><b>\u0412\u0438\u0440\u043e\u0431\u043d\u0438\u043a:<\/b> STAR Micronics<\/p>\n<p><b>\u041c\u043e\u0434\u0435\u043b\u044c:<\/b> STAR Micronics<\/p>\n<p><b>\u0420\u0456\u043a \u043f\u043e\u0431\u0443\u0434\u043e\u0432\u0438:<\/b> 2019<\/p>\n<p>FANUC, Hochleistungs-Rechner Serie 31i-B5,<\/p>\n<p>Gepflegter Zustand, ca. 9000 Betriebsstunden<\/p>\n<p>Technische Hauptdaten<br \/>\n\u0420\u043e\u0431\u043e\u0447\u0430 \u0437\u043e\u043d\u0430<br \/>\nMax. Stangendurchmesser: 38 mm<br \/>\nMax. Bearbeitungsl\u00e4nge (mit F\u00fchrungsbuchse): ca. 320 mm<br \/>\nBearbeitung ohne F\u00fchrungsbuchse m\u00f6glich (f\u00fcr k\u00fcrzere Werkst\u00fccke)<br \/>\nMax. Spannzangendurchmesser Gegenspindel: 38 mm<\/p>\n<p>\u0413\u043e\u043b\u043e\u0432\u043d\u0438\u0439 \u0448\u043f\u0438\u043d\u0434\u0435\u043b\u044c<br \/>\nSpindelleistung: ca. 11\u201315 kW<br \/>\nMax. Drehzahl: ca. 7.000 min\u207b\u00b9<br \/>\nC-Achse integriert (0,001\u00b0 Aufl\u00f6sung)<br \/>\nHochpr\u00e4zise Spindellagerung f\u00fcr schwere Zerspanung<\/p>\n<p>\u041a\u043e\u043d\u0442\u0440\u0448\u043f\u0438\u043d\u0434\u0435\u043b\u044c<br \/>\nLeistung: ca. 5,5\u20137,5 kW<br \/>\nMax. Drehzahl: ca. 7.000 min\u207b\u00b9<br \/>\nVollwertige C-Achse<br \/>\nTeile\u00fcbernahme und R\u00fcckseitenbearbeitung in einer Aufspannung<\/p>\n<p>Achskonfiguration<br \/>\nX1 \/ Z1 (Hauptsystem)<br \/>\nX2 \/ Z2 (Gegenspindelsystem)<br \/>\nY-Achse f\u00fcr au\u00dfermittige Fr\u00e4soperationen<br \/>\nC-Achse Haupt- und Gegenspindel<br \/>\nOptional B-Achsen-\u00e4hnliche Schwenkfunktionen (je nach Ausstattung)<br \/>\nMehrkanalsteuerung erm\u00f6glicht Simultanbearbeitung auf Haupt- und Gegenspindel zur deutlichen Zykluszeitreduzierung.<\/p>\n<p>Werkzeugbest\u00fcckung<br \/>\n\u041d\u0430\u0431\u0456\u0440 \u0442\u0440\u0438\u043c\u0430\u0447\u0456\u0432 \u0434\u043b\u044f \u0456\u043d\u0441\u0442\u0440\u0443\u043c\u0435\u043d\u0442\u0456\u0432 (\u0431\u0435\u0437 \u043f\u0440\u0438\u0432\u043e\u0434\u0443)<br \/>\n\u0411\u043b\u043e\u043a \u043d\u0430\u043f\u0440\u044f\u043c\u043d\u0438\u0445 \u0432\u0442\u0443\u043b\u043e\u043a (\u043d\u0430\u0442\u044f\u0436\u043d\u0430 \u0441\u0438\u0441\u0442\u0435\u043c\u0430, JBS)<br \/>\n\u0411\u043b\u043e\u043a \u043e\u0445\u043e\u043b\u043e\u0434\u0436\u0443\u0432\u0430\u0447\u0430 \u043c\u0430\u0441\u043b\u0430<br \/>\n\u041a\u043e\u043d\u0432\u0435\u0454\u0440 \u0432\u0438\u0441\u043e\u043a\u043e\u0433\u043e \u0442\u0438\u0441\u043a\u0443 (\u0437 \u0432\u0431\u0443\u0434\u043e\u0432\u0430\u043d\u0438\u043c \u0430\u0433\u0440\u0435\u0433\u0430\u0442\u043e\u043c \u0432\u0438\u0441\u043e\u043a\u043e\u0433\u043e \u0442\u0438\u0441\u043a\u0443) \u0442\u0438\u043f\u0443 M\u00fcller combistream CS 3<br \/>\n\u0417\u0430\u0441\u0442\u043e\u0441\u0443\u0432\u0430\u043d\u043d\u044f \u043e\u0445\u043e\u043b\u043e\u0434\u0436\u0443\u044e\u0447\u043e\u0457 \u0440\u0456\u0434\u0438\u043d\u0438: \u041e\u043b\u0438\u0432\u0430<br \/>\n\u0412\u0430\u0433\u0430: 6,25 \u0442\u043e\u043d\u043d<br \/>\n\u0420\u043e\u0437\u043c\u0456\u0440\u0438: (\u0414\u0445\u0428\u0445\u0412) 3477x1860x1865 \u043c\u043c<\/p>\n<p>\u041c\u0430\u0448\u0438\u043d\u0443 \u043c\u043e\u0436\u043d\u0430 \u043e\u0433\u043b\u044f\u043d\u0443\u0442\u0438 \u043f\u0456\u0434 \u043d\u0430\u043f\u0440\u0443\u0433\u043e\u044e \u0437\u0430 \u043f\u043e\u043f\u0435\u0440\u0435\u0434\u043d\u0456\u043c \u0437\u0430\u043f\u0438\u0441\u043e\u043c.<br \/>\n\u041c\u0438 \u0437\u0430\u043b\u0438\u0448\u0430\u0454\u043c\u043e \u0437\u0430 \u0441\u043e\u0431\u043e\u044e \u043f\u0440\u0430\u0432\u043e \u043d\u0430 \u0437\u043c\u0456\u043d\u0438 \u0442\u0430 \u043f\u043e\u043c\u0438\u043b\u043a\u0438 \u0432 \u0442\u0435\u0445\u043d\u0456\u0447\u043d\u0438\u0445 \u0434\u0430\u043d\u0438\u0445 \u0442\u0430 \u0456\u043d\u0444\u043e\u0440\u043c\u0430\u0446\u0456\u0457, \u0430 \u0442\u0430\u043a\u043e\u0436 \u043d\u0430 \u043f\u043e\u043f\u0435\u0440\u0435\u0434\u043d\u0456\u0439 \u043f\u0440\u043e\u0434\u0430\u0436!<\/p>\n<p>FANUC, high-performance computer series 31i-B5,<\/p>\n<p>Well maintained, approx. 9000 operating hours<\/p>\n<p>Main technical data<br \/>\n\u0420\u043e\u0431\u043e\u0447\u0438\u0439 \u0434\u0456\u0430\u043f\u0430\u0437\u043e\u043d<br \/>\nMax. bar diameter: 38 mm<br \/>\nMax. machining length (with guide bush): approx. 320 mm<br \/>\nMachining without guide bush possible (for shorter workpieces)<br \/>\nMax. collet diameter counter spindle: 38 mm<\/p>\n<p>\u0413\u043e\u043b\u043e\u0432\u043d\u0438\u0439 \u0448\u043f\u0438\u043d\u0434\u0435\u043b\u044c<br \/>\nSpindle power: approx. 11\u201315 kW<br \/>\nMax. speed: approx. 7,000 min\u207b\u00b9<br \/>\nIntegrated C-axis (0.001\u00b0 resolution)<br \/>\nHigh-precision spindle bearing for heavy-duty machining<\/p>\n<p>\u041a\u043e\u043d\u0442\u0440\u0448\u043f\u0438\u043d\u0434\u0435\u043b\u044c<br \/>\nPower: approx. 5.5\u20137.5 kW<br \/>\n\u041c\u0430\u043a\u0441. \u0447\u0430\u0441\u0442\u043e\u0442\u0430 \u043e\u0431\u0435\u0440\u0442\u0430\u043d\u043d\u044f: \u0431\u043b\u0438\u0437\u044c\u043a\u043e 7 000 \u043e\u0431\/\u0445\u0432<br \/>\nFull C-axis<br \/>\nPart transfer and rear machining in a single clamping<\/p>\n<p>Axis configuration<br \/>\nX1 \/ Z1 (main system)<br \/>\nX2 \/ Z2 (counter spindle system)<br \/>\nY-axis for off-centre milling operations<br \/>\nC-axis main and counter spindle<br \/>\nOptional B-axis-like swivel functions (depending on equipment)<br \/>\nMulti-channel control enables simultaneous machining on the main and counter spindles for a significant reduction in cycle time.<\/p>\n<p>Tooling<br \/>\n\u041d\u0430\u0431\u0456\u0440 \u0442\u0440\u0438\u043c\u0430\u0447\u0456\u0432 \u0434\u043b\u044f \u0456\u043d\u0441\u0442\u0440\u0443\u043c\u0435\u043d\u0442\u0456\u0432 (\u0431\u0435\u0437 \u043f\u0440\u0438\u0432\u043e\u0434\u0443)<br \/>\nGuide bush unit (pull system, JBS)<br \/>\n\u0411\u043b\u043e\u043a \u043e\u0445\u043e\u043b\u043e\u0434\u0436\u0443\u0432\u0430\u0447\u0430 \u043c\u0430\u0441\u043b\u0430<br \/>\nHigh-pressure conveyor (with integrated high-pressure unit) Type M\u00fcller combistream CS 3<br \/>\nCoolant used: oil<br \/>\nWeight: 6.25 tonnes<br \/>\n\u0420\u043e\u0437\u043c\u0456\u0440\u0438: (\u0414\u0445\u0428\u0445\u0412) 3477x1860x1865 \u043c\u043c<\/p>\n<p>\u041c\u0430\u0448\u0438\u043d\u0443 \u043c\u043e\u0436\u043d\u0430 \u043e\u0433\u043b\u044f\u043d\u0443\u0442\u0438 \u043f\u0456\u0434 \u043d\u0430\u043f\u0440\u0443\u0433\u043e\u044e \u0437\u0430 \u043f\u043e\u043f\u0435\u0440\u0435\u0434\u043d\u0456\u043c \u0437\u0430\u043f\u0438\u0441\u043e\u043c.<br \/>\n\u041c\u043e\u0436\u043b\u0438\u0432\u0456 \u0437\u043c\u0456\u043d\u0438 \u0442\u0430 \u043f\u043e\u043c\u0438\u043b\u043a\u0438 \u0432 \u0442\u0435\u0445\u043d\u0456\u0447\u043d\u0438\u0445 \u0434\u0430\u043d\u0438\u0445 \u0442\u0430 \u0441\u043f\u0435\u0446\u0438\u0444\u0456\u043a\u0430\u0446\u0456\u044f\u0445, \u0430 \u0442\u0430\u043a\u043e\u0436 \u043f\u043e\u043f\u0435\u0440\u0435\u0434\u043d\u0456\u0439 \u043f\u0440\u043e\u0434\u0430\u0436!<\/p>","protected":false},"excerpt":{"rendered":"<p>Standort: Deutschland, Baden-W\u00fcrttemberg S\u00fcdwest Zustand: Gebraucht Hersteller: STAR Micronics Modell: STAR Micronics Baujahr: 2019 FANUC, Hochleistungs-Rechner Serie 31i-B5, Gepflegter Zustand, ca. 9000 Betriebsstunden Technische Hauptdaten Arbeitsbereich Max. Stangendurchmesser: 38 mm Max. Bearbeitungsl\u00e4nge (mit F\u00fchrungsbuchse): ca. 320 mm Bearbeitung ohne F\u00fchrungsbuchse m\u00f6glich (f\u00fcr k\u00fcrzere Werkst\u00fccke) Max. Spannzangendurchmesser Gegenspindel: 38 mm Hauptspindel Spindelleistung: ca. 11\u201315 kW Max. [&hellip;]<\/p>\n","protected":false},"featured_media":7406,"template":"","meta":[],"product_brand":[],"product_cat":[81],"product_tag":[],"class_list":{"0":"post-7412","1":"product","2":"type-product","3":"status-publish","4":"has-post-thumbnail","6":"product_cat-cnc-langdrehmaschinen","8":"first","9":"instock","10":"taxable","11":"shipping-taxable","12":"product-type-simple"},"aioseo_notices":[],"_links":{"self":[{"href":"https:\/\/www.horn-wzm.de\/uk\/wp-json\/wp\/v2\/product\/7412","targetHints":{"allow":["GET"]}}],"collection":[{"href":"https:\/\/www.horn-wzm.de\/uk\/wp-json\/wp\/v2\/product"}],"about":[{"href":"https:\/\/www.horn-wzm.de\/uk\/wp-json\/wp\/v2\/types\/product"}],"version-history":[{"count":1,"href":"https:\/\/www.horn-wzm.de\/uk\/wp-json\/wp\/v2\/product\/7412\/revisions"}],"predecessor-version":[{"id":7413,"href":"https:\/\/www.horn-wzm.de\/uk\/wp-json\/wp\/v2\/product\/7412\/revisions\/7413"}],"wp:featuredmedia":[{"embeddable":true,"href":"https:\/\/www.horn-wzm.de\/uk\/wp-json\/wp\/v2\/media\/7406"}],"wp:attachment":[{"href":"https:\/\/www.horn-wzm.de\/uk\/wp-json\/wp\/v2\/media?parent=7412"}],"wp:term":[{"taxonomy":"product_brand","embeddable":true,"href":"https:\/\/www.horn-wzm.de\/uk\/wp-json\/wp\/v2\/product_brand?post=7412"},{"taxonomy":"product_cat","embeddable":true,"href":"https:\/\/www.horn-wzm.de\/uk\/wp-json\/wp\/v2\/product_cat?post=7412"},{"taxonomy":"product_tag","embeddable":true,"href":"https:\/\/www.horn-wzm.de\/uk\/wp-json\/wp\/v2\/product_tag?post=7412"}],"curies":[{"name":"wp","href":"https:\/\/api.w.org\/{rel}","templated":true}]}}