{"id":7389,"date":"2026-02-18T13:48:49","date_gmt":"2026-02-18T12:48:49","guid":{"rendered":"https:\/\/www.horn-wzm.de\/shop\/unkategorisiert\/messmaschine-keyence_im6025_bj-09-2016-_intnr231488\/"},"modified":"2026-02-18T14:45:22","modified_gmt":"2026-02-18T13:45:22","slug":"messmaschine-keyence_im6025_bj-09-2016-_intnr231488","status":"publish","type":"product","link":"https:\/\/www.horn-wzm.de\/uk\/shop\/messtechnik\/messmaschine-keyence_im6025_bj-09-2016-_intnr231488\/","title":{"rendered":"Messmaschine Keyence_IM6025_Bj.09\/2016 _IntNr231488"},"content":{"rendered":"<p><b>\u041c\u0456\u0441\u0446\u0435\u0437\u043d\u0430\u0445\u043e\u0434\u0436\u0435\u043d\u043d\u044f:<\/b> \u041d\u0456\u043c\u0435\u0447\u0447\u0438\u043d\u0430, \u0411\u0430\u0434\u0435\u043d-\u0412\u044e\u0440\u0442\u0435\u043c\u0431\u0435\u0440\u0433 \u041f\u0456\u0432\u0434\u0435\u043d\u043d\u0438\u0439 \u0417\u0430\u0445\u0456\u0434<\/p>\n<p><b>\u0423\u043c\u043e\u0432\u0430:<\/b> \u0411\/\u0432<\/p>\n<p><b>\u0412\u0438\u0440\u043e\u0431\u043d\u0438\u043a:<\/b> KEYENCE<\/p>\n<p><b>\u041c\u043e\u0434\u0435\u043b\u044c:<\/b> KEYENCE<\/p>\n<p><b>\u0420\u0456\u043a \u043f\u043e\u0431\u0443\u0434\u043e\u0432\u0438:<\/b> 2016<\/p>\n<p>Keyence IM-6025 Messmaschine \u2013 Schnelle und pr\u00e4zise optische Messung<\/p>\n<p>Verkauft wird eine Keyence IM-6025 Messmaschine, ideal f\u00fcr die schnelle Serienpr\u00fcfung, Wareneingangskontrolle sowie pr\u00e4zise Ma\u00dfkontrollen in der Fertigung.<br \/>\nBaujahr: 09\/2016<\/p>\n<p>Hauptmerkmale:<\/p>\n<p>Hersteller: Keyence<br \/>\nModell: IM-6025<br \/>\nBaujahr: 09\/2016<\/p>\n<p>Messbereich:<\/p>\n<p>300 \u00d7 200 mm (modellabh\u00e4ngig)<\/p>\n<p>Messprinzip:<\/p>\n<p>Optische 2D-Bildverarbeitung mit automatischer Konturerkennung<\/p>\n<p>\u0422\u043e\u0447\u043d\u0456\u0441\u0442\u044c \u0432\u0438\u043c\u0456\u0440\u044e\u0432\u0430\u043d\u044c:<\/p>\n<p>Hohe Wiederholgenauigkeit im Mikrometerbereich<\/p>\n<p>\u0424\u0443\u043d\u043a\u0446\u0456\u0457:<\/p>\n<p>Automatische Positionserkennung<\/p>\n<p>Gleichzeitige Mehrpunktmessung<\/p>\n<p>Vergleich mit CAD-Daten m\u00f6glich<\/p>\n<p>SPC-Auswertung<\/p>\n<p>Intuitive Bedienoberfl\u00e4che<\/p>\n<p>USB- und Netzwerkschnittstellen<\/p>\n<p>Beleuchtungssystem:<\/p>\n<p>Durchlicht- und Auflichtbeleuchtung (LED)<\/p>\n<p>Max. Werkst\u00fcckh\u00f6he:<\/p>\n<p>Bis ca. 75 mm<\/p>\n<p>\u041e\u0441\u043e\u0431\u043b\u0438\u0432\u0456 \u0440\u0438\u0441\u0438:<\/p>\n<p>Sekundenschnelle Messungen ohne aufw\u00e4ndiges Ausrichten<\/p>\n<p>Ideal f\u00fcr Serien- und Stichprobenpr\u00fcfung<\/p>\n<p>Bedienerunabh\u00e4ngige Messergebnisse<\/p>\n<p>\u041a\u043e\u043c\u043f\u0430\u043a\u0442\u043d\u0438\u0439 \u0434\u0438\u0437\u0430\u0439\u043d<\/p>\n<p>\u0423\u043c\u043e\u0432\u0430:<br \/>\nGebraucht, gepr\u00fcft und funktionst\u00fcchtig.<\/p>\n<p>Einsatzbereich:<br \/>\nOptimal f\u00fcr Metall- und Kunststoffbearbeitung, Stanzteile, Drehteile, Fr\u00e4steile sowie f\u00fcr Qualit\u00e4tssicherung und Produktionskontrolle.<\/p>\n<p>\u041c\u0430\u0448\u0438\u043d\u0443 \u043c\u043e\u0436\u043d\u0430 \u043e\u0433\u043b\u044f\u043d\u0443\u0442\u0438 \u043f\u0456\u0434 \u043d\u0430\u043f\u0440\u0443\u0433\u043e\u044e \u0437\u0430 \u043f\u043e\u043f\u0435\u0440\u0435\u0434\u043d\u0456\u043c \u0437\u0430\u043f\u0438\u0441\u043e\u043c.<\/p>\n<p>\u041c\u0438 \u0437\u0430\u043b\u0438\u0448\u0430\u0454\u043c\u043e \u0437\u0430 \u0441\u043e\u0431\u043e\u044e \u043f\u0440\u0430\u0432\u043e \u043d\u0430 \u0437\u043c\u0456\u043d\u0438 \u0442\u0430 \u043f\u043e\u043c\u0438\u043b\u043a\u0438 \u0432 \u0442\u0435\u0445\u043d\u0456\u0447\u043d\u0438\u0445 \u0434\u0430\u043d\u0438\u0445 \u0442\u0430 \u0456\u043d\u0444\u043e\u0440\u043c\u0430\u0446\u0456\u0457, \u0430 \u0442\u0430\u043a\u043e\u0436 \u043d\u0430 \u043f\u043e\u043f\u0435\u0440\u0435\u0434\u043d\u0456\u0439 \u043f\u0440\u043e\u0434\u0430\u0436.<\/p>\n<p>Keyence IM-6025 Measuring Machine \u2013 Fast and Precise Optical Measurement<\/p>\n<p>For sale is a Keyence IM-6025 measuring machine, ideal for fast batch inspection, incoming goods control, and precise dimensional measurement in production environments.<br \/>\nYear of manufacture: 09\/2016<\/p>\n<p>Main Features:<\/p>\n<p>Manufacturer: Keyence<br \/>\nModel: IM-6025<br \/>\nYear: 09\/2016<\/p>\n<p>Measuring range:<\/p>\n<p>Approx. 300 \u00d7 200 mm (depending on configuration)<\/p>\n<p>Measuring principle:<\/p>\n<p>Optical 2D image processing with automatic contour detection<\/p>\n<p>Accuracy:<\/p>\n<p>High repeatability in the micron range<\/p>\n<p>\u0424\u0443\u043d\u043a\u0446\u0456\u0457:<\/p>\n<p>Automatic part positioning<\/p>\n<p>Simultaneous multi-point measurement<\/p>\n<p>CAD data comparison possible<\/p>\n<p>SPC evaluation<\/p>\n<p>User-friendly interface<\/p>\n<p>USB and network interfaces<\/p>\n<p>Lighting system:<\/p>\n<p>LED transmitted and reflected light illumination<\/p>\n<p>Max. workpiece height:<\/p>\n<p>Up to approx. 75 mm<\/p>\n<p>\u041e\u0441\u043e\u0431\u043b\u0438\u0432\u0456 \u0440\u0438\u0441\u0438:<\/p>\n<p>Measurements within seconds without complex alignment<\/p>\n<p>Ideal for batch and random inspection<\/p>\n<p>Operator-independent measurement results<\/p>\n<p>Compact design<\/p>\n<p>\u0423\u043c\u043e\u0432\u0430:<br \/>\nUsed, tested, and fully functional.<\/p>\n<p>Application area:<br \/>\nSuitable for metal and plastic processing, stamped parts, turned parts, milled components, quality assurance, and production control.<\/p>\n<p>\u041c\u0430\u0448\u0438\u043d\u0443 \u043c\u043e\u0436\u043d\u0430 \u043e\u0433\u043b\u044f\u043d\u0443\u0442\u0438 \u043f\u0456\u0434 \u043d\u0430\u043f\u0440\u0443\u0433\u043e\u044e \u0437\u0430 \u043f\u043e\u043f\u0435\u0440\u0435\u0434\u043d\u0456\u043c \u0437\u0430\u043f\u0438\u0441\u043e\u043c.<\/p>\n<p>Subject to prior sale. Errors and omissions in technical data and specifications excepted.<\/p>","protected":false},"excerpt":{"rendered":"<p>Standort: Deutschland, Baden-W\u00fcrttemberg S\u00fcdwest Zustand: Gebraucht Hersteller: KEYENCE Modell: KEYENCE Baujahr: 2016 Keyence IM-6025 Messmaschine \u2013 Schnelle und pr\u00e4zise optische Messung Verkauft wird eine Keyence IM-6025 Messmaschine, ideal f\u00fcr die schnelle Serienpr\u00fcfung, Wareneingangskontrolle sowie pr\u00e4zise Ma\u00dfkontrollen in der Fertigung. Baujahr: 09\/2016 Hauptmerkmale: Hersteller: Keyence Modell: IM-6025 Baujahr: 09\/2016 Messbereich: 300 \u00d7 200 mm (modellabh\u00e4ngig) Messprinzip: [&hellip;]<\/p>\n","protected":false},"featured_media":7391,"template":"","meta":[],"product_brand":[],"product_cat":[90],"product_tag":[],"class_list":{"0":"post-7389","1":"product","2":"type-product","3":"status-publish","4":"has-post-thumbnail","6":"product_cat-messtechnik","8":"first","9":"instock","10":"taxable","11":"shipping-taxable","12":"product-type-simple"},"aioseo_notices":[],"_links":{"self":[{"href":"https:\/\/www.horn-wzm.de\/uk\/wp-json\/wp\/v2\/product\/7389","targetHints":{"allow":["GET"]}}],"collection":[{"href":"https:\/\/www.horn-wzm.de\/uk\/wp-json\/wp\/v2\/product"}],"about":[{"href":"https:\/\/www.horn-wzm.de\/uk\/wp-json\/wp\/v2\/types\/product"}],"version-history":[{"count":1,"href":"https:\/\/www.horn-wzm.de\/uk\/wp-json\/wp\/v2\/product\/7389\/revisions"}],"predecessor-version":[{"id":7390,"href":"https:\/\/www.horn-wzm.de\/uk\/wp-json\/wp\/v2\/product\/7389\/revisions\/7390"}],"wp:featuredmedia":[{"embeddable":true,"href":"https:\/\/www.horn-wzm.de\/uk\/wp-json\/wp\/v2\/media\/7391"}],"wp:attachment":[{"href":"https:\/\/www.horn-wzm.de\/uk\/wp-json\/wp\/v2\/media?parent=7389"}],"wp:term":[{"taxonomy":"product_brand","embeddable":true,"href":"https:\/\/www.horn-wzm.de\/uk\/wp-json\/wp\/v2\/product_brand?post=7389"},{"taxonomy":"product_cat","embeddable":true,"href":"https:\/\/www.horn-wzm.de\/uk\/wp-json\/wp\/v2\/product_cat?post=7389"},{"taxonomy":"product_tag","embeddable":true,"href":"https:\/\/www.horn-wzm.de\/uk\/wp-json\/wp\/v2\/product_tag?post=7389"}],"curies":[{"name":"wp","href":"https:\/\/api.w.org\/{rel}","templated":true}]}}