{"id":7379,"date":"2026-02-18T13:36:35","date_gmt":"2026-02-18T12:36:35","guid":{"rendered":"https:\/\/www.horn-wzm.de\/shop\/unkategorisiert\/mitutoyo-pj-a3000_profilprojektor_bj-2015_intnr231490\/"},"modified":"2026-02-18T13:36:35","modified_gmt":"2026-02-18T12:36:35","slug":"mitutoyo-pj-a3000_profilprojektor_bj-2015_intnr231490","status":"publish","type":"product","link":"https:\/\/www.horn-wzm.de\/uk\/shop\/messtechnik\/mitutoyo-pj-a3000_profilprojektor_bj-2015_intnr231490\/","title":{"rendered":"Mitutoyo PJ A3000_Profilprojektor_Bj.2015_IntNr231490"},"content":{"rendered":"<p><b>\u041c\u0456\u0441\u0446\u0435\u0437\u043d\u0430\u0445\u043e\u0434\u0436\u0435\u043d\u043d\u044f:<\/b> \u041d\u0456\u043c\u0435\u0447\u0447\u0438\u043d\u0430, \u0411\u0430\u0434\u0435\u043d-\u0412\u044e\u0440\u0442\u0435\u043c\u0431\u0435\u0440\u0433 \u041f\u0456\u0432\u0434\u0435\u043d\u043d\u0438\u0439 \u0417\u0430\u0445\u0456\u0434<\/p>\n<p><b>\u0423\u043c\u043e\u0432\u0430:<\/b> \u0411\/\u0432<\/p>\n<p><b>\u0412\u0438\u0440\u043e\u0431\u043d\u0438\u043a:<\/b> Mitutoyo<\/p>\n<p><b>\u041c\u043e\u0434\u0435\u043b\u044c:<\/b> Mitutoyo<\/p>\n<p><b>\u0420\u0456\u043a \u043f\u043e\u0431\u0443\u0434\u043e\u0432\u0438:<\/b> 2015<\/p>\n<p><b>\u0413\u043e\u0434\u0438\u043d\u0438 \u0440\u043e\u0431\u043e\u0442\u0438:<\/b> \u043d\u0456<\/p>\n<p>Mitutoyo PJ-A3000 Profilprojektor \u2013 Pr\u00e4zise optische Messung<\/p>\n<p>Verkauft wird ein Mitutoyo PJ-A3000 Profilprojektor, ideal f\u00fcr die Qualit\u00e4tssicherung, Fertigungskontrolle und pr\u00e4zise Werkst\u00fcckmessungen.<br \/>\nBj.2015<\/p>\n<p>Hauptmerkmale:<\/p>\n<p>Hersteller: Mitutoyo Corporation<\/p>\n<p>Modell: PJ-A3000<\/p>\n<p>Projektionsbildschirm: \u00d8 315\u202fmm<\/p>\n<p>Vergr\u00f6\u00dferung: 10\u00d7 Standard, (optional 20\u00d7, 50\u00d7, 100\u00d7)<\/p>\n<p>Messgenauigkeit: \u00b10,001\u202fmm (XY-Aufl\u00f6sung)<\/p>\n<p>Tischbewegung: Verschiedene Messbereiche je nach Modell ( bis 200\u00d7100\u202fmm)<\/p>\n<p>Beleuchtung: Halogenlampe 24\u202fV \/ 150\u202fW<\/p>\n<p>Funktionen: Digitale XY-Anzeige, Winkelmessung, RS\u2011232C Schnittstelle<\/p>\n<p>Max. Werkst\u00fcckh\u00f6he: ca. 92,5\u2013123,5\u202fmm<\/p>\n<p>Besonderheiten: Telezentrisches optisches System f\u00fcr verzerrungsfreie Darstellung, drehbarer Tisch, manuelle Fokussierung<\/p>\n<p>Zustand: Gebraucht, gepr\u00fcft und funktionst\u00fcchtig.<\/p>\n<p>Einsatzbereich: Ideal f\u00fcr Metall- und Kunststoffbearbeitung, Schulungen, Labor und Pr\u00e4zisionsmessungen.<\/p>\n<p>\u041c\u0430\u0448\u0438\u043d\u0443 \u043c\u043e\u0436\u043d\u0430 \u043e\u0433\u043b\u044f\u043d\u0443\u0442\u0438 \u0437\u0430 \u043f\u043e\u043f\u0435\u0440\u0435\u0434\u043d\u0456\u043c \u0437\u0430\u043f\u0438\u0441\u043e\u043c.<br \/>\n\u041c\u0438 \u0437\u0430\u043b\u0438\u0448\u0430\u0454\u043c\u043e \u0437\u0430 \u0441\u043e\u0431\u043e\u044e \u043f\u0440\u0430\u0432\u043e \u043d\u0430 \u0437\u043c\u0456\u043d\u0438 \u0442\u0430 \u043f\u043e\u043c\u0438\u043b\u043a\u0438 \u0432 \u0442\u0435\u0445\u043d\u0456\u0447\u043d\u0438\u0445 \u0434\u0430\u043d\u0438\u0445 \u0442\u0430 \u0456\u043d\u0444\u043e\u0440\u043c\u0430\u0446\u0456\u0457, \u0430 \u0442\u0430\u043a\u043e\u0436 \u043d\u0430 \u043f\u043e\u043f\u0435\u0440\u0435\u0434\u043d\u0456\u0439 \u043f\u0440\u043e\u0434\u0430\u0436!<\/p>\n<p>Mitutoyo PJ-A3000 Profile Projector \u2013 Precise Optical Measurement<\/p>\n<p>For sale: a Mitutoyo PJ-A3000 Profile Projector, ideal for quality assurance, production control, and precise workpiece measurements.<br \/>\nYear of manufacture: 2015<\/p>\n<p>\u041e\u0441\u043d\u043e\u0432\u043d\u0456 \u0445\u0430\u0440\u0430\u043a\u0442\u0435\u0440\u0438\u0441\u0442\u0438\u043a\u0438:<\/p>\n<p>Manufacturer: Mitutoyo Corporation<\/p>\n<p>Model: PJ-A3000<\/p>\n<p>Projection Screen: \u00d8 315\u202fmm<\/p>\n<p>Magnification: 10\u00d7 standard (optional 20\u00d7, 50\u00d7, 100\u00d7)<\/p>\n<p>Measurement Accuracy: \u00b10.001\u202fmm (XY resolution)<\/p>\n<p>Table Travel: Various measuring ranges depending on model (up to 200\u00d7100\u202fmm)<\/p>\n<p>Illumination: Halogen lamp 24\u202fV \/ 150\u202fW<\/p>\n<p>Functions: Digital XY readout, angle measurement, RS\u2011232C interface<\/p>\n<p>Max. Workpiece Height: approx. 92.5\u2013123.5\u202fmm<\/p>\n<p>Special Features: Telecentric optical system for distortion-free projection, rotatable table, manual focusing<\/p>\n<p>Condition: Used, tested, and fully functional.<\/p>\n<p>Applications: Ideal for metal and plastic processing, training, laboratories, and precision measurements.<\/p>\n<p>\u041c\u0430\u0448\u0438\u043d\u0443 \u043c\u043e\u0436\u043d\u0430 \u043e\u0433\u043b\u044f\u043d\u0443\u0442\u0438 \u043f\u0456\u0434 \u043d\u0430\u043f\u0440\u0443\u0433\u043e\u044e \u0437\u0430 \u043f\u043e\u043f\u0435\u0440\u0435\u0434\u043d\u0456\u043c \u0437\u0430\u043f\u0438\u0441\u043e\u043c.<br \/>\nTechnical specifications are subject to change, errors and prior sale reserved.<\/p>","protected":false},"excerpt":{"rendered":"<p>Standort: Deutschland, Baden-W\u00fcrttemberg S\u00fcdwest Zustand: Gebraucht Hersteller: Mitutoyo Modell: Mitutoyo Baujahr: 2015 Betriebsstunden: keine Mitutoyo PJ-A3000 Profilprojektor \u2013 Pr\u00e4zise optische Messung Verkauft wird ein Mitutoyo PJ-A3000 Profilprojektor, ideal f\u00fcr die Qualit\u00e4tssicherung, Fertigungskontrolle und pr\u00e4zise Werkst\u00fcckmessungen. Bj.2015 Hauptmerkmale: Hersteller: Mitutoyo Corporation Modell: PJ-A3000 Projektionsbildschirm: \u00d8 315\u202fmm Vergr\u00f6\u00dferung: 10\u00d7 Standard, (optional 20\u00d7, 50\u00d7, 100\u00d7) Messgenauigkeit: \u00b10,001\u202fmm (XY-Aufl\u00f6sung) [&hellip;]<\/p>\n","protected":false},"featured_media":7374,"template":"","meta":[],"product_brand":[],"product_cat":[90],"product_tag":[],"class_list":{"0":"post-7379","1":"product","2":"type-product","3":"status-publish","4":"has-post-thumbnail","6":"product_cat-messtechnik","8":"first","9":"instock","10":"taxable","11":"shipping-taxable","12":"product-type-simple"},"aioseo_notices":[],"_links":{"self":[{"href":"https:\/\/www.horn-wzm.de\/uk\/wp-json\/wp\/v2\/product\/7379","targetHints":{"allow":["GET"]}}],"collection":[{"href":"https:\/\/www.horn-wzm.de\/uk\/wp-json\/wp\/v2\/product"}],"about":[{"href":"https:\/\/www.horn-wzm.de\/uk\/wp-json\/wp\/v2\/types\/product"}],"version-history":[{"count":1,"href":"https:\/\/www.horn-wzm.de\/uk\/wp-json\/wp\/v2\/product\/7379\/revisions"}],"predecessor-version":[{"id":7380,"href":"https:\/\/www.horn-wzm.de\/uk\/wp-json\/wp\/v2\/product\/7379\/revisions\/7380"}],"wp:featuredmedia":[{"embeddable":true,"href":"https:\/\/www.horn-wzm.de\/uk\/wp-json\/wp\/v2\/media\/7374"}],"wp:attachment":[{"href":"https:\/\/www.horn-wzm.de\/uk\/wp-json\/wp\/v2\/media?parent=7379"}],"wp:term":[{"taxonomy":"product_brand","embeddable":true,"href":"https:\/\/www.horn-wzm.de\/uk\/wp-json\/wp\/v2\/product_brand?post=7379"},{"taxonomy":"product_cat","embeddable":true,"href":"https:\/\/www.horn-wzm.de\/uk\/wp-json\/wp\/v2\/product_cat?post=7379"},{"taxonomy":"product_tag","embeddable":true,"href":"https:\/\/www.horn-wzm.de\/uk\/wp-json\/wp\/v2\/product_tag?post=7379"}],"curies":[{"name":"wp","href":"https:\/\/api.w.org\/{rel}","templated":true}]}}