{"id":7085,"date":"2026-01-09T13:07:33","date_gmt":"2026-01-09T12:07:33","guid":{"rendered":"https:\/\/www.horn-wzm.de\/shop\/unkategorisiert\/hardinge-gt27sp-gg-121_fanuc_fmb-unirobot-cnc-drehmaschine-bj-2021-_intnr231462\/"},"modified":"2026-01-09T13:07:33","modified_gmt":"2026-01-09T12:07:33","slug":"hardinge-gt27sp-gg-121_fanuc_fmb-unirobot-cnc-drehmaschine-bj-2021-_intnr231462","status":"publish","type":"product","link":"https:\/\/www.horn-wzm.de\/uk\/shop\/cnc-drehmaschinen-0-199mm-drehd\/hardinge-gt27sp-gg-121_fanuc_fmb-unirobot-cnc-drehmaschine-bj-2021-_intnr231462\/","title":{"rendered":"\u0422\u043e\u043a\u0430\u0440\u043d\u0438\u0439 \u0432\u0435\u0440\u0441\u0442\u0430\u0442 \u0437 \u0427\u041f\u041a HARDINGE GT27SP GG-121_Fanuc_FMB Unirobot \u0440\u0456\u043a \u0432\u0438\u043f\u0443\u0441\u043a\u0443 2021 _IntNo231462"},"content":{"rendered":"<p><b>\u041c\u0456\u0441\u0446\u0435\u0437\u043d\u0430\u0445\u043e\u0434\u0436\u0435\u043d\u043d\u044f:<\/b> \u041d\u0456\u043c\u0435\u0447\u0447\u0438\u043d\u0430, \u0411\u0430\u0434\u0435\u043d-\u0412\u044e\u0440\u0442\u0435\u043c\u0431\u0435\u0440\u0433 \u041f\u0456\u0432\u0434\u0435\u043d\u043d\u0438\u0439 \u0417\u0430\u0445\u0456\u0434<\/p>\n<p><b>\u0423\u043c\u043e\u0432\u0430:<\/b> \u0411\/\u0432<\/p>\n<p><b>\u0412\u0438\u0440\u043e\u0431\u043d\u0438\u043a:<\/b> \u0425\u0430\u0440\u0434\u0456\u043d\u0433.<\/p>\n<p><b>\u041c\u043e\u0434\u0435\u043b\u044c:<\/b> \u0425\u0430\u0440\u0434\u0456\u043d\u0433.<\/p>\n<p><b>\u0420\u0456\u043a \u043f\u043e\u0431\u0443\u0434\u043e\u0432\u0438:<\/b> 2021<\/p>\n<p><b>\u0413\u043e\u0434\u0438\u043d\u0438 \u0440\u043e\u0431\u043e\u0442\u0438:<\/b> 15000<\/p>\n<p>\u041f\u043e\u0437\u043d\u0430\u0447\u0435\u043d\u043d\u044f \u0432\u0435\u0440\u0441\u0442\u0430\u0442\u0430: \u041a\u043e\u0440\u043e\u0442\u043a\u0438\u0439 \u0442\u043e\u043a\u0430\u0440\u043d\u0438\u0439 \u0432\u0435\u0440\u0441\u0442\u0430\u0442 \u0437 \u0427\u041f\u041a<br \/>\nHersteller: Hardinge<br \/>\nModell: GT27SP GG-121<br \/>\nBaujahr: 2021<br \/>\nSteuerung: Fanuc 32<br \/>\n\u0424\u0443\u043d\u043a\u0446\u0456\u043e\u043d\u0430\u043b\u044c\u043d\u0456\u0441\u0442\u044c: \u043f\u043e\u0432\u043d\u0456\u0441\u0442\u044e \u0444\u0443\u043d\u043a\u0446\u0456\u043e\u043d\u0430\u043b\u044c\u043d\u0430<br \/>\nBearbeitungsstunden: ca.  15.000 Stunden<\/p>\n<p>\u0422\u0435\u0445\u043d\u0456\u0447\u043d\u0456 \u0445\u0430\u0440\u0430\u043a\u0442\u0435\u0440\u0438\u0441\u0442\u0438\u043a\u0438<br \/>\nSpindelbohrung: \u00d8 27 mm<br \/>\nSpindelaufnahme: A2-5<br \/>\nSpannfutter max. 80mm<br \/>\nMax. Spindeldrehzahl: 6.000 min\u207b\u00b9<br \/>\nX-Achse: 607 mm<br \/>\nZ-Achse: 286 mm<\/p>\n<p>K\u00fchlmittelsystem<\/p>\n<p>Be und Entladesystem FMB<br \/>\n\u0410\u043a\u0441\u0435\u0441\u0443\u0430\u0440\u0438 \/ \u0406\u043d\u0441\u0442\u0440\u0443\u043c\u0435\u043d\u0442\u0438 \/ \u041f\u043e\u0441\u0456\u0431\u043d\u0438\u043a\u0438<\/p>\n<p>\u0412\u0430\u0433\u0430 \u0442\u0430 \u0433\u0430\u0431\u0430\u0440\u0438\u0442\u0438 \u043c\u0430\u0448\u0438\u043d\u0438<br \/>\nAbmessungen Maschine: ca. 1850 \u00d7 1750 \u00d7 1750 mm<br \/>\nGewicht Maschine: ca. 2100 kg<\/p>\n<p>Gewicht und Abmessungen Be und Entladesystem<br \/>\nAbmessungen Maschine: ca. 1900 \u00d7 950 \u00d7 2000 mm<br \/>\nGewicht Maschine: ca. 1000 kg<\/p>\n<p>Gewicht und Abmessungen K\u00fchlmittelsystem<br \/>\nAbmessungen Maschine: ca. 1500 \u00d7 800 \u00d7 1100 mm<br \/>\nGewicht Maschine: ca. 250 kg<\/p>\n<p>\u041c\u0430\u0448\u0438\u043d\u0430 \u043f\u043e\u0432\u043d\u0456\u0441\u0442\u044e \u0444\u0443\u043d\u043a\u0446\u0456\u043e\u043d\u0430\u043b\u044c\u043d\u0430 \u0456 \u0437\u043d\u0430\u0445\u043e\u0434\u0438\u0442\u044c\u0441\u044f \u0432 \u0445\u043e\u0440\u043e\u0448\u043e\u043c\u0443 \u0441\u0442\u0430\u043d\u0456.<br \/>\n\u0414\u043b\u044f \u043e\u0442\u0440\u0438\u043c\u0430\u043d\u043d\u044f \u0434\u043e\u0434\u0430\u0442\u043a\u043e\u0432\u043e\u0457 \u0456\u043d\u0444\u043e\u0440\u043c\u0430\u0446\u0456\u0457 \u0430\u0431\u043e \u043f\u0435\u0440\u0435\u0433\u043b\u044f\u0434\u0443 \u043f\u0456\u0434 \u043d\u0430\u043f\u0440\u0443\u0433\u043e\u044e, \u0431\u0443\u0434\u044c \u043b\u0430\u0441\u043a\u0430, \u0437\u0432'\u044f\u0436\u0456\u0442\u044c\u0441\u044f \u0437 \u043d\u0430\u043c\u0438.<br \/>\n\u041c\u0438 \u0437\u0430\u043b\u0438\u0448\u0430\u0454\u043c\u043e \u0437\u0430 \u0441\u043e\u0431\u043e\u044e \u043f\u0440\u0430\u0432\u043e \u043d\u0430 \u0437\u043c\u0456\u043d\u0438 \u0442\u0430 \u043f\u043e\u043c\u0438\u043b\u043a\u0438 \u0432 \u0442\u0435\u0445\u043d\u0456\u0447\u043d\u0438\u0445 \u0434\u0430\u043d\u0438\u0445 \u0442\u0430 \u0441\u043f\u0435\u0446\u0438\u0444\u0456\u043a\u0430\u0446\u0456\u044f\u0445, \u0430 \u0442\u0430\u043a\u043e\u0436 \u043d\u0430 \u043f\u043e\u043f\u0435\u0440\u0435\u0434\u043d\u0456\u0439 \u043f\u0440\u043e\u0434\u0430\u0436!<\/p>\n<p>Machine Type: CNC Short Lathe<br \/>\nManufacturer: Hardinge<br \/>\nModel: GT27SP GG-121<br \/>\nYear of Manufacture: 2021<br \/>\nControl: Fanuc 32i<br \/>\n\u041e\u043f\u0435\u0440\u0430\u0446\u0456\u0439\u043d\u0438\u0439 \u0441\u0442\u0430\u0442\u0443\u0441: \u041f\u043e\u0432\u043d\u0456\u0441\u0442\u044e \u0433\u043e\u0442\u043e\u0432\u0438\u0439 \u0434\u043e \u0440\u043e\u0431\u043e\u0442\u0438<br \/>\nOperating Hours: approx. 15.000 hours<\/p>\n<p>\u0422\u0435\u0445\u043d\u0456\u0447\u043d\u0456 \u0445\u0430\u0440\u0430\u043a\u0442\u0435\u0440\u0438\u0441\u0442\u0438\u043a\u0438<\/p>\n<p>Spindle Bore: \u00d8 27 mm<\/p>\n<p>Spindle Nose: A2-5<\/p>\n<p>Chuck Capacity: max. 80 mm<\/p>\n<p>Maximum Spindle Speed: 6,000 rpm<\/p>\n<p>X-Axis Travel: 607 mm<\/p>\n<p>Z-Axis Travel: 286 mm<\/p>\n<p>Coolant System<\/p>\n<p>Loading and Unloading System<\/p>\n<p>\u0410\u043a\u0441\u0435\u0441\u0443\u0430\u0440\u0438 \/ \u0406\u043d\u0441\u0442\u0440\u0443\u043c\u0435\u043d\u0442\u0438 \/ \u041f\u043e\u0441\u0456\u0431\u043d\u0438\u043a\u0438<\/p>\n<p>Machine Dimensions and Weight<\/p>\n<p>Machine Dimensions: approx. 1850 \u00d7 1750 \u00d7 1750 mm<\/p>\n<p>Machine Weight: approx. 2100 kg<\/p>\n<p>Loading\/Unloading System Dimensions and Weight<\/p>\n<p>Dimensions: approx. 1900 \u00d7 950 \u00d7 2000 mm<\/p>\n<p>Weight: approx. 1000 kg<\/p>\n<p>Coolant System Dimensions and Weight<\/p>\n<p>Dimensions: approx. 1500 \u00d7 800 \u00d7 1100 mm<\/p>\n<p>Weight: approx. 250 kg<\/p>\n<p>\u041c\u0430\u0448\u0438\u043d\u0430 \u043f\u043e\u0432\u043d\u0456\u0441\u0442\u044e \u0440\u043e\u0431\u043e\u0447\u0430 \u0456 \u0432 \u0445\u043e\u0440\u043e\u0448\u043e\u043c\u0443 \u0441\u0442\u0430\u043d\u0456.<br \/>\nFor further information or to arrange a live demonstration under power, please feel free to contact us.<br \/>\nAll technical data and information are approximate. Subject to prior sale and errors excepted.<\/p>","protected":false},"excerpt":{"rendered":"<p>Standort: Deutschland, Baden-W\u00fcrttemberg S\u00fcdwest Zustand: Gebraucht Hersteller: Hardinge Modell: Hardinge Baujahr: 2021 Betriebsstunden: 15000 Maschinenbezeichnung: CNC-Kurzdrehmaschine Hersteller: Hardinge Modell: GT27SP GG-121 Baujahr: 2021 Steuerung: Fanuc 32 Funktionsf\u00e4higkeit: voll funktionsf\u00e4hig Bearbeitungsstunden: ca. 15.000 Stunden Technische Daten Spindelbohrung: \u00d8 27 mm Spindelaufnahme: A2-5 Spannfutter max. 80mm Max. Spindeldrehzahl: 6.000 min\u207b\u00b9 X-Achse: 607 mm Z-Achse: 286 mm K\u00fchlmittelsystem [&hellip;]<\/p>\n","protected":false},"featured_media":7080,"template":"","meta":[],"product_brand":[],"product_cat":[80],"product_tag":[],"class_list":{"0":"post-7085","1":"product","2":"type-product","3":"status-publish","4":"has-post-thumbnail","6":"product_cat-cnc-drehmaschinen-0-199mm-drehd","8":"first","9":"instock","10":"taxable","11":"shipping-taxable","12":"product-type-simple"},"aioseo_notices":[],"_links":{"self":[{"href":"https:\/\/www.horn-wzm.de\/uk\/wp-json\/wp\/v2\/product\/7085","targetHints":{"allow":["GET"]}}],"collection":[{"href":"https:\/\/www.horn-wzm.de\/uk\/wp-json\/wp\/v2\/product"}],"about":[{"href":"https:\/\/www.horn-wzm.de\/uk\/wp-json\/wp\/v2\/types\/product"}],"version-history":[{"count":1,"href":"https:\/\/www.horn-wzm.de\/uk\/wp-json\/wp\/v2\/product\/7085\/revisions"}],"predecessor-version":[{"id":7086,"href":"https:\/\/www.horn-wzm.de\/uk\/wp-json\/wp\/v2\/product\/7085\/revisions\/7086"}],"wp:featuredmedia":[{"embeddable":true,"href":"https:\/\/www.horn-wzm.de\/uk\/wp-json\/wp\/v2\/media\/7080"}],"wp:attachment":[{"href":"https:\/\/www.horn-wzm.de\/uk\/wp-json\/wp\/v2\/media?parent=7085"}],"wp:term":[{"taxonomy":"product_brand","embeddable":true,"href":"https:\/\/www.horn-wzm.de\/uk\/wp-json\/wp\/v2\/product_brand?post=7085"},{"taxonomy":"product_cat","embeddable":true,"href":"https:\/\/www.horn-wzm.de\/uk\/wp-json\/wp\/v2\/product_cat?post=7085"},{"taxonomy":"product_tag","embeddable":true,"href":"https:\/\/www.horn-wzm.de\/uk\/wp-json\/wp\/v2\/product_tag?post=7085"}],"curies":[{"name":"wp","href":"https:\/\/api.w.org\/{rel}","templated":true}]}}