{"id":6878,"date":"2025-10-31T17:47:24","date_gmt":"2025-10-31T16:47:24","guid":{"rendered":"https:\/\/www.horn-wzm.de\/shop\/unkategorisiert\/teilereinigungsanlage-pero-ro_bj-2019-intnr231388\/"},"modified":"2025-10-31T17:50:10","modified_gmt":"2025-10-31T16:50:10","slug":"%d1%81%d0%b8%d1%81%d1%82%d0%b5%d0%bc%d0%b0-%d0%be%d1%87%d0%b8%d1%89%d0%b5%d0%bd%d0%bd%d1%8f-%d0%b4%d0%b5%d1%82%d0%b0%d0%bb%d0%b5%d0%b9-pero-ro_bj-2019-intnr231388","status":"publish","type":"product","link":"https:\/\/www.horn-wzm.de\/uk\/shop\/industrielle-reinigungsanlagen\/teilereinigungsanlage-pero-ro_bj-2019-intnr231388\/","title":{"rendered":"\u0421\u0438\u0441\u0442\u0435\u043c\u0430 \u043e\u0447\u0438\u0449\u0435\u043d\u043d\u044f \u0434\u0435\u0442\u0430\u043b\u0435\u0439 PERO RO_Year 2019 IntNo231388"},"content":{"rendered":"<p><b>\u041c\u0456\u0441\u0446\u0435\u0437\u043d\u0430\u0445\u043e\u0434\u0436\u0435\u043d\u043d\u044f:<\/b> \u041d\u0456\u043c\u0435\u0447\u0447\u0438\u043d\u0430, \u0411\u0430\u0434\u0435\u043d-\u0412\u044e\u0440\u0442\u0435\u043c\u0431\u0435\u0440\u0433 \u041f\u0456\u0432\u0434\u0435\u043d\u043d\u0438\u0439 \u0417\u0430\u0445\u0456\u0434<\/p>\n<p><b>\u0423\u043c\u043e\u0432\u0430:<\/b> \u0411\/\u0432<\/p>\n<p><b>\u0412\u0438\u0440\u043e\u0431\u043d\u0438\u043a:<\/b> Pero<\/p>\n<p><b>\u041c\u043e\u0434\u0435\u043b\u044c:<\/b> Pero<\/p>\n<p><b>\u0420\u0456\u043a \u043f\u043e\u0431\u0443\u0434\u043e\u0432\u0438:<\/b> 2019<\/p>\n<p>\u0422\u0435\u0445\u043d\u0456\u0447\u043d\u0438\u0439 \u043e\u043f\u0438\u0441 - PERO RO<br \/>\n\u041f\u0440\u043e\u043c\u0438\u0441\u043b\u043e\u0432\u0430 \u0441\u0438\u0441\u0442\u0435\u043c\u0430 \u043e\u0447\u0438\u0449\u0435\u043d\u043d\u044f \u0434\u0435\u0442\u0430\u043b\u0435\u0439 \u043d\u0430 \u043e\u0441\u043d\u043e\u0432\u0456 \u0440\u043e\u0437\u0447\u0438\u043d\u043d\u0438\u043a\u0456\u0432<br \/>\nPERO RO - \u0446\u0435 \u0432\u0438\u0441\u043e\u043a\u043e\u043f\u0440\u043e\u0434\u0443\u043a\u0442\u0438\u0432\u043d\u0430 \u043f\u0440\u043e\u043c\u0438\u0441\u043b\u043e\u0432\u0430 \u0441\u0438\u0441\u0442\u0435\u043c\u0430 \u043e\u0447\u0438\u0449\u0435\u043d\u043d\u044f \u0434\u0435\u0442\u0430\u043b\u0435\u0439 \u0434\u043b\u044f \u0435\u0444\u0435\u043a\u0442\u0438\u0432\u043d\u043e\u0433\u043e \u0442\u0430 \u0435\u043a\u043e\u043b\u043e\u0433\u0456\u0447\u043d\u043e \u0431\u0435\u0437\u043f\u0435\u0447\u043d\u043e\u0433\u043e \u043e\u0447\u0438\u0449\u0435\u043d\u043d\u044f \u0437\u0430\u0433\u043e\u0442\u043e\u0432\u043e\u043a \u0456 \u043a\u043e\u043c\u043f\u043e\u043d\u0435\u043d\u0442\u0456\u0432 \u0437\u0430 \u0434\u043e\u043f\u043e\u043c\u043e\u0433\u043e\u044e \u0440\u043e\u0437\u0447\u0438\u043d\u043d\u0438\u043a\u0456\u0432. \u0412\u043e\u043d\u0430 \u043f\u0456\u0434\u0445\u043e\u0434\u0438\u0442\u044c \u0434\u043b\u044f \u0448\u0438\u0440\u043e\u043a\u043e\u0433\u043e \u0441\u043f\u0435\u043a\u0442\u0440\u0443 \u0437\u0430\u0441\u0442\u043e\u0441\u0443\u0432\u0430\u043d\u044c \u0432 \u043c\u0435\u0442\u0430\u043b\u043e\u043e\u0431\u0440\u043e\u0431\u043d\u0456\u0439 \u043f\u0440\u043e\u043c\u0438\u0441\u043b\u043e\u0432\u043e\u0441\u0442\u0456 \u0456 \u0433\u0430\u0440\u0430\u043d\u0442\u0443\u0454 \u0432\u0438\u0441\u043e\u043a\u0456 \u0441\u0442\u0430\u043d\u0434\u0430\u0440\u0442\u0438 \u0447\u0438\u0441\u0442\u043e\u0442\u0438 \u043f\u0440\u0438 \u0435\u043a\u043e\u043d\u043e\u043c\u0456\u0447\u043d\u0456\u0439 \u0435\u043a\u0441\u043f\u043b\u0443\u0430\u0442\u0430\u0446\u0456\u0457.<br \/>\n\u041e\u0441\u043e\u0431\u043b\u0438\u0432\u043e\u0441\u0442\u0456:<br \/>\n- \u041e\u0447\u0438\u0449\u0435\u043d\u043d\u044f \u043e\u0440\u0433\u0430\u043d\u0456\u0447\u043d\u0438\u043c\u0438 \u0440\u043e\u0437\u0447\u0438\u043d\u043d\u0438\u043a\u0430\u043c\u0438 (\u043d\u0430\u043f\u0440\u0438\u043a\u043b\u0430\u0434, \u0432\u0443\u0433\u043b\u0435\u0432\u043e\u0434\u043d\u044f\u043c\u0438 \u0430\u0431\u043e \u043c\u043e\u0434\u0438\u0444\u0456\u043a\u043e\u0432\u0430\u043d\u0438\u043c\u0438 \u0441\u043f\u0438\u0440\u0442\u0430\u043c\u0438)<br \/>\n- \u0417\u0430\u043a\u0440\u0438\u0442\u0438\u0439 \u0440\u043e\u0431\u043e\u0447\u0438\u0439 \u043f\u0440\u043e\u0446\u0435\u0441 \u0437 \u0456\u043d\u0442\u0435\u0433\u0440\u043e\u0432\u0430\u043d\u0438\u043c \u043a\u043e\u043d\u0442\u0443\u0440\u043e\u043c \u0440\u043e\u0437\u0447\u0438\u043d\u043d\u0438\u043a\u0430<br \/>\n- \u041f\u0456\u0434\u0445\u043e\u0434\u0438\u0442\u044c \u0434\u043b\u044f \u043c\u0430\u043b\u0438\u0445 \u0456 \u0441\u0435\u0440\u0435\u0434\u043d\u0456\u0445 \u043f\u0430\u0440\u0442\u0456\u0439 \u0442\u0430 \u0440\u0456\u0437\u043d\u043e\u0457 \u0433\u0435\u043e\u043c\u0435\u0442\u0440\u0456\u0457 \u0434\u0435\u0442\u0430\u043b\u0435\u0439<br \/>\n- \u0410\u0432\u0442\u043e\u043c\u0430\u0442\u0438\u0437\u043e\u0432\u0430\u043d\u0435 \u043a\u0435\u0440\u0443\u0432\u0430\u043d\u043d\u044f \u043f\u0440\u043e\u0446\u0435\u0441\u043e\u043c \u0434\u043b\u044f \u0432\u0456\u0434\u0442\u0432\u043e\u0440\u044e\u0432\u0430\u043d\u0438\u0445 \u0440\u0435\u0437\u0443\u043b\u044c\u0442\u0430\u0442\u0456\u0432 \u043e\u0447\u0438\u0449\u0435\u043d\u043d\u044f<br \/>\n- \u041c\u0456\u0446\u043d\u0430 \u043a\u043e\u043d\u0441\u0442\u0440\u0443\u043a\u0446\u0456\u044f \u0434\u043b\u044f \u0442\u0440\u0438\u0432\u0430\u043b\u043e\u0433\u043e \u043f\u0440\u043e\u043c\u0438\u0441\u043b\u043e\u0432\u043e\u0433\u043e \u0432\u0438\u043a\u043e\u0440\u0438\u0441\u0442\u0430\u043d\u043d\u044f<br \/>\n\u0422\u0438\u043f\u043e\u0432\u0456 \u0441\u0444\u0435\u0440\u0438 \u0437\u0430\u0441\u0442\u043e\u0441\u0443\u0432\u0430\u043d\u043d\u044f:<br \/>\n- \u0417\u043d\u0435\u0436\u0438\u0440\u0435\u043d\u043d\u044f \u0442\u043e\u0447\u0435\u043d\u0438\u0445 \u0456 \u0444\u0440\u0435\u0437\u0435\u0440\u043e\u0432\u0430\u043d\u0438\u0445 \u0434\u0435\u0442\u0430\u043b\u0435\u0439<br \/>\n- \u041e\u0447\u0438\u0449\u0435\u043d\u043d\u044f \u043f\u0435\u0440\u0435\u0434 \u043c\u043e\u043d\u0442\u0430\u0436\u0435\u043c \u0430\u0431\u043e \u043d\u0430\u043d\u0435\u0441\u0435\u043d\u043d\u044f\u043c \u043f\u043e\u043a\u0440\u0438\u0442\u0442\u044f<br \/>\n- \u0412\u0438\u0434\u0430\u043b\u0435\u043d\u043d\u044f \u043e\u0445\u043e\u043b\u043e\u0434\u0436\u0443\u0432\u0430\u043b\u044c\u043d\u0438\u0445 \u043c\u0430\u0441\u0442\u0438\u043b, \u043c\u0430\u0441\u0435\u043b \u0456 \u0447\u0430\u0441\u0442\u0438\u043d\u043e\u043a<\/p>\n<p>\u041c\u0430\u0448\u0438\u043d\u0443 \u043c\u043e\u0436\u043d\u0430 \u043e\u0433\u043b\u044f\u043d\u0443\u0442\u0438 \u0437\u0430 \u043f\u043e\u043f\u0435\u0440\u0435\u0434\u043d\u0456\u043c \u0437\u0430\u043f\u0438\u0441\u043e\u043c.<br \/>\n\u041c\u0438 \u0437\u0430\u043b\u0438\u0448\u0430\u0454\u043c\u043e \u0437\u0430 \u0441\u043e\u0431\u043e\u044e \u043f\u0440\u0430\u0432\u043e \u043d\u0430 \u0437\u043c\u0456\u043d\u0438 \u0442\u0430 \u043f\u043e\u043c\u0438\u043b\u043a\u0438 \u0432 \u0442\u0435\u0445\u043d\u0456\u0447\u043d\u0438\u0445 \u0434\u0430\u043d\u0438\u0445 \u0442\u0430 \u0456\u043d\u0444\u043e\u0440\u043c\u0430\u0446\u0456\u0457, \u0430 \u0442\u0430\u043a\u043e\u0436 \u043d\u0430 \u043f\u043e\u043f\u0435\u0440\u0435\u0434\u043d\u0456\u0439 \u043f\u0440\u043e\u0434\u0430\u0436!<\/p>\n<p>\u0422\u0435\u0445\u043d\u0456\u0447\u043d\u0438\u0439 \u043e\u043f\u0438\u0441 - PERO RO<br \/>\n\u041f\u0440\u043e\u043c\u0438\u0441\u043b\u043e\u0432\u0430 \u0441\u0438\u0441\u0442\u0435\u043c\u0430 \u043e\u0447\u0438\u0449\u0435\u043d\u043d\u044f \u0434\u0435\u0442\u0430\u043b\u0435\u0439 \u043d\u0430 \u043e\u0441\u043d\u043e\u0432\u0456 \u0440\u043e\u0437\u0447\u0438\u043d\u043d\u0438\u043a\u0456\u0432<br \/>\nPERO RO - \u0446\u0435 \u043f\u043e\u0442\u0443\u0436\u043d\u0430 \u043f\u0440\u043e\u043c\u0438\u0441\u043b\u043e\u0432\u0430 \u0441\u0438\u0441\u0442\u0435\u043c\u0430 \u043e\u0447\u0438\u0449\u0435\u043d\u043d\u044f \u0434\u0435\u0442\u0430\u043b\u0435\u0439 \u0434\u043b\u044f \u0435\u0444\u0435\u043a\u0442\u0438\u0432\u043d\u043e\u0433\u043e \u0442\u0430 \u0435\u043a\u043e\u043b\u043e\u0433\u0456\u0447\u043d\u043e \u0431\u0435\u0437\u043f\u0435\u0447\u043d\u043e\u0433\u043e \u043e\u0447\u0438\u0449\u0435\u043d\u043d\u044f \u0437\u0430\u0433\u043e\u0442\u043e\u0432\u043e\u043a \u0456 \u043a\u043e\u043c\u043f\u043e\u043d\u0435\u043d\u0442\u0456\u0432 \u0437\u0430 \u0434\u043e\u043f\u043e\u043c\u043e\u0433\u043e\u044e \u0440\u043e\u0437\u0447\u0438\u043d\u043d\u0438\u043a\u0456\u0432. \u0412\u043e\u043d\u0430 \u043f\u0456\u0434\u0445\u043e\u0434\u0438\u0442\u044c \u0434\u043b\u044f \u0448\u0438\u0440\u043e\u043a\u043e\u0433\u043e \u0441\u043f\u0435\u043a\u0442\u0440\u0443 \u0437\u0430\u0441\u0442\u043e\u0441\u0443\u0432\u0430\u043d\u044c \u0432 \u043c\u0435\u0442\u0430\u043b\u043e\u043e\u0431\u0440\u043e\u0431\u043d\u0456\u0439 \u043f\u0440\u043e\u043c\u0438\u0441\u043b\u043e\u0432\u043e\u0441\u0442\u0456 \u0456 \u0433\u0430\u0440\u0430\u043d\u0442\u0443\u0454 \u0432\u0438\u0441\u043e\u043a\u0456 \u0441\u0442\u0430\u043d\u0434\u0430\u0440\u0442\u0438 \u0447\u0438\u0441\u0442\u043e\u0442\u0438 \u043f\u0440\u0438 \u0435\u043a\u043e\u043d\u043e\u043c\u0456\u0447\u043d\u0456\u0439 \u0435\u043a\u0441\u043f\u043b\u0443\u0430\u0442\u0430\u0446\u0456\u0457.<br \/>\n\u041e\u0441\u043e\u0431\u043b\u0438\u0432\u043e\u0441\u0442\u0456:<br \/>\n- \u041e\u0447\u0438\u0449\u0435\u043d\u043d\u044f \u043e\u0440\u0433\u0430\u043d\u0456\u0447\u043d\u0438\u043c\u0438 \u0440\u043e\u0437\u0447\u0438\u043d\u043d\u0438\u043a\u0430\u043c\u0438 (\u043d\u0430\u043f\u0440\u0438\u043a\u043b\u0430\u0434, \u0432\u0443\u0433\u043b\u0435\u0432\u043e\u0434\u043d\u044f\u043c\u0438 \u0430\u0431\u043e \u043c\u043e\u0434\u0438\u0444\u0456\u043a\u043e\u0432\u0430\u043d\u0438\u043c\u0438 \u0441\u043f\u0438\u0440\u0442\u0430\u043c\u0438)<br \/>\n- \u0417\u0430\u043a\u0440\u0438\u0442\u0438\u0439 \u0440\u043e\u0431\u043e\u0447\u0438\u0439 \u043f\u0440\u043e\u0446\u0435\u0441 \u0437 \u0456\u043d\u0442\u0435\u0433\u0440\u043e\u0432\u0430\u043d\u043e\u044e \u0446\u0438\u0440\u043a\u0443\u043b\u044f\u0446\u0456\u0454\u044e \u0440\u043e\u0437\u0447\u0438\u043d\u043d\u0438\u043a\u0430<br \/>\n- \u041f\u0456\u0434\u0445\u043e\u0434\u0438\u0442\u044c \u0434\u043b\u044f \u043c\u0430\u043b\u0438\u0445 \u0456 \u0441\u0435\u0440\u0435\u0434\u043d\u0456\u0445 \u043f\u0430\u0440\u0442\u0456\u0439 \u0442\u0430 \u0440\u0456\u0437\u043d\u043e\u0457 \u0433\u0435\u043e\u043c\u0435\u0442\u0440\u0456\u0457 \u0434\u0435\u0442\u0430\u043b\u0435\u0439<br \/>\n- \u0410\u0432\u0442\u043e\u043c\u0430\u0442\u0438\u0437\u043e\u0432\u0430\u043d\u0435 \u043a\u0435\u0440\u0443\u0432\u0430\u043d\u043d\u044f \u043f\u0440\u043e\u0446\u0435\u0441\u043e\u043c \u0434\u043b\u044f \u0432\u0456\u0434\u0442\u0432\u043e\u0440\u044e\u0432\u0430\u043d\u0438\u0445 \u0440\u0435\u0437\u0443\u043b\u044c\u0442\u0430\u0442\u0456\u0432 \u043e\u0447\u0438\u0449\u0435\u043d\u043d\u044f<br \/>\n- \u041c\u0456\u0446\u043d\u0430 \u043a\u043e\u043d\u0441\u0442\u0440\u0443\u043a\u0446\u0456\u044f \u0434\u043b\u044f \u0442\u0440\u0438\u0432\u0430\u043b\u043e\u0433\u043e \u043f\u0440\u043e\u043c\u0438\u0441\u043b\u043e\u0432\u043e\u0433\u043e \u0432\u0438\u043a\u043e\u0440\u0438\u0441\u0442\u0430\u043d\u043d\u044f<br \/>\n\u0422\u0438\u043f\u043e\u0432\u0456 \u0441\u0444\u0435\u0440\u0438 \u0437\u0430\u0441\u0442\u043e\u0441\u0443\u0432\u0430\u043d\u043d\u044f:<br \/>\n- \u0417\u043d\u0435\u0436\u0438\u0440\u0435\u043d\u043d\u044f \u0442\u043e\u0447\u0435\u043d\u0438\u0445 \u0456 \u0444\u0440\u0435\u0437\u0435\u0440\u043e\u0432\u0430\u043d\u0438\u0445 \u0434\u0435\u0442\u0430\u043b\u0435\u0439<br \/>\n- \u041e\u0447\u0438\u0449\u0435\u043d\u043d\u044f \u043f\u0435\u0440\u0435\u0434 \u043c\u043e\u043d\u0442\u0430\u0436\u0435\u043c \u0430\u0431\u043e \u043d\u0430\u043d\u0435\u0441\u0435\u043d\u043d\u044f\u043c \u043f\u043e\u043a\u0440\u0438\u0442\u0442\u044f<br \/>\n- \u0412\u0438\u0434\u0430\u043b\u0435\u043d\u043d\u044f \u043e\u0445\u043e\u043b\u043e\u0434\u0436\u0443\u0432\u0430\u043b\u044c\u043d\u0438\u0445 \u043c\u0430\u0441\u0442\u0438\u043b, \u043c\u0430\u0441\u0435\u043b \u0456 \u0447\u0430\u0441\u0442\u0438\u043d\u043e\u043a<\/p>\n<p>\u041c\u0430\u0448\u0438\u043d\u0443 \u043c\u043e\u0436\u043d\u0430 \u043e\u0433\u043b\u044f\u043d\u0443\u0442\u0438 \u0437\u0430 \u043f\u043e\u043f\u0435\u0440\u0435\u0434\u043d\u0456\u043c \u0437\u0430\u043f\u0438\u0441\u043e\u043c.<br \/>\n\u041c\u043e\u0436\u043b\u0438\u0432\u0456 \u0437\u043c\u0456\u043d\u0438 \u0442\u0430 \u043f\u043e\u043c\u0438\u043b\u043a\u0438 \u0432 \u0442\u0435\u0445\u043d\u0456\u0447\u043d\u0438\u0445 \u0434\u0430\u043d\u0438\u0445 \u0442\u0430 \u0441\u043f\u0435\u0446\u0438\u0444\u0456\u043a\u0430\u0446\u0456\u044f\u0445, \u0430 \u0442\u0430\u043a\u043e\u0436 \u043f\u043e\u043f\u0435\u0440\u0435\u0434\u043d\u0456\u0439 \u043f\u0440\u043e\u0434\u0430\u0436!<\/p>","protected":false},"excerpt":{"rendered":"<p>Standort: Deutschland, Baden-W\u00fcrttemberg S\u00fcdwest Zustand: Gebraucht Hersteller: Pero Modell: Pero Baujahr: 2019 Technische Beschreibung \u2013 PERO RO Industrielle Teilereinigungsanlage auf L\u00f6semittelbasis Die PERO RO ist eine leistungsstarke industrielle Teilereinigungsanlage zur effektiven und umweltgerechten Reinigung von Werkst\u00fccken und Bauteilen mit L\u00f6semitteln. Sie eignet sich f\u00fcr unterschiedlichste Anwendungen in der metallverarbeitenden Industrie und garantiert hohe Sauberkeitsstandards bei [&hellip;]<\/p>\n","protected":false},"featured_media":6880,"template":"","meta":[],"product_brand":[],"product_cat":[97],"product_tag":[],"class_list":{"0":"post-6878","1":"product","2":"type-product","3":"status-publish","4":"has-post-thumbnail","6":"product_cat-industrielle-reinigungsanlagen","8":"first","9":"instock","10":"taxable","11":"shipping-taxable","12":"product-type-simple"},"aioseo_notices":[],"_links":{"self":[{"href":"https:\/\/www.horn-wzm.de\/uk\/wp-json\/wp\/v2\/product\/6878","targetHints":{"allow":["GET"]}}],"collection":[{"href":"https:\/\/www.horn-wzm.de\/uk\/wp-json\/wp\/v2\/product"}],"about":[{"href":"https:\/\/www.horn-wzm.de\/uk\/wp-json\/wp\/v2\/types\/product"}],"version-history":[{"count":2,"href":"https:\/\/www.horn-wzm.de\/uk\/wp-json\/wp\/v2\/product\/6878\/revisions"}],"predecessor-version":[{"id":6888,"href":"https:\/\/www.horn-wzm.de\/uk\/wp-json\/wp\/v2\/product\/6878\/revisions\/6888"}],"wp:featuredmedia":[{"embeddable":true,"href":"https:\/\/www.horn-wzm.de\/uk\/wp-json\/wp\/v2\/media\/6880"}],"wp:attachment":[{"href":"https:\/\/www.horn-wzm.de\/uk\/wp-json\/wp\/v2\/media?parent=6878"}],"wp:term":[{"taxonomy":"product_brand","embeddable":true,"href":"https:\/\/www.horn-wzm.de\/uk\/wp-json\/wp\/v2\/product_brand?post=6878"},{"taxonomy":"product_cat","embeddable":true,"href":"https:\/\/www.horn-wzm.de\/uk\/wp-json\/wp\/v2\/product_cat?post=6878"},{"taxonomy":"product_tag","embeddable":true,"href":"https:\/\/www.horn-wzm.de\/uk\/wp-json\/wp\/v2\/product_tag?post=6878"}],"curies":[{"name":"wp","href":"https:\/\/api.w.org\/{rel}","templated":true}]}}