{"id":4779,"date":"2024-11-22T15:47:30","date_gmt":"2024-11-22T14:47:30","guid":{"rendered":"https:\/\/www.horn-wzm.de\/shop\/unkategorisiert\/werkzeughalter-star-431-03-00-2-stationen-16x16mm-fuer-rueckseite-intnr231162\/"},"modified":"2024-12-13T17:39:59","modified_gmt":"2024-12-13T16:39:59","slug":"%d1%82%d1%80%d0%b8%d0%bc%d0%b0%d1%87-%d1%96%d0%bd%d1%81%d1%82%d1%80%d1%83%d0%bc%d0%b5%d0%bd%d1%82%d1%83-%d0%b7%d1%96%d1%80%d0%ba%d0%b0-431-03-00-2-%d1%81%d1%82%d0%b0%d0%bd%d1%86%d1%96%d1%97-16x16","status":"publish","type":"product","link":"https:\/\/www.horn-wzm.de\/uk\/shop\/werkzeughalter\/werkzeughalter-star-431-03-00-2-stationen-16x16mm-fuer-rueckseite-intnr231162\/","title":{"rendered":"\u0422\u0440\u0438\u043c\u0430\u0447 \u0456\u043d\u0441\u0442\u0440\u0443\u043c\u0435\u043d\u0442\u0443 STAR 431-03-00 2-\u043f\u043e\u0437\u0438\u0446\u0456\u0439\u043d\u0438\u0439 16x16\u043c\u043c; \u0434\u043b\u044f \u0437\u0430\u0434\u043d\u044c\u043e\u0457 \u0447\u0430\u0441\u0442\u0438\u043d\u0438 (IntNo231162)"},"content":{"rendered":"<p><b>\u041c\u0456\u0441\u0446\u0435\u0437\u043d\u0430\u0445\u043e\u0434\u0436\u0435\u043d\u043d\u044f:<\/b> \u041d\u0456\u043c\u0435\u0447\u0447\u0438\u043d\u0430, \u0411\u0430\u0434\u0435\u043d-\u0412\u044e\u0440\u0442\u0435\u043c\u0431\u0435\u0440\u0433 \u041f\u0456\u0432\u0434\u0435\u043d\u043d\u0438\u0439 \u0417\u0430\u0445\u0456\u0434<\/p>\n<p><b>\u0423\u043c\u043e\u0432\u0430:<\/b> \u042f\u043a \u043d\u043e\u0432\u0435\u043d\u044c\u043a\u0438\u0439<\/p>\n<p><b>\u0412\u0438\u0440\u043e\u0431\u043d\u0438\u043a:<\/b> \u043d.\u0434.<\/p>\n<p><b>\u041c\u043e\u0434\u0435\u043b\u044c:<\/b> 431-03-00<\/p>\n<p>2-\u043f\u043e\u0437\u0438\u0446\u0456\u0439\u043d\u0438\u0439 \u0442\u0440\u0438\u043c\u0430\u0447 \u0456\u043d\u0441\u0442\u0440\u0443\u043c\u0435\u043d\u0442\u0443; \u0445\u0432\u043e\u0441\u0442\u043e\u0432\u0438\u043a: 16x16 \u043c\u043c; \u0434\u043b\u044f \u0437\u0430\u0434\u043d\u044c\u043e\u0457 \u043e\u0431\u0440\u043e\u0431\u043a\u0438<br \/>\n\u0428\u043f\u0438\u043d\u0434\u0435\u043b\u044c \u043a\u043e\u043d\u0442\u0440\u0448\u043f\u0438\u043d\u0434\u0435\u043b\u044f (IntNo231162)<br \/>\n431-03-00<br \/>\n\u041f\u0456\u0434\u0445\u043e\u0434\u0438\u0442\u044c \u0434\u043b\u044f \u043d\u0430\u0441\u0442\u0443\u043f\u043d\u0438\u0445 \u0442\u0438\u043f\u0456\u0432 \u043c\u0430\u0448\u0438\u043d STAR:<br \/>\nSV-32 \/ ECAS32T \/ SV-38R \/ ST-38 SV-32J \/ SV-32J II \/ SV-12 \/ SV-20 \/ ECAS20T <\/p>\n<p>\u041c\u0438 \u0437\u0430\u043b\u0438\u0448\u0430\u0454\u043c\u043e \u0437\u0430 \u0441\u043e\u0431\u043e\u044e \u043f\u0440\u0430\u0432\u043e \u043d\u0430 \u0437\u043c\u0456\u043d\u0438 \u0442\u0430 \u043f\u043e\u043c\u0438\u043b\u043a\u0438 \u0432 \u0442\u0435\u0445\u043d\u0456\u0447\u043d\u0438\u0445 \u0434\u0430\u043d\u0438\u0445 \u0442\u0430 \u0456\u043d\u0444\u043e\u0440\u043c\u0430\u0446\u0456\u0457, \u0430 \u0442\u0430\u043a\u043e\u0436 \u043d\u0430 \u043f\u043e\u043f\u0435\u0440\u0435\u0434\u043d\u0456\u0439 \u043f\u0440\u043e\u0434\u0430\u0436!<\/p>\n<p>2-\u043f\u043e\u0437\u0438\u0446\u0456\u0439\u043d\u0438\u0439 \u0442\u0440\u0438\u043c\u0430\u0447 \u0456\u043d\u0441\u0442\u0440\u0443\u043c\u0435\u043d\u0442\u0443; \u0445\u0432\u043e\u0441\u0442\u043e\u0432\u0438\u043a: 16x16 \u043c\u043c; \u0434\u043b\u044f \u0437\u0430\u0434\u043d\u044c\u043e\u0457 \u043e\u0431\u0440\u043e\u0431\u043a\u0438<br \/>\n\u0428\u043f\u0438\u043d\u0434\u0435\u043b\u044c \u043a\u043e\u043d\u0442\u0440\u0448\u043f\u0438\u043d\u0434\u0435\u043b\u044f (IntNo231162)<br \/>\n431-03-00<br \/>\n\u041f\u0456\u0434\u0445\u043e\u0434\u0438\u0442\u044c \u0434\u043b\u044f \u043d\u0430\u0441\u0442\u0443\u043f\u043d\u0438\u0445 \u0442\u0438\u043f\u0456\u0432 \u043c\u0430\u0448\u0438\u043d STAR:<br \/>\nSV-32 \/ ECAS32T \/ SV-38R \/ ST-38 SV-32J \/ SV-32J II \/ SV-12 \/ SV-20 \/ ECAS20T <\/p>\n<p>\u041c\u0438 \u0437\u0430\u043b\u0438\u0448\u0430\u0454\u043c\u043e \u0437\u0430 \u0441\u043e\u0431\u043e\u044e \u043f\u0440\u0430\u0432\u043e \u043d\u0430 \u0437\u043c\u0456\u043d\u0438 \u0442\u0430 \u043f\u043e\u043c\u0438\u043b\u043a\u0438 \u0432 \u0442\u0435\u0445\u043d\u0456\u0447\u043d\u0438\u0445 \u0434\u0430\u043d\u0438\u0445 \u0442\u0430 \u0456\u043d\u0444\u043e\u0440\u043c\u0430\u0446\u0456\u0457, \u0430 \u0442\u0430\u043a\u043e\u0436 \u043d\u0430 \u043f\u043e\u043f\u0435\u0440\u0435\u0434\u043d\u0456\u0439 \u043f\u0440\u043e\u0434\u0430\u0436!<\/p>","protected":false},"excerpt":{"rendered":"<p>Standort: Deutschland, Baden-W\u00fcrttemberg S\u00fcdwest Zustand: Neuwertig Hersteller: n.a. Modell: 431-03-00 2-Stationen-Werkzeughalter; Schaft: 16x16mm; f\u00fcr R\u00fcckseitenbearbeitung Gegensspindel (IntNr231162) 431-03-00 Passend f\u00fcr folgende STAR-Maschinentypen: SV-32 \/ ECAS32T \/ SV-38R \/ ST-38 SV-32J \/ SV-32J II \/ SV-12 \/ SV-20 \/ ECAS20T Aenderungen und Irrtuemer in den technischen Daten und Angaben sowie Zwischenverkauf vorbehalten! 2-station tool holder; shank: [&hellip;]<\/p>\n","protected":false},"featured_media":4778,"template":"","meta":[],"product_brand":[],"product_cat":[84],"product_tag":[],"class_list":{"0":"post-4779","1":"product","2":"type-product","3":"status-publish","4":"has-post-thumbnail","6":"product_cat-werkzeughalter","8":"first","9":"instock","10":"taxable","11":"shipping-taxable","12":"purchasable","13":"product-type-simple"},"aioseo_notices":[],"_links":{"self":[{"href":"https:\/\/www.horn-wzm.de\/uk\/wp-json\/wp\/v2\/product\/4779","targetHints":{"allow":["GET"]}}],"collection":[{"href":"https:\/\/www.horn-wzm.de\/uk\/wp-json\/wp\/v2\/product"}],"about":[{"href":"https:\/\/www.horn-wzm.de\/uk\/wp-json\/wp\/v2\/types\/product"}],"version-history":[{"count":1,"href":"https:\/\/www.horn-wzm.de\/uk\/wp-json\/wp\/v2\/product\/4779\/revisions"}],"predecessor-version":[{"id":4780,"href":"https:\/\/www.horn-wzm.de\/uk\/wp-json\/wp\/v2\/product\/4779\/revisions\/4780"}],"wp:featuredmedia":[{"embeddable":true,"href":"https:\/\/www.horn-wzm.de\/uk\/wp-json\/wp\/v2\/media\/4778"}],"wp:attachment":[{"href":"https:\/\/www.horn-wzm.de\/uk\/wp-json\/wp\/v2\/media?parent=4779"}],"wp:term":[{"taxonomy":"product_brand","embeddable":true,"href":"https:\/\/www.horn-wzm.de\/uk\/wp-json\/wp\/v2\/product_brand?post=4779"},{"taxonomy":"product_cat","embeddable":true,"href":"https:\/\/www.horn-wzm.de\/uk\/wp-json\/wp\/v2\/product_cat?post=4779"},{"taxonomy":"product_tag","embeddable":true,"href":"https:\/\/www.horn-wzm.de\/uk\/wp-json\/wp\/v2\/product_tag?post=4779"}],"curies":[{"name":"wp","href":"https:\/\/api.w.org\/{rel}","templated":true}]}}