{"id":4653,"date":"2024-11-12T15:17:45","date_gmt":"2024-11-12T14:17:45","guid":{"rendered":"https:\/\/www.horn-wzm.de\/shop\/unkategorisiert\/gebr-werkzeughalter-star-591-14-00_st-20_ecas-20t_sv-20-intnr231141\/"},"modified":"2024-11-12T15:17:45","modified_gmt":"2024-11-12T14:17:45","slug":"gebr-%d1%82%d1%80%d0%b8%d0%bc%d0%b0%d1%87-%d1%96%d0%bd%d1%81%d1%82%d1%80%d1%83%d0%bc%d0%b5%d0%bd%d1%82%d1%83-star-591-14-00_st-20_ecas-20t_sv-20-intnr231141","status":"publish","type":"product","link":"https:\/\/www.horn-wzm.de\/uk\/shop\/werkzeughalter\/gebr-werkzeughalter-star-591-14-00_st-20_ecas-20t_sv-20-intnr231141\/","title":{"rendered":"\u0444\u0456\u0440\u043c\u043e\u0432\u0438\u0439 \u0442\u0440\u0438\u043c\u0430\u0447 \u0456\u043d\u0441\u0442\u0440\u0443\u043c\u0435\u043d\u0442\u0443 STAR 591-14-00_ST-20_ECAS-20T_SV-20 (IntNo231141)"},"content":{"rendered":"<p><b>\u041c\u0456\u0441\u0446\u0435\u0437\u043d\u0430\u0445\u043e\u0434\u0436\u0435\u043d\u043d\u044f:<\/b> \u041d\u0456\u043c\u0435\u0447\u0447\u0438\u043d\u0430, \u0411\u0430\u0434\u0435\u043d-\u0412\u044e\u0440\u0442\u0435\u043c\u0431\u0435\u0440\u0433 \u041f\u0456\u0432\u0434\u0435\u043d\u043d\u0438\u0439 \u0417\u0430\u0445\u0456\u0434<\/p>\n<p><b>\u0423\u043c\u043e\u0432\u0430:<\/b> \u042f\u043a \u043d\u043e\u0432\u0435\u043d\u044c\u043a\u0438\u0439<\/p>\n<p><b>\u0412\u0438\u0440\u043e\u0431\u043d\u0438\u043a:<\/b> STAR Micronics<\/p>\n<p>\u0422\u0440\u0438\u043c\u0430\u0447 \u0434\u043b\u044f \u0433\u043b\u0438\u0431\u043e\u043a\u043e\u0433\u043e \u0441\u0432\u0435\u0440\u0434\u043b\u0430 \u00d822\u043c\u043c \u0437 \u043f\u043e\u0434\u0430\u0447\u0435\u044e \u0417\u041e\u0420 (\u0432\u043d\u0443\u0442\u0440\u0456\u0448\u043d\u0456\u0439)<br \/>\n\u0434\u043b\u044f \u0433\u043e\u043b\u043e\u0432\u043d\u043e\u0433\u043e \u0448\u043f\u0438\u043d\u0434\u0435\u043b\u044f \u0442\u0430 \u043a\u043e\u043d\u0442\u0440\u0448\u043f\u0438\u043d\u0434\u0435\u043b\u044f<br \/>\n451-14-00<br \/>\n\u041f\u0456\u0434\u0445\u043e\u0434\u0438\u0442\u044c \u0434\u043b\u044f \u043d\u0430\u0441\u0442\u0443\u043f\u043d\u0438\u0445 \u0442\u0438\u043f\u0456\u0432 \u043c\u0430\u0448\u0438\u043d STAR:<br \/>\nST-20-32-38 SV-12-20-32 \/ ECAS<br \/>\n147 \u043c\u043c<br \/>\n\u041c\u0438 \u0437\u0430\u043b\u0438\u0448\u0430\u0454\u043c\u043e \u0437\u0430 \u0441\u043e\u0431\u043e\u044e \u043f\u0440\u0430\u0432\u043e \u043d\u0430 \u0437\u043c\u0456\u043d\u0438 \u0442\u0430 \u043f\u043e\u043c\u0438\u043b\u043a\u0438 \u0432 \u0442\u0435\u0445\u043d\u0456\u0447\u043d\u0438\u0445 \u0434\u0430\u043d\u0438\u0445 \u0442\u0430 \u0456\u043d\u0444\u043e\u0440\u043c\u0430\u0446\u0456\u0457, \u0430 \u0442\u0430\u043a\u043e\u0436 \u043d\u0430 \u043f\u043e\u043f\u0435\u0440\u0435\u0434\u043d\u0456\u0439 \u043f\u0440\u043e\u0434\u0430\u0436!<\/p>\n<p>\u0422\u0440\u0438\u043c\u0430\u0447 \u0434\u043b\u044f \u0433\u043b\u0438\u0431\u043e\u043a\u043e\u0433\u043e \u0441\u0432\u0435\u0440\u0434\u043b\u0430 \u00d822\u043c\u043c \u0437 \u043f\u043e\u0434\u0430\u0447\u0435\u044e \u0417\u041e\u0420 (\u0432\u043d\u0443\u0442\u0440\u0456\u0448\u043d\u0456\u0439)<br \/>\n\u0434\u043b\u044f \u0433\u043e\u043b\u043e\u0432\u043d\u043e\u0433\u043e \u0448\u043f\u0438\u043d\u0434\u0435\u043b\u044f \u0442\u0430 \u043a\u043e\u043d\u0442\u0440\u0448\u043f\u0438\u043d\u0434\u0435\u043b\u044f<br \/>\n451-14-00<br \/>\n\u041f\u0456\u0434\u0445\u043e\u0434\u0438\u0442\u044c \u0434\u043b\u044f \u043d\u0430\u0441\u0442\u0443\u043f\u043d\u0438\u0445 \u0442\u0438\u043f\u0456\u0432 \u043c\u0430\u0448\u0438\u043d STAR:<br \/>\nST-20-32-38 SV-12-20-32 \/ ECAS<br \/>\n147 \u043c\u043c<br \/>\n\u041c\u0438 \u0437\u0430\u043b\u0438\u0448\u0430\u0454\u043c\u043e \u0437\u0430 \u0441\u043e\u0431\u043e\u044e \u043f\u0440\u0430\u0432\u043e \u043d\u0430 \u0437\u043c\u0456\u043d\u0438 \u0442\u0430 \u043f\u043e\u043c\u0438\u043b\u043a\u0438 \u0432 \u0442\u0435\u0445\u043d\u0456\u0447\u043d\u0438\u0445 \u0434\u0430\u043d\u0438\u0445 \u0442\u0430 \u0456\u043d\u0444\u043e\u0440\u043c\u0430\u0446\u0456\u0457, \u0430 \u0442\u0430\u043a\u043e\u0436 \u043d\u0430 \u043f\u043e\u043f\u0435\u0440\u0435\u0434\u043d\u0456\u0439 \u043f\u0440\u043e\u0434\u0430\u0436!<\/p>","protected":false},"excerpt":{"rendered":"<p>Standort: Deutschland, Baden-W\u00fcrttemberg S\u00fcdwest Zustand: Neuwertig Hersteller: STAR Micronics Tieflochbohrhalter \u00d822mm mit K\u00fchlmittelzuf\u00fchrung (intern) zu Hauptspindel und Gegenspindel 451-14-00 Passend f\u00fcr folgende STAR-Maschinentypen: ST-20-32-38 SV-12-20-32 \/ ECAS 147mm Aenderungen und Irrtuemer in den technischen Daten und Angaben sowie Zwischenverkauf vorbehalten! Deep hole drill holder \u00d822mm with coolant supply (internal) for main spindle and counter spindle [&hellip;]<\/p>\n","protected":false},"featured_media":4651,"template":"","meta":[],"product_brand":[],"product_cat":[84],"product_tag":[],"class_list":{"0":"post-4653","1":"product","2":"type-product","3":"status-publish","4":"has-post-thumbnail","6":"product_cat-werkzeughalter","8":"first","9":"instock","10":"taxable","11":"shipping-taxable","12":"product-type-simple"},"aioseo_notices":[],"_links":{"self":[{"href":"https:\/\/www.horn-wzm.de\/uk\/wp-json\/wp\/v2\/product\/4653","targetHints":{"allow":["GET"]}}],"collection":[{"href":"https:\/\/www.horn-wzm.de\/uk\/wp-json\/wp\/v2\/product"}],"about":[{"href":"https:\/\/www.horn-wzm.de\/uk\/wp-json\/wp\/v2\/types\/product"}],"version-history":[{"count":1,"href":"https:\/\/www.horn-wzm.de\/uk\/wp-json\/wp\/v2\/product\/4653\/revisions"}],"predecessor-version":[{"id":4654,"href":"https:\/\/www.horn-wzm.de\/uk\/wp-json\/wp\/v2\/product\/4653\/revisions\/4654"}],"wp:featuredmedia":[{"embeddable":true,"href":"https:\/\/www.horn-wzm.de\/uk\/wp-json\/wp\/v2\/media\/4651"}],"wp:attachment":[{"href":"https:\/\/www.horn-wzm.de\/uk\/wp-json\/wp\/v2\/media?parent=4653"}],"wp:term":[{"taxonomy":"product_brand","embeddable":true,"href":"https:\/\/www.horn-wzm.de\/uk\/wp-json\/wp\/v2\/product_brand?post=4653"},{"taxonomy":"product_cat","embeddable":true,"href":"https:\/\/www.horn-wzm.de\/uk\/wp-json\/wp\/v2\/product_cat?post=4653"},{"taxonomy":"product_tag","embeddable":true,"href":"https:\/\/www.horn-wzm.de\/uk\/wp-json\/wp\/v2\/product_tag?post=4653"}],"curies":[{"name":"wp","href":"https:\/\/api.w.org\/{rel}","templated":true}]}}