{"id":4588,"date":"2024-11-12T14:21:22","date_gmt":"2024-11-12T13:21:22","guid":{"rendered":"https:\/\/www.horn-wzm.de\/shop\/unkategorisiert\/gebr-werkzeughalter-star-221-72-00-intnr231128\/"},"modified":"2024-11-12T14:21:22","modified_gmt":"2024-11-12T13:21:22","slug":"gebr-%d1%82%d1%80%d0%b8%d0%bc%d0%b0%d1%87-%d1%96%d0%bd%d1%81%d1%82%d1%80%d1%83%d0%bc%d0%b5%d0%bd%d1%82%d1%83-star-221-72-00-intnr231128","status":"publish","type":"product","link":"https:\/\/www.horn-wzm.de\/uk\/shop\/werkzeughalter\/gebr-werkzeughalter-star-221-72-00-intnr231128\/","title":{"rendered":"\u0444\u0456\u0440\u043c\u043e\u0432\u0438\u0439 \u0442\u0440\u0438\u043c\u0430\u0447 \u0456\u043d\u0441\u0442\u0440\u0443\u043c\u0435\u043d\u0442\u0443 STAR 221-72-00 (IntNo231128)"},"content":{"rendered":"<p><b>\u041c\u0456\u0441\u0446\u0435\u0437\u043d\u0430\u0445\u043e\u0434\u0436\u0435\u043d\u043d\u044f:<\/b> \u041d\u0456\u043c\u0435\u0447\u0447\u0438\u043d\u0430, \u0411\u0430\u0434\u0435\u043d-\u0412\u044e\u0440\u0442\u0435\u043c\u0431\u0435\u0440\u0433 \u041f\u0456\u0432\u0434\u0435\u043d\u043d\u0438\u0439 \u0417\u0430\u0445\u0456\u0434<\/p>\n<p><b>\u0423\u043c\u043e\u0432\u0430:<\/b> \u042f\u043a \u043d\u043e\u0432\u0435\u043d\u044c\u043a\u0438\u0439<\/p>\n<p><b>\u0412\u0438\u0440\u043e\u0431\u043d\u0438\u043a:<\/b> STAR Micronics<\/p>\n<p><b>\u0420\u0456\u043a \u043f\u043e\u0431\u0443\u0434\u043e\u0432\u0438:<\/b> 2018<\/p>\n<p>\u041e\u0434\u0438\u043d\u0430\u0440\u043d\u0438\u0439 \u0442\u0440\u0438\u043c\u0430\u0447 \u0434\u043b\u044f \u0456\u043d\u0441\u0442\u0440\u0443\u043c\u0435\u043d\u0442\u0456\u0432 \u0437 \u0445\u0432\u043e\u0441\u0442\u043e\u0432\u0438\u043a\u043e\u043c 16 x 16 \u043c\u043c \u0434\u043b\u044f \u0437\u0430\u0434\u043d\u044c\u043e\u0457 \u0441\u0442\u043e\u0440\u043e\u043d\u0438<br \/>\n \u0434\u043b\u044f \u043a\u043e\u043d\u0442\u0440\u0448\u043f\u0438\u043d\u0434\u0435\u043b\u044f \u0437 \u0440\u0435\u0433\u0443\u043b\u044e\u0432\u0430\u043d\u043d\u044f\u043c \u0432\u0438\u0441\u043e\u0442\u0438<br \/>\n221-72-00<br \/>\n\u041f\u0456\u0434\u0445\u043e\u0434\u0438\u0442\u044c \u0434\u043b\u044f \u043d\u0430\u0441\u0442\u0443\u043f\u043d\u0438\u0445 \u0442\u0438\u043f\u0456\u0432 \u043c\u0430\u0448\u0438\u043d STAR:<br \/>\nST-20-32-38 SV-12-20-32 \/ ECAS<br \/>\n\u041c\u0438 \u0437\u0430\u043b\u0438\u0448\u0430\u0454\u043c\u043e \u0437\u0430 \u0441\u043e\u0431\u043e\u044e \u043f\u0440\u0430\u0432\u043e \u043d\u0430 \u0437\u043c\u0456\u043d\u0438 \u0442\u0430 \u043f\u043e\u043c\u0438\u043b\u043a\u0438 \u0432 \u0442\u0435\u0445\u043d\u0456\u0447\u043d\u0438\u0445 \u0434\u0430\u043d\u0438\u0445 \u0442\u0430 \u0456\u043d\u0444\u043e\u0440\u043c\u0430\u0446\u0456\u0457, \u0430 \u0442\u0430\u043a\u043e\u0436 \u043d\u0430 \u043f\u043e\u043f\u0435\u0440\u0435\u0434\u043d\u0456\u0439 \u043f\u0440\u043e\u0434\u0430\u0436!<\/p>\n<p>1-\u0441\u0435\u043a\u0446\u0456\u0439\u043d\u0438\u0439 \u0442\u0440\u0438\u043c\u0430\u0447 \u0434\u043b\u044f \u0456\u043d\u0441\u0442\u0440\u0443\u043c\u0435\u043d\u0442\u0456\u0432 \u0437 \u0445\u0432\u043e\u0441\u0442\u043e\u0432\u0438\u043a\u043e\u043c 16 x 16 \u043c\u043c \u0434\u043b\u044f \u0437\u0430\u0434\u043d\u044c\u043e\u0457 \u0441\u0442\u043e\u0440\u043e\u043d\u0438<br \/>\n \u0434\u043b\u044f \u043a\u043e\u043d\u0442\u0440\u0448\u043f\u0438\u043d\u0434\u0435\u043b\u044f \u0420\u0435\u0433\u0443\u043b\u044e\u0432\u0430\u043d\u043d\u044f \u0432\u0438\u0441\u043e\u0442\u0438<br \/>\n221-72-00<br \/>\n\u041f\u0456\u0434\u0445\u043e\u0434\u0438\u0442\u044c \u0434\u043b\u044f \u043d\u0430\u0441\u0442\u0443\u043f\u043d\u0438\u0445 \u0442\u0438\u043f\u0456\u0432 \u043c\u0430\u0448\u0438\u043d STAR:<br \/>\nST-20-32-38 SV-12-20-32 \/ ECAS<br \/>\n\u041c\u0438 \u0437\u0430\u043b\u0438\u0448\u0430\u0454\u043c\u043e \u0437\u0430 \u0441\u043e\u0431\u043e\u044e \u043f\u0440\u0430\u0432\u043e \u043d\u0430 \u0437\u043c\u0456\u043d\u0438 \u0442\u0430 \u043f\u043e\u043c\u0438\u043b\u043a\u0438 \u0432 \u0442\u0435\u0445\u043d\u0456\u0447\u043d\u0438\u0445 \u0434\u0430\u043d\u0438\u0445 \u0442\u0430 \u0456\u043d\u0444\u043e\u0440\u043c\u0430\u0446\u0456\u0457, \u0430 \u0442\u0430\u043a\u043e\u0436 \u043d\u0430 \u043f\u043e\u043f\u0435\u0440\u0435\u0434\u043d\u0456\u0439 \u043f\u0440\u043e\u0434\u0430\u0436!<\/p>","protected":false},"excerpt":{"rendered":"<p>Standort: Deutschland, Baden-W\u00fcrttemberg S\u00fcdwest Zustand: Neuwertig Hersteller: STAR Micronics Baujahr: 2018 1-fach Werkzeughalter 16 x 16mm Schaft f\u00fcr die R\u00fcckseite zu Gegenspindel H\u00f6henverstellbar 221-72-00 Passend f\u00fcr folgende STAR-Maschinentypen: ST-20-32-38 SV-12-20-32 \/ ECAS Aenderungen und Irrtuemer in den technischen Daten und Angaben sowie Zwischenverkauf vorbehalten! 1-fold tool holder 16 x 16 mm shank for the rear [&hellip;]<\/p>\n","protected":false},"featured_media":4586,"template":"","meta":[],"product_brand":[],"product_cat":[84],"product_tag":[],"class_list":{"0":"post-4588","1":"product","2":"type-product","3":"status-publish","4":"has-post-thumbnail","6":"product_cat-werkzeughalter","8":"first","9":"instock","10":"taxable","11":"shipping-taxable","12":"product-type-simple"},"aioseo_notices":[],"_links":{"self":[{"href":"https:\/\/www.horn-wzm.de\/uk\/wp-json\/wp\/v2\/product\/4588","targetHints":{"allow":["GET"]}}],"collection":[{"href":"https:\/\/www.horn-wzm.de\/uk\/wp-json\/wp\/v2\/product"}],"about":[{"href":"https:\/\/www.horn-wzm.de\/uk\/wp-json\/wp\/v2\/types\/product"}],"version-history":[{"count":1,"href":"https:\/\/www.horn-wzm.de\/uk\/wp-json\/wp\/v2\/product\/4588\/revisions"}],"predecessor-version":[{"id":4589,"href":"https:\/\/www.horn-wzm.de\/uk\/wp-json\/wp\/v2\/product\/4588\/revisions\/4589"}],"wp:featuredmedia":[{"embeddable":true,"href":"https:\/\/www.horn-wzm.de\/uk\/wp-json\/wp\/v2\/media\/4586"}],"wp:attachment":[{"href":"https:\/\/www.horn-wzm.de\/uk\/wp-json\/wp\/v2\/media?parent=4588"}],"wp:term":[{"taxonomy":"product_brand","embeddable":true,"href":"https:\/\/www.horn-wzm.de\/uk\/wp-json\/wp\/v2\/product_brand?post=4588"},{"taxonomy":"product_cat","embeddable":true,"href":"https:\/\/www.horn-wzm.de\/uk\/wp-json\/wp\/v2\/product_cat?post=4588"},{"taxonomy":"product_tag","embeddable":true,"href":"https:\/\/www.horn-wzm.de\/uk\/wp-json\/wp\/v2\/product_tag?post=4588"}],"curies":[{"name":"wp","href":"https:\/\/api.w.org\/{rel}","templated":true}]}}