{"id":8254,"date":"2026-05-12T15:33:25","date_gmt":"2026-05-12T13:33:25","guid":{"rendered":"https:\/\/www.horn-wzm.de\/shop\/unkategorisiert\/fmb-turbo-3-26-3200-a-bj-07-intnr231540-2\/"},"modified":"2026-05-12T15:33:26","modified_gmt":"2026-05-12T13:33:26","slug":"fmb-turbo-3-26-3200-a-bj-07-intnr231540-2","status":"publish","type":"product","link":"https:\/\/www.horn-wzm.de\/tr\/shop\/stangenzufuehrungen\/fmb-turbo-3-26-3200-a-bj-07-intnr231540-2\/","title":{"rendered":"FMB Turbo 3 26 3200 A Bj. `07, IntNr231540"},"content":{"rendered":"<p><b>Konum:<\/b> Almanya, Baden-W\u00fcrttemberg G\u00fcneybat\u0131<\/p>\n<p><b>Durum:<\/b> Kullan\u0131lm\u0131\u015f<\/p>\n<p><b>\u00dcretici firma:<\/b> FMB<\/p>\n<p><b>Model:<\/b> FMB<\/p>\n<p><b>\u0130n\u015faat y\u0131l\u0131:<\/b> 2007<\/p>\n<p>FMB Stangenlademagazin TURBO 3-26 3200 A, Bj. 2007<\/p>\n<p>Herstellerland: Deutschland<br \/>\nTeknik veriler<br \/>\nStangendurchmesser : 3-26 mm<br \/>\nStangenl\u00e4nge : 3200 mm<br \/>\nzuletzt angebaut an CNC-Langdrehmaschine STAR SR 20RII<\/p>\n<p>A\u011eIRLIK VE BOYUTLAR<br \/>\nAbmessungen Lademagazin: ca. 4300 x 701 x 1400 mm<br \/>\nGewicht Lademagazin: ca. 980 kg<\/p>\n<p>Makine randevu ile incelenebilir.<br \/>\nTeknik veri ve bilgilerdeki de\u011fi\u015fiklikler ve hatalar ile \u00f6n sat\u0131\u015f hakk\u0131 sakl\u0131d\u0131r!<\/p>\n<p>FMB TURBO 3-26 3200 A bar loader, built in 2007<\/p>\n<p>Country of manufacture: Germany<br \/>\nTeknik veriler<br \/>\nBar diameter: 3-26 mm<br \/>\nBar length: 3200 mm<br \/>\nLast installed on a CNC sliding head lathe STAR SR 20R II<\/p>\n<p>A\u011eIRLIK VE BOYUTLAR<br \/>\nDimensions of loading magazine: approx. 4300 x 701 x 1400 mm<br \/>\nWeight of loading magazine: approx. 980 kg<\/p>\n<p>Makine randevu ile g\u00f6r\u00fclebilir.<br \/>\nTeknik verilerdeki ve spesifikasyonlardaki de\u011fi\u015fikliklere ve hatalara ve ayr\u0131ca sat\u0131\u015f \u00f6ncesine tabidir!<\/p>","protected":false},"excerpt":{"rendered":"<p>Standort: Deutschland, Baden-W\u00fcrttemberg S\u00fcdwest Zustand: Gebraucht Hersteller: FMB Modell: FMB Baujahr: 2007 FMB Stangenlademagazin TURBO 3-26 3200 A, Bj. 2007 Herstellerland: Deutschland Technische Daten Stangendurchmesser : 3-26 mm Stangenl\u00e4nge : 3200 mm zuletzt angebaut an CNC-Langdrehmaschine STAR SR 20RII GEWICHT UND ABMESSUNGEN Abmessungen Lademagazin: ca. 4300 x 701 x 1400 mm Gewicht Lademagazin: ca. 980 [&hellip;]<\/p>\n","protected":false},"featured_media":8249,"template":"","meta":[],"product_brand":[],"product_cat":[85],"product_tag":[],"class_list":{"0":"post-8254","1":"product","2":"type-product","3":"status-publish","4":"has-post-thumbnail","6":"product_cat-stangenzufuehrungen","8":"first","9":"instock","10":"taxable","11":"shipping-taxable","12":"product-type-simple"},"aioseo_notices":[],"_links":{"self":[{"href":"https:\/\/www.horn-wzm.de\/tr\/wp-json\/wp\/v2\/product\/8254","targetHints":{"allow":["GET"]}}],"collection":[{"href":"https:\/\/www.horn-wzm.de\/tr\/wp-json\/wp\/v2\/product"}],"about":[{"href":"https:\/\/www.horn-wzm.de\/tr\/wp-json\/wp\/v2\/types\/product"}],"version-history":[{"count":1,"href":"https:\/\/www.horn-wzm.de\/tr\/wp-json\/wp\/v2\/product\/8254\/revisions"}],"predecessor-version":[{"id":8255,"href":"https:\/\/www.horn-wzm.de\/tr\/wp-json\/wp\/v2\/product\/8254\/revisions\/8255"}],"wp:featuredmedia":[{"embeddable":true,"href":"https:\/\/www.horn-wzm.de\/tr\/wp-json\/wp\/v2\/media\/8249"}],"wp:attachment":[{"href":"https:\/\/www.horn-wzm.de\/tr\/wp-json\/wp\/v2\/media?parent=8254"}],"wp:term":[{"taxonomy":"product_brand","embeddable":true,"href":"https:\/\/www.horn-wzm.de\/tr\/wp-json\/wp\/v2\/product_brand?post=8254"},{"taxonomy":"product_cat","embeddable":true,"href":"https:\/\/www.horn-wzm.de\/tr\/wp-json\/wp\/v2\/product_cat?post=8254"},{"taxonomy":"product_tag","embeddable":true,"href":"https:\/\/www.horn-wzm.de\/tr\/wp-json\/wp\/v2\/product_tag?post=8254"}],"curies":[{"name":"wp","href":"https:\/\/api.w.org\/{rel}","templated":true}]}}