{"id":8115,"date":"2026-04-28T17:55:51","date_gmt":"2026-04-28T15:55:51","guid":{"rendered":"https:\/\/www.horn-wzm.de\/shop\/unkategorisiert\/cnc-dn-solutions-doosan-leo-1600-bj-23_-intnr231501\/"},"modified":"2026-04-28T17:55:51","modified_gmt":"2026-04-28T15:55:51","slug":"cnc-dn-solutions-doosan-leo-1600-bj-23_-intnr231501","status":"publish","type":"product","link":"https:\/\/www.horn-wzm.de\/tr\/shop\/cnc-kurzdrehmaschinen\/cnc-dn-solutions-doosan-leo-1600-bj-23_-intnr231501\/","title":{"rendered":"CNC DN Solutions Doosan LEO 1600, Bj. `23_ IntNr231501"},"content":{"rendered":"<p><b>Konum:<\/b> Almanya, Baden-W\u00fcrttemberg G\u00fcneybat\u0131<\/p>\n<p><b>Durum:<\/b> Kullan\u0131lm\u0131\u015f<\/p>\n<p><b>\u00dcretici firma:<\/b> DOOSAN-PUMA<\/p>\n<p><b>Model:<\/b> DOOSAN-PUMA<\/p>\n<p><b>\u0130n\u015faat y\u0131l\u0131:<\/b> 2023<\/p>\n<p>CNC torna tezgah\u0131 - DN Solutions (Doosan) LEO 1600<br \/>\n\u0130n\u015faat y\u0131l\u0131: 2023<\/p>\n<p>Ekipman \/ \u00d6nemli Noktalar<br \/>\nYatay CNC torna tezgah\u0131<br \/>\nG\u00fc\u00e7l\u00fc ana mil<br \/>\nY\u00fcksek boyutsal hassasiyet i\u00e7in sa\u011flam makine tasar\u0131m\u0131<br \/>\nH\u0131zl\u0131 indeksleme \u00f6zellikli tak\u0131m tareti<br \/>\nKompakt tasar\u0131m, d\u00fc\u015f\u00fck alan gereksinimi<br \/>\nKullan\u0131c\u0131 dostu CNC kontrol\u00fc<br \/>\nY\u00fcksek g\u00fcvenilirlik ve d\u00fc\u015f\u00fck bak\u0131m<\/p>\n<p>Teknik veriler<br \/>\nMaks. d\u00f6n\u00fc\u015f \u00e7ap\u0131: yakla\u015f\u0131k 300 mm<br \/>\nMaks. D\u00f6nme uzunlu\u011fu: yakla\u015f\u0131k 300 mm<br \/>\nSpindelbohrung: ca. \u00d8 52 mm<br \/>\nAna i\u015f mili h\u0131z\u0131: yakla\u015f\u0131k 4.500 rpm'ye kadar<br \/>\nTak\u0131m tareti: 12 istasyon<br \/>\nKontrol sistemi: FANUC CNC<br \/>\nMaschinengewicht: ca. 2.200 kg<\/p>\n<p>Makine elektriksel ve mekanik olarak tamamen \u00e7al\u0131\u015f\u0131r durumda<br \/>\nEksiksiz teknik dok\u00fcmantasyon mevcuttur<\/p>\n<p>Makine randevu ile incelenebilir.<br \/>\nTeknik veri ve bilgilerdeki de\u011fi\u015fiklikler ve hatalar ile \u00f6n sat\u0131\u015f hakk\u0131 sakl\u0131d\u0131r!<\/p>\n<p>CNC torna tezgah\u0131 - DN Solutions (Doosan) LEO 1600<br \/>\n\u00dcretim y\u0131l\u0131: 2023<\/p>\n<p>\u00d6zellikler\/\u00d6ne \u00c7\u0131kanlar<br \/>\nYatay CNC torna tezgah\u0131<br \/>\nG\u00fc\u00e7l\u00fc ana mil<br \/>\nY\u00fcksek boyutsal hassasiyet i\u00e7in sa\u011flam makine yap\u0131s\u0131<br \/>\nH\u0131zl\u0131 indeksleme \u00f6zellikli tak\u0131m tareti<br \/>\nKompakt tasar\u0131m, d\u00fc\u015f\u00fck alan gereksinimi<br \/>\nKullan\u0131c\u0131 dostu CNC kontrol\u00fc<br \/>\nY\u00fcksek g\u00fcvenilirlik ve d\u00fc\u015f\u00fck bak\u0131m<\/p>\n<p>Teknik veriler<br \/>\nMaks. d\u00f6n\u00fc\u015f \u00e7ap\u0131: yakla\u015f\u0131k 300 mm<br \/>\nMaks. d\u00f6n\u00fc\u015f uzunlu\u011fu: yakla\u015f\u0131k 300 mm<br \/>\nSpindle bore: approx. \u00d8 52 mm<br \/>\nAna i\u015f mili h\u0131z\u0131: yakla\u015f\u0131k 4.500 rpm'ye kadar<br \/>\nTak\u0131m tareti: 12 istasyon<br \/>\nKontrol: FANUC CNC<br \/>\nMakine a\u011f\u0131rl\u0131\u011f\u0131: yakla\u015f\u0131k 2.200 kg<\/p>\n<p>Makine hem elektriksel hem de mekanik olarak tamamen \u00e7al\u0131\u015f\u0131r durumda<br \/>\nEksiksiz teknik dok\u00fcmantasyon mevcuttur<\/p>\n<p>Makine randevu ile g\u00f6r\u00fclebilir.<br \/>\nTeknik verilerdeki ve spesifikasyonlardaki de\u011fi\u015fikliklere ve hatalara ve ayr\u0131ca sat\u0131\u015f \u00f6ncesine tabidir!<\/p>","protected":false},"excerpt":{"rendered":"<p>Standort: Deutschland, Baden-W\u00fcrttemberg S\u00fcdwest Zustand: Gebraucht Hersteller: DOOSAN-PUMA Modell: DOOSAN-PUMA Baujahr: 2023 CNC-Drehmaschine \u2013 DN Solutions (Doosan) LEO 1600 Baujahr: 2023 Ausstattung \/ Highlights Horizontale CNC-Drehmaschine Leistungsstarke Hauptspindel Robuste Maschinenkonstruktion f\u00fcr hohe Ma\u00dfhaltigkeit Werkzeugrevolver mit schneller Indexierung Kompakte Bauweise, geringer Platzbedarf Bedienerfreundliche CNC-Steuerung Hohe Zuverl\u00e4ssigkeit und geringer Wartungsaufwand Technische Daten Max. Drehdurchmesser: ca. 300 mm [&hellip;]<\/p>\n","protected":false},"featured_media":8110,"template":"","meta":[],"product_brand":[],"product_cat":[87],"product_tag":[],"class_list":{"0":"post-8115","1":"product","2":"type-product","3":"status-publish","4":"has-post-thumbnail","6":"product_cat-cnc-kurzdrehmaschinen","8":"first","9":"instock","10":"taxable","11":"shipping-taxable","12":"product-type-simple"},"aioseo_notices":[],"_links":{"self":[{"href":"https:\/\/www.horn-wzm.de\/tr\/wp-json\/wp\/v2\/product\/8115","targetHints":{"allow":["GET"]}}],"collection":[{"href":"https:\/\/www.horn-wzm.de\/tr\/wp-json\/wp\/v2\/product"}],"about":[{"href":"https:\/\/www.horn-wzm.de\/tr\/wp-json\/wp\/v2\/types\/product"}],"version-history":[{"count":1,"href":"https:\/\/www.horn-wzm.de\/tr\/wp-json\/wp\/v2\/product\/8115\/revisions"}],"predecessor-version":[{"id":8116,"href":"https:\/\/www.horn-wzm.de\/tr\/wp-json\/wp\/v2\/product\/8115\/revisions\/8116"}],"wp:featuredmedia":[{"embeddable":true,"href":"https:\/\/www.horn-wzm.de\/tr\/wp-json\/wp\/v2\/media\/8110"}],"wp:attachment":[{"href":"https:\/\/www.horn-wzm.de\/tr\/wp-json\/wp\/v2\/media?parent=8115"}],"wp:term":[{"taxonomy":"product_brand","embeddable":true,"href":"https:\/\/www.horn-wzm.de\/tr\/wp-json\/wp\/v2\/product_brand?post=8115"},{"taxonomy":"product_cat","embeddable":true,"href":"https:\/\/www.horn-wzm.de\/tr\/wp-json\/wp\/v2\/product_cat?post=8115"},{"taxonomy":"product_tag","embeddable":true,"href":"https:\/\/www.horn-wzm.de\/tr\/wp-json\/wp\/v2\/product_tag?post=8115"}],"curies":[{"name":"wp","href":"https:\/\/api.w.org\/{rel}","templated":true}]}}