{"id":8066,"date":"2026-04-21T21:40:37","date_gmt":"2026-04-21T19:40:37","guid":{"rendered":"https:\/\/www.horn-wzm.de\/shop\/unkategorisiert\/tornos-r10-bj-87-mit-lademagazin-barboy-typ-29-aa-1_-intnr231511\/"},"modified":"2026-04-21T21:40:37","modified_gmt":"2026-04-21T19:40:37","slug":"tornos-r10-bj-87-mit-lademagazin-barboy-typ-29-aa-1_-intnr231511","status":"publish","type":"product","link":"https:\/\/www.horn-wzm.de\/tr\/shop\/langdrehmaschinen\/tornos-r10-bj-87-mit-lademagazin-barboy-typ-29-aa-1_-intnr231511\/","title":{"rendered":"TORNOS R10 Bj. `87 mit Lademagazin Barboy Typ 29-AA-1_ IntNr231511"},"content":{"rendered":"<p><b>Konum:<\/b> Almanya, Baden-W\u00fcrttemberg G\u00fcneybat\u0131<\/p>\n<p><b>Durum:<\/b> Kullan\u0131lm\u0131\u015f<\/p>\n<p><b>\u00dcretici firma:<\/b> Tornos<\/p>\n<p><b>Model:<\/b> Tornos<\/p>\n<p><b>\u0130n\u015faat y\u0131l\u0131:<\/b> 1987<\/p>\n<p>Zum Verkauf steht ein gebrauchter Langdrehautomat \/ Drehautomat TORNOS R10, Baujahr 1987, ausgestattet mit einem Stangenlademagazin BARBOY Typ 29-AA-1. <\/p>\n<p>Technische Daten TORNOS R10:<br \/>\nMaschinenart: Langdrehautomat<br \/>\nMax. Materialdurchmesser: 10 mm<br \/>\nSpindelbohrung: 13 mm<br \/>\nMax. Gewindedurchmesser: M8<br \/>\nMax. Drehl\u00e4nge mit Flachkurve: 70 mm<br \/>\nMax. Drehl\u00e4nge mit Glockenkurve: 100 mm<br \/>\nAnzahl Drehst\u00e4hle: 5<br \/>\nSpindeldrehzahlen: 20 Stufen von 1.050 bis 8.000 U\/min<br \/>\nElektrischer Anschluss: 50 Hz \/ 3 x 380 V<br \/>\nMaschinengewicht: ca. 860 kg<br \/>\nAbmessungen: ca. 1.500 x 750 x 1.450 mm<\/p>\n<p>Technische Daten Lademagazin BARBOY Typ 29-AA-1:<br \/>\nHersteller: BARBOY<br \/>\nTyp: 29-AA-1<br \/>\nGer\u00e4teart: Stangenlademagazin<br \/>\nMagazinl\u00e4nge: 3.000 mm<\/p>\n<p>Makine randevu ile incelenebilir.<br \/>\nTeknik veri ve bilgilerdeki de\u011fi\u015fiklikler ve hatalar ile \u00f6n sat\u0131\u015f hakk\u0131 sakl\u0131d\u0131r!<\/p>\n<p>A used TORNOS R10 sliding headstock automatic lathe, manufactured in 1987 and fitted with a BARBOY Type 29-AA-1 bar feeder, is for sale. <\/p>\n<p>Technical specifications TORNOS R10:<br \/>\nMachine type: Sliding headstock automatic lathe<br \/>\nMax. material diameter: 10 mm<br \/>\nSpindle bore: 13 mm<br \/>\nMax. thread diameter: M8<br \/>\nMax. turning length with flat cam: 70 mm<br \/>\nMax. turning length with bell cam: 100 mm<br \/>\nNumber of turning tools: 5<br \/>\nSpindle speeds: 20 speeds from 1,050 to 8,000 rpm<br \/>\nElectrical connection: 50 Hz \/ 3 x 380 V<br \/>\nMachine weight: approx. 860 kg<br \/>\nDimensions: approx. 1,500 x 750 x 1,450 mm<\/p>\n<p>Technical data for BARBOY Type 29-AA-1 bar feeder:<br \/>\nManufacturer: BARBOY<br \/>\nType: 29-AA-1<br \/>\nEquipment type: Bar feeder<br \/>\nFeeder length: 3,000 mm<\/p>\n<p>Makine randevu ile g\u00f6r\u00fclebilir.<br \/>\nWe reserve the right to make changes and corrections to the technical data and specifications, and to sell the item in the meantime!<\/p>","protected":false},"excerpt":{"rendered":"<p>Standort: Deutschland, Baden-W\u00fcrttemberg S\u00fcdwest Zustand: Gebraucht Hersteller: Tornos Modell: Tornos Baujahr: 1987 Zum Verkauf steht ein gebrauchter Langdrehautomat \/ Drehautomat TORNOS R10, Baujahr 1987, ausgestattet mit einem Stangenlademagazin BARBOY Typ 29-AA-1. Technische Daten TORNOS R10: Maschinenart: Langdrehautomat Max. Materialdurchmesser: 10 mm Spindelbohrung: 13 mm Max. Gewindedurchmesser: M8 Max. Drehl\u00e4nge mit Flachkurve: 70 mm Max. Drehl\u00e4nge [&hellip;]<\/p>\n","protected":false},"featured_media":8060,"template":"","meta":[],"product_brand":[],"product_cat":[101],"product_tag":[],"class_list":{"0":"post-8066","1":"product","2":"type-product","3":"status-publish","4":"has-post-thumbnail","6":"product_cat-langdrehmaschinen","8":"first","9":"instock","10":"taxable","11":"shipping-taxable","12":"product-type-simple"},"aioseo_notices":[],"_links":{"self":[{"href":"https:\/\/www.horn-wzm.de\/tr\/wp-json\/wp\/v2\/product\/8066","targetHints":{"allow":["GET"]}}],"collection":[{"href":"https:\/\/www.horn-wzm.de\/tr\/wp-json\/wp\/v2\/product"}],"about":[{"href":"https:\/\/www.horn-wzm.de\/tr\/wp-json\/wp\/v2\/types\/product"}],"version-history":[{"count":1,"href":"https:\/\/www.horn-wzm.de\/tr\/wp-json\/wp\/v2\/product\/8066\/revisions"}],"predecessor-version":[{"id":8067,"href":"https:\/\/www.horn-wzm.de\/tr\/wp-json\/wp\/v2\/product\/8066\/revisions\/8067"}],"wp:featuredmedia":[{"embeddable":true,"href":"https:\/\/www.horn-wzm.de\/tr\/wp-json\/wp\/v2\/media\/8060"}],"wp:attachment":[{"href":"https:\/\/www.horn-wzm.de\/tr\/wp-json\/wp\/v2\/media?parent=8066"}],"wp:term":[{"taxonomy":"product_brand","embeddable":true,"href":"https:\/\/www.horn-wzm.de\/tr\/wp-json\/wp\/v2\/product_brand?post=8066"},{"taxonomy":"product_cat","embeddable":true,"href":"https:\/\/www.horn-wzm.de\/tr\/wp-json\/wp\/v2\/product_cat?post=8066"},{"taxonomy":"product_tag","embeddable":true,"href":"https:\/\/www.horn-wzm.de\/tr\/wp-json\/wp\/v2\/product_tag?post=8066"}],"curies":[{"name":"wp","href":"https:\/\/api.w.org\/{rel}","templated":true}]}}