{"id":8058,"date":"2026-04-21T21:20:42","date_gmt":"2026-04-21T19:20:42","guid":{"rendered":"https:\/\/www.horn-wzm.de\/shop\/unkategorisiert\/tornos-ms7-hy-6-bj-1989-mit-lademagazin-iemca-elite-112_bj-12-intnr231512\/"},"modified":"2026-04-21T21:20:42","modified_gmt":"2026-04-21T19:20:42","slug":"tornos-ms7-hy-6-bj-1989-mit-lademagazin-iemca-elite-112_bj-12-intnr231512","status":"publish","type":"product","link":"https:\/\/www.horn-wzm.de\/tr\/shop\/langdrehmaschinen\/tornos-ms7-hy-6-bj-1989-mit-lademagazin-iemca-elite-112_bj-12-intnr231512\/","title":{"rendered":"TORNOS MS7 HY 6 Bj. 1989 mit Lademagazin IEMCA Elite 112_Bj. `12 IntNr231512"},"content":{"rendered":"<p><b>Konum:<\/b> Almanya, Baden-W\u00fcrttemberg G\u00fcneybat\u0131<\/p>\n<p><b>Durum:<\/b> Kullan\u0131lm\u0131\u015f<\/p>\n<p><b>\u00dcretici firma:<\/b> Tornos<\/p>\n<p><b>Model:<\/b> Tornos<\/p>\n<p><b>\u0130n\u015faat y\u0131l\u0131:<\/b> 1989<\/p>\n<p>Zum Verkauf steht ein gebrauchter Pr\u00e4zisions-Drehautomat TORNOS MS7 HY 6, Baujahr 1989, ausgestattet mit einem Stangenlademagazin IEMCA ELITE 112, Baujahr 2012.<br \/>\nTechnische Daten TORNOS MS7 \/ MS7 HY 6:<\/p>\n<p>Maschinenart: Langdrehautomat<br \/>\nMax. Werkst\u00fcckdurchmesser: 7 mm<br \/>\nSpindelbohrung: 8 mm<br \/>\nHub mit Flachkurve: 60 mm<br \/>\nGr\u00f6\u00dfter Gewindedurchmesser: M6<br \/>\nAnzahl Drehst\u00e4hle: 5<br \/>\nSpindeldrehzahlen: 20 Stufen, 1.400\u201310.000 U\/min<br \/>\nElektrischer Anschluss: 3 x 380 V \/ 50 Hz<br \/>\nGesamtleistung: ca. 2 CV<br \/>\nMaschinengewicht: ca. 520 kg<br \/>\nAbmessungen: ca. 1.200 x 700 x 1.400 mm<br \/>\nAusstattung laut verf\u00fcgbarer Quelle: Lampe, Zentralschmierung, Schutzhaube<\/p>\n<p>Technische Daten IEMCA ELITE 112, Bj. 2012:<br \/>\nHersteller: IEMCA<br \/>\nTyp: ELITE 112<br \/>\nBaujahr: 2012<br \/>\nDie ELITE-112-Baureihe ist laut Hersteller f\u00fcr die Bearbeitung d\u00fcnner Stangen ausgelegt und deckt je nach Ausf\u00fchrung einen Bereich von 0,8 bis 12,7 mm ab.<\/p>\n<p>Makine randevu ile incelenebilir.<br \/>\nTeknik veri ve bilgilerdeki de\u011fi\u015fiklikler ve hatalar ile \u00f6n sat\u0131\u015f hakk\u0131 sakl\u0131d\u0131r!<\/p>\n<p>A used TORNOS MS7 HY 6 precision automatic lathe, manufactured in 1989, is for sale, equipped with an IEMCA ELITE 112 bar feeder, manufactured in 2012.<br \/>\nTechnical specifications TORNOS MS7 \/ MS7 HY 6:<\/p>\n<p>Machine type: Long-bed automatic lathe<br \/>\nMax. workpiece diameter: 7 mm<br \/>\nSpindle bore: 8 mm<br \/>\nStroke with flat cam: 60 mm<br \/>\nMaximum thread diameter: M6<br \/>\nNumber of turning tools: 5<br \/>\nSpindle speeds: 20 speeds, 1,400\u201310,000 rpm<br \/>\nElectrical connection: 3 x 380 V \/ 50 Hz<br \/>\nTotal power: approx. 2 hp<br \/>\nMachine weight: approx. 520 kg<br \/>\nDimensions: approx. 1,200 x 700 x 1,400 mm<br \/>\nEquipment according to available source: Lamp, central lubrication, protective cover<\/p>\n<p>Technical data IEMCA ELITE 112, built in 2012:<br \/>\nManufacturer: IEMCA<br \/>\nModel: ELITE 112<br \/>\nYear of manufacture: 2012<br \/>\nAccording to the manufacturer, the ELITE 112 series is designed for machining thin bars and, depending on the version, covers a range from 0.8 to 12.7 mm.<\/p>\n<p>Makine randevu ile g\u00f6r\u00fclebilir.<br \/>\nWe reserve the right to make changes and corrections to the technical data and specifications, and to sell the item in the meantime!<\/p>","protected":false},"excerpt":{"rendered":"<p>Standort: Deutschland, Baden-W\u00fcrttemberg S\u00fcdwest Zustand: Gebraucht Hersteller: Tornos Modell: Tornos Baujahr: 1989 Zum Verkauf steht ein gebrauchter Pr\u00e4zisions-Drehautomat TORNOS MS7 HY 6, Baujahr 1989, ausgestattet mit einem Stangenlademagazin IEMCA ELITE 112, Baujahr 2012. Technische Daten TORNOS MS7 \/ MS7 HY 6: Maschinenart: Langdrehautomat Max. Werkst\u00fcckdurchmesser: 7 mm Spindelbohrung: 8 mm Hub mit Flachkurve: 60 mm [&hellip;]<\/p>\n","protected":false},"featured_media":8051,"template":"","meta":[],"product_brand":[],"product_cat":[101],"product_tag":[],"class_list":{"0":"post-8058","1":"product","2":"type-product","3":"status-publish","4":"has-post-thumbnail","6":"product_cat-langdrehmaschinen","8":"first","9":"instock","10":"taxable","11":"shipping-taxable","12":"product-type-simple"},"aioseo_notices":[],"_links":{"self":[{"href":"https:\/\/www.horn-wzm.de\/tr\/wp-json\/wp\/v2\/product\/8058","targetHints":{"allow":["GET"]}}],"collection":[{"href":"https:\/\/www.horn-wzm.de\/tr\/wp-json\/wp\/v2\/product"}],"about":[{"href":"https:\/\/www.horn-wzm.de\/tr\/wp-json\/wp\/v2\/types\/product"}],"version-history":[{"count":1,"href":"https:\/\/www.horn-wzm.de\/tr\/wp-json\/wp\/v2\/product\/8058\/revisions"}],"predecessor-version":[{"id":8059,"href":"https:\/\/www.horn-wzm.de\/tr\/wp-json\/wp\/v2\/product\/8058\/revisions\/8059"}],"wp:featuredmedia":[{"embeddable":true,"href":"https:\/\/www.horn-wzm.de\/tr\/wp-json\/wp\/v2\/media\/8051"}],"wp:attachment":[{"href":"https:\/\/www.horn-wzm.de\/tr\/wp-json\/wp\/v2\/media?parent=8058"}],"wp:term":[{"taxonomy":"product_brand","embeddable":true,"href":"https:\/\/www.horn-wzm.de\/tr\/wp-json\/wp\/v2\/product_brand?post=8058"},{"taxonomy":"product_cat","embeddable":true,"href":"https:\/\/www.horn-wzm.de\/tr\/wp-json\/wp\/v2\/product_cat?post=8058"},{"taxonomy":"product_tag","embeddable":true,"href":"https:\/\/www.horn-wzm.de\/tr\/wp-json\/wp\/v2\/product_tag?post=8058"}],"curies":[{"name":"wp","href":"https:\/\/api.w.org\/{rel}","templated":true}]}}