{"id":8038,"date":"2026-04-21T20:49:13","date_gmt":"2026-04-21T18:49:13","guid":{"rendered":"https:\/\/www.horn-wzm.de\/shop\/unkategorisiert\/5-achs-cnc-baz-chiron-fz08s-bj-98-intnr231520\/"},"modified":"2026-04-21T20:49:14","modified_gmt":"2026-04-21T18:49:14","slug":"5-achs-cnc-baz-chiron-fz08s-bj-98-intnr231520","status":"publish","type":"product","link":"https:\/\/www.horn-wzm.de\/tr\/shop\/cnc-bearbeitungszentrum\/5-achs-cnc-baz-chiron-fz08s-bj-98-intnr231520\/","title":{"rendered":"5-Achs-CNC-BAZ Chiron FZ08S Bj. `98 IntNr231520"},"content":{"rendered":"<p><b>Konum:<\/b> Almanya, Baden-W\u00fcrttemberg G\u00fcneybat\u0131<\/p>\n<p><b>Durum:<\/b> Kullan\u0131lm\u0131\u015f<\/p>\n<p>Zum Verkauf steht ein gebrauchtes 5-Achs-CNC-Bearbeitungszentrum CHIRON FZ 08 S, Baujahr 1998. <\/p>\n<p>Teknik veriler:<\/p>\n<p>Maschinenart: 5-Achs-CNC-Bearbeitungszentrum \/ vertikales BAZ<br \/>\nCNC-Steuerung: je nach Ausf\u00fchrung FANUC 21i-M<br \/>\nSeyahat mesafeleri:<br \/>\nX-Achse: ca. 300\u2013350 mm<br \/>\nY-Achse: 250 mm<br \/>\nZ-Achse: 250 mm<br \/>\nA-Achse: 360\u00b0 bei entsprechenden 5-Achs-\/Rundachsen-Ausf\u00fchrungen.<br \/>\nB-Achse \/ Schwenkachse:  -20\u00b0 \/ +110\u00b0.<br \/>\nTischgr\u00f6\u00dfe \/ Aufspannfl\u00e4che: 550 x 300 mm,<br \/>\nMax. Werkst\u00fcckgewicht: in Marktangaben teilweise ca. 50 kg.<br \/>\nWerkzeugmagazin: 12 Werkzeuge<br \/>\nSpindelaufnahme: HSK-A 40<br \/>\nSpindeldrehzahl:  bis 10.000 (15000) U\/min<br \/>\nSpindelmotorleistung: 3,7 kW<br \/>\nMaschinengewicht: 1.820 kg<br \/>\nAbmessungen: 2050 x 2250 x 1900 mm <\/p>\n<p>Makine randevu ile incelenebilir.<br \/>\nTeknik veri ve bilgilerdeki de\u011fi\u015fiklikler ve hatalar ile \u00f6n sat\u0131\u015f hakk\u0131 sakl\u0131d\u0131r!<\/p>\n<p>A used 5-axis CNC machining centre, the CHIRON FZ 08 S, manufactured in 1998, is for sale. <\/p>\n<p>Technical specifications:<\/p>\n<p>Machine type: 5-axis CNC machining centre \/ vertical machining centre<br \/>\nCNC control: FANUC 21i-M, depending on model<br \/>\nTravel ranges:<br \/>\nX-axis: approx. 300\u2013350 mm<br \/>\nY-axis: 250 mm<br \/>\nZ-axis: 250 mm<br \/>\nA-axis: 360\u00b0 for corresponding 5-axis\/rotary axis models.<br \/>\nB-axis \/ swivel axis:  -20\u00b0 \/ +110\u00b0.<br \/>\nTable size \/ clamping surface: 550 x 300 mm,<br \/>\nMax. workpiece weight: approx. 50 kg in some market specifications.<br \/>\nTool magazine: 12 tools<br \/>\nSpindle mount: HSK-A 40<br \/>\nSpindle speed:  up to 10,000 (15,000) rpm<br \/>\nSpindle motor power: 3.7 kW<br \/>\nMachine weight: 1,820 kg<br \/>\nDimensions: 2,050 x 2,250 x 1,900 mm <\/p>\n<p>Makine randevu ile g\u00f6r\u00fclebilir.<br \/>\nWe reserve the right to make changes and corrections to the technical data and specifications, and to sell the item in the meantime!<\/p>","protected":false},"excerpt":{"rendered":"<p>Standort: Deutschland, Baden-W\u00fcrttemberg S\u00fcdwest Zustand: Gebraucht Zum Verkauf steht ein gebrauchtes 5-Achs-CNC-Bearbeitungszentrum CHIRON FZ 08 S, Baujahr 1998. Technische Daten: Maschinenart: 5-Achs-CNC-Bearbeitungszentrum \/ vertikales BAZ CNC-Steuerung: je nach Ausf\u00fchrung FANUC 21i-M Verfahrwege: X-Achse: ca. 300\u2013350 mm Y-Achse: 250 mm Z-Achse: 250 mm A-Achse: 360\u00b0 bei entsprechenden 5-Achs-\/Rundachsen-Ausf\u00fchrungen. B-Achse \/ Schwenkachse: -20\u00b0 \/ +110\u00b0. Tischgr\u00f6\u00dfe \/ [&hellip;]<\/p>\n","protected":false},"featured_media":8030,"template":"","meta":[],"product_brand":[],"product_cat":[88],"product_tag":[],"class_list":{"0":"post-8038","1":"product","2":"type-product","3":"status-publish","4":"has-post-thumbnail","6":"product_cat-cnc-bearbeitungszentrum","8":"first","9":"instock","10":"taxable","11":"shipping-taxable","12":"product-type-simple"},"aioseo_notices":[],"_links":{"self":[{"href":"https:\/\/www.horn-wzm.de\/tr\/wp-json\/wp\/v2\/product\/8038","targetHints":{"allow":["GET"]}}],"collection":[{"href":"https:\/\/www.horn-wzm.de\/tr\/wp-json\/wp\/v2\/product"}],"about":[{"href":"https:\/\/www.horn-wzm.de\/tr\/wp-json\/wp\/v2\/types\/product"}],"version-history":[{"count":1,"href":"https:\/\/www.horn-wzm.de\/tr\/wp-json\/wp\/v2\/product\/8038\/revisions"}],"predecessor-version":[{"id":8039,"href":"https:\/\/www.horn-wzm.de\/tr\/wp-json\/wp\/v2\/product\/8038\/revisions\/8039"}],"wp:featuredmedia":[{"embeddable":true,"href":"https:\/\/www.horn-wzm.de\/tr\/wp-json\/wp\/v2\/media\/8030"}],"wp:attachment":[{"href":"https:\/\/www.horn-wzm.de\/tr\/wp-json\/wp\/v2\/media?parent=8038"}],"wp:term":[{"taxonomy":"product_brand","embeddable":true,"href":"https:\/\/www.horn-wzm.de\/tr\/wp-json\/wp\/v2\/product_brand?post=8038"},{"taxonomy":"product_cat","embeddable":true,"href":"https:\/\/www.horn-wzm.de\/tr\/wp-json\/wp\/v2\/product_cat?post=8038"},{"taxonomy":"product_tag","embeddable":true,"href":"https:\/\/www.horn-wzm.de\/tr\/wp-json\/wp\/v2\/product_tag?post=8038"}],"curies":[{"name":"wp","href":"https:\/\/api.w.org\/{rel}","templated":true}]}}