{"id":7814,"date":"2026-04-01T14:48:50","date_gmt":"2026-04-01T12:48:50","guid":{"rendered":"https:\/\/www.horn-wzm.de\/shop\/unkategorisiert\/hwacheon-hi-tech-230bl-ysmc-bj-01_2020_-intnr231545\/"},"modified":"2026-04-01T14:48:51","modified_gmt":"2026-04-01T12:48:51","slug":"hwacheon-hi-tech-230bl-ysmc-bj-01_2020_-intnr231545","status":"publish","type":"product","link":"https:\/\/www.horn-wzm.de\/tr\/shop\/cnc-kurzdrehmaschinen\/hwacheon-hi-tech-230bl-ysmc-bj-01_2020_-intnr231545\/","title":{"rendered":"HWACHEON Hi-TECH 230BL YSMC, Bj. 01_2020_ IntNr231545"},"content":{"rendered":"<p><b>Konum:<\/b> Almanya, Baden-W\u00fcrttemberg G\u00fcneybat\u0131<\/p>\n<p><b>Durum:<\/b> Kullan\u0131lm\u0131\u015f<\/p>\n<p><b>\u00dcretici firma:<\/b> HWACHEON<\/p>\n<p><b>Model:<\/b> HWACHEON<\/p>\n<p><b>\u0130n\u015faat y\u0131l\u0131:<\/b> 2020<\/p>\n<p><b>\u00c7al\u0131\u015fma saatleri:<\/b> 38709<\/p>\n<p>CNC-Drehmaschine HWACHEON Hi-Tech 230BL YSMC, Bj. 2020<br \/>\nInbetriebnahme 2021<br \/>\nSteuerung: FANUC<br \/>\nSpindeldrehzahl: bis ca. 3.500 U\/min<br \/>\nSpindelbohrung: ca. 65 mm<br \/>\nMax. Drehdurchmesser: ca. 230 mm<br \/>\nMax. Drehl\u00e4nge: ca. 500\u2013600 mm<br \/>\nHauptspindelleistung: ca. 15\u201322 kW<br \/>\nGegenspindel: bis ca. 4.500 U\/min<br \/>\nWerkzeugrevolver: ca. 12 Stationen<br \/>\nAchsen: X-, Z- und Y-Achse, C-Achse (Haupt- und Gegenspindel)<br \/>\nEilgang: bis ca. 24 m\/min<br \/>\nAna i\u015f mili + kar\u015f\u0131 i\u015f mili<br \/>\nY-Achse f\u00fcr au\u00dfermittige Bearbeitung<br \/>\nC-Achse f\u00fcr Positionierung\/Interpolation<br \/>\nRevolver mit angetriebenen Werkzeugen<br \/>\nY-Achse Verfahrweg: ca. \u00b150 mm<br \/>\nX\/Z-Verfahrwege: X ca. 200 mm \/ Z ca. 500\u2013600 mm<br \/>\nRevolverstationen: typischerweise 12 Stationen  BMT<br \/>\nAngetriebene Werkzeuge: vorhanden<br \/>\nGegenspindel: f\u00fcr R\u00fcckseitenbearbeitung<br \/>\nAbsauganlage AR Filtratione<br \/>\nWerkzeughalter Paket<br \/>\nTala\u015f konvey\u00f6r\u00fc<br \/>\nAksesuarlar<br \/>\nK\u0131lavuzlar<br \/>\nRoboter mit Be- und Entladesystem<\/p>\n<p>Aufstellma\u00dfe (ca.)<br \/>\nL\u00e4nge: ca. 3.200 mm<br \/>\nBreite: ca. 1.800 mm<br \/>\nH\u00f6he: ca. 1.850 mm<br \/>\nGewicht: ca. 6.800 kg<\/p>\n<p>\u00c4nderungen und Irrt\u00fcmer in den technischen Daten sowie Zwischenverkauf vorbehalten!<\/p>\n<p>CNC Lathe HWACHEON Hi-Tech 230BL YSMC, built in 2020<br \/>\nCommissioned: 2021<br \/>\nControl: FANUC<br \/>\nSpindle speed: up to approx. 3,500 rpm<br \/>\nSpindle bore: approx. 65 mm<br \/>\nMax. turning diameter: approx. 230 mm<br \/>\nMax. turning length: approx. 500\u2013600 mm<br \/>\nMain spindle power: approx. 15\u201322 kW<br \/>\nSub spindle speed: up to approx. 4,500 rpm<br \/>\nTool turret: approx. 12 stations<br \/>\nAxes: X-, Z- and Y-axis, C-axis (main and sub spindle)<br \/>\nRapid traverse: up to approx. 24 m\/min<\/p>\n<p>Main spindle + sub spindle<br \/>\nY-axis for off-center machining<br \/>\nC-axis for positioning\/interpolation<br \/>\nTurret with driven tools<br \/>\nY-axis travel: approx. \u00b150 mm<br \/>\nX\/Z travels: X approx. 200 mm \/ Z approx. 500\u2013600 mm<br \/>\nTurret stations: typically 12 stations, BMT<br \/>\nDriven tools: available<br \/>\nSub spindle: for rear-side machining<\/p>\n<p>Ekipman<br \/>\nExtraction system AR Filtratione<br \/>\nTool holder package<br \/>\nTala\u015f konvey\u00f6r\u00fc<br \/>\nAksesuarlar<br \/>\nK\u0131lavuzlar<br \/>\nRobot loading\/unloading system<\/p>\n<p>Installation dimensions (approx.)<br \/>\nLength: approx. 3,200 mm<br \/>\nWidth: approx. 1,800 mm<br \/>\nHeight: approx. 1,850 mm<br \/>\nWeight: approx. 6,800 kg<\/p>\n<p>Subject to changes and errors in technical data, and prior sale!<\/p>","protected":false},"excerpt":{"rendered":"<p>Standort: Deutschland, Baden-W\u00fcrttemberg S\u00fcdwest Zustand: Gebraucht Hersteller: HWACHEON Modell: HWACHEON Baujahr: 2020 Betriebsstunden: 38709 CNC-Drehmaschine HWACHEON Hi-Tech 230BL YSMC, Bj. 2020 Inbetriebnahme 2021 Steuerung: FANUC Spindeldrehzahl: bis ca. 3.500 U\/min Spindelbohrung: ca. 65 mm Max. Drehdurchmesser: ca. 230 mm Max. Drehl\u00e4nge: ca. 500\u2013600 mm Hauptspindelleistung: ca. 15\u201322 kW Gegenspindel: bis ca. 4.500 U\/min Werkzeugrevolver: ca. [&hellip;]<\/p>\n","protected":false},"featured_media":7807,"template":"","meta":[],"product_brand":[],"product_cat":[87],"product_tag":[],"class_list":{"0":"post-7814","1":"product","2":"type-product","3":"status-publish","4":"has-post-thumbnail","6":"product_cat-cnc-kurzdrehmaschinen","8":"first","9":"instock","10":"taxable","11":"shipping-taxable","12":"product-type-simple"},"aioseo_notices":[],"_links":{"self":[{"href":"https:\/\/www.horn-wzm.de\/tr\/wp-json\/wp\/v2\/product\/7814","targetHints":{"allow":["GET"]}}],"collection":[{"href":"https:\/\/www.horn-wzm.de\/tr\/wp-json\/wp\/v2\/product"}],"about":[{"href":"https:\/\/www.horn-wzm.de\/tr\/wp-json\/wp\/v2\/types\/product"}],"version-history":[{"count":1,"href":"https:\/\/www.horn-wzm.de\/tr\/wp-json\/wp\/v2\/product\/7814\/revisions"}],"predecessor-version":[{"id":7815,"href":"https:\/\/www.horn-wzm.de\/tr\/wp-json\/wp\/v2\/product\/7814\/revisions\/7815"}],"wp:featuredmedia":[{"embeddable":true,"href":"https:\/\/www.horn-wzm.de\/tr\/wp-json\/wp\/v2\/media\/7807"}],"wp:attachment":[{"href":"https:\/\/www.horn-wzm.de\/tr\/wp-json\/wp\/v2\/media?parent=7814"}],"wp:term":[{"taxonomy":"product_brand","embeddable":true,"href":"https:\/\/www.horn-wzm.de\/tr\/wp-json\/wp\/v2\/product_brand?post=7814"},{"taxonomy":"product_cat","embeddable":true,"href":"https:\/\/www.horn-wzm.de\/tr\/wp-json\/wp\/v2\/product_cat?post=7814"},{"taxonomy":"product_tag","embeddable":true,"href":"https:\/\/www.horn-wzm.de\/tr\/wp-json\/wp\/v2\/product_tag?post=7814"}],"curies":[{"name":"wp","href":"https:\/\/api.w.org\/{rel}","templated":true}]}}