{"id":7749,"date":"2026-03-27T15:37:29","date_gmt":"2026-03-27T14:37:29","guid":{"rendered":"https:\/\/www.horn-wzm.de\/shop\/unkategorisiert\/haas-vf-3bythe_bj-01_2007_-intnr231533\/"},"modified":"2026-03-27T15:37:29","modified_gmt":"2026-03-27T14:37:29","slug":"haas-vf-3bythe_bj-01_2007_-intnr231533","status":"publish","type":"product","link":"https:\/\/www.horn-wzm.de\/tr\/shop\/cnc-bearbeitungszentrum\/haas-vf-3bythe_bj-01_2007_-intnr231533\/","title":{"rendered":"Haas VF-3BYTHE_Bj.01_2007_ IntNr231533"},"content":{"rendered":"<p><b>Konum:<\/b> Almanya, Baden-W\u00fcrttemberg G\u00fcneybat\u0131<\/p>\n<p><b>Durum:<\/b> Kullan\u0131lm\u0131\u015f<\/p>\n<p><b>\u00dcretici firma:<\/b> HAAS<\/p>\n<p><b>Model:<\/b> HAAS<\/p>\n<p><b>\u0130n\u015faat y\u0131l\u0131:<\/b> 2007<\/p>\n<p><b>\u00c7al\u0131\u015fma saatleri:<\/b> 14500<\/p>\n<p>Haas Haas VF3 BYTHE   (Bj. 2007) \u2013 3-Achsen<br \/>\nBetriebsstunden: ca. 14500<br \/>\nEinschaltstunden:  ca.33000<br \/>\nMaschinentyp: Vertikales Bearbeitungszentrum (CNC)<br \/>\n\u0130n\u015faat y\u0131l\u0131: 2007<br \/>\nSteuerung: Haas<br \/>\nTahrik tipi: Y\u00fcksek h\u0131zl\u0131 i\u015f mili (Y\u00fcksek Verimlilik)<br \/>\nAchsf\u00e4higkeit: 3-Achsen Bearbeitung <\/p>\n<p>Mekanik veriler<br \/>\nSeyahat mesafeleri:<br \/>\nX-Achse: 1010 mm<br \/>\nY-Achse: 660 mm<br \/>\nZ-Achse: 608mm<br \/>\nDrehzahlbereich: bis 10.000 U\/min <\/p>\n<p>Aks tahrikleri<br \/>\nX\/Y\/Z ekseni: devridaim vidal\u0131 mil, hassas k\u0131lavuzlar<br \/>\n3 Achse: Schwenktisch \/ Drehtisch integriert, CNC-gesteuert<\/p>\n<p>Revolver dergisi<br \/>\nKapazit\u00e4t: 40 Werkzeugpl\u00e4tze<br \/>\nSK40<br \/>\nSpindelgetriebe getauscht 2024<\/p>\n<p>Tala\u015f konvey\u00f6r\u00fc<\/p>\n<p>Stellfl\u00e4che \/ Aufstellma\u00dfe: ca. 3.870 mm x 2.510 mm  x 2.690 mm (B x T x H)<\/p>\n<p>Maschinengewicht: ca. 6.260 kg<\/p>\n<p>Makine elektriksel ve mekanik olarak tamamen \u00e7al\u0131\u015f\u0131r durumda<br \/>\nTeknik dok\u00fcmantasyon <\/p>\n<p>Makine randevu ile incelenebilir.<br \/>\nTeknik veri ve bilgilerdeki de\u011fi\u015fiklikler ve hatalar ile \u00f6n sat\u0131\u015f hakk\u0131 sakl\u0131d\u0131r!<\/p>\n<p>Haas VF-3 (2007) \u2013 3-Axis Vertical Machining Center<\/p>\n<p>Operating hours: approx. 14,500<br \/>\nPower-on hours: approx. 33,000<\/p>\n<p>Machine type: CNC Vertical Machining Center<br \/>\n\u00dcretim y\u0131l\u0131: 2007<br \/>\nControl: Haas<br \/>\nDrive type: High-speed spindle (High Efficiency)<br \/>\nAxis configuration: 3-axis machining<\/p>\n<p>Teknik Veriler<\/p>\n<p>Seyahatler:<\/p>\n<p>X-axis: 1,010 mm<br \/>\nY-axis: 660 mm<br \/>\nZ-axis: 608 mm<\/p>\n<p>Spindle speed: up to 10,000 rpm<\/p>\n<p>Eksen S\u00fcr\u00fcc\u00fcleri<br \/>\nX\/Y\/Z axes: Ball screws, precision linear guides<br \/>\n3rd axis: Tilting \/ rotary table integrated, CNC-controlled<br \/>\nTool Changer<br \/>\nCapacity: 40 tool positions<br \/>\nTaper: SK40<br \/>\nSpindle gearbox replaced in 2024<br \/>\nEkipman<br \/>\nTala\u015f konvey\u00f6r\u00fc<br \/>\nInstallation Dimensions<br \/>\nApprox. 3,870 x 2,510 x 2,690 mm (W x D x H)<\/p>\n<p>Machine weight: approx. 6,260 kg<\/p>\n<p>Durum<\/p>\n<p>The machine is fully operational both electrically and mechanically.<br \/>\nTechnical documentation is included.<\/p>\n<p>Makine randevu ile elektrik alt\u0131nda incelenebilir.<\/p>\n<p>Subject to prior sale. All specifications are indicative; errors and omissions excepted.<\/p>","protected":false},"excerpt":{"rendered":"<p>Standort: Deutschland, Baden-W\u00fcrttemberg S\u00fcdwest Zustand: Gebraucht Hersteller: HAAS Modell: HAAS Baujahr: 2007 Betriebsstunden: 14500 Haas Haas VF3 BYTHE (Bj. 2007) \u2013 3-Achsen Betriebsstunden: ca. 14500 Einschaltstunden: ca.33000 Maschinentyp: Vertikales Bearbeitungszentrum (CNC) Baujahr: 2007 Steuerung: Haas Antriebsart: Hochgeschwindigkeits-Spindel (High Efficiency) Achsf\u00e4higkeit: 3-Achsen Bearbeitung Mechanische Daten Verfahrwege: X-Achse: 1010 mm Y-Achse: 660 mm Z-Achse: 608mm Drehzahlbereich: bis [&hellip;]<\/p>\n","protected":false},"featured_media":7741,"template":"","meta":[],"product_brand":[],"product_cat":[88],"product_tag":[],"class_list":{"0":"post-7749","1":"product","2":"type-product","3":"status-publish","4":"has-post-thumbnail","6":"product_cat-cnc-bearbeitungszentrum","8":"first","9":"instock","10":"taxable","11":"shipping-taxable","12":"product-type-simple"},"aioseo_notices":[],"_links":{"self":[{"href":"https:\/\/www.horn-wzm.de\/tr\/wp-json\/wp\/v2\/product\/7749","targetHints":{"allow":["GET"]}}],"collection":[{"href":"https:\/\/www.horn-wzm.de\/tr\/wp-json\/wp\/v2\/product"}],"about":[{"href":"https:\/\/www.horn-wzm.de\/tr\/wp-json\/wp\/v2\/types\/product"}],"version-history":[{"count":1,"href":"https:\/\/www.horn-wzm.de\/tr\/wp-json\/wp\/v2\/product\/7749\/revisions"}],"predecessor-version":[{"id":7750,"href":"https:\/\/www.horn-wzm.de\/tr\/wp-json\/wp\/v2\/product\/7749\/revisions\/7750"}],"wp:featuredmedia":[{"embeddable":true,"href":"https:\/\/www.horn-wzm.de\/tr\/wp-json\/wp\/v2\/media\/7741"}],"wp:attachment":[{"href":"https:\/\/www.horn-wzm.de\/tr\/wp-json\/wp\/v2\/media?parent=7749"}],"wp:term":[{"taxonomy":"product_brand","embeddable":true,"href":"https:\/\/www.horn-wzm.de\/tr\/wp-json\/wp\/v2\/product_brand?post=7749"},{"taxonomy":"product_cat","embeddable":true,"href":"https:\/\/www.horn-wzm.de\/tr\/wp-json\/wp\/v2\/product_cat?post=7749"},{"taxonomy":"product_tag","embeddable":true,"href":"https:\/\/www.horn-wzm.de\/tr\/wp-json\/wp\/v2\/product_tag?post=7749"}],"curies":[{"name":"wp","href":"https:\/\/api.w.org\/{rel}","templated":true}]}}