{"id":7652,"date":"2026-03-19T13:27:27","date_gmt":"2026-03-19T12:27:27","guid":{"rendered":"https:\/\/www.horn-wzm.de\/shop\/unkategorisiert\/star-sv-20_bj-2001-typ-420_intnr231506\/"},"modified":"2026-03-19T13:27:27","modified_gmt":"2026-03-19T12:27:27","slug":"star-sv-20_bj-2001-typ-420_intnr231506","status":"publish","type":"product","link":"https:\/\/www.horn-wzm.de\/tr\/shop\/cnc-langdrehmaschinen\/star-sv-20_bj-2001-typ-420_intnr231506\/","title":{"rendered":"Star SV-20_Bj.2001 Typ 420_IntNr231506"},"content":{"rendered":"<p><b>Konum:<\/b> Almanya, Baden-W\u00fcrttemberg G\u00fcneybat\u0131<\/p>\n<p><b>Durum:<\/b> Kullan\u0131lm\u0131\u015f<\/p>\n<p><b>\u00dcretici firma:<\/b> STAR Micronics<\/p>\n<p><b>Model:<\/b> STAR Micronics<\/p>\n<p><b>\u0130n\u015faat y\u0131l\u0131:<\/b> 2001<\/p>\n<p><b>\u00c7al\u0131\u015fma saatleri:<\/b> 69228<\/p>\n<p>Makine tipi CNC kayar mesnetli otomatik torna tezgah\u0131<br \/>\n\u00dcretici STAR<br \/>\nModel SV-20<br \/>\nBaujahr 2001<br \/>\nDurum \u00e7ok iyi (kullan\u0131lm\u0131\u015f)<br \/>\nDo\u011frudan kullan\u0131c\u0131dan gelen \u00e7ok iyi bak\u0131ml\u0131 makine<br \/>\nMakine sadece ya\u011f ile \u00e7al\u0131\u015fm\u0131\u015ft\u0131r<br \/>\nBetriebsstunden um die  69500<br \/>\nFANUC 16i-T  Steuerung mit 9 Achsen<br \/>\n9 Achsen (X \/ C1 \/ Y \/ E \/ B \/ A \/ X \/ C2)<br \/>\n\u00c7ubuk \u00d8 maks. 20 mm<br \/>\nDrehl\u00e4nge max. 205 mm \/ 195mm<br \/>\nHauptspindel, Drehzahl max. 10.000 U\/min, C-Achse<br \/>\nGegenspindel mit Spannzange, Drehzahl max. 10.000 U\/min, C-Achse<br \/>\n4 katl\u0131 alet tutucu<br \/>\n3 \u00c7apraz sondaj \u00fcnitesi<br \/>\n8 istasyonlu revolver<br \/>\nPar\u00e7a konvey\u00f6r band\u0131<\/p>\n<p>Makine taraf\u0131ndan kullan\u0131lan so\u011futma s\u0131v\u0131s\u0131: Ya\u011f <\/p>\n<p>Lademagazin FMB Turbo 3-26 \/3200\/A \/  von \u00d83- \u00d826 mm  <\/p>\n<p>Makine randevu ile incelenebilir.<br \/>\nTeknik veri ve bilgilerdeki de\u011fi\u015fiklikler ve hatalar ile \u00f6n sat\u0131\u015f hakk\u0131 sakl\u0131d\u0131r!<\/p>\n<p>Makine tipi CNC kayar mesnetli otomatik torna tezgah\u0131<br \/>\n\u00dcretici STAR<br \/>\nModel SV-20<br \/>\nyear of construction 2001<br \/>\nDurum \u00e7ok iyi (kullan\u0131lm\u0131\u015f)<br \/>\nDo\u011frudan kullan\u0131c\u0131dan gelen \u00e7ok iyi bak\u0131ml\u0131 makine<br \/>\nMakine sadece ya\u011f ile \u00e7al\u0131\u015fm\u0131\u015ft\u0131r<br \/>\nOperating hours around 69500<br \/>\nFANUC 16i-T control with 9 axes<br \/>\n9 axes (X \/ C1 \/ Y \/ E \/ B \/ A \/ X \/ C2)<br \/>\n\u00c7ubuk \u00d8 maks. 20 mm<br \/>\nTurning length max. 205 mm \/ 195mm<br \/>\nMain spindle, max. speed 10,000 rpm, C-axis<br \/>\nCounter spindle with collet chuck, max. speed 10,000 rpm, C-axis<br \/>\n4 katl\u0131 alet tutucu<br \/>\n3 \u00e7apraz sondaj \u00fcnitesi<br \/>\n8 istasyonlu taret<br \/>\nVarious additional tool holders, quills<br \/>\npar\u00e7a konvey\u00f6r band\u0131<\/p>\n<p>Makine so\u011futma s\u0131v\u0131s\u0131: ya\u011f <\/p>\n<p>Loading magazine FMB Turbo 3-26 \/3200\/A \/ from \u00d83- \u00d826 mm <\/p>\n<p>Makine randevu ile incelenebilir.<br \/>\nTeknik veri ve bilgilerdeki de\u011fi\u015fiklikler ve hatalar ile \u00f6n sat\u0131\u015f hakk\u0131 sakl\u0131d\u0131r!<\/p>","protected":false},"excerpt":{"rendered":"<p>Standort: Deutschland, Baden-W\u00fcrttemberg S\u00fcdwest Zustand: Gebraucht Hersteller: STAR Micronics Modell: STAR Micronics Baujahr: 2001 Betriebsstunden: 69228 Maschinentyp CNC-Langdrehautomat Hersteller STAR Modell SV-20 Baujahr 2001 Zustand sehr gut (gebraucht) Sehr gepflegte Maschine direkt vom Anwender Maschine ist nur mit \u00d6l gelaufen Betriebsstunden um die 69500 FANUC 16i-T Steuerung mit 9 Achsen 9 Achsen (X \/ C1 [&hellip;]<\/p>\n","protected":false},"featured_media":7647,"template":"","meta":[],"product_brand":[],"product_cat":[81],"product_tag":[],"class_list":{"0":"post-7652","1":"product","2":"type-product","3":"status-publish","4":"has-post-thumbnail","6":"product_cat-cnc-langdrehmaschinen","8":"first","9":"instock","10":"taxable","11":"shipping-taxable","12":"product-type-simple"},"aioseo_notices":[],"_links":{"self":[{"href":"https:\/\/www.horn-wzm.de\/tr\/wp-json\/wp\/v2\/product\/7652","targetHints":{"allow":["GET"]}}],"collection":[{"href":"https:\/\/www.horn-wzm.de\/tr\/wp-json\/wp\/v2\/product"}],"about":[{"href":"https:\/\/www.horn-wzm.de\/tr\/wp-json\/wp\/v2\/types\/product"}],"version-history":[{"count":1,"href":"https:\/\/www.horn-wzm.de\/tr\/wp-json\/wp\/v2\/product\/7652\/revisions"}],"predecessor-version":[{"id":7653,"href":"https:\/\/www.horn-wzm.de\/tr\/wp-json\/wp\/v2\/product\/7652\/revisions\/7653"}],"wp:featuredmedia":[{"embeddable":true,"href":"https:\/\/www.horn-wzm.de\/tr\/wp-json\/wp\/v2\/media\/7647"}],"wp:attachment":[{"href":"https:\/\/www.horn-wzm.de\/tr\/wp-json\/wp\/v2\/media?parent=7652"}],"wp:term":[{"taxonomy":"product_brand","embeddable":true,"href":"https:\/\/www.horn-wzm.de\/tr\/wp-json\/wp\/v2\/product_brand?post=7652"},{"taxonomy":"product_cat","embeddable":true,"href":"https:\/\/www.horn-wzm.de\/tr\/wp-json\/wp\/v2\/product_cat?post=7652"},{"taxonomy":"product_tag","embeddable":true,"href":"https:\/\/www.horn-wzm.de\/tr\/wp-json\/wp\/v2\/product_tag?post=7652"}],"curies":[{"name":"wp","href":"https:\/\/api.w.org\/{rel}","templated":true}]}}