{"id":7549,"date":"2026-03-13T12:16:11","date_gmt":"2026-03-13T11:16:11","guid":{"rendered":"https:\/\/www.horn-wzm.de\/shop\/unkategorisiert\/hermle-c40u-bj-2003_intnr231507\/"},"modified":"2026-03-13T12:16:11","modified_gmt":"2026-03-13T11:16:11","slug":"hermle-c40u-bj-2003_intnr231507","status":"publish","type":"product","link":"https:\/\/www.horn-wzm.de\/tr\/shop\/cnc-bearbeitungszentrum\/hermle-c40u-bj-2003_intnr231507\/","title":{"rendered":"Hermle C40U, Bj. 2003_IntNr231507"},"content":{"rendered":"<p><b>Konum:<\/b> Almanya, Baden-W\u00fcrttemberg G\u00fcneybat\u0131<\/p>\n<p><b>Durum:<\/b> Kullan\u0131lm\u0131\u015f<\/p>\n<p><b>\u00dcretici firma:<\/b> Hermle<\/p>\n<p><b>Model:<\/b> Hermle<\/p>\n<p><b>\u0130n\u015faat y\u0131l\u0131:<\/b> 2003<\/p>\n<p>5-Achsen-Universal-Bearbeitungszentrum Hermle Typ: C 40 U<br \/>\nBaujahr: 2003<br \/>\nSteuerung: Heidenhain iTNC 530<br \/>\nSeyahat mesafeleri:<br \/>\nX-Achse: 850 mm<br \/>\nY-Achse: 700 mm<br \/>\nZ-Achse: 500 mm<br \/>\nNC-Schwenkrundtisch:<br \/>\nDurchmesser: \u00d8 800 mm<br \/>\nSchwenkbereich A-Achse: +25\u00b0 \/ -110\u00b0<br \/>\nDrehbereich C-Achse: 360\u00b0<br \/>\nMaschinengewicht ca. 10,5 t<\/p>\n<p>Aksesuarlar:<br \/>\neksiksiz dok\u00fcmantasyon<br \/>\nSo\u011futma s\u0131v\u0131s\u0131 cihaz\u0131<br \/>\nHidrolik \u00fcnite<br \/>\nNC d\u00f6ner tabla<br \/>\nelektrikli el \u00e7ark\u0131<br \/>\n\u00d6l\u00e7\u00fcm probu Renishaw<\/p>\n<p>Makine randevu ile incelenebilir.<br \/>\nTeknik veri ve bilgilerdeki de\u011fi\u015fiklikler ve hatalar ile \u00f6n sat\u0131\u015f hakk\u0131 sakl\u0131d\u0131r!<\/p>\n<p>5-axis universal machining centre Hermle Type: C 40 U<br \/>\nYear of manufacture: 2003<br \/>\nControl: Heidenhain iTNC 530<br \/>\nSeyahat mesafeleri:<br \/>\nX-axis: 850 mm<br \/>\nY-axis: 700 mm<br \/>\nZ-axis: 500 mm<br \/>\nNC swivel rotary table:<br \/>\nDiameter: \u00d8 800 mm<br \/>\nSwivel range A-axis: +25\u00b0 \/ -110\u00b0<br \/>\nRotation range C-axis: 360\u00b0<br \/>\nMachine weight approx. 10.5 t<\/p>\n<p>Aksesuarlar:<br \/>\nEksiksiz dok\u00fcmantasyon<br \/>\nCoolant system<br \/>\nHidrolik \u00fcnite<br \/>\nNC swivel rotary table<br \/>\nElectric handwheel<br \/>\nRenishaw \u00f6l\u00e7\u00fcm probu<\/p>\n<p>Makine randevu ile g\u00f6r\u00fclebilir.<br \/>\nTeknik verilerdeki ve spesifikasyonlardaki de\u011fi\u015fikliklere ve hatalara ve ayr\u0131ca sat\u0131\u015f \u00f6ncesine tabidir!<\/p>","protected":false},"excerpt":{"rendered":"<p>Standort: Deutschland, Baden-W\u00fcrttemberg S\u00fcdwest Zustand: Gebraucht Hersteller: Hermle Modell: Hermle Baujahr: 2003 5-Achsen-Universal-Bearbeitungszentrum Hermle Typ: C 40 U Baujahr: 2003 Steuerung: Heidenhain iTNC 530 Verfahrwege: X-Achse: 850 mm Y-Achse: 700 mm Z-Achse: 500 mm NC-Schwenkrundtisch: Durchmesser: \u00d8 800 mm Schwenkbereich A-Achse: +25\u00b0 \/ -110\u00b0 Drehbereich C-Achse: 360\u00b0 Maschinengewicht ca. 10,5 t Zubeh\u00f6r: kompl. Dokumentation K\u00fchlmitteleinrichtung [&hellip;]<\/p>\n","protected":false},"featured_media":7545,"template":"","meta":[],"product_brand":[],"product_cat":[88],"product_tag":[],"class_list":{"0":"post-7549","1":"product","2":"type-product","3":"status-publish","4":"has-post-thumbnail","6":"product_cat-cnc-bearbeitungszentrum","8":"first","9":"instock","10":"taxable","11":"shipping-taxable","12":"product-type-simple"},"aioseo_notices":[],"_links":{"self":[{"href":"https:\/\/www.horn-wzm.de\/tr\/wp-json\/wp\/v2\/product\/7549","targetHints":{"allow":["GET"]}}],"collection":[{"href":"https:\/\/www.horn-wzm.de\/tr\/wp-json\/wp\/v2\/product"}],"about":[{"href":"https:\/\/www.horn-wzm.de\/tr\/wp-json\/wp\/v2\/types\/product"}],"version-history":[{"count":1,"href":"https:\/\/www.horn-wzm.de\/tr\/wp-json\/wp\/v2\/product\/7549\/revisions"}],"predecessor-version":[{"id":7550,"href":"https:\/\/www.horn-wzm.de\/tr\/wp-json\/wp\/v2\/product\/7549\/revisions\/7550"}],"wp:featuredmedia":[{"embeddable":true,"href":"https:\/\/www.horn-wzm.de\/tr\/wp-json\/wp\/v2\/media\/7545"}],"wp:attachment":[{"href":"https:\/\/www.horn-wzm.de\/tr\/wp-json\/wp\/v2\/media?parent=7549"}],"wp:term":[{"taxonomy":"product_brand","embeddable":true,"href":"https:\/\/www.horn-wzm.de\/tr\/wp-json\/wp\/v2\/product_brand?post=7549"},{"taxonomy":"product_cat","embeddable":true,"href":"https:\/\/www.horn-wzm.de\/tr\/wp-json\/wp\/v2\/product_cat?post=7549"},{"taxonomy":"product_tag","embeddable":true,"href":"https:\/\/www.horn-wzm.de\/tr\/wp-json\/wp\/v2\/product_tag?post=7549"}],"curies":[{"name":"wp","href":"https:\/\/api.w.org\/{rel}","templated":true}]}}