{"id":7513,"date":"2026-03-13T11:03:53","date_gmt":"2026-03-13T10:03:53","guid":{"rendered":"https:\/\/www.horn-wzm.de\/shop\/unkategorisiert\/weiler-ud-24-cnc-bj-1995-mit-irco-einzelstangenzufuehrung-intnr231497\/"},"modified":"2026-03-13T11:03:53","modified_gmt":"2026-03-13T10:03:53","slug":"weiler-ud-24-cnc-bj-1995-mit-irco-einzelstangenzufuehrung-intnr231497","status":"publish","type":"product","link":"https:\/\/www.horn-wzm.de\/tr\/shop\/revolverdrehautomaten\/weiler-ud-24-cnc-bj-1995-mit-irco-einzelstangenzufuehrung-intnr231497\/","title":{"rendered":"WEILER UD 24 CNC, Bj. 1995 mit IRCO Einzelstangenzuf\u00fchrung IntNr231497"},"content":{"rendered":"<p><b>Konum:<\/b> Almanya, Baden-W\u00fcrttemberg G\u00fcneybat\u0131<\/p>\n<p><b>Durum:<\/b> Kullan\u0131lm\u0131\u015f<\/p>\n<p><b>Model:<\/b> s\u0131f\u0131r<\/p>\n<p><b>\u0130n\u015faat y\u0131l\u0131:<\/b> 1995<\/p>\n<p><b>\u00c7al\u0131\u015fma saatleri:<\/b> 40000<\/p>\n<p>Zum Verkauf steht eine gepflegte und einsatzbereite CNC-Pr\u00e4zisionsdrehmaschine<br \/>\nvom Typ Weiler UD 24 aus dem Jahr 1995.<\/p>\n<p>Teknik veriler<\/p>\n<p>Steuerung\tSiemens Sinumerik 810T<br \/>\nUmlaufdurchmesser \u00fcber Bett\t240 mm<br \/>\nMax. Drehdurchmesser\t120 mm<br \/>\nSpindelbohrung\t42 mm<br \/>\nDrehzahlbereich\tbis 6.000 U\/min<br \/>\nWerkzeugrevolver\t12-fach VDI 20<br \/>\nStangenzuf\u00fchrung\tIRCO Einzelstangeneinschub<\/p>\n<p>Ausstattung &amp; Zubeh\u00f6r:<br \/>\nC-Achse: F\u00fcr Bohr- und Fr\u00e4sbearbeitungen (Radial\/Axial).<br \/>\nBeladesystem: IRCO Kurzstangenlader f\u00fcr effizienten Materialnachschub.<br \/>\nK\u00fchlsystem: Komplette K\u00fchlmitteleinrichtung.<br \/>\nVollschutzhaube mit Sicherheitsverriegelung.<br \/>\nBedienungs- und Wartungsanleitungen vorhanden.<\/p>\n<p>Makine randevu ile elektrik alt\u0131nda incelenebilir.<br \/>\nTeknik veri ve bilgilerdeki de\u011fi\u015fiklikler ve hatalar ile \u00f6n sat\u0131\u015f hakk\u0131 sakl\u0131d\u0131r!<\/p>\n<p>For sale is a well-maintained and operational CNC precision lathe<br \/>\nof the Weiler UD 24 model, manufactured in 1995.<\/p>\n<p>Teknik \u00f6zellikler<\/p>\n<p>Control system    Siemens Sinumerik 810T<br \/>\nMaximum swing over bed    240 mm<br \/>\nMaximum turning diameter    120 mm<br \/>\nSpindle bore    42 mm<br \/>\nSpeed range    up to 6,000 rpm<br \/>\nTool turret    12-station VDI 20<br \/>\nBar feed    IRCO single bar feed<\/p>\n<p>Equipment &amp; accessories:<br \/>\nC-axis: For drilling and milling operations (radial\/axial).<br \/>\nLoading system: IRCO short bar loader for efficient material supply.<br \/>\nCooling system: Complete coolant system.<br \/>\nFull protective cover with safety lock.<br \/>\nOperating and maintenance instructions available.<\/p>\n<p>Makine randevu ile elektrik alt\u0131nda g\u00f6r\u00fclebilir.<br \/>\nTeknik verilerdeki ve spesifikasyonlardaki de\u011fi\u015fikliklere ve hatalara ve ayr\u0131ca sat\u0131\u015f \u00f6ncesine tabidir!<\/p>","protected":false},"excerpt":{"rendered":"<p>Standort: Deutschland, Baden-W\u00fcrttemberg S\u00fcdwest Zustand: Gebraucht Modell: null Baujahr: 1995 Betriebsstunden: 40000 Zum Verkauf steht eine gepflegte und einsatzbereite CNC-Pr\u00e4zisionsdrehmaschine vom Typ Weiler UD 24 aus dem Jahr 1995. Technische Daten Steuerung Siemens Sinumerik 810T Umlaufdurchmesser \u00fcber Bett 240 mm Max. Drehdurchmesser 120 mm Spindelbohrung 42 mm Drehzahlbereich bis 6.000 U\/min Werkzeugrevolver 12-fach VDI 20 [&hellip;]<\/p>\n","protected":false},"featured_media":7506,"template":"","meta":[],"product_brand":[],"product_cat":[99],"product_tag":[],"class_list":{"0":"post-7513","1":"product","2":"type-product","3":"status-publish","4":"has-post-thumbnail","6":"product_cat-revolverdrehautomaten","8":"first","9":"instock","10":"taxable","11":"shipping-taxable","12":"product-type-simple"},"aioseo_notices":[],"_links":{"self":[{"href":"https:\/\/www.horn-wzm.de\/tr\/wp-json\/wp\/v2\/product\/7513","targetHints":{"allow":["GET"]}}],"collection":[{"href":"https:\/\/www.horn-wzm.de\/tr\/wp-json\/wp\/v2\/product"}],"about":[{"href":"https:\/\/www.horn-wzm.de\/tr\/wp-json\/wp\/v2\/types\/product"}],"version-history":[{"count":1,"href":"https:\/\/www.horn-wzm.de\/tr\/wp-json\/wp\/v2\/product\/7513\/revisions"}],"predecessor-version":[{"id":7514,"href":"https:\/\/www.horn-wzm.de\/tr\/wp-json\/wp\/v2\/product\/7513\/revisions\/7514"}],"wp:featuredmedia":[{"embeddable":true,"href":"https:\/\/www.horn-wzm.de\/tr\/wp-json\/wp\/v2\/media\/7506"}],"wp:attachment":[{"href":"https:\/\/www.horn-wzm.de\/tr\/wp-json\/wp\/v2\/media?parent=7513"}],"wp:term":[{"taxonomy":"product_brand","embeddable":true,"href":"https:\/\/www.horn-wzm.de\/tr\/wp-json\/wp\/v2\/product_brand?post=7513"},{"taxonomy":"product_cat","embeddable":true,"href":"https:\/\/www.horn-wzm.de\/tr\/wp-json\/wp\/v2\/product_cat?post=7513"},{"taxonomy":"product_tag","embeddable":true,"href":"https:\/\/www.horn-wzm.de\/tr\/wp-json\/wp\/v2\/product_tag?post=7513"}],"curies":[{"name":"wp","href":"https:\/\/api.w.org\/{rel}","templated":true}]}}