{"id":7419,"date":"2026-02-24T12:43:21","date_gmt":"2026-02-24T11:43:21","guid":{"rendered":"https:\/\/www.horn-wzm.de\/shop\/unkategorisiert\/gebr-haas-vf-2ss-he_4_5-achsen_bj-11_2006_-intnr231427-2\/"},"modified":"2026-02-24T12:43:21","modified_gmt":"2026-02-24T11:43:21","slug":"gebr-haas-vf-2ss-he_4_5-achsen_bj-11_2006_-intnr231427-2","status":"publish","type":"product","link":"https:\/\/www.horn-wzm.de\/tr\/shop\/cnc-bearbeitungszentrum\/gebr-haas-vf-2ss-he_4_5-achsen_bj-11_2006_-intnr231427-2\/","title":{"rendered":"markal\u0131 Haas VF-2SS HE_4_5-axis_year.11_2006_ IntNo231427"},"content":{"rendered":"<p><b>Konum:<\/b> Almanya, Baden-W\u00fcrttemberg G\u00fcneybat\u0131<\/p>\n<p><b>Durum:<\/b> Kullan\u0131lm\u0131\u015f<\/p>\n<p><b>\u00dcretici firma:<\/b> HAAS<\/p>\n<p><b>Model:<\/b> HAAS<\/p>\n<p><b>\u0130n\u015faat y\u0131l\u0131:<\/b> 2006<\/p>\n<p>Haas VF-2SS HE (2006 y\u0131l\u0131) - 4\/5 eksen<br \/>\n\u00c7al\u0131\u015fma saatleri:<br \/>\nMakine tipi: Dikey i\u015fleme merkezi (CNC) - Haas VF-2SS HE<br \/>\n\u0130n\u015faat y\u0131l\u0131: 2006<br \/>\nKontrol \u00fcnitesi: Haas NGC<br \/>\nTahrik tipi: Y\u00fcksek h\u0131zl\u0131 i\u015f mili (Y\u00fcksek Verimlilik)<br \/>\nEksen kapasitesi: 4 \/ 5 eksenli i\u015fleme <\/p>\n<p>Mekanik veriler<br \/>\nSeyahat mesafeleri:<br \/>\nX ekseni: 762 mm<br \/>\nY ekseni: 406 mm<br \/>\nZ ekseni: 508 mm<br \/>\nMasa y\u00fczeyi: 762 x 406 mm<br \/>\nMasa y\u00fck\u00fc: 450 kg'a kadar<br \/>\n\u0130\u015f mili \/ s\u00fcr\u00fcc\u00fc<br \/>\n\u0130\u015f mili tipi: Inline y\u00fcksek h\u0131zl\u0131 i\u015f mili<br \/>\nH\u0131z aral\u0131\u011f\u0131: 12.000 rpm'ye kadar <\/p>\n<p>Aks tahrikleri<br \/>\nX\/Y\/Z ekseni: devridaim vidal\u0131 mil, hassas k\u0131lavuzlar<br \/>\n4.\/5. eksen: d\u00f6ner tabla \/ d\u00f6ner tabla entegre, CNC kontroll\u00fc<\/p>\n<p>Revolver dergisi<br \/>\nKapasite: 24 alet yeri<br \/>\nTala\u015f konvey\u00f6r\u00fc<\/p>\n<p>Elektrik gerilimleri: 400 V, 50 Hz, 3 fazl\u0131<\/p>\n<p>Ayak izi \/ kurulum boyutlar\u0131: yakla\u015f\u0131k 2.200 mm x 2.000 mm (G x D)<\/p>\n<p>Makine a\u011f\u0131rl\u0131\u011f\u0131: yakla\u015f\u0131k 3.600 kg<\/p>\n<p>Makine elektriksel ve mekanik olarak tamamen \u00e7al\u0131\u015f\u0131r durumda<br \/>\nTeknik dok\u00fcmantasyon <\/p>\n<p>Makine randevu ile incelenebilir.<br \/>\nTeknik veri ve bilgilerdeki de\u011fi\u015fiklikler ve hatalar ile \u00f6n sat\u0131\u015f hakk\u0131 sakl\u0131d\u0131r!<\/p>\n<p>Haas VF-2SS HE (2006 Y\u0131l\u0131) - 4\/5 Eksen<br \/>\n\u00c7al\u0131\u015fma saatleri:istek \u00fczerine<br \/>\nMakine tipi: Dikey \u0130\u015fleme Merkezi (CNC) - Haas VF-2SS HE<br \/>\n\u00dcretim y\u0131l\u0131: 2006<br \/>\nKontrol: Haas NGC<br \/>\nTahrik sistemi: Y\u00fcksek h\u0131zl\u0131 i\u015f mili (Y\u00fcksek Verimlilik)<br \/>\nEksen kapasitesi: 4 \/ 5 eksenli i\u015fleme<br \/>\nMekanik Veriler<br \/>\nSeyahatler:<br \/>\nX ekseni: 762 mm<br \/>\nY ekseni: 406 mm<br \/>\nZ ekseni: 508 mm<br \/>\nMasa boyutu: 762 \u00d7 406 mm<br \/>\nMasa y\u00fck\u00fc: 450 kg'a kadar<br \/>\n\u0130\u015f Mili \/ S\u00fcr\u00fcc\u00fc<br \/>\n\u0130\u015f mili tipi: Inline y\u00fcksek h\u0131zl\u0131 i\u015f mili<br \/>\nH\u0131z aral\u0131\u011f\u0131: 12.000 rpm'ye kadar<br \/>\nEksen S\u00fcr\u00fcc\u00fcleri<br \/>\nX\/Y\/Z eksenleri: Vidal\u0131 mil tahrikleri, hassas lineer k\u0131lavuzlar<br \/>\n4. \/ 5. eksen: Entegre devirme\/d\u00f6nd\u00fcrme tablas\u0131, CNC kontroll\u00fc<br \/>\nAra\u00e7 Dergisi<br \/>\nKapasite:24 tak\u0131m pozisyonu<br \/>\nTala\u015f konvey\u00f6r\u00fc:Evet<br \/>\nElektriksel Veriler<br \/>\nG\u00fc\u00e7 kayna\u011f\u0131: 400 V, 50 Hz, 3 fazl\u0131<br \/>\n Boyutlar \/ A\u011f\u0131rl\u0131k<\/p>\n<p>Zemin alan\u0131: yakla\u015f\u0131k 2.200 \u00d7 2.000 mm (G \u00d7 D)<br \/>\nMakine a\u011f\u0131rl\u0131\u011f\u0131: yakla\u015f\u0131k 3.600 kg<\/p>\n<p>Durum \/ Notlar<br \/>\nMakine elektriksel ve mekanik olarak tamamen i\u015flevseldir<br \/>\nTeknik dok\u00fcmantasyon mevcut<\/p>\n<p>Makine, \u00f6nceden sat\u0131\u015fa tabi olmak kayd\u0131yla randevu ile g\u00fc\u00e7 alt\u0131nda incelenebilir. Teknik veriler ve a\u00e7\u0131klamalar de\u011fi\u015fiklik ve hatalara tabidir.<\/p>","protected":false},"excerpt":{"rendered":"<p>Standort: Deutschland, Baden-W\u00fcrttemberg S\u00fcdwest Zustand: Gebraucht Hersteller: HAAS Modell: HAAS Baujahr: 2006 Haas VF-2SS HE (Bj. 2006) \u2013 4\/5-Achsen Betriebsstunden: Maschinentyp: Vertikales Bearbeitungszentrum (CNC) \u2013 Haas VF-2SS HE Baujahr: 2006 Steuerung: Haas NGC Antriebsart: Hochgeschwindigkeits-Spindel (High Efficiency) Achsf\u00e4higkeit: 4- \/ 5-Achsen Bearbeitung Mechanische Daten Verfahrwege: X-Achse: 762 mm Y-Achse: 406 mm Z-Achse: 508 mm Tischfl\u00e4che: [&hellip;]<\/p>\n","protected":false},"featured_media":7414,"template":"","meta":[],"product_brand":[],"product_cat":[88],"product_tag":[],"class_list":{"0":"post-7419","1":"product","2":"type-product","3":"status-publish","4":"has-post-thumbnail","6":"product_cat-cnc-bearbeitungszentrum","8":"first","9":"instock","10":"taxable","11":"shipping-taxable","12":"product-type-simple"},"aioseo_notices":[],"_links":{"self":[{"href":"https:\/\/www.horn-wzm.de\/tr\/wp-json\/wp\/v2\/product\/7419","targetHints":{"allow":["GET"]}}],"collection":[{"href":"https:\/\/www.horn-wzm.de\/tr\/wp-json\/wp\/v2\/product"}],"about":[{"href":"https:\/\/www.horn-wzm.de\/tr\/wp-json\/wp\/v2\/types\/product"}],"version-history":[{"count":1,"href":"https:\/\/www.horn-wzm.de\/tr\/wp-json\/wp\/v2\/product\/7419\/revisions"}],"predecessor-version":[{"id":7420,"href":"https:\/\/www.horn-wzm.de\/tr\/wp-json\/wp\/v2\/product\/7419\/revisions\/7420"}],"wp:featuredmedia":[{"embeddable":true,"href":"https:\/\/www.horn-wzm.de\/tr\/wp-json\/wp\/v2\/media\/7414"}],"wp:attachment":[{"href":"https:\/\/www.horn-wzm.de\/tr\/wp-json\/wp\/v2\/media?parent=7419"}],"wp:term":[{"taxonomy":"product_brand","embeddable":true,"href":"https:\/\/www.horn-wzm.de\/tr\/wp-json\/wp\/v2\/product_brand?post=7419"},{"taxonomy":"product_cat","embeddable":true,"href":"https:\/\/www.horn-wzm.de\/tr\/wp-json\/wp\/v2\/product_cat?post=7419"},{"taxonomy":"product_tag","embeddable":true,"href":"https:\/\/www.horn-wzm.de\/tr\/wp-json\/wp\/v2\/product_tag?post=7419"}],"curies":[{"name":"wp","href":"https:\/\/api.w.org\/{rel}","templated":true}]}}