{"id":7412,"date":"2026-02-24T12:33:39","date_gmt":"2026-02-24T11:33:39","guid":{"rendered":"https:\/\/www.horn-wzm.de\/shop\/unkategorisiert\/cnc-langdrehfraeszentrum-star-st-38-bj-19-intnr231494\/"},"modified":"2026-02-24T12:33:39","modified_gmt":"2026-02-24T11:33:39","slug":"cnc-langdrehfraeszentrum-star-st-38-bj-19-intnr231494","status":"publish","type":"product","link":"https:\/\/www.horn-wzm.de\/tr\/shop\/cnc-langdrehmaschinen\/cnc-langdrehfraeszentrum-star-st-38-bj-19-intnr231494\/","title":{"rendered":"CNC-Langdrehfr\u00e4szentrum STAR ST-38, Bj. `19 (IntNr231494)"},"content":{"rendered":"<p><b>Konum:<\/b> Almanya, Baden-W\u00fcrttemberg G\u00fcneybat\u0131<\/p>\n<p><b>Durum:<\/b> Kullan\u0131lm\u0131\u015f<\/p>\n<p><b>\u00dcretici firma:<\/b> STAR Micronics<\/p>\n<p><b>Model:<\/b> STAR Micronics<\/p>\n<p><b>\u0130n\u015faat y\u0131l\u0131:<\/b> 2019<\/p>\n<p>FANUC, Hochleistungs-Rechner Serie 31i-B5,<\/p>\n<p>Gepflegter Zustand, ca. 9000 Betriebsstunden<\/p>\n<p>Technische Hauptdaten<br \/>\n\u00c7al\u0131\u015fma alan\u0131<br \/>\nMax. Stangendurchmesser: 38 mm<br \/>\nMax. Bearbeitungsl\u00e4nge (mit F\u00fchrungsbuchse): ca. 320 mm<br \/>\nBearbeitung ohne F\u00fchrungsbuchse m\u00f6glich (f\u00fcr k\u00fcrzere Werkst\u00fccke)<br \/>\nMax. Spannzangendurchmesser Gegenspindel: 38 mm<\/p>\n<p>Ana mil<br \/>\nSpindelleistung: ca. 11\u201315 kW<br \/>\nMax. Drehzahl: ca. 7.000 min\u207b\u00b9<br \/>\nC-Achse integriert (0,001\u00b0 Aufl\u00f6sung)<br \/>\nHochpr\u00e4zise Spindellagerung f\u00fcr schwere Zerspanung<\/p>\n<p>Saya\u00e7 mili<br \/>\nLeistung: ca. 5,5\u20137,5 kW<br \/>\nMax. Drehzahl: ca. 7.000 min\u207b\u00b9<br \/>\nVollwertige C-Achse<br \/>\nTeile\u00fcbernahme und R\u00fcckseitenbearbeitung in einer Aufspannung<\/p>\n<p>Achskonfiguration<br \/>\nX1 \/ Z1 (Hauptsystem)<br \/>\nX2 \/ Z2 (Gegenspindelsystem)<br \/>\nY-Achse f\u00fcr au\u00dfermittige Fr\u00e4soperationen<br \/>\nC-Achse Haupt- und Gegenspindel<br \/>\nOptional B-Achsen-\u00e4hnliche Schwenkfunktionen (je nach Ausstattung)<br \/>\nMehrkanalsteuerung erm\u00f6glicht Simultanbearbeitung auf Haupt- und Gegenspindel zur deutlichen Zykluszeitreduzierung.<\/p>\n<p>Werkzeugbest\u00fcckung<br \/>\nTak\u0131m tutucu seti, (tahriksiz)<br \/>\nK\u0131lavuz bur\u00e7 \u00fcnitesi (gergi sistemi, JBS)<br \/>\nYa\u011f so\u011futucu \u00fcnitesi<br \/>\nM\u00fcller combistream CS 3 tipi y\u00fcksek bas\u0131n\u00e7l\u0131 konvey\u00f6r (entegre y\u00fcksek bas\u0131n\u00e7 \u00fcniteli)<br \/>\nSo\u011futma s\u0131v\u0131s\u0131 uygulamas\u0131: Ya\u011f<br \/>\nA\u011f\u0131rl\u0131k: 6,25 ton<br \/>\nBoyutlar: (UxGxY) 3477x1860x1865 mm<\/p>\n<p>Makine randevu ile elektrik alt\u0131nda incelenebilir.<br \/>\nTeknik veri ve bilgilerdeki de\u011fi\u015fiklikler ve hatalar ile \u00f6n sat\u0131\u015f hakk\u0131 sakl\u0131d\u0131r!<\/p>\n<p>FANUC, high-performance computer series 31i-B5,<\/p>\n<p>Well maintained, approx. 9000 operating hours<\/p>\n<p>Main technical data<br \/>\n\u00c7al\u0131\u015fma aral\u0131\u011f\u0131<br \/>\nMax. bar diameter: 38 mm<br \/>\nMax. machining length (with guide bush): approx. 320 mm<br \/>\nMachining without guide bush possible (for shorter workpieces)<br \/>\nMax. collet diameter counter spindle: 38 mm<\/p>\n<p>Ana mil<br \/>\nSpindle power: approx. 11\u201315 kW<br \/>\nMax. speed: approx. 7,000 min\u207b\u00b9<br \/>\nIntegrated C-axis (0.001\u00b0 resolution)<br \/>\nHigh-precision spindle bearing for heavy-duty machining<\/p>\n<p>Saya\u00e7 mili<br \/>\nPower: approx. 5.5\u20137.5 kW<br \/>\nMaks. h\u0131z: yakla\u015f\u0131k 7.000 rpm<br \/>\nFull C-axis<br \/>\nPart transfer and rear machining in a single clamping<\/p>\n<p>Axis configuration<br \/>\nX1 \/ Z1 (main system)<br \/>\nX2 \/ Z2 (counter spindle system)<br \/>\nY-axis for off-centre milling operations<br \/>\nC-axis main and counter spindle<br \/>\nOptional B-axis-like swivel functions (depending on equipment)<br \/>\nMulti-channel control enables simultaneous machining on the main and counter spindles for a significant reduction in cycle time.<\/p>\n<p>Tooling<br \/>\nTak\u0131m tutucu seti, (tahriksiz)<br \/>\nGuide bush unit (pull system, JBS)<br \/>\nYa\u011f so\u011futucu \u00fcnitesi<br \/>\nHigh-pressure conveyor (with integrated high-pressure unit) Type M\u00fcller combistream CS 3<br \/>\nCoolant used: oil<br \/>\nWeight: 6.25 tonnes<br \/>\nBoyutlar: (UxGxY) 3477x1860x1865 mm<\/p>\n<p>Makine randevu ile elektrik alt\u0131nda g\u00f6r\u00fclebilir.<br \/>\nTeknik verilerdeki ve spesifikasyonlardaki de\u011fi\u015fikliklere ve hatalara ve ayr\u0131ca sat\u0131\u015f \u00f6ncesine tabidir!<\/p>","protected":false},"excerpt":{"rendered":"<p>Standort: Deutschland, Baden-W\u00fcrttemberg S\u00fcdwest Zustand: Gebraucht Hersteller: STAR Micronics Modell: STAR Micronics Baujahr: 2019 FANUC, Hochleistungs-Rechner Serie 31i-B5, Gepflegter Zustand, ca. 9000 Betriebsstunden Technische Hauptdaten Arbeitsbereich Max. Stangendurchmesser: 38 mm Max. Bearbeitungsl\u00e4nge (mit F\u00fchrungsbuchse): ca. 320 mm Bearbeitung ohne F\u00fchrungsbuchse m\u00f6glich (f\u00fcr k\u00fcrzere Werkst\u00fccke) Max. Spannzangendurchmesser Gegenspindel: 38 mm Hauptspindel Spindelleistung: ca. 11\u201315 kW Max. [&hellip;]<\/p>\n","protected":false},"featured_media":7406,"template":"","meta":[],"product_brand":[],"product_cat":[81],"product_tag":[],"class_list":{"0":"post-7412","1":"product","2":"type-product","3":"status-publish","4":"has-post-thumbnail","6":"product_cat-cnc-langdrehmaschinen","8":"first","9":"instock","10":"taxable","11":"shipping-taxable","12":"product-type-simple"},"aioseo_notices":[],"_links":{"self":[{"href":"https:\/\/www.horn-wzm.de\/tr\/wp-json\/wp\/v2\/product\/7412","targetHints":{"allow":["GET"]}}],"collection":[{"href":"https:\/\/www.horn-wzm.de\/tr\/wp-json\/wp\/v2\/product"}],"about":[{"href":"https:\/\/www.horn-wzm.de\/tr\/wp-json\/wp\/v2\/types\/product"}],"version-history":[{"count":1,"href":"https:\/\/www.horn-wzm.de\/tr\/wp-json\/wp\/v2\/product\/7412\/revisions"}],"predecessor-version":[{"id":7413,"href":"https:\/\/www.horn-wzm.de\/tr\/wp-json\/wp\/v2\/product\/7412\/revisions\/7413"}],"wp:featuredmedia":[{"embeddable":true,"href":"https:\/\/www.horn-wzm.de\/tr\/wp-json\/wp\/v2\/media\/7406"}],"wp:attachment":[{"href":"https:\/\/www.horn-wzm.de\/tr\/wp-json\/wp\/v2\/media?parent=7412"}],"wp:term":[{"taxonomy":"product_brand","embeddable":true,"href":"https:\/\/www.horn-wzm.de\/tr\/wp-json\/wp\/v2\/product_brand?post=7412"},{"taxonomy":"product_cat","embeddable":true,"href":"https:\/\/www.horn-wzm.de\/tr\/wp-json\/wp\/v2\/product_cat?post=7412"},{"taxonomy":"product_tag","embeddable":true,"href":"https:\/\/www.horn-wzm.de\/tr\/wp-json\/wp\/v2\/product_tag?post=7412"}],"curies":[{"name":"wp","href":"https:\/\/api.w.org\/{rel}","templated":true}]}}