{"id":7032,"date":"2025-12-12T15:28:23","date_gmt":"2025-12-12T14:28:23","guid":{"rendered":"https:\/\/www.horn-wzm.de\/shop\/unkategorisiert\/traub-tns-26-dgy_bj-1992_-intnr231415\/"},"modified":"2025-12-12T15:28:23","modified_gmt":"2025-12-12T14:28:23","slug":"traub-tns-26-dgy_bj-1992_-intnr231415","status":"publish","type":"product","link":"https:\/\/www.horn-wzm.de\/tr\/shop\/cnc-kurzdrehmaschinen\/traub-tns-26-dgy_bj-1992_-intnr231415\/","title":{"rendered":"Traub TNS 26 DGY_Bj.1992_ IntNr231415"},"content":{"rendered":"<p><b>Konum:<\/b> Almanya, Baden-W\u00fcrttemberg G\u00fcneybat\u0131<\/p>\n<p><b>Durum:<\/b> Kullan\u0131lm\u0131\u015f<\/p>\n<p><b>\u00dcretici firma:<\/b> R\u00dcYA<\/p>\n<p><b>Model:<\/b> R\u00dcYA<\/p>\n<p><b>\u0130n\u015faat y\u0131l\u0131:<\/b> 1992<\/p>\n<p><b>\u00c7al\u0131\u015fma saatleri:<\/b> 83492<\/p>\n<p>CNC torna Traub TNS 26 DGY 2 taret ana ve kar\u015f\u0131 i\u015f mili<br \/>\nYap\u0131m y\u0131l\u0131: 1992<br \/>\n\u0130\u015flem s\u00fcresi: 83492<br \/>\nKontrol sistemi Mitsubishi FR - SF System TX 8F<br \/>\nMakine tipi: Y eksenli ve tahrikli tak\u0131mlara sahip \u00e7ift milli tornalama merkezi<\/p>\n<p>Ana mil<br \/>\n\u00c7ubuk ge\u00e7i\u015fi \u00d8 yakla\u015f\u0131k 26 mm.<br \/>\nmaks. d\u00f6n\u00fc\u015f uzunlu\u011fu 270mm<br \/>\nYakla\u015f\u0131k 7.000 rpm'ye kadar maksimum h\u0131z<br \/>\nD\u0131\u015f mil \u00d8 60mm<br \/>\nTahrik g\u00fcc\u00fc yakla\u015f\u0131k 11 kW <\/p>\n<p>Saya\u00e7 mili<br \/>\nmaks. \u00d8 yakla\u015f\u0131k 26 mm a\u00e7\u0131kl\u0131k.<br \/>\nH\u0131z yakla\u015f\u0131k 7.000 rpm.<br \/>\nTahrik g\u00fcc\u00fc yakla\u015f\u0131k 5,5 kW<\/p>\n<p>Taretler \/ alet taretleri:<\/p>\n<p>2 taret istasyonu (\u00fcst ve alt veya iki taret) ile tahrikli aletler.<br \/>\nY eksenli \u00fcst taret<br \/>\nDIN 69880'e g\u00f6re tak\u0131m tutucu: 25 x48 ve 16 \u00d7 16 mm<br \/>\nTaret ba\u015f\u0131na tahrikli tak\u0131m tutucular 12<br \/>\nmaks. h\u0131z: 8000 rpm<br \/>\nG\u00fc\u00e7 2,6 kW<br \/>\nTork 4 Nm<br \/>\nAna ve kar\u015f\u0131 i\u015f mili: C ekseni<\/p>\n<p>\u00c7ubuk besleyici STAMAG DN 26<br \/>\nChip konvey\u00f6r Ruez<br \/>\nK\u0131lavuzlar<\/p>\n<p>Makine elektriksel ve mekanik olarak tamamen \u00e7al\u0131\u015f\u0131r durumdad\u0131r ve randevu ile g\u00fc\u00e7 alt\u0131nda incelenebilir.<br \/>\nTeknik veri ve bilgilerdeki de\u011fi\u015fiklikler ve hatalar ile \u00f6n sat\u0131\u015f hakk\u0131 sakl\u0131d\u0131r!<\/p>\n<p>CNC torna Traub TNS 26 DGY 2 Taret Ana ve kar\u015f\u0131 i\u015f mili<br \/>\n\u00dcretim y\u0131l\u0131: 1992<br \/>\n\u0130\u015fleme s\u00fcresi: 83,492<br \/>\nKontrol Mitsubishi FR - SF Sistemi TX 8F<br \/>\nMakine tipi: Y eksenli ve tahrikli tak\u0131mlara sahip \u00e7ift milli tornalama merkezi<\/p>\n<p>Ana mil<br \/>\n\u00c7ubuk kapasitesi \u00d8 yakla\u015f\u0131k 26 mm.<br \/>\nMaks. d\u00f6n\u00fc\u015f uzunlu\u011fu 270 mm<br \/>\nYakla\u015f\u0131k 7.000 rpm'ye kadar maksimum h\u0131z<br \/>\n\u0130\u015f mili d\u0131\u015f \u00d8 60 mm<br \/>\nTahrik g\u00fcc\u00fc yakla\u015f\u0131k 11 kW <\/p>\n<p>Saya\u00e7 mili<br \/>\nMaks. \u00d8 yakla\u015f\u0131k 26 mm kapasite.<br \/>\nH\u0131z yakla\u015f\u0131k 7.000 rpm.<br \/>\nTahrik g\u00fcc\u00fc yakla\u015f\u0131k 5,5 kW<\/p>\n<p>Taretler \/ alet tabancas\u0131:<\/p>\n<p>2 tabanca istasyonu (\u00fcst ve alt veya iki taret) ve tahrikli aletler.<br \/>\nY eksenli \u00fcst taret<br \/>\nTak\u0131m tutucu, \u00f6rne\u011fin DIN 69880'e g\u00f6re: 25 x 48 ve 16 \u00d7 16 mm<br \/>\nTaret ba\u015f\u0131na elektrikli tak\u0131m tutucular 12<br \/>\nMaks. h\u0131z: 8000 rpm<br \/>\nG\u00fc\u00e7 2,6 kW<br \/>\nTork 4 Nm<br \/>\nAna ve kar\u015f\u0131 i\u015f mili: C ekseni<\/p>\n<p>\u00c7ubuk y\u00fckleme \u015farj\u00f6r\u00fc STAMAG DN 26<br \/>\nChip konvey\u00f6r Ruez<br \/>\nK\u0131lavuzlar<\/p>\n<p>Makine hem elektriksel hem de mekanik olarak tamamen \u00e7al\u0131\u015f\u0131r durumdad\u0131r ve randevu ile g\u00fc\u00e7 alt\u0131nda g\u00f6r\u00fclebilir.<br \/>\nTeknik verilerdeki ve spesifikasyonlardaki de\u011fi\u015fikliklere ve hatalara ve ayr\u0131ca sat\u0131\u015f \u00f6ncesine tabidir!<\/p>","protected":false},"excerpt":{"rendered":"<p>Standort: Deutschland, Baden-W\u00fcrttemberg S\u00fcdwest Zustand: Gebraucht Hersteller: TRAUB Modell: TRAUB Baujahr: 1992 Betriebsstunden: 83492 CNC-Drehmaschine Traub TNS 26 DGY 2 Revolver Haupt- und Gegenspindel Baujahr: 1992 Bearbeitungszeit: 83492 Steuerung Mitsubishi FR &#8211; SF System TX 8F Maschinenbauart: Doppelspindel-Drehzentrum mit Y-Achse und angetriebenen Werkzeugen Hauptspindel Stangendurchlass \u00d8 ca. 26 mm. max. Drehl\u00e4nge 270mm Maximaldrehzahl bis ca. [&hellip;]<\/p>\n","protected":false},"featured_media":7022,"template":"","meta":[],"product_brand":[],"product_cat":[87],"product_tag":[],"class_list":{"0":"post-7032","1":"product","2":"type-product","3":"status-publish","4":"has-post-thumbnail","6":"product_cat-cnc-kurzdrehmaschinen","8":"first","9":"instock","10":"taxable","11":"shipping-taxable","12":"product-type-simple"},"aioseo_notices":[],"_links":{"self":[{"href":"https:\/\/www.horn-wzm.de\/tr\/wp-json\/wp\/v2\/product\/7032","targetHints":{"allow":["GET"]}}],"collection":[{"href":"https:\/\/www.horn-wzm.de\/tr\/wp-json\/wp\/v2\/product"}],"about":[{"href":"https:\/\/www.horn-wzm.de\/tr\/wp-json\/wp\/v2\/types\/product"}],"version-history":[{"count":1,"href":"https:\/\/www.horn-wzm.de\/tr\/wp-json\/wp\/v2\/product\/7032\/revisions"}],"predecessor-version":[{"id":7033,"href":"https:\/\/www.horn-wzm.de\/tr\/wp-json\/wp\/v2\/product\/7032\/revisions\/7033"}],"wp:featuredmedia":[{"embeddable":true,"href":"https:\/\/www.horn-wzm.de\/tr\/wp-json\/wp\/v2\/media\/7022"}],"wp:attachment":[{"href":"https:\/\/www.horn-wzm.de\/tr\/wp-json\/wp\/v2\/media?parent=7032"}],"wp:term":[{"taxonomy":"product_brand","embeddable":true,"href":"https:\/\/www.horn-wzm.de\/tr\/wp-json\/wp\/v2\/product_brand?post=7032"},{"taxonomy":"product_cat","embeddable":true,"href":"https:\/\/www.horn-wzm.de\/tr\/wp-json\/wp\/v2\/product_cat?post=7032"},{"taxonomy":"product_tag","embeddable":true,"href":"https:\/\/www.horn-wzm.de\/tr\/wp-json\/wp\/v2\/product_tag?post=7032"}],"curies":[{"name":"wp","href":"https:\/\/api.w.org\/{rel}","templated":true}]}}