{"id":6556,"date":"2025-10-04T09:32:40","date_gmt":"2025-10-04T07:32:40","guid":{"rendered":"https:\/\/www.horn-wzm.de\/shop\/unkategorisiert\/gebr-citizen-l520-mit-fmb-baujahr-1999-intnr230981\/"},"modified":"2025-10-04T09:32:41","modified_gmt":"2025-10-04T07:32:41","slug":"fmbli-gebr-citizen-l520-yapim-yili-1999-intnr230981","status":"publish","type":"product","link":"https:\/\/www.horn-wzm.de\/tr\/shop\/cnc-langdrehmaschinen\/gebr-citizen-l520-mit-fmb-baujahr-1999-intnr230981\/","title":{"rendered":"Citizen L520, FMB ile \u00fcretim y\u0131l\u0131 1999 IntNr230981"},"content":{"rendered":"<p><b>Standort:<\/b> Deutschland, Baden-W\u00fcrttemberg S\u00fcdwest<\/p>\n<p><b>Zustand:<\/b> Gebraucht<\/p>\n<p><b>Hersteller:<\/b> Citizen Machinery<\/p>\n<p><b>Modell:<\/b> Citizen Machinery<\/p>\n<p><b>Baujahr:<\/b> 1999<\/p>\n<p>gebr. CNC-Langdrehmaschine Citizen L520, Bj. 1999<br \/>\nSteuerung, Cincom Mitsubishi Meldas,<br \/>\n7 Achsen (X1\/Z1\/Y1\/C1\/X2\/Z2\/C2,<br \/>\nStangen-\u00d8 max. 20 mm,<br \/>\nDrehl\u00e4nge max. 205 mm,<br \/>\nHauptspindel, Drehzahl max. 10.000 U\/min, C-Achse 0,001 Grad,<br \/>\nGegenspindel, Drehzahl max. 10.000 U\/min, C-Achse 0,001 Grad,<br \/>\nWerkzeughalter f. insgesamt 18 Werkzeuge (Linearwerkzeughalter, Frontapparat, R\u00fcckseitenbearbeitung),<br \/>\nTeilef\u00f6rderband,<br \/>\nLademagazin FMB Turbo 3-26<\/p>\n<p>Abmessungen Maschine  (LxBxH): 2540x1450x1850 [mm]\nMaschinengewicht : 1750 [kg]\nAbmessungen Lademagazin  (LxBxH): 3900x900x1450 [mm]\nMaschinengewicht : 850 [kg]\n<p>Die Maschine kann nach Terminvereinbarung besichtigt werden.<br \/>\nAenderungen und Irrtuemer in den technischen Daten und Angaben sowie Zwischenverkauf vorbehalten!<\/p>\n<p>CNC sliding headstock lathe Citizen L520, year 1999<br \/>\ncontrol, Cincom Mitsubishi Meldas,<br \/>\n7 axes (X1\/Z1\/Y1\/C1\/X2\/Z2\/C2,<br \/>\nBar \u00d8 max. 20 mm,<br \/>\nturning length max. 205 mm,<br \/>\nMain spindle, max. speed 10,000 rpm, C-axis 0.001 degrees,<br \/>\nCounter spindle, max. speed 10,000 rpm, C-axis 0.001 degrees,<br \/>\nTool holder for a total of 18 tools (linear tool holder, front attachment, rear machining),<br \/>\nparts conveyor belt,<br \/>\nFMB Turbo 3-26 loading magazine<\/p>\n<p>Machine dimensions (LxWxH): 2540x1450x1850 [mm]\nMachine weight : 1750 [kg]\nLoading magazine dimensions (LxWxH): 3900x900x1450 [mm]\nMachine weight : 850 [kg]\n<p>The machine can be inspected by appointment.<br \/>\nSubject to changes and errors in the technical data and information as well as prior sale!<\/p>\n","protected":false},"excerpt":{"rendered":"<p>Standort: Deutschland, Baden-W\u00fcrttemberg S\u00fcdwest Zustand: Gebraucht Hersteller: Citizen Machinery Modell: Citizen Machinery Baujahr: 1999 gebr. CNC-Langdrehmaschine Citizen L520, Bj. 1999 Steuerung, Cincom Mitsubishi Meldas, 7 Achsen (X1\/Z1\/Y1\/C1\/X2\/Z2\/C2, Stangen-\u00d8 max. 20 mm, Drehl\u00e4nge max. 205 mm, Hauptspindel, Drehzahl max. 10.000 U\/min, C-Achse 0,001 Grad, Gegenspindel, Drehzahl max. 10.000 U\/min, C-Achse 0,001 Grad, Werkzeughalter f. insgesamt 18 [&hellip;]<\/p>\n","protected":false},"featured_media":6550,"template":"","meta":[],"product_brand":[],"product_cat":[81],"product_tag":[],"class_list":{"0":"post-6556","1":"product","2":"type-product","3":"status-publish","4":"has-post-thumbnail","6":"product_cat-cnc-langdrehmaschinen","8":"first","9":"instock","10":"taxable","11":"shipping-taxable","12":"product-type-simple"},"aioseo_notices":[],"_links":{"self":[{"href":"https:\/\/www.horn-wzm.de\/tr\/wp-json\/wp\/v2\/product\/6556","targetHints":{"allow":["GET"]}}],"collection":[{"href":"https:\/\/www.horn-wzm.de\/tr\/wp-json\/wp\/v2\/product"}],"about":[{"href":"https:\/\/www.horn-wzm.de\/tr\/wp-json\/wp\/v2\/types\/product"}],"version-history":[{"count":1,"href":"https:\/\/www.horn-wzm.de\/tr\/wp-json\/wp\/v2\/product\/6556\/revisions"}],"predecessor-version":[{"id":6557,"href":"https:\/\/www.horn-wzm.de\/tr\/wp-json\/wp\/v2\/product\/6556\/revisions\/6557"}],"wp:featuredmedia":[{"embeddable":true,"href":"https:\/\/www.horn-wzm.de\/tr\/wp-json\/wp\/v2\/media\/6550"}],"wp:attachment":[{"href":"https:\/\/www.horn-wzm.de\/tr\/wp-json\/wp\/v2\/media?parent=6556"}],"wp:term":[{"taxonomy":"product_brand","embeddable":true,"href":"https:\/\/www.horn-wzm.de\/tr\/wp-json\/wp\/v2\/product_brand?post=6556"},{"taxonomy":"product_cat","embeddable":true,"href":"https:\/\/www.horn-wzm.de\/tr\/wp-json\/wp\/v2\/product_cat?post=6556"},{"taxonomy":"product_tag","embeddable":true,"href":"https:\/\/www.horn-wzm.de\/tr\/wp-json\/wp\/v2\/product_tag?post=6556"}],"curies":[{"name":"wp","href":"https:\/\/api.w.org\/{rel}","templated":true}]}}