{"id":6130,"date":"2025-07-29T13:24:39","date_gmt":"2025-07-29T11:24:39","guid":{"rendered":"https:\/\/www.horn-wzm.de\/?post_type=product&#038;p=6130"},"modified":"2025-10-30T16:43:26","modified_gmt":"2025-10-30T15:43:26","slug":"1-gebr-lta-ac-500-yil-2010_-intnr231258","status":"publish","type":"product","link":"https:\/\/www.horn-wzm.de\/tr\/shop\/oel-emulsionsnebel-abzugsanlagen\/1-gebr-lta-ac-500-bj-2010_-intnr231258\/","title":{"rendered":"1 kullan\u0131lm\u0131\u015f LTA AC 500 y\u0131l 2010_ IntNo231258"},"content":{"rendered":"<p><b>Konum:<\/b> Almanya, Baden-W\u00fcrttemberg G\u00fcneybat\u0131<\/p>\n<p><b>Durum:<\/b> Kullan\u0131lm\u0131\u015f<\/p>\n<p><b>\u00dcretici firma:<\/b> LTA<\/p>\n<p><b>Model:<\/b> LTA<\/p>\n<p><b>\u0130n\u015faat y\u0131l\u0131:<\/b> 2010<\/p>\n<p>AC 500 kat\u0131<br \/>\n - Bas\u0131n\u00e7 kayb\u0131 olmayan filtre elemanlar\u0131 ve enerji tasarruflu fanlar sayesinde d\u00fc\u015f\u00fck enerji t\u00fcketimi<br \/>\n- So\u011futma ya\u011flay\u0131c\u0131 bu\u011fusunun ayr\u0131lmas\u0131 i\u00e7in filtreleme a\u015famalar\u0131<br \/>\n- Filtrasyon prensibi M (M = mekanik)<br \/>\n- Em\u00fclsiyon sisi i\u00e7in kullan\u0131n<br \/>\n- Makineye do\u011frudan ba\u011flant\u0131 m\u00fcmk\u00fcn<br \/>\n- 99%'ye kadar ay\u0131rma verimlili\u011fi<br \/>\n- Ekstraksiyon kapasitesi 800 m3\/h (470cfm)<br \/>\n- \u00dcfleyici kapasitesi 1950 m3 \/ 5 (1,147 cfm)<br \/>\n- Enerji t\u00fcketimi 0,6 kW<br \/>\n- Gerilim: 400V<br \/>\n- Boyutlar: (UxGxY): 500x500x590 mm<br \/>\n- A\u011f\u0131rl\u0131k: 48 KG<\/p>\n<p>Teknik veri ve bilgilerdeki de\u011fi\u015fiklikler ve hatalar ile \u00f6n sat\u0131\u015f hakk\u0131 sakl\u0131d\u0131r!<\/p>\n<p>AC 500 kat\u0131<br \/>\n - Bas\u0131n\u00e7 kayb\u0131 olmayan filtre elemanlar\u0131 ve enerji tasarruflu \u00fcfleyiciler sayesinde d\u00fc\u015f\u00fck enerji t\u00fcketimi<br \/>\n- So\u011futma ya\u011flay\u0131c\u0131 bu\u011fusunun ayr\u0131lmas\u0131 i\u00e7in filtreleme a\u015famalar\u0131<br \/>\n- Filtrasyon prensibi M<br \/>\n- Em\u00fclsiyon sisi i\u00e7in kullan\u0131n<br \/>\n- Makineye do\u011frudan ba\u011flant\u0131 m\u00fcmk\u00fcn<br \/>\n- 99'a varan ay\u0131rma verimlili\u011fi<br \/>\n- Ekstraksiyon kapasitesi 800 m3\/h (470cfm)<br \/>\n- \u00dcfleyici kapasitesi 1950 m3 \/ 5 (1,147 cfm)<br \/>\n- Enerji t\u00fcketimi 0,6 kW<br \/>\n- Gerilim: 400V<br \/>\n- Boyutlar: (UxGxY): 500x500x590 mm<br \/>\n- A\u011f\u0131rl\u0131k: 48 KG<\/p>\n<p>Teknik verilerdeki ve bilgilerdeki de\u011fi\u015fikliklere ve hatalara ve ayr\u0131ca sat\u0131\u015f \u00f6ncesine tabidir!<\/p>\n<p>DeepL.com (\u00fccretsiz s\u00fcr\u00fcm) ile \u00e7evrilmi\u015ftir<\/p>","protected":false},"excerpt":{"rendered":"<p>Standort: Deutschland, Baden-W\u00fcrttemberg S\u00fcdwest Zustand: Gebraucht Hersteller: LTA Modell: LTA Baujahr: 2010 AC 500 solid &#8211; geringer Energieverbrauch dank druckverlustfreier Filterelemente sowie energieeffizienter Gebl\u00e4se \u00b7 Filtrationsstufen f\u00fcr die Abscheidung von K\u00fchlschmierstoffnebel \u00b7 Filtrationsprinzip M ( M = mechanisch) \u00b7 Verwendung f\u00fcr Emulsionsnebel \u00b7 Direktanbau an Maschine m\u00f6glich \u00b7 Abscheidegrad bis 99% &#8211; Absaugleistung 800 m3\/h [&hellip;]<\/p>\n","protected":false},"featured_media":6842,"template":"","meta":[],"product_brand":[],"product_cat":[79],"product_tag":[],"class_list":{"0":"post-6130","1":"product","2":"type-product","3":"status-publish","4":"has-post-thumbnail","6":"product_cat-oel-emulsionsnebel-abzugsanlagen","8":"first","9":"instock","10":"taxable","11":"shipping-taxable","12":"purchasable","13":"product-type-simple"},"aioseo_notices":[],"_links":{"self":[{"href":"https:\/\/www.horn-wzm.de\/tr\/wp-json\/wp\/v2\/product\/6130","targetHints":{"allow":["GET"]}}],"collection":[{"href":"https:\/\/www.horn-wzm.de\/tr\/wp-json\/wp\/v2\/product"}],"about":[{"href":"https:\/\/www.horn-wzm.de\/tr\/wp-json\/wp\/v2\/types\/product"}],"version-history":[{"count":1,"href":"https:\/\/www.horn-wzm.de\/tr\/wp-json\/wp\/v2\/product\/6130\/revisions"}],"predecessor-version":[{"id":6138,"href":"https:\/\/www.horn-wzm.de\/tr\/wp-json\/wp\/v2\/product\/6130\/revisions\/6138"}],"wp:featuredmedia":[{"embeddable":true,"href":"https:\/\/www.horn-wzm.de\/tr\/wp-json\/wp\/v2\/media\/6842"}],"wp:attachment":[{"href":"https:\/\/www.horn-wzm.de\/tr\/wp-json\/wp\/v2\/media?parent=6130"}],"wp:term":[{"taxonomy":"product_brand","embeddable":true,"href":"https:\/\/www.horn-wzm.de\/tr\/wp-json\/wp\/v2\/product_brand?post=6130"},{"taxonomy":"product_cat","embeddable":true,"href":"https:\/\/www.horn-wzm.de\/tr\/wp-json\/wp\/v2\/product_cat?post=6130"},{"taxonomy":"product_tag","embeddable":true,"href":"https:\/\/www.horn-wzm.de\/tr\/wp-json\/wp\/v2\/product_tag?post=6130"}],"curies":[{"name":"wp","href":"https:\/\/api.w.org\/{rel}","templated":true}]}}