{"id":6127,"date":"2025-07-29T13:24:39","date_gmt":"2025-07-29T11:24:39","guid":{"rendered":"https:\/\/www.horn-wzm.de\/?post_type=product&#038;p=6127"},"modified":"2025-07-29T13:24:43","modified_gmt":"2025-07-29T11:24:43","slug":"bzi-52-sk-52-enine-ve-boyuna-oluklu-pueruezsuez-sikistirma-kafalari-intnr231184","status":"publish","type":"product","link":"https:\/\/www.horn-wzm.de\/tr\/shop\/spannzangen\/bzi-52-sk-52-spannkoepfe-glatt-mit-quer-und-laengsrillen-intnr231184\/","title":{"rendered":"BZI 52 \/ SK 52 S\u0131k\u0131\u015ft\u0131rma kafalar\u0131 d\u00fcz, enine ve boyuna oluklu IntNr231184"},"content":{"rendered":"<p><b>Konum:<\/b> Almanya, Baden-W\u00fcrttemberg G\u00fcneybat\u0131<\/p>\n<p><b>Durum:<\/b> Yeni kadar iyi<\/p>\n<p><b>Model:<\/b> s\u0131f\u0131r<\/p>\n<p>Dahili numara: IntNr231184<br \/>\n\u00dcr\u00fcn tan\u0131m\u0131: BZI 52 \/ SK 52 genle\u015fme aynalar\u0131<\/p>\n<p>\u015eunlar i\u00e7in uygundur:<\/p>\n<p>HAINBUCH SPANNTOP 52-A5 \/ Nova ve MINI<br \/>\nKar\u015f\u0131la\u015ft\u0131r\u0131labilir markalar \/ \u00fcreticiler<br \/>\nVersiyonlar:<\/p>\n<p>P\u00fcr\u00fczs\u00fcz s\u0131k\u0131\u015ft\u0131rma kafalar\u0131<br \/>\nHammadde i\u00e7in enine ve boyuna oluklar ile<br \/>\nProfil \u00e7e\u015fitleri: Yuvarlak ve alt\u0131gen (0,5 mm veya 1 mm artan)<br \/>\nOlas\u0131 uygulamalar: \u0130nce i\u015fleme<br \/>\nDurum:<\/p>\n<p>\u00c7e\u015fitli boyutlarda yeni ve kullan\u0131lm\u0131\u015f mevcuttur<br \/>\nSipari\u015f verin:<br \/>\nL\u00fctfen sipari\u015f verirken istedi\u011finiz kelep\u00e7elemeyi belirtin.<\/p>\n<p>Uygulama alanlar\u0131:<\/p>\n<p>\u0130\u015fleme merkezleri<br \/>\n\u00d6l\u00e7\u00fcm makineleri<br \/>\nPalet s\u0131k\u0131\u015ft\u0131rma<br \/>\nNotlar:<\/p>\n<p>Talep \u00fczerine bireysel gereksinimlere g\u00f6re \u00f6zel profiller i\u00e7in s\u0131k\u0131\u015ft\u0131rma kafalar\u0131<br \/>\nDi\u011fer koni boyutlar\u0131, \u015fekilleri (\u00f6rn. kare) ve i\u015flenebilir bo\u015fluklar da talep \u00fczerine temin edilebilir<\/p>\n<p>Teknik veri ve bilgilerdeki de\u011fi\u015fiklikler ve hatalar ile \u00f6n sat\u0131\u015f hakk\u0131 sakl\u0131d\u0131r!<\/p>\n<p>Dahili numara: IntNr231184<br \/>\n\u00dcr\u00fcn tan\u0131m\u0131: BZI 52 \/ SK 52 s\u0131kma kafalar\u0131<\/p>\n<p>\u015eunlar i\u00e7in uygundur:<\/p>\n<p>HAINBUCH SPANNTOP 52-A5 \/ Nova ve MINI<br \/>\nKar\u015f\u0131la\u015ft\u0131r\u0131labilir markalar \/ \u00fcreticiler<br \/>\nVersiyonlar:<\/p>\n<p>P\u00fcr\u00fczs\u00fcz genle\u015fme aynalar\u0131<br \/>\nHammadde i\u00e7in enine ve boyuna oluklar ile<br \/>\nProfil \u00e7e\u015fitleri: Yuvarlak ve alt\u0131gen (0,5 mm veya 1 mm artan)<br \/>\nOlas\u0131 uygulamalar: \u0130nce i\u015fleme<br \/>\nDurum:<\/p>\n<p>\u00c7e\u015fitli boyutlarda yeni ve kullan\u0131lm\u0131\u015f mevcuttur<br \/>\nSipari\u015f verin:<br \/>\nL\u00fctfen sipari\u015f verirken gerekli s\u0131k\u0131\u015ft\u0131rma \u2300 de\u011ferini belirtin.<\/p>\n<p>Uygulama alanlar\u0131:<\/p>\n<p>\u0130\u015fleme merkezleri<br \/>\n\u00d6l\u00e7\u00fcm makineleri<br \/>\nPalet s\u0131k\u0131\u015ft\u0131rma<br \/>\nNotlar:<\/p>\n<p>Talep \u00fczerine bireysel gereksinimlere g\u00f6re \u00f6zel profiller i\u00e7in s\u0131k\u0131\u015ft\u0131rma kafalar\u0131<br \/>\nDi\u011fer konik boyutlar, \u015fekiller (\u00f6rn. kare) ve i\u015flenebilir bo\u015fluklar da talep \u00fczerine temin edilebilir<\/p>\n<p>Teknik veri ve bilgilerdeki de\u011fi\u015fikliklere ve hatalara ve ayr\u0131ca sat\u0131\u015f \u00f6ncesine tabidir!<\/p>","protected":false},"excerpt":{"rendered":"<p>Standort: Deutschland, Baden-W\u00fcrttemberg S\u00fcdwest Zustand: Neuwertig Modell: null Interne Nummer: IntNr231184 Artikelbeschreibung: BZI 52 \/ SK 52 Spannk\u00f6pfe Geeignet f\u00fcr: HAINBUCH SPANNTOP 52-A5 \/ Nova und MINI Vergleichbare Fabrikate \/ Hersteller Ausf\u00fchrungen: Glatte Spannk\u00f6pfe Mit Quer- und L\u00e4ngsrillen f\u00fcr Rohmaterial Profilvarianten: Rund und 6-Kant (0,5 mm oder 1 mm steigend) Einsatzm\u00f6glichkeiten: Feinbearbeitung Zustand: Neu und [&hellip;]<\/p>\n","protected":false},"featured_media":5283,"template":"","meta":[],"product_brand":[],"product_cat":[92],"product_tag":[],"class_list":{"0":"post-6127","1":"product","2":"type-product","3":"status-publish","4":"has-post-thumbnail","6":"product_cat-spannzangen","8":"first","9":"instock","10":"taxable","11":"shipping-taxable","12":"product-type-simple"},"aioseo_notices":[],"_links":{"self":[{"href":"https:\/\/www.horn-wzm.de\/tr\/wp-json\/wp\/v2\/product\/6127","targetHints":{"allow":["GET"]}}],"collection":[{"href":"https:\/\/www.horn-wzm.de\/tr\/wp-json\/wp\/v2\/product"}],"about":[{"href":"https:\/\/www.horn-wzm.de\/tr\/wp-json\/wp\/v2\/types\/product"}],"version-history":[{"count":1,"href":"https:\/\/www.horn-wzm.de\/tr\/wp-json\/wp\/v2\/product\/6127\/revisions"}],"predecessor-version":[{"id":6135,"href":"https:\/\/www.horn-wzm.de\/tr\/wp-json\/wp\/v2\/product\/6127\/revisions\/6135"}],"wp:featuredmedia":[{"embeddable":true,"href":"https:\/\/www.horn-wzm.de\/tr\/wp-json\/wp\/v2\/media\/5283"}],"wp:attachment":[{"href":"https:\/\/www.horn-wzm.de\/tr\/wp-json\/wp\/v2\/media?parent=6127"}],"wp:term":[{"taxonomy":"product_brand","embeddable":true,"href":"https:\/\/www.horn-wzm.de\/tr\/wp-json\/wp\/v2\/product_brand?post=6127"},{"taxonomy":"product_cat","embeddable":true,"href":"https:\/\/www.horn-wzm.de\/tr\/wp-json\/wp\/v2\/product_cat?post=6127"},{"taxonomy":"product_tag","embeddable":true,"href":"https:\/\/www.horn-wzm.de\/tr\/wp-json\/wp\/v2\/product_tag?post=6127"}],"curies":[{"name":"wp","href":"https:\/\/api.w.org\/{rel}","templated":true}]}}