{"id":5986,"date":"2025-05-13T14:40:57","date_gmt":"2025-05-13T12:40:57","guid":{"rendered":"https:\/\/www.horn-wzm.de\/shop\/unkategorisiert\/smw-hfkn-d-165-45-a5-dreibacken-keilstangenfutter-three-jaw-wedge-bar-chuck-intnr231293\/"},"modified":"2025-05-13T14:40:57","modified_gmt":"2025-05-13T12:40:57","slug":"smw-hfkn-d-165-45-a5-uec-ceneli%cc%87-kamali-cubuk-mandren-uec-ceneli%cc%87-kamali-cubuk-mandren-intnr231293","status":"publish","type":"product","link":"https:\/\/www.horn-wzm.de\/tr\/shop\/spannzangen\/smw-hfkn-d-165-45-a5-dreibacken-keilstangenfutter-three-jaw-wedge-bar-chuck-intnr231293\/","title":{"rendered":"SMW HFKN-D 165\/45\/A5 \u00dc\u00e7 \u00e7eneli kamal\u0131 \u00e7ubuk ayna IntNr231293"},"content":{"rendered":"<p><b>Konum:<\/b> Almanya, Baden-W\u00fcrttemberg G\u00fcneybat\u0131<\/p>\n<p><b>Durum:<\/b> Yeni kadar iyi<\/p>\n<p><b>Model:<\/b> s\u0131f\u0131r<\/p>\n<p>Teknik a\u00e7\u0131klama - SMW-Autoblok HFKN-D 165-45 A5<br \/>\nTan\u0131m: \u00dc\u00e7 \u00e7eneli kamal\u0131 \u00e7ubuk aynas\u0131<br \/>\n\u00dcretici: SMW-Autoblok<br \/>\nModel: HFKN-D 165-45 A5<br \/>\nTasar\u0131m: Kama \u00e7ubu\u011fu tahrikli y\u00fcksek performansl\u0131 g\u00fc\u00e7 aynas\u0131<\/p>\n<p>\ufe0f Teknik veriler (bu model i\u00e7in tipik):<br \/>\nAyna \u00d8: 165 mm<\/p>\n<p>Merkez a\u00e7\u0131k delik (delik): yakla\u015f\u0131k 45 mm<\/p>\n<p>Priz: A5 (DIN 55026)<\/p>\n<p>\u00c7al\u0131\u015ft\u0131rma: Hidrolik (kama \u00e7ubu\u011fu mekanizmas\u0131)<\/p>\n<p>\u00c7ene say\u0131s\u0131: 3 (ortalanm\u0131\u015f s\u0131k\u0131\u015ft\u0131rma)<\/p>\n<p>Maks. S\u0131k\u0131\u015ft\u0131rma kuvveti: hidrolik bas\u0131nca ba\u011fl\u0131 olarak yakla\u015f\u0131k 45-60 kN<\/p>\n<p>Maks. H\u0131z: yakla\u015f\u0131k 5000 rpm<\/p>\n<p>Tekrarlama hassasiyeti: tip. \u2264 0,01 mm<\/p>\n<p>\u00c7ene tipi: Standart yumu\u015fak \u00e7eneler veya sert \u00e7eneler, ekipmana ba\u011fl\u0131 olarak m\u00fcmk\u00fcnd\u00fcr<\/p>\n<p>Teknik veri ve bilgilerdeki de\u011fi\u015fiklikler ve hatalar ile \u00f6n sat\u0131\u015f hakk\u0131 sakl\u0131d\u0131r!<\/p>\n<p>Kullan\u0131lm\u0131\u015f Teknik A\u00e7\u0131klama - SMW-Autoblok HFKN-D 165-45 A5<br \/>\nTan\u0131m: \u00dc\u00e7 \u00e7eneli kama \u00e7ubuklu g\u00fc\u00e7 aynas\u0131<br \/>\n\u00dcretici: SMW-Autoblok<br \/>\nModel: HFKN-D 165-45 A5<br \/>\nTasar\u0131m: Kama \u00e7ubu\u011fu tahrikli y\u00fcksek performansl\u0131 g\u00fc\u00e7 aynas\u0131<\/p>\n<p>\ufe0f Teknik Veriler (bu model i\u00e7in tipik):<br \/>\nAyna \u00e7ap\u0131: 165 mm<\/p>\n<p>Merkezi ge\u00e7i\u015f deli\u011fi (delik): yakla\u015f\u0131k 45 mm<\/p>\n<p>Montaj aray\u00fcz\u00fc: A5 (DIN 55026)<\/p>\n<p>\u00c7al\u0131\u015ft\u0131rma: Hidrolik (kama-bar mekanizmas\u0131)<\/p>\n<p>\u00c7ene say\u0131s\u0131: 3 (kendinden merkezlemeli)<\/p>\n<p>Maks. s\u0131kma kuvveti: yakla\u015f\u0131k 45-60 kN (hidrolik bas\u0131nca ba\u011fl\u0131 olarak)<\/p>\n<p>Maks. h\u0131z: yakla\u015f\u0131k 5000 rpm<\/p>\n<p>Tekrarlanabilirlik: tipik olarak \u2264 0,01 mm<\/p>\n<p>\u00c7ene tipi: Konfig\u00fcrasyona ba\u011fl\u0131 olarak standart yumu\u015fak \u00e7eneler veya sert \u00e7eneler<\/p>\n<p>Teknik de\u011fi\u015fikliklere, hatalara ve \u00f6nceden sat\u0131\u015fa tabidir.<\/p>","protected":false},"excerpt":{"rendered":"<p>Standort: Deutschland, Baden-W\u00fcrttemberg S\u00fcdwest Zustand: Neuwertig Modell: null gebr. Technische Beschreibung \u2013 SMW-Autoblok HFKN-D 165-45 A5 Bezeichnung: Dreibacken-Keilstangenfutter Hersteller: SMW-Autoblok Modell: HFKN-D 165-45 A5 Ausf\u00fchrung: Hochleistungs-Kraftspannfutter mit Keilstangenantrieb ?\ufe0f Technische Daten (typisch f\u00fcr dieses Modell): Spannfutter-\u00d8: 165\u202fmm Zentrales Durchgangsbohrung (Bohrung): ca. 45\u202fmm Aufnahme: A5 (DIN 55026) Bet\u00e4tigung: Hydraulisch (Keilstangenmechanismus) Backenzahl: 3 (zentrisch spannend) Max. Spannkraft: [&hellip;]<\/p>\n","protected":false},"featured_media":5985,"template":"","meta":[],"product_brand":[],"product_cat":[92],"product_tag":[],"class_list":{"0":"post-5986","1":"product","2":"type-product","3":"status-publish","4":"has-post-thumbnail","6":"product_cat-spannzangen","8":"first","9":"instock","10":"taxable","11":"shipping-taxable","12":"product-type-simple"},"aioseo_notices":[],"_links":{"self":[{"href":"https:\/\/www.horn-wzm.de\/tr\/wp-json\/wp\/v2\/product\/5986","targetHints":{"allow":["GET"]}}],"collection":[{"href":"https:\/\/www.horn-wzm.de\/tr\/wp-json\/wp\/v2\/product"}],"about":[{"href":"https:\/\/www.horn-wzm.de\/tr\/wp-json\/wp\/v2\/types\/product"}],"version-history":[{"count":1,"href":"https:\/\/www.horn-wzm.de\/tr\/wp-json\/wp\/v2\/product\/5986\/revisions"}],"predecessor-version":[{"id":5987,"href":"https:\/\/www.horn-wzm.de\/tr\/wp-json\/wp\/v2\/product\/5986\/revisions\/5987"}],"wp:featuredmedia":[{"embeddable":true,"href":"https:\/\/www.horn-wzm.de\/tr\/wp-json\/wp\/v2\/media\/5985"}],"wp:attachment":[{"href":"https:\/\/www.horn-wzm.de\/tr\/wp-json\/wp\/v2\/media?parent=5986"}],"wp:term":[{"taxonomy":"product_brand","embeddable":true,"href":"https:\/\/www.horn-wzm.de\/tr\/wp-json\/wp\/v2\/product_brand?post=5986"},{"taxonomy":"product_cat","embeddable":true,"href":"https:\/\/www.horn-wzm.de\/tr\/wp-json\/wp\/v2\/product_cat?post=5986"},{"taxonomy":"product_tag","embeddable":true,"href":"https:\/\/www.horn-wzm.de\/tr\/wp-json\/wp\/v2\/product_tag?post=5986"}],"curies":[{"name":"wp","href":"https:\/\/api.w.org\/{rel}","templated":true}]}}