{"id":5266,"date":"2025-01-23T12:42:28","date_gmt":"2025-01-23T11:42:28","guid":{"rendered":"https:\/\/www.horn-wzm.de\/shop\/unkategorisiert\/gebr-biglia-wkz-halter-angetr-used-toolholder-driven-oesterle-0073-mit-ikz_intnr231216\/"},"modified":"2025-01-23T12:42:28","modified_gmt":"2025-01-23T11:42:28","slug":"biglia-takim-tutucu-kullanilmis-takim-tutucu-tahrikli-oesterle-0073-ikz_intnr231216-ile","status":"publish","type":"product","link":"https:\/\/www.horn-wzm.de\/tr\/shop\/werkzeughalter\/gebr-biglia-wkz-halter-angetr-used-toolholder-driven-oesterle-0073-mit-ikz_intnr231216\/","title":{"rendered":"Biglia, IKZ_IntNr231216 ile Oesterle 0073 tahrikli tak\u0131m tutucu kulland\u0131"},"content":{"rendered":"<p><b>Konum:<\/b> Almanya, Baden-W\u00fcrttemberg G\u00fcneybat\u0131<\/p>\n<p><b>Durum:<\/b> Yeni kadar iyi<\/p>\n<p><b>\u00dcretici firma:<\/b> Oesterle<\/p>\n<p><b>Model:<\/b> 0073 ile IKZ<\/p>\n<p><b>\u0130n\u015faat y\u0131l\u0131:<\/b> 2015<\/p>\n<p>IKZ ile tahrikli tak\u0131m tutucular<br \/>\nUyumlu makineler<br \/>\nBIGLIA - B436<br \/>\nBIGLIA - B438<br \/>\nBIGLIA - BMX 45Y2<br \/>\nDelme ve frezeleme kafas\u0131<br \/>\n90 derece Biglia B436 - BMT 40<br \/>\n IKZ ve h\u0131zl\u0131 so\u011futma borusu ayar\u0131 ile<br \/>\nTak\u0131m tutucu DIN 6499 ER 25<br \/>\n( d ) S\u0131k\u0131\u015ft\u0131rma aral\u0131\u011f\u0131 0,5 - 16 mm<br \/>\n n maks (1\/dak) 7000<br \/>\n T maks (Nm) 25<br \/>\nI n1\/n2 1:1<br \/>\nIKZ + harici so\u011futma<br \/>\n bar 85<\/p>\n<p>IKZ ile tahrikli tak\u0131m tutucular<br \/>\nUyumlu makineler<br \/>\nBIGLIA - B436<br \/>\nBIGLIA - B438<br \/>\nBIGLIA - BMX 45Y2<br \/>\nDelme ve frezeleme kafas\u0131<br \/>\n90 derece Biglia B436 - BMT 40<br \/>\n IKZ ve h\u0131zl\u0131 so\u011futma borusu ayar\u0131 ile<br \/>\nTak\u0131m tutucu DIN 6499 ER 25<br \/>\n( d ) S\u0131k\u0131\u015ft\u0131rma aral\u0131\u011f\u0131 0,5 - 16 mm<br \/>\n n maks (1\/dak) 7000<br \/>\n T maks (Nm) 25<br \/>\nI n1\/n2 1:1<br \/>\nIKZ + harici so\u011futma<br \/>\n bar 85<\/p>","protected":false},"excerpt":{"rendered":"<p>Standort: Deutschland, Baden-W\u00fcrttemberg S\u00fcdwest Zustand: Neuwertig Hersteller: Oesterle Modell: 0073 mit IKZ Baujahr: 2015 gebr. angetriebene Werkzeughalter mit IKZ Kompatible Maschinen BIGLIA &#8211; B436 BIGLIA &#8211; B438 BIGLIA &#8211; BMX 45Y2 Bohr- und Fr\u00e4skopf 90 Grad Biglia B436 &#8211; BMT 40 mit IKZ und K\u00fchlrohrschnellverstellung Werkzeugaufnahme DIN 6499 ER 25 ( d ) Spannbereich 0,5 [&hellip;]<\/p>\n","protected":false},"featured_media":5257,"template":"","meta":[],"product_brand":[],"product_cat":[84],"product_tag":[],"class_list":{"0":"post-5266","1":"product","2":"type-product","3":"status-publish","4":"has-post-thumbnail","6":"product_cat-werkzeughalter","8":"first","9":"instock","10":"taxable","11":"shipping-taxable","12":"product-type-simple"},"aioseo_notices":[],"_links":{"self":[{"href":"https:\/\/www.horn-wzm.de\/tr\/wp-json\/wp\/v2\/product\/5266","targetHints":{"allow":["GET"]}}],"collection":[{"href":"https:\/\/www.horn-wzm.de\/tr\/wp-json\/wp\/v2\/product"}],"about":[{"href":"https:\/\/www.horn-wzm.de\/tr\/wp-json\/wp\/v2\/types\/product"}],"version-history":[{"count":1,"href":"https:\/\/www.horn-wzm.de\/tr\/wp-json\/wp\/v2\/product\/5266\/revisions"}],"predecessor-version":[{"id":5267,"href":"https:\/\/www.horn-wzm.de\/tr\/wp-json\/wp\/v2\/product\/5266\/revisions\/5267"}],"wp:featuredmedia":[{"embeddable":true,"href":"https:\/\/www.horn-wzm.de\/tr\/wp-json\/wp\/v2\/media\/5257"}],"wp:attachment":[{"href":"https:\/\/www.horn-wzm.de\/tr\/wp-json\/wp\/v2\/media?parent=5266"}],"wp:term":[{"taxonomy":"product_brand","embeddable":true,"href":"https:\/\/www.horn-wzm.de\/tr\/wp-json\/wp\/v2\/product_brand?post=5266"},{"taxonomy":"product_cat","embeddable":true,"href":"https:\/\/www.horn-wzm.de\/tr\/wp-json\/wp\/v2\/product_cat?post=5266"},{"taxonomy":"product_tag","embeddable":true,"href":"https:\/\/www.horn-wzm.de\/tr\/wp-json\/wp\/v2\/product_tag?post=5266"}],"curies":[{"name":"wp","href":"https:\/\/api.w.org\/{rel}","templated":true}]}}