{"id":5255,"date":"2025-01-23T12:41:49","date_gmt":"2025-01-23T11:41:49","guid":{"rendered":"https:\/\/www.horn-wzm.de\/shop\/unkategorisiert\/gebr-biglia-wkz-halter-fest-used-toolholder-fixed-oesterle-mit-ikz_intnr231227\/"},"modified":"2025-01-23T12:41:49","modified_gmt":"2025-01-23T11:41:49","slug":"gebr-biglia-wkz-tutucu-sabit-kullanilmis-takim-tutucu-sabit-oesterle-ile-ikz_intnr231227","status":"publish","type":"product","link":"https:\/\/www.horn-wzm.de\/tr\/shop\/werkzeughalter\/gebr-biglia-wkz-halter-fest-used-toolholder-fixed-oesterle-mit-ikz_intnr231227\/","title":{"rendered":"gebbr. Biglia WKZ-Halter fest\/used toolholder fixed Oesterle with IKZ_IntNr231227"},"content":{"rendered":"<p><b>Konum:<\/b> Almanya, Baden-W\u00fcrttemberg G\u00fcneybat\u0131<\/p>\n<p><b>Durum:<\/b> Yeni kadar iyi<\/p>\n<p><b>\u00dcretici firma:<\/b> Oesterle<\/p>\n<p><b>Model:<\/b> 350 5421 D25 B109 XKA<\/p>\n<p><b>\u0130n\u015faat y\u0131l\u0131:<\/b> 2015<\/p>\n<p>Matkap tutucu<br \/>\nUyumlu makineler<br \/>\nBIGLIA - B436<br \/>\nBIGLIA - B438<br \/>\nBIGLIA - BMX 45Y2<br \/>\nBI-WZ16BO25i<br \/>\n\u00d8 25 mm y\u00fcksek hassasiyetli delme \u00e7ubu\u011fu tutucusu<br \/>\nIKZ (Oesterle) ile<br \/>\n350 5421 D25 BI09 XKA<br \/>\nS\u0131k\u0131\u015ft\u0131rma \u00e7ap\u0131 \u00d8 25 mm H6<br \/>\nSo\u011futma s\u0131v\u0131s\u0131<br \/>\nharici + IKZ 180 bar<br \/>\nA\u011f\u0131rl\u0131k 2,5 kg<\/p>\n<p>matkap tutucu<br \/>\nBI-WZ16BO25i<br \/>\nUyumlu makineler<br \/>\nBIGLIA - B436<br \/>\nBIGLIA - B438<br \/>\nBIGLIA - BMX 45Y2<br \/>\n\u00d8 25 mm y\u00fcksek hassasiyetli delme \u00e7ubu\u011fu tutucusu<br \/>\nIKZ (Oesterle) ile<br \/>\n350 5421 D25 BI09 XKA<br \/>\nS\u0131k\u0131\u015ft\u0131rma \u00e7ap\u0131 \u00d8 25 mm H6<br \/>\nSo\u011futma s\u0131v\u0131s\u0131<br \/>\nharici + IKZ 180 bar<br \/>\nA\u011f\u0131rl\u0131k 2,5 kg<\/p>","protected":false},"excerpt":{"rendered":"<p>Standort: Deutschland, Baden-W\u00fcrttemberg S\u00fcdwest Zustand: Neuwertig Hersteller: Oesterle Modell: 350 5421 D25 B109 XKA Baujahr: 2015 gebr. Bohrhalter Kompatible Maschinen BIGLIA &#8211; B436 BIGLIA &#8211; B438 BIGLIA &#8211; BMX 45Y2 BI-WZ16BO25i Hochpr\u00e4zision-Bohrstangenhalter \u00d8 25 mm mit IKZ (Oesterle) 350 5421 D25 BI09 XKA Spanndurchmesser \u00d8 25 mm H6 K\u00fchlmittel extern + IKZ 180 bar Gewicht [&hellip;]<\/p>\n","protected":false},"featured_media":5247,"template":"","meta":[],"product_brand":[],"product_cat":[84],"product_tag":[],"class_list":{"0":"post-5255","1":"product","2":"type-product","3":"status-publish","4":"has-post-thumbnail","6":"product_cat-werkzeughalter","8":"first","9":"instock","10":"taxable","11":"shipping-taxable","12":"product-type-simple"},"aioseo_notices":[],"_links":{"self":[{"href":"https:\/\/www.horn-wzm.de\/tr\/wp-json\/wp\/v2\/product\/5255","targetHints":{"allow":["GET"]}}],"collection":[{"href":"https:\/\/www.horn-wzm.de\/tr\/wp-json\/wp\/v2\/product"}],"about":[{"href":"https:\/\/www.horn-wzm.de\/tr\/wp-json\/wp\/v2\/types\/product"}],"version-history":[{"count":1,"href":"https:\/\/www.horn-wzm.de\/tr\/wp-json\/wp\/v2\/product\/5255\/revisions"}],"predecessor-version":[{"id":5256,"href":"https:\/\/www.horn-wzm.de\/tr\/wp-json\/wp\/v2\/product\/5255\/revisions\/5256"}],"wp:featuredmedia":[{"embeddable":true,"href":"https:\/\/www.horn-wzm.de\/tr\/wp-json\/wp\/v2\/media\/5247"}],"wp:attachment":[{"href":"https:\/\/www.horn-wzm.de\/tr\/wp-json\/wp\/v2\/media?parent=5255"}],"wp:term":[{"taxonomy":"product_brand","embeddable":true,"href":"https:\/\/www.horn-wzm.de\/tr\/wp-json\/wp\/v2\/product_brand?post=5255"},{"taxonomy":"product_cat","embeddable":true,"href":"https:\/\/www.horn-wzm.de\/tr\/wp-json\/wp\/v2\/product_cat?post=5255"},{"taxonomy":"product_tag","embeddable":true,"href":"https:\/\/www.horn-wzm.de\/tr\/wp-json\/wp\/v2\/product_tag?post=5255"}],"curies":[{"name":"wp","href":"https:\/\/api.w.org\/{rel}","templated":true}]}}