{"id":5199,"date":"2025-01-23T12:38:44","date_gmt":"2025-01-23T11:38:44","guid":{"rendered":"https:\/\/www.horn-wzm.de\/shop\/unkategorisiert\/gebr-wkz-halter-angetr-used-toolholder-driven-mtc-3020-1-1_intnr231219\/"},"modified":"2025-01-23T12:38:44","modified_gmt":"2025-01-23T11:38:44","slug":"gebr-wkz-tutucu-angetr-kullanilmis-takim-tutucu-tahri%cc%87kli%cc%87-mtc-3020-1-1_intnr231219","status":"publish","type":"product","link":"https:\/\/www.horn-wzm.de\/tr\/shop\/werkzeughalter\/gebr-wkz-halter-angetr-used-toolholder-driven-mtc-3020-1-1_intnr231219\/","title":{"rendered":"kullan\u0131lm\u0131\u015f tak\u0131m tutucu tahrikli MTC 3020-1.1_IntNr231219"},"content":{"rendered":"<p><b>Standort:<\/b> Deutschland, Baden-W\u00fcrttemberg S\u00fcdwest<\/p>\n<p><b>Zustand:<\/b> Neuwertig<\/p>\n<p><b>Hersteller:<\/b> MT Marchetti<\/p>\n<p><b>Modell:<\/b> 3020-1.1<\/p>\n<p><b>Baujahr:<\/b> 2015<\/p>\n<p>gebr. Halter f\u00fcr Verzahnungsfr\u00e4ser<br \/>\nKompatible Maschinen<br \/>\nBIGLIA &#8211; B436<br \/>\nBIGLIA &#8211; B438<br \/>\nBIGLIA &#8211; BMX 45Y2<br \/>\nBI-WZ16VZ11<br \/>\nHalter f\u00fcr Verzahnungsfr\u00e4ser, 1:1<br \/>\nFr\u00e4ser max. \u00d840x43mm<br \/>\nBen\u00f6tigt zwei Werkzeugstationen<br \/>\nDorn wahlweise \u2205 16-13-10-8 erh\u00e4ltlich<br \/>\n\u00dcbersetzungsverh\u00e4ltnis: 1:1<br \/>\nMax U\/min.: 6000<br \/>\nMaximales Drehmoment [Nm]: 30<br \/>\nAu\u00dfenk\u00fchlung: Ja<br \/>\nGewicht [kg]: ~ 5.6<\/p>\n<p>holder for gear hobber<br \/>\nCompatible machines<br \/>\nBIGLIA &#8211; B436<br \/>\nBIGLIA &#8211; B438<br \/>\nBIGLIA &#8211; BMX 45Y2<br \/>\nBI-WZ16VZ11<br \/>\nHolder for gear cutter, 1:1<br \/>\nMilling cutter max. \u00d840x43mm<br \/>\nRequires two tool stations<br \/>\nMandrel optionally available \u2205 16-13-10-8<br \/>\nGear ratio: 1:1<br \/>\nMax. rpm: 6000<br \/>\nMaximum torque [Nm]: 30<br \/>\nExternal cooling: Yes<br \/>\nWeight [kg]: ~ 5.6<\/p>\n","protected":false},"excerpt":{"rendered":"<p>Standort: Deutschland, Baden-W\u00fcrttemberg S\u00fcdwest Zustand: Neuwertig Hersteller: MT Marchetti Modell: 3020-1.1 Baujahr: 2015 gebr. Halter f\u00fcr Verzahnungsfr\u00e4ser Kompatible Maschinen BIGLIA &#8211; B436 BIGLIA &#8211; B438 BIGLIA &#8211; BMX 45Y2 BI-WZ16VZ11 Halter f\u00fcr Verzahnungsfr\u00e4ser, 1:1 Fr\u00e4ser max. \u00d840x43mm Ben\u00f6tigt zwei Werkzeugstationen Dorn wahlweise \u2205 16-13-10-8 erh\u00e4ltlich \u00dcbersetzungsverh\u00e4ltnis: 1:1 Max U\/min.: 6000 Maximales Drehmoment [Nm]: 30 Au\u00dfenk\u00fchlung: [&hellip;]<\/p>\n","protected":false},"featured_media":5189,"template":"","meta":[],"product_brand":[],"product_cat":[84],"product_tag":[],"class_list":{"0":"post-5199","1":"product","2":"type-product","3":"status-publish","4":"has-post-thumbnail","6":"product_cat-werkzeughalter","8":"first","9":"instock","10":"taxable","11":"shipping-taxable","12":"product-type-simple"},"aioseo_notices":[],"_links":{"self":[{"href":"https:\/\/www.horn-wzm.de\/tr\/wp-json\/wp\/v2\/product\/5199","targetHints":{"allow":["GET"]}}],"collection":[{"href":"https:\/\/www.horn-wzm.de\/tr\/wp-json\/wp\/v2\/product"}],"about":[{"href":"https:\/\/www.horn-wzm.de\/tr\/wp-json\/wp\/v2\/types\/product"}],"version-history":[{"count":1,"href":"https:\/\/www.horn-wzm.de\/tr\/wp-json\/wp\/v2\/product\/5199\/revisions"}],"predecessor-version":[{"id":5200,"href":"https:\/\/www.horn-wzm.de\/tr\/wp-json\/wp\/v2\/product\/5199\/revisions\/5200"}],"wp:featuredmedia":[{"embeddable":true,"href":"https:\/\/www.horn-wzm.de\/tr\/wp-json\/wp\/v2\/media\/5189"}],"wp:attachment":[{"href":"https:\/\/www.horn-wzm.de\/tr\/wp-json\/wp\/v2\/media?parent=5199"}],"wp:term":[{"taxonomy":"product_brand","embeddable":true,"href":"https:\/\/www.horn-wzm.de\/tr\/wp-json\/wp\/v2\/product_brand?post=5199"},{"taxonomy":"product_cat","embeddable":true,"href":"https:\/\/www.horn-wzm.de\/tr\/wp-json\/wp\/v2\/product_cat?post=5199"},{"taxonomy":"product_tag","embeddable":true,"href":"https:\/\/www.horn-wzm.de\/tr\/wp-json\/wp\/v2\/product_tag?post=5199"}],"curies":[{"name":"wp","href":"https:\/\/api.w.org\/{rel}","templated":true}]}}