{"id":5132,"date":"2025-01-23T12:35:00","date_gmt":"2025-01-23T11:35:00","guid":{"rendered":"https:\/\/www.horn-wzm.de\/shop\/unkategorisiert\/gebr-wkz-halter-angetr-used-toolholder-driven-oesterle-mit-ikz_intnr231220\/"},"modified":"2025-01-23T12:35:00","modified_gmt":"2025-01-23T11:35:00","slug":"gebr-wkz-tutucu-angetr-ikz_intnr231220-ile-tahrikli-oesterle-kullanilmis-takim-tutucu","status":"publish","type":"product","link":"https:\/\/www.horn-wzm.de\/tr\/shop\/werkzeughalter\/gebr-wkz-halter-angetr-used-toolholder-driven-oesterle-mit-ikz_intnr231220\/","title":{"rendered":"IKZ_IntNr231220 ile Oesterle tahrikli kullan\u0131lm\u0131\u015f tak\u0131m tutucu"},"content":{"rendered":"<p><b>Konum:<\/b> Almanya, Baden-W\u00fcrttemberg G\u00fcneybat\u0131<\/p>\n<p><b>Durum:<\/b> Yeni kadar iyi<\/p>\n<p><b>\u00dcretici firma:<\/b> Oesterle<\/p>\n<p><b>Model:<\/b> 301 5421 A25 B109<\/p>\n<p><b>\u0130n\u015faat y\u0131l\u0131:<\/b> 2015<\/p>\n<p>IKZ ile tahrikli tak\u0131m tutucular<br \/>\nDelme ve frezeleme kafas\u0131<br \/>\nd\u00fcz Biglia B436 - BMT40<br \/>\nUyumlu makineler<br \/>\nBIGLIA - B436<br \/>\nBIGLIA - B438<br \/>\nBIGLIA - BMX 45Y2<br \/>\nTahrikli y\u00fcksek hassasiyetli tak\u0131m tutucu<br \/>\nBI-WZ16AX25i<br \/>\nA25 Power i\u015f mili ile eksenel delme ve frezeleme kafas\u0131 ER25<br \/>\nIKZ ile hat mili yata\u011f\u0131, 1:1 (Oesterle)<br \/>\nharici so\u011futma ve h\u0131zl\u0131 so\u011futma borusu ayar\u0131 ile (pat.)<br \/>\n Alet tutucu<br \/>\nDIN 6499 ER 25<br \/>\n ( d ) S\u0131k\u0131\u015ft\u0131rma aral\u0131\u011f\u0131<br \/>\n 0,5 - 16 mm<br \/>\n n maks (1\/dak) 8000<br \/>\nT maks (NM) 16<br \/>\nI n1 \/ n2 1:1<br \/>\nharici so\u011futma ve<br \/>\n So\u011futma borusu h\u0131zl\u0131 ayar\u0131<br \/>\n bar 85<\/p>\n<p>IKZ ile tahrikli tak\u0131m tutucu<br \/>\nDelme ve frezeleme kafas\u0131<br \/>\nd\u00fcz Biglia B436 - BMT40<br \/>\nUyumlu makineler<br \/>\nBIGLIA - B436<br \/>\nBIGLIA - B438<br \/>\nBIGLIA - BMX 45Y2<br \/>\nTahrikli y\u00fcksek hassasiyetli tak\u0131m tutucular<br \/>\nBI-WZ16AX25i<br \/>\nA25 Power i\u015f mili ile eksenel delme ve frezeleme kafas\u0131 ER25<br \/>\nIKZ ile hat mili yata\u011f\u0131, 1:1 (Oesterle)<br \/>\nharici so\u011futma ve so\u011futma borusu h\u0131zl\u0131 ayar\u0131 ile (pat.)<br \/>\n Alet tutucu<br \/>\nDIN 6499 ER 25<br \/>\n ( d ) S\u0131k\u0131\u015ft\u0131rma aral\u0131\u011f\u0131<br \/>\n 0,5 - 16 mm<br \/>\n n maks (1\/dak) 8000<br \/>\nT maks (NM) 16<br \/>\nI n1 \/ n2 1:1<br \/>\nHarici so\u011futma ve<br \/>\n so\u011futma t\u00fcp\u00fc hizli ayari<br \/>\n bar 85<\/p>","protected":false},"excerpt":{"rendered":"<p>Standort: Deutschland, Baden-W\u00fcrttemberg S\u00fcdwest Zustand: Neuwertig Hersteller: Oesterle Modell: 301 5421 A25 B109 Baujahr: 2015 gebr. angetriebene Werkzeughalter mit IKZ Bohr- und Fr\u00e4skopf gerade Biglia B436 &#8211; BMT40 Kompatible Maschinen BIGLIA &#8211; B436 BIGLIA &#8211; B438 BIGLIA &#8211; BMX 45Y2 angetriebene Hochpr\u00e4zisions &#8211; Werkzeughalter BI-WZ16AX25i Axial Bohr- und Fr\u00e4skopf ER25 mit Spindel A25 Power Line [&hellip;]<\/p>\n","protected":false},"featured_media":5123,"template":"","meta":[],"product_brand":[],"product_cat":[84],"product_tag":[],"class_list":{"0":"post-5132","1":"product","2":"type-product","3":"status-publish","4":"has-post-thumbnail","6":"product_cat-werkzeughalter","8":"first","9":"instock","10":"taxable","11":"shipping-taxable","12":"product-type-simple"},"aioseo_notices":[],"_links":{"self":[{"href":"https:\/\/www.horn-wzm.de\/tr\/wp-json\/wp\/v2\/product\/5132","targetHints":{"allow":["GET"]}}],"collection":[{"href":"https:\/\/www.horn-wzm.de\/tr\/wp-json\/wp\/v2\/product"}],"about":[{"href":"https:\/\/www.horn-wzm.de\/tr\/wp-json\/wp\/v2\/types\/product"}],"version-history":[{"count":1,"href":"https:\/\/www.horn-wzm.de\/tr\/wp-json\/wp\/v2\/product\/5132\/revisions"}],"predecessor-version":[{"id":5133,"href":"https:\/\/www.horn-wzm.de\/tr\/wp-json\/wp\/v2\/product\/5132\/revisions\/5133"}],"wp:featuredmedia":[{"embeddable":true,"href":"https:\/\/www.horn-wzm.de\/tr\/wp-json\/wp\/v2\/media\/5123"}],"wp:attachment":[{"href":"https:\/\/www.horn-wzm.de\/tr\/wp-json\/wp\/v2\/media?parent=5132"}],"wp:term":[{"taxonomy":"product_brand","embeddable":true,"href":"https:\/\/www.horn-wzm.de\/tr\/wp-json\/wp\/v2\/product_brand?post=5132"},{"taxonomy":"product_cat","embeddable":true,"href":"https:\/\/www.horn-wzm.de\/tr\/wp-json\/wp\/v2\/product_cat?post=5132"},{"taxonomy":"product_tag","embeddable":true,"href":"https:\/\/www.horn-wzm.de\/tr\/wp-json\/wp\/v2\/product_tag?post=5132"}],"curies":[{"name":"wp","href":"https:\/\/api.w.org\/{rel}","templated":true}]}}