{"id":4658,"date":"2024-11-12T15:23:50","date_gmt":"2024-11-12T14:23:50","guid":{"rendered":"https:\/\/www.horn-wzm.de\/shop\/unkategorisiert\/gebr-werkzeughalter-star-_wto_410510005-44-sv-20-intnr231143\/"},"modified":"2024-11-12T15:23:50","modified_gmt":"2024-11-12T14:23:50","slug":"gebr-takim-tutucu-star-_wto_410510005-44-sv-20-intnr231143","status":"publish","type":"product","link":"https:\/\/www.horn-wzm.de\/tr\/shop\/werkzeughalter\/gebr-werkzeughalter-star-_wto_410510005-44-sv-20-intnr231143\/","title":{"rendered":"markal\u0131 tak\u0131m tutucu STAR _WTO_410510005-44 SV 20 (IntNo231143)"},"content":{"rendered":"<p><b>Konum:<\/b> Almanya, Baden-W\u00fcrttemberg G\u00fcneybat\u0131<\/p>\n<p><b>Durum:<\/b> Yeni kadar iyi<\/p>\n<p><b>\u00dcretici firma:<\/b> DT\u00d6<\/p>\n<p>\u00d6nden i\u015fleme i\u00e7in derin delik delme ama\u00e7l\u0131 delme\/frezeleme cihaz\u0131<br \/>\nana i\u015f miline<br \/>\n410510005-44<br \/>\nA\u015fa\u011f\u0131daki STAR makine tipleri i\u00e7in uygundur:<br \/>\nST-20-32-38 SV-12-20-32 \/ ECAS<br \/>\nDahili + harici so\u011futma s\u0131v\u0131s\u0131 beslemesi<br \/>\nSo\u011futma s\u0131v\u0131s\u0131 bas\u0131nc\u0131 maks. 120 bar<br \/>\n97mm<br \/>\nER 16<br \/>\n\u015eaft \u00d844mm<br \/>\nAlet - \u00d8\u00d80.5-10mm<br \/>\n10 Nm<br \/>\nN2 maks. 6.000 rpm<br \/>\nI 1:1<br \/>\nTeknik veri ve bilgilerdeki de\u011fi\u015fiklikler ve hatalar ile \u00f6n sat\u0131\u015f hakk\u0131 sakl\u0131d\u0131r!<\/p>\n<p>\u00d6nden i\u015fleme i\u00e7in derin delik delme ama\u00e7l\u0131 delme\/frezeleme cihaz\u0131<br \/>\nana mil i\u00e7in<br \/>\n410510005-44<br \/>\nA\u015fa\u011f\u0131daki STAR makine tipleri i\u00e7in uygundur:<br \/>\nST-20-32-38 SV-12-20-32 \/ ECAS<br \/>\nDahili + harici so\u011futma s\u0131v\u0131s\u0131 beslemesi<br \/>\nSo\u011futma s\u0131v\u0131s\u0131 bas\u0131nc\u0131 maks. 120bar<br \/>\n97mm<br \/>\nER 16<br \/>\n\u015eaft \u00d844mm<br \/>\nAlet - \u00d8\u00d80.5-10mm<br \/>\n10 Nm<br \/>\nN2 maks. 6.000 rpm<br \/>\nI 1:1<br \/>\nTeknik veri ve bilgilerdeki de\u011fi\u015fiklikler ve hatalar ile \u00f6n sat\u0131\u015f hakk\u0131 sakl\u0131d\u0131r!<\/p>","protected":false},"excerpt":{"rendered":"<p>Standort: Deutschland, Baden-W\u00fcrttemberg S\u00fcdwest Zustand: Neuwertig Hersteller: WTO Bohr-Fr\u00e4seinrichtung zum Tieflochbohren f\u00fcr Frontalbearbeitung zu Hauptspindel 410510005-44 Passend f\u00fcr folgende STAR-Maschinentypen: ST-20-32-38 SV-12-20-32 \/ ECAS Interne + Externe K\u00fchlmittelzufuhr K\u00fchlmitteldruck max. 120bar 97mm ER 16 Schaft \u00d844mm Werkzeug \u2013 \u00d8\u00d80,5-10mm 10 Nm N2 max. 6.000 rpm I 1:1 Aenderungen und Irrtuemer in den technischen Daten und [&hellip;]<\/p>\n","protected":false},"featured_media":4655,"template":"","meta":[],"product_brand":[],"product_cat":[84],"product_tag":[],"class_list":{"0":"post-4658","1":"product","2":"type-product","3":"status-publish","4":"has-post-thumbnail","6":"product_cat-werkzeughalter","8":"first","9":"instock","10":"taxable","11":"shipping-taxable","12":"product-type-simple"},"aioseo_notices":[],"_links":{"self":[{"href":"https:\/\/www.horn-wzm.de\/tr\/wp-json\/wp\/v2\/product\/4658","targetHints":{"allow":["GET"]}}],"collection":[{"href":"https:\/\/www.horn-wzm.de\/tr\/wp-json\/wp\/v2\/product"}],"about":[{"href":"https:\/\/www.horn-wzm.de\/tr\/wp-json\/wp\/v2\/types\/product"}],"version-history":[{"count":1,"href":"https:\/\/www.horn-wzm.de\/tr\/wp-json\/wp\/v2\/product\/4658\/revisions"}],"predecessor-version":[{"id":4659,"href":"https:\/\/www.horn-wzm.de\/tr\/wp-json\/wp\/v2\/product\/4658\/revisions\/4659"}],"wp:featuredmedia":[{"embeddable":true,"href":"https:\/\/www.horn-wzm.de\/tr\/wp-json\/wp\/v2\/media\/4655"}],"wp:attachment":[{"href":"https:\/\/www.horn-wzm.de\/tr\/wp-json\/wp\/v2\/media?parent=4658"}],"wp:term":[{"taxonomy":"product_brand","embeddable":true,"href":"https:\/\/www.horn-wzm.de\/tr\/wp-json\/wp\/v2\/product_brand?post=4658"},{"taxonomy":"product_cat","embeddable":true,"href":"https:\/\/www.horn-wzm.de\/tr\/wp-json\/wp\/v2\/product_cat?post=4658"},{"taxonomy":"product_tag","embeddable":true,"href":"https:\/\/www.horn-wzm.de\/tr\/wp-json\/wp\/v2\/product_tag?post=4658"}],"curies":[{"name":"wp","href":"https:\/\/api.w.org\/{rel}","templated":true}]}}