{"id":4637,"date":"2024-11-12T15:08:38","date_gmt":"2024-11-12T14:08:38","guid":{"rendered":"https:\/\/www.horn-wzm.de\/shop\/unkategorisiert\/gebr-werkzeughalter-star-451-55-00_star-sv-12-intnr231139\/"},"modified":"2024-11-12T15:08:39","modified_gmt":"2024-11-12T14:08:39","slug":"gebr-alet-tutucu-star-451-55-00_star-sv-12-intnr231139","status":"publish","type":"product","link":"https:\/\/www.horn-wzm.de\/tr\/shop\/werkzeughalter\/gebr-werkzeughalter-star-451-55-00_star-sv-12-intnr231139\/","title":{"rendered":"STAR 451-55-00_Star SV-12 tak\u0131m tutucu (IntNo231139)"},"content":{"rendered":"<p><b>Konum:<\/b> Almanya, Baden-W\u00fcrttemberg G\u00fcneybat\u0131<\/p>\n<p><b>Durum:<\/b> Yeni kadar iyi<\/p>\n<p><b>\u00dcretici firma:<\/b> STAR Micronics<\/p>\n<p>A\u00e7\u0131s\u0131 ayarlanabilir ER11 delme\/frezeleme ata\u015fman\u0131 (0-90\u00b0); y\u00fcksek h\u0131zda \u00e7al\u0131\u015fma<br \/>\n12000 1\/dak<br \/>\nana i\u015f miline<br \/>\n451-55-00<br \/>\nA\u015fa\u011f\u0131daki STAR makine tipleri i\u00e7in uygundur:<br \/>\nST-20-32-38 SV-12-20-32 \/ ECAS<br \/>\n\u00c7\u0131k\u0131\u015f h\u0131z\u0131 maks. 12000 1\/dak<br \/>\nTeknik veri ve bilgilerdeki de\u011fi\u015fiklikler ve hatalar ile \u00f6n sat\u0131\u015f hakk\u0131 sakl\u0131d\u0131r!<\/p>\n<p>A\u00e7\u0131s\u0131 ayarlanabilir ER11 delme\/frezeleme ata\u015fman\u0131 (0-90\u00b0); y\u00fcksek h\u0131zda \u00e7al\u0131\u015fma<br \/>\n12000 1\/dak<br \/>\nana mil i\u00e7in<br \/>\n451-55-00<br \/>\nA\u015fa\u011f\u0131daki STAR makine tipleri i\u00e7in uygundur:<br \/>\nST-20-32-38 SV-12-20-32 \/ ECAS<br \/>\n\u00c7\u0131k\u0131\u015f h\u0131z\u0131 maks. 12000 1\/dak<br \/>\nTeknik verilerdeki ve bilgilerdeki de\u011fi\u015fikliklere ve hatalara ve ayr\u0131ca sat\u0131\u015f \u00f6ncesine tabidir!<\/p>","protected":false},"excerpt":{"rendered":"<p>Standort: Deutschland, Baden-W\u00fcrttemberg S\u00fcdwest Zustand: Neuwertig Hersteller: STAR Micronics Winkeleinstellbarer Bohr-\/Fr\u00e4sapparat ER11 (0-90\u00b0); Schnelllauf 12000 1\/min zu Hauptspindel 451-55-00 Passend f\u00fcr folgende STAR-Maschinentypen: ST-20-32-38 SV-12-20-32 \/ ECAS Ausgangsdrehzahl max. 12000 1\/min Aenderungen und Irrtuemer in den technischen Daten und Angaben sowie Zwischenverkauf vorbehalten! Angle-adjustable ER11 drilling\/milling attachment (0-90\u00b0); high-speed operation 12000 1\/min for main spindle [&hellip;]<\/p>\n","protected":false},"featured_media":4635,"template":"","meta":[],"product_brand":[],"product_cat":[84],"product_tag":[],"class_list":{"0":"post-4637","1":"product","2":"type-product","3":"status-publish","4":"has-post-thumbnail","6":"product_cat-werkzeughalter","8":"first","9":"instock","10":"taxable","11":"shipping-taxable","12":"product-type-simple"},"aioseo_notices":[],"_links":{"self":[{"href":"https:\/\/www.horn-wzm.de\/tr\/wp-json\/wp\/v2\/product\/4637","targetHints":{"allow":["GET"]}}],"collection":[{"href":"https:\/\/www.horn-wzm.de\/tr\/wp-json\/wp\/v2\/product"}],"about":[{"href":"https:\/\/www.horn-wzm.de\/tr\/wp-json\/wp\/v2\/types\/product"}],"version-history":[{"count":1,"href":"https:\/\/www.horn-wzm.de\/tr\/wp-json\/wp\/v2\/product\/4637\/revisions"}],"predecessor-version":[{"id":4638,"href":"https:\/\/www.horn-wzm.de\/tr\/wp-json\/wp\/v2\/product\/4637\/revisions\/4638"}],"wp:featuredmedia":[{"embeddable":true,"href":"https:\/\/www.horn-wzm.de\/tr\/wp-json\/wp\/v2\/media\/4635"}],"wp:attachment":[{"href":"https:\/\/www.horn-wzm.de\/tr\/wp-json\/wp\/v2\/media?parent=4637"}],"wp:term":[{"taxonomy":"product_brand","embeddable":true,"href":"https:\/\/www.horn-wzm.de\/tr\/wp-json\/wp\/v2\/product_brand?post=4637"},{"taxonomy":"product_cat","embeddable":true,"href":"https:\/\/www.horn-wzm.de\/tr\/wp-json\/wp\/v2\/product_cat?post=4637"},{"taxonomy":"product_tag","embeddable":true,"href":"https:\/\/www.horn-wzm.de\/tr\/wp-json\/wp\/v2\/product_tag?post=4637"}],"curies":[{"name":"wp","href":"https:\/\/api.w.org\/{rel}","templated":true}]}}