{"id":4613,"date":"2024-11-12T14:43:18","date_gmt":"2024-11-12T13:43:18","guid":{"rendered":"https:\/\/www.horn-wzm.de\/shop\/unkategorisiert\/gebr-werkzeughalter-star-421-73-00_sv20-intnr231135\/"},"modified":"2024-11-12T14:43:18","modified_gmt":"2024-11-12T13:43:18","slug":"gebr-alet-tutucu-star-421-73-00_sv20-intnr231135","status":"publish","type":"product","link":"https:\/\/www.horn-wzm.de\/tr\/shop\/werkzeughalter\/gebr-werkzeughalter-star-421-73-00_sv20-intnr231135\/","title":{"rendered":"markal\u0131 tak\u0131m tutucu STAR 421-73-00_SV20 (IntNo231135)"},"content":{"rendered":"<p><b>Konum:<\/b> Almanya, Baden-W\u00fcrttemberg G\u00fcneybat\u0131<\/p>\n<p><b>Durum:<\/b> Yeni kadar iyi<\/p>\n<p><b>\u00dcretici firma:<\/b> STAR Micronics<\/p>\n<p>Ayarlanabilir d\u0131\u015f di\u015fli d\u00f6ner ba\u011flant\u0131 (1\u00b0-10\u00b0)<br \/>\nana i\u015f miline<br \/>\n421-73-00<br \/>\nA\u015fa\u011f\u0131daki STAR makine tipleri i\u00e7in uygundur:<br \/>\nST-20-32-38 SV-12-20-32 \/ ECAS<br \/>\n\u00c7eviri 1:1<br \/>\nGiri\u015f h\u0131z\u0131 maks. 3000 1\/dak<br \/>\n\u00c7\u0131k\u0131\u015f h\u0131z\u0131 maks. 3000 1\/dak<br \/>\nTeknik veri ve bilgilerdeki de\u011fi\u015fiklikler ve hatalar ile \u00f6n sat\u0131\u015f hakk\u0131 sakl\u0131d\u0131r!<\/p>\n<p>Ayarlanabilir d\u0131\u015f di\u015f d\u00f6nd\u00fcrme cihaz\u0131 (1\u00b0-10\u00b0)<br \/>\nana mil i\u00e7in<br \/>\n421-73-00<br \/>\nA\u015fa\u011f\u0131daki STAR makine tipleri i\u00e7in uygundur:<br \/>\nST-20-32-38 SV-12-20-32 \/ ECAS<br \/>\nDi\u015fli oran\u0131 1:1<br \/>\nGiri\u015f h\u0131z\u0131 maks. 3000 1\/dak<br \/>\n\u00c7\u0131k\u0131\u015f h\u0131z\u0131 maks. 3000 1\/dak<br \/>\nTeknik verilerdeki ve bilgilerdeki de\u011fi\u015fikliklere ve hatalara ve ayr\u0131ca sat\u0131\u015f \u00f6ncesine tabidir!<\/p>","protected":false},"excerpt":{"rendered":"<p>Standort: Deutschland, Baden-W\u00fcrttemberg S\u00fcdwest Zustand: Neuwertig Hersteller: STAR Micronics Aussengewindewirbelapparat einstellbar (1\u00b0-10\u00b0) zu Hauptspindel 421-73-00 Passend f\u00fcr folgende STAR-Maschinentypen: ST-20-32-38 SV-12-20-32 \/ ECAS \u00dcbersetzung 1:1 Eingangsdrehzahl max. 3000 1\/min Ausgangsdrehzahl max. 3000 1\/min Aenderungen und Irrtuemer in den technischen Daten und Angaben sowie Zwischenverkauf vorbehalten! External thread whirling device adjustable (1\u00b0-10\u00b0) for main spindle 421-73-00 [&hellip;]<\/p>\n","protected":false},"featured_media":4611,"template":"","meta":[],"product_brand":[],"product_cat":[84],"product_tag":[],"class_list":{"0":"post-4613","1":"product","2":"type-product","3":"status-publish","4":"has-post-thumbnail","6":"product_cat-werkzeughalter","8":"first","9":"instock","10":"taxable","11":"shipping-taxable","12":"product-type-simple"},"aioseo_notices":[],"_links":{"self":[{"href":"https:\/\/www.horn-wzm.de\/tr\/wp-json\/wp\/v2\/product\/4613","targetHints":{"allow":["GET"]}}],"collection":[{"href":"https:\/\/www.horn-wzm.de\/tr\/wp-json\/wp\/v2\/product"}],"about":[{"href":"https:\/\/www.horn-wzm.de\/tr\/wp-json\/wp\/v2\/types\/product"}],"version-history":[{"count":1,"href":"https:\/\/www.horn-wzm.de\/tr\/wp-json\/wp\/v2\/product\/4613\/revisions"}],"predecessor-version":[{"id":4614,"href":"https:\/\/www.horn-wzm.de\/tr\/wp-json\/wp\/v2\/product\/4613\/revisions\/4614"}],"wp:featuredmedia":[{"embeddable":true,"href":"https:\/\/www.horn-wzm.de\/tr\/wp-json\/wp\/v2\/media\/4611"}],"wp:attachment":[{"href":"https:\/\/www.horn-wzm.de\/tr\/wp-json\/wp\/v2\/media?parent=4613"}],"wp:term":[{"taxonomy":"product_brand","embeddable":true,"href":"https:\/\/www.horn-wzm.de\/tr\/wp-json\/wp\/v2\/product_brand?post=4613"},{"taxonomy":"product_cat","embeddable":true,"href":"https:\/\/www.horn-wzm.de\/tr\/wp-json\/wp\/v2\/product_cat?post=4613"},{"taxonomy":"product_tag","embeddable":true,"href":"https:\/\/www.horn-wzm.de\/tr\/wp-json\/wp\/v2\/product_tag?post=4613"}],"curies":[{"name":"wp","href":"https:\/\/api.w.org\/{rel}","templated":true}]}}