{"id":4569,"date":"2024-11-12T13:28:26","date_gmt":"2024-11-12T12:28:26","guid":{"rendered":"https:\/\/www.horn-wzm.de\/shop\/unkategorisiert\/gebr-werkzeughalter-star-221-10-00-st-20_ecas-20t_sv-20r_sv-32jii-intnr231124\/"},"modified":"2024-11-12T13:28:26","modified_gmt":"2024-11-12T12:28:26","slug":"gebr-takim-tutucu-star-221-10-00-st-20_ecas-20t_sv-20r_sv-32jii-intnr231124","status":"publish","type":"product","link":"https:\/\/www.horn-wzm.de\/tr\/shop\/werkzeughalter\/gebr-werkzeughalter-star-221-10-00-st-20_ecas-20t_sv-20r_sv-32jii-intnr231124\/","title":{"rendered":"STAR 221-10-00 ST-20_ECAS-20T_SV-20R_SV-32JII (IntNo231124)"},"content":{"rendered":"<p><b>Konum:<\/b> Almanya, Baden-W\u00fcrttemberg G\u00fcneybat\u0131<\/p>\n<p><b>Durum:<\/b> Yeni kadar iyi<\/p>\n<p><b>\u00dcretici firma:<\/b> STAR Micronics<\/p>\n<p><b>\u0130n\u015faat y\u0131l\u0131:<\/b> 2018<\/p>\n<p>1 katl\u0131 matkap tutucu \u00d822mm \u015faft<br \/>\n ana i\u015f mili ve kar\u015f\u0131 i\u015f mili i\u00e7in A75mm<br \/>\n221-10-00<br \/>\nA\u015fa\u011f\u0131daki STAR makine tipleri i\u00e7in uygundur:<br \/>\nST-20-32-38 SV-12-20-32 \/ ECAS<br \/>\nTeknik veri ve bilgilerdeki de\u011fi\u015fiklikler ve hatalar ile \u00f6n sat\u0131\u015f hakk\u0131 sakl\u0131d\u0131r!<\/p>\n<p>1 katl\u0131 matkap tutucu \u00d822mm \u015faft<br \/>\n ana i\u015f mili ve kar\u015f\u0131 i\u015f mili i\u00e7in A75mm<br \/>\n221-10-00<br \/>\nA\u015fa\u011f\u0131daki STAR makine tipleri i\u00e7in uygundur:<br \/>\nST-20-32-38 SV-12-20-32 \/ ECAS<br \/>\nTeknik verilerdeki ve bilgilerdeki de\u011fi\u015fikliklere ve hatalara ve ayr\u0131ca sat\u0131\u015f \u00f6ncesine tabidir!<\/p>","protected":false},"excerpt":{"rendered":"<p>Standort: Deutschland, Baden-W\u00fcrttemberg S\u00fcdwest Zustand: Neuwertig Hersteller: STAR Micronics Baujahr: 2018 1-fach Bohrhalter \u00d822mm Schaft zu Hauptspindel und Gegenspindel A75mm 221-10-00 Passend f\u00fcr folgende STAR-Maschinentypen: ST-20-32-38 SV-12-20-32 \/ ECAS Aenderungen und Irrtuemer in den technischen Daten und Angaben sowie Zwischenverkauf vorbehalten! 1-fold drill holder \u00d822mm shank for main spindle and counter spindle A75mm 221-10-00 Suitable [&hellip;]<\/p>\n","protected":false},"featured_media":4567,"template":"","meta":[],"product_brand":[],"product_cat":[84],"product_tag":[],"class_list":{"0":"post-4569","1":"product","2":"type-product","3":"status-publish","4":"has-post-thumbnail","6":"product_cat-werkzeughalter","8":"first","9":"instock","10":"taxable","11":"shipping-taxable","12":"product-type-simple"},"aioseo_notices":[],"_links":{"self":[{"href":"https:\/\/www.horn-wzm.de\/tr\/wp-json\/wp\/v2\/product\/4569","targetHints":{"allow":["GET"]}}],"collection":[{"href":"https:\/\/www.horn-wzm.de\/tr\/wp-json\/wp\/v2\/product"}],"about":[{"href":"https:\/\/www.horn-wzm.de\/tr\/wp-json\/wp\/v2\/types\/product"}],"version-history":[{"count":1,"href":"https:\/\/www.horn-wzm.de\/tr\/wp-json\/wp\/v2\/product\/4569\/revisions"}],"predecessor-version":[{"id":4570,"href":"https:\/\/www.horn-wzm.de\/tr\/wp-json\/wp\/v2\/product\/4569\/revisions\/4570"}],"wp:featuredmedia":[{"embeddable":true,"href":"https:\/\/www.horn-wzm.de\/tr\/wp-json\/wp\/v2\/media\/4567"}],"wp:attachment":[{"href":"https:\/\/www.horn-wzm.de\/tr\/wp-json\/wp\/v2\/media?parent=4569"}],"wp:term":[{"taxonomy":"product_brand","embeddable":true,"href":"https:\/\/www.horn-wzm.de\/tr\/wp-json\/wp\/v2\/product_brand?post=4569"},{"taxonomy":"product_cat","embeddable":true,"href":"https:\/\/www.horn-wzm.de\/tr\/wp-json\/wp\/v2\/product_cat?post=4569"},{"taxonomy":"product_tag","embeddable":true,"href":"https:\/\/www.horn-wzm.de\/tr\/wp-json\/wp\/v2\/product_tag?post=4569"}],"curies":[{"name":"wp","href":"https:\/\/api.w.org\/{rel}","templated":true}]}}