{"id":4533,"date":"2024-11-12T12:16:39","date_gmt":"2024-11-12T11:16:39","guid":{"rendered":"https:\/\/www.horn-wzm.de\/shop\/unkategorisiert\/gebr-werkzeughalter-star-3-fach-stahlhalter-12mm_rueckseite-intnr231129\/"},"modified":"2024-11-12T12:16:39","modified_gmt":"2024-11-12T11:16:39","slug":"gebr-alet-tutucu-yildiz-3-boelmeli-celik-tutucu-12mm_arka-intnr231129","status":"publish","type":"product","link":"https:\/\/www.horn-wzm.de\/tr\/shop\/werkzeughalter\/gebr-werkzeughalter-star-3-fach-stahlhalter-12mm_rueckseite-intnr231129\/","title":{"rendered":"kullan\u0131lm\u0131\u015f tak\u0131m tutucu STAR 3 katl\u0131 \u00e7elik tutucu 12mm_back (IntNo231129)"},"content":{"rendered":"<p><b>Konum:<\/b> Almanya, Baden-W\u00fcrttemberg G\u00fcneybat\u0131<\/p>\n<p><b>Durum:<\/b> Yeni kadar iyi<\/p>\n<p><b>\u00dcretici firma:<\/b> STAR Micronics<\/p>\n<p><b>\u0130n\u015faat y\u0131l\u0131:<\/b> 2018<\/p>\n<p>3 katl\u0131 \u00e7elik tutucu 12 x 12 mm_arka taretten kar\u015f\u0131 i\u015f miline<br \/>\nA\u015fa\u011f\u0131daki STAR makine tipleri i\u00e7in uygundur:<br \/>\nST-20- SV-12-20-32 \/ ECAS<br \/>\nTeknik veri ve bilgilerdeki de\u011fi\u015fiklikler ve hatalar ile \u00f6n sat\u0131\u015f hakk\u0131 sakl\u0131d\u0131r!<\/p>\n<p>3 katl\u0131 \u00e7elik tutucu 12 x 12 mm_arka taretten kar\u015f\u0131 i\u015f miline<br \/>\nA\u015fa\u011f\u0131daki STAR makine tipleri i\u00e7in uygundur:<br \/>\nST-20- SV-12-20-32 \/ ECAS<br \/>\nTeknik verilerdeki ve bilgilerdeki de\u011fi\u015fikliklere ve hatalara ve ayr\u0131ca sat\u0131\u015f \u00f6ncesine tabidir!<\/p>","protected":false},"excerpt":{"rendered":"<p>Standort: Deutschland, Baden-W\u00fcrttemberg S\u00fcdwest Zustand: Neuwertig Hersteller: STAR Micronics Baujahr: 2018 3 fach Stahlhalter 12 x 12 mm_Revolver R\u00fcckseite zu Gegenspindel Passend f\u00fcr folgende STAR-Maschinentypen: ST-20- SV-12-20-32 \/ ECAS Aenderungen und Irrtuemer in den technischen Daten und Angaben sowie Zwischenverkauf vorbehalten! 3-fold steel holder 12 x 12 mm_rear turret to counter spindle Suitable for the [&hellip;]<\/p>\n","protected":false},"featured_media":4531,"template":"","meta":[],"product_brand":[],"product_cat":[84],"product_tag":[],"class_list":{"0":"post-4533","1":"product","2":"type-product","3":"status-publish","4":"has-post-thumbnail","6":"product_cat-werkzeughalter","8":"first","9":"instock","10":"taxable","11":"shipping-taxable","12":"product-type-simple"},"aioseo_notices":[],"_links":{"self":[{"href":"https:\/\/www.horn-wzm.de\/tr\/wp-json\/wp\/v2\/product\/4533","targetHints":{"allow":["GET"]}}],"collection":[{"href":"https:\/\/www.horn-wzm.de\/tr\/wp-json\/wp\/v2\/product"}],"about":[{"href":"https:\/\/www.horn-wzm.de\/tr\/wp-json\/wp\/v2\/types\/product"}],"version-history":[{"count":1,"href":"https:\/\/www.horn-wzm.de\/tr\/wp-json\/wp\/v2\/product\/4533\/revisions"}],"predecessor-version":[{"id":4534,"href":"https:\/\/www.horn-wzm.de\/tr\/wp-json\/wp\/v2\/product\/4533\/revisions\/4534"}],"wp:featuredmedia":[{"embeddable":true,"href":"https:\/\/www.horn-wzm.de\/tr\/wp-json\/wp\/v2\/media\/4531"}],"wp:attachment":[{"href":"https:\/\/www.horn-wzm.de\/tr\/wp-json\/wp\/v2\/media?parent=4533"}],"wp:term":[{"taxonomy":"product_brand","embeddable":true,"href":"https:\/\/www.horn-wzm.de\/tr\/wp-json\/wp\/v2\/product_brand?post=4533"},{"taxonomy":"product_cat","embeddable":true,"href":"https:\/\/www.horn-wzm.de\/tr\/wp-json\/wp\/v2\/product_cat?post=4533"},{"taxonomy":"product_tag","embeddable":true,"href":"https:\/\/www.horn-wzm.de\/tr\/wp-json\/wp\/v2\/product_tag?post=4533"}],"curies":[{"name":"wp","href":"https:\/\/api.w.org\/{rel}","templated":true}]}}