{"id":4174,"date":"2024-10-23T14:55:50","date_gmt":"2024-10-23T12:55:50","guid":{"rendered":"https:\/\/www.horn-wzm.de\/shop\/unkategorisiert\/gebr-citizen-l520-vii-mit-iemca-baujahr-2003-intnr230445\/"},"modified":"2025-02-08T12:12:58","modified_gmt":"2025-02-08T11:12:58","slug":"gebr-citizen-l520-vii-i%cc%87emca-i%cc%87le-yil-2003-intnr230445","status":"publish","type":"product","link":"https:\/\/www.horn-wzm.de\/tr\/shop\/cnc-langdrehmaschinen\/gebr-citizen-l520-vii-mit-iemca-baujahr-2003-intnr230445\/","title":{"rendered":"Citizen L520-VII, IEMCA ile \u00fcretim y\u0131l\u0131 2003 (IntNr230445)"},"content":{"rendered":"<p><b>Konum:<\/b> Almanya, Baden-W\u00fcrttemberg G\u00fcneybat\u0131<\/p>\n<p><b>Durum:<\/b> Kullan\u0131lm\u0131\u015f<\/p>\n<p><b>\u00dcretici firma:<\/b> Citizen Makine<\/p>\n<p><b>\u0130n\u015faat y\u0131l\u0131:<\/b> 2003<\/p>\n<p>kullan\u0131lm\u0131\u015f CNC kayar kafal\u0131 torna Citizen L520-VII, y\u0131l 2003<br \/>\nKontrol sistemi, Cincom Mitsubishi Meldas,<br \/>\n7 eksen (X1\/Z1\/Y1\/C1\/X2\/Z2\/C2,<br \/>\n\u00c7ubuk \u00d8 maks. 20 mm,<br \/>\nD\u00f6n\u00fc\u015f uzunlu\u011fu maks. 205 mm,<br \/>\nAna i\u015f mili, maks. h\u0131z 10.000 rpm, C ekseni 0,001 derece,<br \/>\nKar\u015f\u0131 i\u015f mili, maks. h\u0131z 10.000 rpm, C ekseni 0,001 derece,<br \/>\nToplam 18 tak\u0131m i\u00e7in tak\u0131m tutucu (lineer tak\u0131m tutucu, \u00f6n ata\u015fman, arka i\u015fleme),<br \/>\nPar\u00e7a konvey\u00f6r band\u0131,<br \/>\nYang\u0131n s\u00f6nd\u00fcrme sistemi<br \/>\nTala\u015f konvey\u00f6r\u00fc,<br \/>\nDergi y\u00fckleniyor IEMCA BOSS 432r<\/p>\n<p>Makine randevu ile elektrik alt\u0131nda incelenebilir.<br \/>\nTeknik veri ve bilgilerdeki de\u011fi\u015fiklikler ve hatalar ile \u00f6n sat\u0131\u015f hakk\u0131 sakl\u0131d\u0131r!<\/p>\n<p>kullan\u0131lm\u0131\u015f CNC-torna Citizen L520-VII, 2003 y\u0131l\u0131<br \/>\nKontrol, Cincom Mitsubishi Meldas,<br \/>\n7 eksen (X1\/Z1\/Y1\/C1\/X2\/Z2\/C2,<br \/>\nbar-\u00d8 maks. 20 mm,<br \/>\nd\u00f6n\u00fc\u015f uzunlu\u011fu maks. 205 mm,<br \/>\nana i\u015f mili, h\u0131z maks. 10.000 rpm, C ekseni 0,001 derece,<br \/>\nkar\u015f\u0131 i\u015f mili, h\u0131z maks. 10.000 rpm, C ekseni 0,001 derece,<br \/>\nTak\u0131m tutucu f. toplam 18 tak\u0131m (do\u011frusal tak\u0131m tutucu, \u00f6n ata\u015fman, geri \u00e7al\u0131\u015fma),<br \/>\npar\u00e7a konvey\u00f6r band\u0131,<br \/>\nyang\u0131n s\u00f6nd\u00fcrme sistemi<br \/>\ntala\u015f konvey\u00f6r\u00fc,<br \/>\ny\u00fckleme dergisi IEMCA BOSS 432r<\/p>\n<p>Makine \u00f6nceden ayarlanarak g\u00fc\u00e7 alt\u0131nda incelenebilir.<br \/>\nTeknik verilerdeki ve bilgilerdeki de\u011fi\u015fikliklere ve hatalara ve ayr\u0131ca sat\u0131\u015f \u00f6ncesine tabidir!<\/p>","protected":false},"excerpt":{"rendered":"<p>Standort: Deutschland, Baden-W\u00fcrttemberg S\u00fcdwest Zustand: Gebraucht Hersteller: Citizen Machinery Baujahr: 2003 gebr. CNC-Langdrehmaschine Citizen L520-VII, Bj. 2003 Steuerung, Cincom Mitsubishi Meldas, 7 Achsen (X1\/Z1\/Y1\/C1\/X2\/Z2\/C2, Stangen-\u00d8 max. 20 mm, Drehl\u00e4nge max. 205 mm, Hauptspindel, Drehzahl max. 10.000 U\/min, C-Achse 0,001 Grad, Gegenspindel, Drehzahl max. 10.000 U\/min, C-Achse 0,001 Grad, Werkzeughalter f. insgesamt 18 Werkzeuge (Linearwerkzeughalter, Frontapparat, [&hellip;]<\/p>\n","protected":false},"featured_media":5595,"template":"","meta":[],"product_brand":[],"product_cat":[81],"product_tag":[],"class_list":{"0":"post-4174","1":"product","2":"type-product","3":"status-publish","4":"has-post-thumbnail","6":"product_cat-cnc-langdrehmaschinen","8":"first","9":"instock","10":"taxable","11":"shipping-taxable","12":"product-type-simple"},"aioseo_notices":[],"_links":{"self":[{"href":"https:\/\/www.horn-wzm.de\/tr\/wp-json\/wp\/v2\/product\/4174","targetHints":{"allow":["GET"]}}],"collection":[{"href":"https:\/\/www.horn-wzm.de\/tr\/wp-json\/wp\/v2\/product"}],"about":[{"href":"https:\/\/www.horn-wzm.de\/tr\/wp-json\/wp\/v2\/types\/product"}],"version-history":[{"count":1,"href":"https:\/\/www.horn-wzm.de\/tr\/wp-json\/wp\/v2\/product\/4174\/revisions"}],"predecessor-version":[{"id":4175,"href":"https:\/\/www.horn-wzm.de\/tr\/wp-json\/wp\/v2\/product\/4174\/revisions\/4175"}],"wp:featuredmedia":[{"embeddable":true,"href":"https:\/\/www.horn-wzm.de\/tr\/wp-json\/wp\/v2\/media\/5595"}],"wp:attachment":[{"href":"https:\/\/www.horn-wzm.de\/tr\/wp-json\/wp\/v2\/media?parent=4174"}],"wp:term":[{"taxonomy":"product_brand","embeddable":true,"href":"https:\/\/www.horn-wzm.de\/tr\/wp-json\/wp\/v2\/product_brand?post=4174"},{"taxonomy":"product_cat","embeddable":true,"href":"https:\/\/www.horn-wzm.de\/tr\/wp-json\/wp\/v2\/product_cat?post=4174"},{"taxonomy":"product_tag","embeddable":true,"href":"https:\/\/www.horn-wzm.de\/tr\/wp-json\/wp\/v2\/product_tag?post=4174"}],"curies":[{"name":"wp","href":"https:\/\/api.w.org\/{rel}","templated":true}]}}