{"id":4163,"date":"2024-10-23T14:55:12","date_gmt":"2024-10-23T12:55:12","guid":{"rendered":"https:\/\/www.horn-wzm.de\/shop\/unkategorisiert\/gebr-cnc-citizen-c16-vi-baujahr-2004-intnr230440\/"},"modified":"2025-02-08T12:08:56","modified_gmt":"2025-02-08T11:08:56","slug":"gebr-cnc-citizen-c16-vi-yil-2004-intnr230440","status":"publish","type":"product","link":"https:\/\/www.horn-wzm.de\/tr\/shop\/cnc-langdrehmaschinen\/gebr-cnc-citizen-c16-vi-baujahr-2004-intnr230440\/","title":{"rendered":"markal\u0131 CNC Citizen C16-VI y\u0131l 2004 (IntNr230440)"},"content":{"rendered":"<p><b>Konum:<\/b> Almanya, Baden-W\u00fcrttemberg G\u00fcneybat\u0131<\/p>\n<p><b>Durum:<\/b> Kullan\u0131lm\u0131\u015f<\/p>\n<p><b>\u00dcretici firma:<\/b> Citizen Makine<\/p>\n<p><b>Model:<\/b> Citizen Makine<\/p>\n<p><b>\u0130n\u015faat y\u0131l\u0131:<\/b> 2004<\/p>\n<p>CINCOM MITSUBISHI Meldas taraf\u0131ndan \u00fcretilen kontrol \u00fcnitesi<br \/>\n6 eksen (X1\/Z1\/Y1\/C1\/X2\/Z2),<br \/>\n\u00c7ubuk \u00d8 maks. 16 mm,<br \/>\nD\u00f6nd\u00fcrme uzunlu\u011fu maks. 200 mm,<br \/>\nAna i\u015f mili, maks. h\u0131z 10.000 rpm, C ekseni 0,001 derece,<br \/>\nKar\u015f\u0131 mil \u00d8 maks. 16 mm,<br \/>\nKar\u015f\u0131 i\u015f mili h\u0131z\u0131 maks. 10.000 rpm, i\u015f mili indeksleme dahil<br \/>\nToplam 17 tak\u0131m i\u00e7in tak\u0131m tutucu (lineer tak\u0131m tutucu, \u00f6n ata\u015fman, arka i\u015fleme),<br \/>\nPar\u00e7a konvey\u00f6r band\u0131<br \/>\nTala\u015f konvey\u00f6r\u00fc<br \/>\nYang\u0131n s\u00f6nd\u00fcrme sistemi<br \/>\nY\u00fckleme dergisi IEMCA Genius 118\/3200 Y\u0131l 2005<\/p>\n<p>Makine randevu ile g\u00f6r\u00fclebilir.<br \/>\nTeknik veri ve bilgilerdeki de\u011fi\u015fiklikler ve hatalar ile \u00f6n sat\u0131\u015f hakk\u0131 sakl\u0131d\u0131r!<\/p>\n<p>kontrol edin, CINCOM MITSUBISHI Meldas'\u0131 yap\u0131n<br \/>\n6 eksen (X1\/Z1\/Y1\/C1\/X2\/Z2),<br \/>\nbar-\u00d8 maks. 16 mm,<br \/>\nd\u00f6n\u00fc\u015f uzunlu\u011fu maks. 200 mm,<br \/>\nana i\u015f mili, h\u0131z maks. 10.000 rpm, C ekseni 0,001 derece,<br \/>\nkar\u015f\u0131 mil \u00d8 maks. 16 mm,<br \/>\nkar\u015f\u0131 i\u015f mili h\u0131z\u0131 maks. 10.000 rpm, i\u015f mili indeksleme dahil<br \/>\nToplam 17 tak\u0131m i\u00e7in tak\u0131m tutucu (lineer tak\u0131m tutucu, \u00f6n ata\u015fman, geri \u00e7al\u0131\u015fma),<br \/>\npar\u00e7a konvey\u00f6r band\u0131<br \/>\nTala\u015f konvey\u00f6r\u00fc<br \/>\nYang\u0131n s\u00f6nd\u00fcrme sistemi<br \/>\ny\u00fckleme dergisi IEMCA Genius 118\/3200 yap\u0131m y\u0131l\u0131 2005<\/p>\n<p>Makine randevu ile incelenebilir.<br \/>\nTeknik veri ve bilgilerdeki de\u011fi\u015fiklikler ve hatalar \u00f6nceden sat\u0131\u015fa tabidir!<\/p>","protected":false},"excerpt":{"rendered":"<p>Standort: Deutschland, Baden-W\u00fcrttemberg S\u00fcdwest Zustand: Gebraucht Hersteller: Citizen Machinery Modell: Citizen Machinery Baujahr: 2004 Steuerung, Fabr. CINCOM MITSUBISHI Meldas 6 Achsen (X1\/Z1\/Y1\/C1\/X2\/Z2), Stangen-\u00d8 max. 16 mm, Drehl\u00e4nge max. 200 mm, Hauptspindel, Drehzahl max. 10.000 U\/min, C-Achse 0,001 Grad, Gegenspindel-\u00d8 max. 16 mm, Gegenspindeldrehzahl max. 10.000 U\/min, inkl. Spindelindexierung Werkzeughalter f. insgesamt 17 Werkzeuge (Linearwerkzeughalter, Frontapparat, [&hellip;]<\/p>\n","protected":false},"featured_media":5572,"template":"","meta":[],"product_brand":[],"product_cat":[81],"product_tag":[],"class_list":{"0":"post-4163","1":"product","2":"type-product","3":"status-publish","4":"has-post-thumbnail","6":"product_cat-cnc-langdrehmaschinen","8":"first","9":"instock","10":"taxable","11":"shipping-taxable","12":"product-type-simple"},"aioseo_notices":[],"_links":{"self":[{"href":"https:\/\/www.horn-wzm.de\/tr\/wp-json\/wp\/v2\/product\/4163","targetHints":{"allow":["GET"]}}],"collection":[{"href":"https:\/\/www.horn-wzm.de\/tr\/wp-json\/wp\/v2\/product"}],"about":[{"href":"https:\/\/www.horn-wzm.de\/tr\/wp-json\/wp\/v2\/types\/product"}],"version-history":[{"count":2,"href":"https:\/\/www.horn-wzm.de\/tr\/wp-json\/wp\/v2\/product\/4163\/revisions"}],"predecessor-version":[{"id":5581,"href":"https:\/\/www.horn-wzm.de\/tr\/wp-json\/wp\/v2\/product\/4163\/revisions\/5581"}],"wp:featuredmedia":[{"embeddable":true,"href":"https:\/\/www.horn-wzm.de\/tr\/wp-json\/wp\/v2\/media\/5572"}],"wp:attachment":[{"href":"https:\/\/www.horn-wzm.de\/tr\/wp-json\/wp\/v2\/media?parent=4163"}],"wp:term":[{"taxonomy":"product_brand","embeddable":true,"href":"https:\/\/www.horn-wzm.de\/tr\/wp-json\/wp\/v2\/product_brand?post=4163"},{"taxonomy":"product_cat","embeddable":true,"href":"https:\/\/www.horn-wzm.de\/tr\/wp-json\/wp\/v2\/product_cat?post=4163"},{"taxonomy":"product_tag","embeddable":true,"href":"https:\/\/www.horn-wzm.de\/tr\/wp-json\/wp\/v2\/product_tag?post=4163"}],"curies":[{"name":"wp","href":"https:\/\/api.w.org\/{rel}","templated":true}]}}