{"id":4145,"date":"2024-10-23T14:54:09","date_gmt":"2024-10-23T12:54:09","guid":{"rendered":"https:\/\/www.horn-wzm.de\/shop\/unkategorisiert\/werkzeughalter-agw_hanwha-xd32_38_6-07_28x28mm_d32mm-intnr202101161\/"},"modified":"2024-10-23T14:54:09","modified_gmt":"2024-10-23T12:54:09","slug":"takim-tutucu-agw_hanwha-xd32_38_6-07_28x28mm_d32mm-intnr202101161","status":"publish","type":"product","link":"https:\/\/www.horn-wzm.de\/tr\/shop\/werkzeughalter\/werkzeughalter-agw_hanwha-xd32_38_6-07_28x28mm_d32mm-intnr202101161\/","title":{"rendered":"Tak\u0131m tutucu AGW_Hanwha XD32_38_6.07_28x28mm_D32mm (IntNo202101161)"},"content":{"rendered":"<p><b>Konum:<\/b> Almanya, Baden-W\u00fcrttemberg G\u00fcneybat\u0131<\/p>\n<p><b>Durum:<\/b> Kullan\u0131lm\u0131\u015f<\/p>\n<p><b>\u00dcretici firma:<\/b> DT\u00d6<\/p>\n<p>ER 16 \u00f6nden delme\/frezeleme ata\u015fman\u0131 arkadan i\u015fleme i\u00e7in tak\u0131m tutucu<br \/>\nHanwha tip XD-32-38 i\u00e7in uygundur<br \/>\nD32mm<br \/>\n28mm x28mm<br \/>\n1'e 1<br \/>\nTeknik veri ve bilgilerdeki de\u011fi\u015fiklikler ve hatalar ile \u00f6n sat\u0131\u015f hakk\u0131 sakl\u0131d\u0131r!<\/p>\n<p>Geri i\u015fleme i\u00e7in tak\u0131m tutucu \u00f6n delme\/frezeleme \u00fcnitesi ER 16<br \/>\nHanwha tip XD-32-38 i\u00e7in uygundur<br \/>\nD32mm<br \/>\n28mm x28mm<br \/>\n1'e 1<br \/>\nTeknik verilerdeki ve bilgilerdeki de\u011fi\u015fikliklere ve hatalara ve ayr\u0131ca sat\u0131\u015f \u00f6ncesine tabidir!<\/p>","protected":false},"excerpt":{"rendered":"<p>Standort: Deutschland, Baden-W\u00fcrttemberg S\u00fcdwest Zustand: Gebraucht Hersteller: WTO Werkzeughalter Frontbohr- Fr\u00e4sapparat ER 16 f\u00fcr die R\u00fcckseitenbearbeitung Passend f\u00fcr Hanwha Typ XD-32-38 D32mm 28mm x28mm 1 zu 1 Aenderungen und Irrtuemer in den technischen Daten und Angaben sowie Zwischenverkauf vorbehalten! Tool holder front drilling\/milling unit ER 16 for back machining Suitable for Hanwha type XD-32-38 D32mm [&hellip;]<\/p>\n","protected":false},"featured_media":4144,"template":"","meta":[],"product_brand":[],"product_cat":[84],"product_tag":[],"class_list":{"0":"post-4145","1":"product","2":"type-product","3":"status-publish","4":"has-post-thumbnail","6":"product_cat-werkzeughalter","8":"first","9":"instock","10":"taxable","11":"shipping-taxable","12":"product-type-simple"},"aioseo_notices":[],"_links":{"self":[{"href":"https:\/\/www.horn-wzm.de\/tr\/wp-json\/wp\/v2\/product\/4145","targetHints":{"allow":["GET"]}}],"collection":[{"href":"https:\/\/www.horn-wzm.de\/tr\/wp-json\/wp\/v2\/product"}],"about":[{"href":"https:\/\/www.horn-wzm.de\/tr\/wp-json\/wp\/v2\/types\/product"}],"version-history":[{"count":1,"href":"https:\/\/www.horn-wzm.de\/tr\/wp-json\/wp\/v2\/product\/4145\/revisions"}],"predecessor-version":[{"id":4146,"href":"https:\/\/www.horn-wzm.de\/tr\/wp-json\/wp\/v2\/product\/4145\/revisions\/4146"}],"wp:featuredmedia":[{"embeddable":true,"href":"https:\/\/www.horn-wzm.de\/tr\/wp-json\/wp\/v2\/media\/4144"}],"wp:attachment":[{"href":"https:\/\/www.horn-wzm.de\/tr\/wp-json\/wp\/v2\/media?parent=4145"}],"wp:term":[{"taxonomy":"product_brand","embeddable":true,"href":"https:\/\/www.horn-wzm.de\/tr\/wp-json\/wp\/v2\/product_brand?post=4145"},{"taxonomy":"product_cat","embeddable":true,"href":"https:\/\/www.horn-wzm.de\/tr\/wp-json\/wp\/v2\/product_cat?post=4145"},{"taxonomy":"product_tag","embeddable":true,"href":"https:\/\/www.horn-wzm.de\/tr\/wp-json\/wp\/v2\/product_tag?post=4145"}],"curies":[{"name":"wp","href":"https:\/\/api.w.org\/{rel}","templated":true}]}}