{"id":4142,"date":"2024-10-23T14:54:01","date_gmt":"2024-10-23T12:54:01","guid":{"rendered":"https:\/\/www.horn-wzm.de\/shop\/unkategorisiert\/werkzeughalter-agw_star-e_2-spindel-frontalbohr-fraesapparat-er16_541-51-00-intnr202101162\/"},"modified":"2024-10-23T14:54:01","modified_gmt":"2024-10-23T12:54:01","slug":"takim-tutucu-agw_star-e_2-fener-mili-oenden-delme-freze-makinesi-er16_541-51-00-intnr202101162","status":"publish","type":"product","link":"https:\/\/www.horn-wzm.de\/tr\/shop\/werkzeughalter\/werkzeughalter-agw_star-e_2-spindel-frontalbohr-fraesapparat-er16_541-51-00-intnr202101162\/","title":{"rendered":"Tak\u0131m tutucu AGW_Star (E)_2 milli \u00f6n delme\/frezeleme ata\u015fman\u0131 ER16_541-51-00 (IntNo202101162)"},"content":{"rendered":"<p><b>Konum:<\/b> Almanya, Baden-W\u00fcrttemberg G\u00fcneybat\u0131<\/p>\n<p><b>Durum:<\/b> Yeni kadar iyi<\/p>\n<p><b>\u00dcretici firma:<\/b> STAR Micronics<\/p>\n<p><b>Model:<\/b> ER16_541-51-00<\/p>\n<p><b>\u0130n\u015faat y\u0131l\u0131:<\/b> 2018<\/p>\n<p>Tak\u0131m tutucu Star 2 milli \u00f6nden delme\/freze makinesi ER16<br \/>\n541-51-00<br \/>\nY\u0131ld\u0131z tipleri i\u00e7in uygundur:<br \/>\nStar SB-12\/20R; SB-16III; SD-26C\/E\/G\/S; SR-20J\/JN SR-20JII-A; SR-20JII-B<br \/>\nSR-20RII; SR-20RIII; SR-20RIV<br \/>\nH\u0131z maks. 8000 1\/mm<br \/>\nmaks. 13 Nm<br \/>\n\u00c7eviri 1:1<br \/>\nTeknik veri ve bilgilerdeki de\u011fi\u015fiklikler ve hatalar ile \u00f6n sat\u0131\u015f hakk\u0131 sakl\u0131d\u0131r!<\/p>\n<p>Tak\u0131m tutucu Y\u0131ld\u0131z 2 milli \u00f6n delme\/frezeleme ata\u015fman\u0131 ER16<br \/>\n541-51-00<br \/>\nY\u0131ld\u0131z tipleri i\u00e7in uygundur:<br \/>\nStar SB-12\/20R; SB-16III; SD-26C\/E\/G\/S; SR-20J\/JN SR-20JII-A; SR-20JII-B<br \/>\nSR-20RII; SR-20RIII; SR-20RIV<br \/>\nH\u0131z maks. 8000 1\/mm<br \/>\nmaks. 13 Nm<br \/>\nDi\u015fli oran\u0131 1:1<br \/>\nTeknik veri ve bilgilerdeki de\u011fi\u015fiklikler ve hatalar ile \u00f6n sat\u0131\u015f hakk\u0131 sakl\u0131d\u0131r!<\/p>","protected":false},"excerpt":{"rendered":"<p>Standort: Deutschland, Baden-W\u00fcrttemberg S\u00fcdwest Zustand: Neuwertig Hersteller: STAR Micronics Modell: ER16_541-51-00 Baujahr: 2018 Werkzeughalter Star 2-Spindel-Frontalbohr-Fr\u00e4sapparat ER16 541-51-00 Passend f\u00fcr Star Typen: Star SB-12\/20R; SB-16III; SD-26C\/E\/G\/S; SR-20J\/JN SR-20JII-A; SR-20JII-B SR-20RII; SR-20RIII; SR-20RIV Drehzahl max. 8000 1\/mm max. 13 Nm Uebersetzung 1:1 Aenderungen und Irrtuemer in den technischen Daten und Angaben sowie Zwischenverkauf vorbehalten! Tool holder [&hellip;]<\/p>\n","protected":false},"featured_media":4138,"template":"","meta":[],"product_brand":[],"product_cat":[84],"product_tag":[],"class_list":{"0":"post-4142","1":"product","2":"type-product","3":"status-publish","4":"has-post-thumbnail","6":"product_cat-werkzeughalter","8":"first","9":"instock","10":"taxable","11":"shipping-taxable","12":"product-type-simple"},"aioseo_notices":[],"_links":{"self":[{"href":"https:\/\/www.horn-wzm.de\/tr\/wp-json\/wp\/v2\/product\/4142","targetHints":{"allow":["GET"]}}],"collection":[{"href":"https:\/\/www.horn-wzm.de\/tr\/wp-json\/wp\/v2\/product"}],"about":[{"href":"https:\/\/www.horn-wzm.de\/tr\/wp-json\/wp\/v2\/types\/product"}],"version-history":[{"count":1,"href":"https:\/\/www.horn-wzm.de\/tr\/wp-json\/wp\/v2\/product\/4142\/revisions"}],"predecessor-version":[{"id":4143,"href":"https:\/\/www.horn-wzm.de\/tr\/wp-json\/wp\/v2\/product\/4142\/revisions\/4143"}],"wp:featuredmedia":[{"embeddable":true,"href":"https:\/\/www.horn-wzm.de\/tr\/wp-json\/wp\/v2\/media\/4138"}],"wp:attachment":[{"href":"https:\/\/www.horn-wzm.de\/tr\/wp-json\/wp\/v2\/media?parent=4142"}],"wp:term":[{"taxonomy":"product_brand","embeddable":true,"href":"https:\/\/www.horn-wzm.de\/tr\/wp-json\/wp\/v2\/product_brand?post=4142"},{"taxonomy":"product_cat","embeddable":true,"href":"https:\/\/www.horn-wzm.de\/tr\/wp-json\/wp\/v2\/product_cat?post=4142"},{"taxonomy":"product_tag","embeddable":true,"href":"https:\/\/www.horn-wzm.de\/tr\/wp-json\/wp\/v2\/product_tag?post=4142"}],"curies":[{"name":"wp","href":"https:\/\/api.w.org\/{rel}","templated":true}]}}