{"id":4122,"date":"2024-10-23T14:52:31","date_gmt":"2024-10-23T12:52:31","guid":{"rendered":"https:\/\/www.horn-wzm.de\/shop\/unkategorisiert\/werkzeughalter-agw_star-2-spindel-front-rueckseitenbearbeitung-er11_nr-431-59-art-nr-18136-intnr202101167\/"},"modified":"2024-10-23T14:52:31","modified_gmt":"2024-10-23T12:52:31","slug":"takim-tutucu-agw_star-2-is-mili-oen-arka-isleme-er11_nr-431-59-art-nr-18136-intnr202101167","status":"publish","type":"product","link":"https:\/\/www.horn-wzm.de\/tr\/shop\/werkzeughalter\/werkzeughalter-agw_star-2-spindel-front-rueckseitenbearbeitung-er11_nr-431-59-art-nr-18136-intnr202101167\/","title":{"rendered":"Tak\u0131m tutucu AGW_Star -2 fener mili \u00f6n\/arka i\u015fleme ER11_No.431-59 \/ \u00dcr\u00fcn no.: 18136 (IntNo202101167)"},"content":{"rendered":"<p><b>Durum:<\/b> Yeni<\/p>\n<p><b>\u00dcretici firma:<\/b> STAR Micronics<\/p>\n<p>Tak\u0131m tutucu Star-2-Spindle \u00f6n delme\/frezeleme ata\u015fman\u0131 ER16<br \/>\n\u00f6n\/arka i\u015fleme i\u00e7in<br \/>\nNo.431-59 \/ \u00dcr\u00fcn no.: 18136 <\/p>\n<p>Star'a g\u00f6re Tipler i\u00e7in uygundur:<br \/>\nECAS-32T; ST-38; SV-32; SV-38R; SX-38-A<br \/>\nH\u0131z maks. 6000 1\/mm<br \/>\nmaks. 13 Nm<br \/>\n\u00c7eviri 1:1<br \/>\nTeknik veri ve bilgilerdeki de\u011fi\u015fiklikler ve hatalar ile \u00f6n sat\u0131\u015f hakk\u0131 sakl\u0131d\u0131r!<\/p>","protected":false},"excerpt":{"rendered":"<p>Durum: Yeni \u00dcretici: STAR Micronics Tak\u0131m Tutucu Star-2-Spindle-Frontal Delme ve Frezeleme \u00dcnitesi ER16 \u00f6n\/arka i\u015fleme i\u00e7in No.431-59 \/ Art.- No.: 18136 Lt. Star Tipler i\u00e7in uygundur: ECAS-32T; ST-38; SV-32; SV-38R; SX-38-A H\u0131z maks. 6000 1\/mm maks. 13 Nm Di\u015fli oran\u0131 1:1 Teknik verilerdeki ve bilgilerdeki de\u011fi\u015fikliklere ve hatalara ve ayr\u0131ca sat\u0131\u015f \u00f6ncesine tabidir!<\/p>","protected":false},"featured_media":4121,"template":"","meta":[],"product_brand":[],"product_cat":[84],"product_tag":[],"class_list":{"0":"post-4122","1":"product","2":"type-product","3":"status-publish","4":"has-post-thumbnail","6":"product_cat-werkzeughalter","8":"first","9":"instock","10":"taxable","11":"shipping-taxable","12":"product-type-simple"},"aioseo_notices":[],"_links":{"self":[{"href":"https:\/\/www.horn-wzm.de\/tr\/wp-json\/wp\/v2\/product\/4122","targetHints":{"allow":["GET"]}}],"collection":[{"href":"https:\/\/www.horn-wzm.de\/tr\/wp-json\/wp\/v2\/product"}],"about":[{"href":"https:\/\/www.horn-wzm.de\/tr\/wp-json\/wp\/v2\/types\/product"}],"version-history":[{"count":1,"href":"https:\/\/www.horn-wzm.de\/tr\/wp-json\/wp\/v2\/product\/4122\/revisions"}],"predecessor-version":[{"id":4123,"href":"https:\/\/www.horn-wzm.de\/tr\/wp-json\/wp\/v2\/product\/4122\/revisions\/4123"}],"wp:featuredmedia":[{"embeddable":true,"href":"https:\/\/www.horn-wzm.de\/tr\/wp-json\/wp\/v2\/media\/4121"}],"wp:attachment":[{"href":"https:\/\/www.horn-wzm.de\/tr\/wp-json\/wp\/v2\/media?parent=4122"}],"wp:term":[{"taxonomy":"product_brand","embeddable":true,"href":"https:\/\/www.horn-wzm.de\/tr\/wp-json\/wp\/v2\/product_brand?post=4122"},{"taxonomy":"product_cat","embeddable":true,"href":"https:\/\/www.horn-wzm.de\/tr\/wp-json\/wp\/v2\/product_cat?post=4122"},{"taxonomy":"product_tag","embeddable":true,"href":"https:\/\/www.horn-wzm.de\/tr\/wp-json\/wp\/v2\/product_tag?post=4122"}],"curies":[{"name":"wp","href":"https:\/\/api.w.org\/{rel}","templated":true}]}}