{"id":4110,"date":"2024-10-23T14:44:01","date_gmt":"2024-10-23T12:44:01","guid":{"rendered":"https:\/\/www.horn-wzm.de\/shop\/unkategorisiert\/fanuc-sv_motor_a06-0866-b380-2018-intnr230967\/"},"modified":"2024-10-23T14:44:01","modified_gmt":"2024-10-23T12:44:01","slug":"fanuc-sv_motor_a06-0866-b380-2018-intnr230967","status":"publish","type":"product","link":"https:\/\/www.horn-wzm.de\/tr\/shop\/servomotoren\/fanuc-sv_motor_a06-0866-b380-2018-intnr230967\/","title":{"rendered":"Fanuc SV_Motor_A06-0866-B380 2018 (IntNo230967)"},"content":{"rendered":"<p><b>Konum:<\/b> Almanya, Baden-W\u00fcrttemberg G\u00fcneybat\u0131<\/p>\n<p><b>Durum:<\/b> Yeni kadar iyi<\/p>\n<p><b>\u00dcretici firma:<\/b> FANUC<\/p>\n<p><b>Model:<\/b> SV motor<\/p>\n<p><b>\u0130n\u015faat y\u0131l\u0131:<\/b> 2018<\/p>\n<p><b>\u00c7al\u0131\u015fma saatleri:<\/b> 0<\/p>\n<p>Fanuc SV_Motor_A06B-0866-B380 AC i\u015f mili motoru<br \/>\n\u00dcretici firma:<br \/>\nFanuc<br \/>\nModel:<br \/>\nA06B-0866-B380 Servo motor<br \/>\nDurum:<br \/>\nYeni \/ Yenilenmi\u015f<br \/>\n\u00dcr\u00fcn resimdekinden farkl\u0131 olabilir<\/p>\n<p>Fanuc SV_Motor_A06B-0866-B380 AC \u0130\u015f Mili Motoru<br \/>\n\u00dcretici firma:<br \/>\nFanuc<br \/>\nModel:<br \/>\nA06B-0866-B380 Servo motor<br \/>\nDurum:<br \/>\nYeni \/ Yenilenmi\u015f<br \/>\n\u00dcr\u00fcn resimdekinden farkl\u0131 olabilir<\/p>","protected":false},"excerpt":{"rendered":"<p>Standort: Deutschland, Baden-W\u00fcrttemberg S\u00fcdwest Zustand: Neuwertig Hersteller: FANUC Modell: SV-Motor Baujahr: 2018 Betriebsstunden: 0 Fanuc SV_Motor_A06B-0866-B380 AC Spindel Motor Hersteller: Fanuc Modell: A06B-0866-B380 Servo Motor Zustand: Neu \/ Generalueberholt Das Produkt kann von Abbildung abweichen Fanuc SV_Motor_A06B-0866-B380 AC Spindle Motor Manufacturer: Fanuc Model: A06B-0866-B380 Servo Motor Condition: New \/ Refurbished The product may differ from [&hellip;]<\/p>\n","protected":false},"featured_media":4107,"template":"","meta":[],"product_brand":[],"product_cat":[82],"product_tag":[],"class_list":{"0":"post-4110","1":"product","2":"type-product","3":"status-publish","4":"has-post-thumbnail","6":"product_cat-servomotoren","8":"first","9":"instock","10":"taxable","11":"shipping-taxable","12":"product-type-simple"},"aioseo_notices":[],"_links":{"self":[{"href":"https:\/\/www.horn-wzm.de\/tr\/wp-json\/wp\/v2\/product\/4110","targetHints":{"allow":["GET"]}}],"collection":[{"href":"https:\/\/www.horn-wzm.de\/tr\/wp-json\/wp\/v2\/product"}],"about":[{"href":"https:\/\/www.horn-wzm.de\/tr\/wp-json\/wp\/v2\/types\/product"}],"version-history":[{"count":1,"href":"https:\/\/www.horn-wzm.de\/tr\/wp-json\/wp\/v2\/product\/4110\/revisions"}],"predecessor-version":[{"id":4111,"href":"https:\/\/www.horn-wzm.de\/tr\/wp-json\/wp\/v2\/product\/4110\/revisions\/4111"}],"wp:featuredmedia":[{"embeddable":true,"href":"https:\/\/www.horn-wzm.de\/tr\/wp-json\/wp\/v2\/media\/4107"}],"wp:attachment":[{"href":"https:\/\/www.horn-wzm.de\/tr\/wp-json\/wp\/v2\/media?parent=4110"}],"wp:term":[{"taxonomy":"product_brand","embeddable":true,"href":"https:\/\/www.horn-wzm.de\/tr\/wp-json\/wp\/v2\/product_brand?post=4110"},{"taxonomy":"product_cat","embeddable":true,"href":"https:\/\/www.horn-wzm.de\/tr\/wp-json\/wp\/v2\/product_cat?post=4110"},{"taxonomy":"product_tag","embeddable":true,"href":"https:\/\/www.horn-wzm.de\/tr\/wp-json\/wp\/v2\/product_tag?post=4110"}],"curies":[{"name":"wp","href":"https:\/\/api.w.org\/{rel}","templated":true}]}}