{"id":4099,"date":"2024-10-23T14:43:19","date_gmt":"2024-10-23T12:43:19","guid":{"rendered":"https:\/\/www.horn-wzm.de\/shop\/unkategorisiert\/fanuc-sv_motor_alpha-_5000_-a06b-0213-b1000100intnr230969\/"},"modified":"2024-10-23T14:43:19","modified_gmt":"2024-10-23T12:43:19","slug":"fanuc-sv_motor_alpha-_5000_-a06b-0213-b1000100intnr230969","status":"publish","type":"product","link":"https:\/\/www.horn-wzm.de\/tr\/shop\/servomotoren\/fanuc-sv_motor_alpha-_5000_-a06b-0213-b1000100intnr230969\/","title":{"rendered":"Fanuc SV_Motor_ALPHA _5000_ A06B-0213-B100#0100(IntNr230969)"},"content":{"rendered":"<p><b>Konum:<\/b> Almanya, Baden-W\u00fcrttemberg G\u00fcneybat\u0131<\/p>\n<p><b>Durum:<\/b> Yeni kadar iyi<\/p>\n<p><b>\u00dcretici firma:<\/b> FANUC<\/p>\n<p><b>Model:<\/b> SV motor<\/p>\n<p><b>\u00c7al\u0131\u015fma saatleri:<\/b> 0<\/p>\n<p>Fanuc SV_Motor_A06B-0213-B100#0100<br \/>\n\u00dcretici firma:<br \/>\nFanuc<br \/>\nModel:<br \/>\nA06B-0213-B100#0100<br \/>\n\u00d8 tahrik mili: 10mm, montaj deliklerinin delik aral\u0131\u011f\u0131: 70x70mm<br \/>\nDurum:<br \/>\nYeni \/ Yenilenmi\u015f<br \/>\n\u00dcr\u00fcn resimdekinden farkl\u0131 olabilir<\/p>\n<p>Fanuc SV_Motor_A06B-0213-B100#0100<br \/>\n\u00dcretici firma:<br \/>\nFanuc<br \/>\nModel:<br \/>\nA06B-0213-B100#0100<br \/>\n\u00d8 tahrik mili: 10mm, montaj deliklerinin delik aral\u0131\u011f\u0131: 70x70mm<br \/>\nDurum:<br \/>\nYeni \/ Yenilenmi\u015f<br \/>\n\u00dcr\u00fcn resimdekinden farkl\u0131 olabilir<\/p>","protected":false},"excerpt":{"rendered":"<p>Standort: Deutschland, Baden-W\u00fcrttemberg S\u00fcdwest Zustand: Neuwertig Hersteller: FANUC Modell: SV-Motor Betriebsstunden: 0 Fanuc SV_Motor_A06B-0213-B100#0100 Hersteller: Fanuc Modell: A06B-0213-B100#0100 \u00d8 Antriebswelle: 10mm, Lochabstand der Befestigungsbohrungen: 70x70mm Zustand: Neu \/ Generalueberholt Das Produkt kann von Abbildung abweichen Fanuc SV_Motor_A06B-0213-B100#0100 Manufacturer: Fanuc Model: A06B-0213-B100#0100 \u00d8 drive shaft: 10mm, hole spacing of the mounting holes: 70x70mm Condition: New \/ [&hellip;]<\/p>\n","protected":false},"featured_media":4094,"template":"","meta":[],"product_brand":[],"product_cat":[82],"product_tag":[],"class_list":{"0":"post-4099","1":"product","2":"type-product","3":"status-publish","4":"has-post-thumbnail","6":"product_cat-servomotoren","8":"first","9":"instock","10":"taxable","11":"shipping-taxable","12":"product-type-simple"},"aioseo_notices":[],"_links":{"self":[{"href":"https:\/\/www.horn-wzm.de\/tr\/wp-json\/wp\/v2\/product\/4099","targetHints":{"allow":["GET"]}}],"collection":[{"href":"https:\/\/www.horn-wzm.de\/tr\/wp-json\/wp\/v2\/product"}],"about":[{"href":"https:\/\/www.horn-wzm.de\/tr\/wp-json\/wp\/v2\/types\/product"}],"version-history":[{"count":1,"href":"https:\/\/www.horn-wzm.de\/tr\/wp-json\/wp\/v2\/product\/4099\/revisions"}],"predecessor-version":[{"id":4100,"href":"https:\/\/www.horn-wzm.de\/tr\/wp-json\/wp\/v2\/product\/4099\/revisions\/4100"}],"wp:featuredmedia":[{"embeddable":true,"href":"https:\/\/www.horn-wzm.de\/tr\/wp-json\/wp\/v2\/media\/4094"}],"wp:attachment":[{"href":"https:\/\/www.horn-wzm.de\/tr\/wp-json\/wp\/v2\/media?parent=4099"}],"wp:term":[{"taxonomy":"product_brand","embeddable":true,"href":"https:\/\/www.horn-wzm.de\/tr\/wp-json\/wp\/v2\/product_brand?post=4099"},{"taxonomy":"product_cat","embeddable":true,"href":"https:\/\/www.horn-wzm.de\/tr\/wp-json\/wp\/v2\/product_cat?post=4099"},{"taxonomy":"product_tag","embeddable":true,"href":"https:\/\/www.horn-wzm.de\/tr\/wp-json\/wp\/v2\/product_tag?post=4099"}],"curies":[{"name":"wp","href":"https:\/\/api.w.org\/{rel}","templated":true}]}}