{"id":7973,"date":"2026-04-21T19:38:03","date_gmt":"2026-04-21T17:38:03","guid":{"rendered":"https:\/\/www.horn-wzm.de\/shop\/unkategorisiert\/saeulenbohrmaschine-alzmetall-alzstar-30-s-bj-04-intnr231518\/"},"modified":"2026-04-21T19:38:03","modified_gmt":"2026-04-21T17:38:03","slug":"saeulenbohrmaschine-alzmetall-alzstar-30-s-bj-04-intnr231518","status":"publish","type":"product","link":"https:\/\/www.horn-wzm.de\/ru\/shop\/zubehoer-sonstiges\/saeulenbohrmaschine-alzmetall-alzstar-30-s-bj-04-intnr231518\/","title":{"rendered":"S\u00e4ulenbohrmaschine Alzmetall Alzstar 30\/S Bj. `04 IntNr231518"},"content":{"rendered":"<p><b>\u0420\u0430\u0441\u043f\u043e\u043b\u043e\u0436\u0435\u043d\u0438\u0435:<\/b> \u0413\u0435\u0440\u043c\u0430\u043d\u0438\u044f, \u0411\u0430\u0434\u0435\u043d-\u0412\u044e\u0440\u0442\u0435\u043c\u0431\u0435\u0440\u0433, \u044e\u0433\u043e-\u0437\u0430\u043f\u0430\u0434<\/p>\n<p><b>Zustand:<\/b> \u041f\u043e\u0434\u0435\u0440\u0436\u0430\u043d\u043d\u044b\u0435<\/p>\n<p><b>Hersteller:<\/b> Alzmetall<\/p>\n<p><b>Modell:<\/b> Alzmetall<\/p>\n<p><b>\u0413\u043e\u0434 \u043f\u043e\u0441\u0442\u0440\u043e\u0439\u043a\u0438:<\/b> 2004<\/p>\n<p>Zum Verkauf steht eine gebrauchte S\u00e4ulenbohrmaschine Alzmetall ALZSTAR 30\/S, Baujahr 2004, aus deutscher Qualit\u00e4tsfertigung. <\/p>\n<p>Technische Daten:<br \/>\nBohrverm\u00f6gen in Stahl E335 (St 60): 30 mm<br \/>\nGewindeschneidleistung in Stahl E335: M16<br \/>\nGewindeschneidleistung in Gusseisen EN-GJL-200: M20<br \/>\nSpindelaufnahme: MK 3<br \/>\nPinolenhub \/ Z-Hub der Spindel: 140 mm<br \/>\nAusladung \/ Spindelabstand zur S\u00e4ule: 293 mm<br \/>\nS\u00e4ulendurchmesser: 115 mm<br \/>\nTischgr\u00f6\u00dfe \/ Aufspannfl\u00e4che: 514 x 360 mm (auf der Produktseite auch mit 515 x 360 mm angegeben)<br \/>\nT-Nuten: 2 x 14 x 224 mm<br \/>\nAbstand Spindel\/Tisch min.\/max.: 132 \/ 724 mm<br \/>\nAntrieb: stufenlos, mechanischer Variator<br \/>\nSpindeldrehzahlbereich: 225\u20134300 U\/min<br \/>\nMotorleistung bei 750 \/ 1500 U\/min: 1,0 \/ 1,6 kW<br \/>\nMaschinenh\u00f6he: ca. 1790 mm<br \/>\nMaschinengewicht: ca. 260 kg<\/p>\n<p>Die Maschine kann nach Terminvereinbarung Strom besichtigt werden.<br \/>\n\u0418\u0437\u043c\u0435\u043d\u0435\u043d\u0438\u044f \u0438 \u043e\u0448\u0438\u0431\u043a\u0438 \u0432 \u0442\u0435\u0445\u043d\u0438\u0447\u0435\u0441\u043a\u0438\u0445 \u0434\u0430\u043d\u043d\u044b\u0445 \u0438 \u0438\u043d\u0444\u043e\u0440\u043c\u0430\u0446\u0438\u0438, \u0430 \u0442\u0430\u043a\u0436\u0435 \u043f\u0440\u0435\u0434\u0432\u0430\u0440\u0438\u0442\u0435\u043b\u044c\u043d\u0430\u044f \u043f\u0440\u043e\u0434\u0430\u0436\u0430 \u0437\u0430\u0440\u0435\u0437\u0435\u0440\u0432\u0438\u0440\u043e\u0432\u0430\u043d\u044b!<\/p>\n<p>For sale is a used Alzmetall ALZSTAR 30\/S column drill press, manufactured in 2004, a product of German quality engineering. <\/p>\n<p>Technical specifications:<br \/>\nDrilling capacity in E335 steel (St 60): 30 mm<br \/>\nThread cutting capacity in E335 steel: M16<br \/>\nThread cutting capacity in cast iron EN-GJL-200: M20<br \/>\nSpindle chuck: MK 3<br \/>\nQuill stroke \/ Z-axis stroke of the spindle: 140 mm<br \/>\nOverhang \/ distance from spindle to column: 293 mm<br \/>\nColumn diameter: 115 mm<br \/>\nTable size \/ clamping surface: 514 x 360 mm (also stated as 515 x 360 mm on the product page)<br \/>\nT-slots: 2 x 14 x 224 mm<br \/>\nSpindle\/table distance min.\/max.: 132 \/ 724 mm<br \/>\nDrive: stepless, mechanical variator<br \/>\nSpindle speed range: 225\u20134300 rpm<br \/>\nMotor power at 750 \/ 1500 rpm: 1.0 \/ 1.6 kW<br \/>\nMachine height: approx. 1790 mm<br \/>\nMachine weight: approx. 260 kg<\/p>\n<p>\u041e\u0441\u043c\u043e\u0442\u0440\u0435\u0442\u044c \u043c\u0430\u0448\u0438\u043d\u0443 \u043c\u043e\u0436\u043d\u043e \u043f\u043e \u043f\u0440\u0435\u0434\u0432\u0430\u0440\u0438\u0442\u0435\u043b\u044c\u043d\u043e\u0439 \u0437\u0430\u043f\u0438\u0441\u0438.<br \/>\nWe reserve the right to make changes and corrections to the technical data and specifications, and to sell the item in the meantime!<\/p>","protected":false},"excerpt":{"rendered":"<p>Standort: Deutschland, Baden-W\u00fcrttemberg S\u00fcdwest Zustand: Gebraucht Hersteller: Alzmetall Modell: Alzmetall Baujahr: 2004 Zum Verkauf steht eine gebrauchte S\u00e4ulenbohrmaschine Alzmetall ALZSTAR 30\/S, Baujahr 2004, aus deutscher Qualit\u00e4tsfertigung. Technische Daten: Bohrverm\u00f6gen in Stahl E335 (St 60): 30 mm Gewindeschneidleistung in Stahl E335: M16 Gewindeschneidleistung in Gusseisen EN-GJL-200: M20 Spindelaufnahme: MK 3 Pinolenhub \/ Z-Hub der Spindel: 140 [&hellip;]<\/p>\n","protected":false},"featured_media":7969,"template":"","meta":[],"product_brand":[],"product_cat":[94],"product_tag":[],"class_list":{"0":"post-7973","1":"product","2":"type-product","3":"status-publish","4":"has-post-thumbnail","6":"product_cat-zubehoer-sonstiges","8":"first","9":"instock","10":"taxable","11":"shipping-taxable","12":"product-type-simple"},"aioseo_notices":[],"_links":{"self":[{"href":"https:\/\/www.horn-wzm.de\/ru\/wp-json\/wp\/v2\/product\/7973","targetHints":{"allow":["GET"]}}],"collection":[{"href":"https:\/\/www.horn-wzm.de\/ru\/wp-json\/wp\/v2\/product"}],"about":[{"href":"https:\/\/www.horn-wzm.de\/ru\/wp-json\/wp\/v2\/types\/product"}],"version-history":[{"count":1,"href":"https:\/\/www.horn-wzm.de\/ru\/wp-json\/wp\/v2\/product\/7973\/revisions"}],"predecessor-version":[{"id":7974,"href":"https:\/\/www.horn-wzm.de\/ru\/wp-json\/wp\/v2\/product\/7973\/revisions\/7974"}],"wp:featuredmedia":[{"embeddable":true,"href":"https:\/\/www.horn-wzm.de\/ru\/wp-json\/wp\/v2\/media\/7969"}],"wp:attachment":[{"href":"https:\/\/www.horn-wzm.de\/ru\/wp-json\/wp\/v2\/media?parent=7973"}],"wp:term":[{"taxonomy":"product_brand","embeddable":true,"href":"https:\/\/www.horn-wzm.de\/ru\/wp-json\/wp\/v2\/product_brand?post=7973"},{"taxonomy":"product_cat","embeddable":true,"href":"https:\/\/www.horn-wzm.de\/ru\/wp-json\/wp\/v2\/product_cat?post=7973"},{"taxonomy":"product_tag","embeddable":true,"href":"https:\/\/www.horn-wzm.de\/ru\/wp-json\/wp\/v2\/product_tag?post=7973"}],"curies":[{"name":"wp","href":"https:\/\/api.w.org\/{rel}","templated":true}]}}