{"id":7942,"date":"2026-04-21T17:54:07","date_gmt":"2026-04-21T15:54:07","guid":{"rendered":"https:\/\/www.horn-wzm.de\/shop\/unkategorisiert\/jung-flachschleifmaschine-hf-40-bj-1977-intnr231519\/"},"modified":"2026-04-21T17:54:08","modified_gmt":"2026-04-21T15:54:08","slug":"jung-flachschleifmaschine-hf-40-bj-1977-intnr231519","status":"publish","type":"product","link":"https:\/\/www.horn-wzm.de\/ru\/shop\/schleifmaschinen\/jung-flachschleifmaschine-hf-40-bj-1977-intnr231519\/","title":{"rendered":"Jung Flachschleifmaschine HF 40 Bj. 1977 IntNr231519"},"content":{"rendered":"<p><b>\u0420\u0430\u0441\u043f\u043e\u043b\u043e\u0436\u0435\u043d\u0438\u0435:<\/b> \u0413\u0435\u0440\u043c\u0430\u043d\u0438\u044f, \u0411\u0430\u0434\u0435\u043d-\u0412\u044e\u0440\u0442\u0435\u043c\u0431\u0435\u0440\u0433, \u044e\u0433\u043e-\u0437\u0430\u043f\u0430\u0434<\/p>\n<p><b>Zustand:<\/b> \u041f\u043e\u0434\u0435\u0440\u0436\u0430\u043d\u043d\u044b\u0435<\/p>\n<p><b>Hersteller:<\/b> Jung<\/p>\n<p><b>Modell:<\/b> Jung<\/p>\n<p><b>\u0413\u043e\u0434 \u043f\u043e\u0441\u0442\u0440\u043e\u0439\u043a\u0438:<\/b> 1977<\/p>\n<p>Zum Verkauf steht eine gebrauchte Flachschleifmaschine Jung HF 40, Baujahr 1977, in solider, schwerer Ausf\u00fchrung. <\/p>\n<p>Technische Daten:<br \/>\nAusf\u00fchrung: hydraulisch<br \/>\nTischgr\u00f6\u00dfe: 400 x 150 mm<br \/>\nSchleifl\u00e4nge: 400 mm<br \/>\nSchleifbreite: 150 mm<br \/>\nSchleifscheibendurchmesser: 200 mm<br \/>\nSchleifscheibenbreite: 16 mm<br \/>\nSpindeldrehzahl: ca. 2.800 U\/min<br \/>\nTischgeschwindigkeit: stufenlos 2\u201320 m\/min<br \/>\nAutomatische Vertikalzustellung: 0,002\u20130,013 mm<br \/>\nMaschinengewicht: ca. 900 kg<br \/>\nAbmessungen Maschine: ca. 1.300 x 1.200 x 1.500 mm<\/p>\n<p>Die Maschine kann nach Terminvereinbarung Strom besichtigt werden.<br \/>\n\u0418\u0437\u043c\u0435\u043d\u0435\u043d\u0438\u044f \u0438 \u043e\u0448\u0438\u0431\u043a\u0438 \u0432 \u0442\u0435\u0445\u043d\u0438\u0447\u0435\u0441\u043a\u0438\u0445 \u0434\u0430\u043d\u043d\u044b\u0445 \u0438 \u0438\u043d\u0444\u043e\u0440\u043c\u0430\u0446\u0438\u0438, \u0430 \u0442\u0430\u043a\u0436\u0435 \u043f\u0440\u0435\u0434\u0432\u0430\u0440\u0438\u0442\u0435\u043b\u044c\u043d\u0430\u044f \u043f\u0440\u043e\u0434\u0430\u0436\u0430 \u0437\u0430\u0440\u0435\u0437\u0435\u0440\u0432\u0438\u0440\u043e\u0432\u0430\u043d\u044b!<\/p>\n<p>A used Jung HF 40 surface grinder, built in 1977, is for sale. It is a robust, heavy-duty model. <\/p>\n<p>Technical specifications:<br \/>\nType: hydraulic<br \/>\nTable size: 400 x 150 mm<br \/>\nGrinding length: 400 mm<br \/>\nGrinding width: 150 mm<br \/>\nGrinding wheel diameter: 200 mm<br \/>\nGrinding wheel width: 16 mm<br \/>\nSpindle speed: approx. 2,800 rpm<br \/>\nTable speed: infinitely variable 2\u201320 m\/min<br \/>\nAutomatic vertical feed: 0.002\u20130.013 mm<br \/>\nMachine weight: approx. 900 kg<br \/>\nMachine dimensions: approx. 1,300 x 1,200 x 1,500 mm<\/p>\n<p>\u041e\u0441\u043c\u043e\u0442\u0440\u0435\u0442\u044c \u043c\u0430\u0448\u0438\u043d\u0443 \u043c\u043e\u0436\u043d\u043e \u043f\u043e \u043f\u0440\u0435\u0434\u0432\u0430\u0440\u0438\u0442\u0435\u043b\u044c\u043d\u043e\u0439 \u0437\u0430\u043f\u0438\u0441\u0438.<br \/>\nWe reserve the right to make changes and corrections to the technical data and specifications, and to sell the item in the meantime!<\/p>","protected":false},"excerpt":{"rendered":"<p>Standort: Deutschland, Baden-W\u00fcrttemberg S\u00fcdwest Zustand: Gebraucht Hersteller: Jung Modell: Jung Baujahr: 1977 Zum Verkauf steht eine gebrauchte Flachschleifmaschine Jung HF 40, Baujahr 1977, in solider, schwerer Ausf\u00fchrung. Technische Daten: Ausf\u00fchrung: hydraulisch Tischgr\u00f6\u00dfe: 400 x 150 mm Schleifl\u00e4nge: 400 mm Schleifbreite: 150 mm Schleifscheibendurchmesser: 200 mm Schleifscheibenbreite: 16 mm Spindeldrehzahl: ca. 2.800 U\/min Tischgeschwindigkeit: stufenlos 2\u201320 [&hellip;]<\/p>\n","protected":false},"featured_media":7935,"template":"","meta":[],"product_brand":[],"product_cat":[100],"product_tag":[],"class_list":{"0":"post-7942","1":"product","2":"type-product","3":"status-publish","4":"has-post-thumbnail","6":"product_cat-schleifmaschinen","8":"first","9":"instock","10":"taxable","11":"shipping-taxable","12":"product-type-simple"},"aioseo_notices":[],"_links":{"self":[{"href":"https:\/\/www.horn-wzm.de\/ru\/wp-json\/wp\/v2\/product\/7942","targetHints":{"allow":["GET"]}}],"collection":[{"href":"https:\/\/www.horn-wzm.de\/ru\/wp-json\/wp\/v2\/product"}],"about":[{"href":"https:\/\/www.horn-wzm.de\/ru\/wp-json\/wp\/v2\/types\/product"}],"version-history":[{"count":1,"href":"https:\/\/www.horn-wzm.de\/ru\/wp-json\/wp\/v2\/product\/7942\/revisions"}],"predecessor-version":[{"id":7943,"href":"https:\/\/www.horn-wzm.de\/ru\/wp-json\/wp\/v2\/product\/7942\/revisions\/7943"}],"wp:featuredmedia":[{"embeddable":true,"href":"https:\/\/www.horn-wzm.de\/ru\/wp-json\/wp\/v2\/media\/7935"}],"wp:attachment":[{"href":"https:\/\/www.horn-wzm.de\/ru\/wp-json\/wp\/v2\/media?parent=7942"}],"wp:term":[{"taxonomy":"product_brand","embeddable":true,"href":"https:\/\/www.horn-wzm.de\/ru\/wp-json\/wp\/v2\/product_brand?post=7942"},{"taxonomy":"product_cat","embeddable":true,"href":"https:\/\/www.horn-wzm.de\/ru\/wp-json\/wp\/v2\/product_cat?post=7942"},{"taxonomy":"product_tag","embeddable":true,"href":"https:\/\/www.horn-wzm.de\/ru\/wp-json\/wp\/v2\/product_tag?post=7942"}],"curies":[{"name":"wp","href":"https:\/\/api.w.org\/{rel}","templated":true}]}}