{"id":7704,"date":"2026-03-23T16:15:48","date_gmt":"2026-03-23T15:15:48","guid":{"rendered":"https:\/\/www.horn-wzm.de\/shop\/unkategorisiert\/doosan-puma-tt-1800-sy-bj-2022_-intnr231434\/"},"modified":"2026-03-24T09:07:06","modified_gmt":"2026-03-24T08:07:06","slug":"doosan-puma-tt-1800-sy-bj-2022_-intnr231434","status":"publish","type":"product","link":"https:\/\/www.horn-wzm.de\/ru\/shop\/cnc-kurzdrehmaschinen\/doosan-puma-tt-1800-sy-bj-2022_-intnr231434\/","title":{"rendered":"DOOSAN Puma TT 1800 SY, Bj. 2022_ IntNr231434"},"content":{"rendered":"<p><b>\u0420\u0430\u0441\u043f\u043e\u043b\u043e\u0436\u0435\u043d\u0438\u0435:<\/b> \u0413\u0435\u0440\u043c\u0430\u043d\u0438\u044f, \u0411\u0430\u0434\u0435\u043d-\u0412\u044e\u0440\u0442\u0435\u043c\u0431\u0435\u0440\u0433, \u044e\u0433\u043e-\u0437\u0430\u043f\u0430\u0434<\/p>\n<p><b>Zustand:<\/b> \u041f\u043e\u0434\u0435\u0440\u0436\u0430\u043d\u043d\u044b\u0435<\/p>\n<p><b>Hersteller:<\/b> DOOSAN-PUMA<\/p>\n<p><b>Modell:<\/b> DOOSAN-PUMA<\/p>\n<p><b>\u0413\u043e\u0434 \u043f\u043e\u0441\u0442\u0440\u043e\u0439\u043a\u0438:<\/b> 2022<\/p>\n<p>DOOSAN Puma TT 1800 SY, Bj. 2022<br \/>\nCNC-Drehmaschine, Top-Zustand<br \/>\nSteuerung: Fanuc<br \/>\nTechnische Daten:<br \/>\nMultifunktionales Mehrachsen-Drehzentrum mit bis zu 8 gesteuerten Achsen, zwei Revolver und zwei gleichwertigen, gegen\u00fcberstehenden Spindeln. Y-Achse f\u00fcr angetriebene Werkzeuge \u00fcber der C-Achse; S steht f\u00fcr Gegenspindel.<br \/>\n\u0410\u043a\u0441\u0435\u0441\u0441\u0443\u0430\u0440\u044b:<br \/>\nTeilef\u00e4nger<br \/>\n\u0414\u0435\u0440\u0436\u0430\u0442\u0435\u043b\u044c \u0438\u043d\u0441\u0442\u0440\u0443\u043c\u0435\u043d\u0442\u0430<br \/>\nSp\u00e4nef\u00f6rderer<br \/>\nStangenmagazin LNS<br \/>\n\u0422\u0435\u0445\u043d\u0438\u0447\u0435\u0441\u043a\u0430\u044f \u0434\u043e\u043a\u0443\u043c\u0435\u043d\u0442\u0430\u0446\u0438\u044f<br \/>\nHersteller: : DOOSAN Puma TT 1800 SY, Bj. 2022_ IntNr231434<br \/>\nHerstellerland: S\u00fcd Korea<br \/>\nBaujahr  2022<br \/>\nInkl. Zubeh\u00f6r <\/p>\n<p>\u00c4nderungen und Irrt\u00fcmer in den technischen Daten sowie Zwischenverkauf vorbehalten!<\/p>\n<p>DOOSAN Puma TT 1800 SY, Year 2022<br \/>\nCNC Lathe, Top Condition<br \/>\nControl: Fanuc<\/p>\n<p>\u0422\u0435\u0445\u043d\u0438\u0447\u0435\u0441\u043a\u0438\u0435 \u0434\u0430\u043d\u043d\u044b\u0435<\/p>\n<p>Multifunctional multi-axis turning center with up to 8 controlled axes, two turrets, and two identical opposing spindles.<br \/>\nY-axis for driven tools above the C-axis; S stands for sub-spindle.<\/p>\n<p>\u0410\u043a\u0441\u0435\u0441\u0441\u0443\u0430\u0440\u044b<br \/>\nParts catcher<br \/>\n\u0414\u0435\u0440\u0436\u0430\u0442\u0435\u043b\u0438 \u0438\u043d\u0441\u0442\u0440\u0443\u043c\u0435\u043d\u0442\u043e\u0432<br \/>\n\u0422\u0440\u0430\u043d\u0441\u043f\u043e\u0440\u0442\u0435\u0440 \u0434\u043b\u044f \u0441\u0442\u0440\u0443\u0436\u043a\u0438<br \/>\nLNS bar feeder<br \/>\nTechnical documentation<\/p>\n<p>Manufacturer: DOOSAN Puma TT 1800 SY, Year 2022, IntNr 231434<br \/>\nCountry of manufacture: South Korea<br \/>\nYear of manufacture: 2022<br \/>\nIncluding accessories<\/p>\n<p>Subject to prior sale. Errors and changes in technical data reserved.<\/p>","protected":false},"excerpt":{"rendered":"<p>Standort: Deutschland, Baden-W\u00fcrttemberg S\u00fcdwest Zustand: Gebraucht Hersteller: DOOSAN-PUMA Modell: DOOSAN-PUMA Baujahr: 2022 DOOSAN Puma TT 1800 SY, Bj. 2022 CNC-Drehmaschine, Top-Zustand Steuerung: Fanuc Technische Daten: Multifunktionales Mehrachsen-Drehzentrum mit bis zu 8 gesteuerten Achsen, zwei Revolver und zwei gleichwertigen, gegen\u00fcberstehenden Spindeln. Y-Achse f\u00fcr angetriebene Werkzeuge \u00fcber der C-Achse; S steht f\u00fcr Gegenspindel. Zubeh\u00f6r: Teilef\u00e4nger Werkzeughalter Sp\u00e4nef\u00f6rderer [&hellip;]<\/p>\n","protected":false},"featured_media":7706,"template":"","meta":[],"product_brand":[],"product_cat":[87],"product_tag":[],"class_list":{"0":"post-7704","1":"product","2":"type-product","3":"status-publish","4":"has-post-thumbnail","6":"product_cat-cnc-kurzdrehmaschinen","8":"first","9":"instock","10":"taxable","11":"shipping-taxable","12":"product-type-simple"},"aioseo_notices":[],"_links":{"self":[{"href":"https:\/\/www.horn-wzm.de\/ru\/wp-json\/wp\/v2\/product\/7704","targetHints":{"allow":["GET"]}}],"collection":[{"href":"https:\/\/www.horn-wzm.de\/ru\/wp-json\/wp\/v2\/product"}],"about":[{"href":"https:\/\/www.horn-wzm.de\/ru\/wp-json\/wp\/v2\/types\/product"}],"version-history":[{"count":2,"href":"https:\/\/www.horn-wzm.de\/ru\/wp-json\/wp\/v2\/product\/7704\/revisions"}],"predecessor-version":[{"id":7713,"href":"https:\/\/www.horn-wzm.de\/ru\/wp-json\/wp\/v2\/product\/7704\/revisions\/7713"}],"wp:featuredmedia":[{"embeddable":true,"href":"https:\/\/www.horn-wzm.de\/ru\/wp-json\/wp\/v2\/media\/7706"}],"wp:attachment":[{"href":"https:\/\/www.horn-wzm.de\/ru\/wp-json\/wp\/v2\/media?parent=7704"}],"wp:term":[{"taxonomy":"product_brand","embeddable":true,"href":"https:\/\/www.horn-wzm.de\/ru\/wp-json\/wp\/v2\/product_brand?post=7704"},{"taxonomy":"product_cat","embeddable":true,"href":"https:\/\/www.horn-wzm.de\/ru\/wp-json\/wp\/v2\/product_cat?post=7704"},{"taxonomy":"product_tag","embeddable":true,"href":"https:\/\/www.horn-wzm.de\/ru\/wp-json\/wp\/v2\/product_tag?post=7704"}],"curies":[{"name":"wp","href":"https:\/\/api.w.org\/{rel}","templated":true}]}}