{"id":7480,"date":"2026-03-07T12:31:54","date_gmt":"2026-03-07T11:31:54","guid":{"rendered":"https:\/\/www.horn-wzm.de\/shop\/unkategorisiert\/gebr-lns-express-220_bj-2027-intnr231503\/"},"modified":"2026-03-07T12:31:55","modified_gmt":"2026-03-07T11:31:55","slug":"gebr-lns-express-220_bj-2027-intnr231503","status":"publish","type":"product","link":"https:\/\/www.horn-wzm.de\/ru\/shop\/stangenzufuehrungen\/gebr-lns-express-220_bj-2027-intnr231503\/","title":{"rendered":"gebr. LNS Express 220_Bj. 2027 IntNr231503"},"content":{"rendered":"<p><b>\u0420\u0430\u0441\u043f\u043e\u043b\u043e\u0436\u0435\u043d\u0438\u0435:<\/b> \u0413\u0435\u0440\u043c\u0430\u043d\u0438\u044f, \u0411\u0430\u0434\u0435\u043d-\u0412\u044e\u0440\u0442\u0435\u043c\u0431\u0435\u0440\u0433, \u044e\u0433\u043e-\u0437\u0430\u043f\u0430\u0434<\/p>\n<p><b>Zustand:<\/b> \u041f\u043e\u0434\u0435\u0440\u0436\u0430\u043d\u043d\u044b\u0435<\/p>\n<p><b>Hersteller:<\/b> LNS<\/p>\n<p><b>Modell:<\/b> LNS<\/p>\n<p><b>\u0413\u043e\u0434 \u043f\u043e\u0441\u0442\u0440\u043e\u0439\u043a\u0438:<\/b> 2007<\/p>\n<p>CNC-Lademagazin LNS Express 220<br \/>\n\u0413\u043e\u0434 \u043f\u043e\u0441\u0442\u0440\u043e\u0439\u043a\u0438: 2007<br \/>\n\u0422\u0438\u043f: \u0423\u0441\u0442\u0440\u043e\u0439\u0441\u0442\u0432\u043e \u043f\u043e\u0434\u0430\u0447\u0438 \u043f\u0440\u0443\u0442\u043a\u0430<\/p>\n<p>\u041f\u0440\u043e\u0441\u0442\u043e\u0435 \u043f\u0435\u0440\u0435\u043a\u043b\u044e\u0447\u0435\u043d\u0438\u0435 \u043a\u0430\u043d\u0430\u043b\u0430 \u0433\u0438\u0434\u0430 \u043c\u0435\u043d\u0435\u0435 \u0447\u0435\u043c \u0437\u0430 2 \u043c\u0438\u043d\u0443\u0442\u044b.<br \/>\n\u041f\u043e\u043b\u043d\u0430\u044f \u0437\u0430\u043c\u0435\u043d\u0430 \u043d\u0430\u043f\u0440\u0430\u0432\u043b\u044f\u044e\u0449\u0438\u0445 \u044d\u043b\u0435\u043c\u0435\u043d\u0442\u043e\u0432 \u0432\u043e\u0437\u043c\u043e\u0436\u043d\u0430 \u043c\u0435\u043d\u0435\u0435 \u0447\u0435\u043c \u0437\u0430 8 \u043c\u0438\u043d\u0443\u0442.<\/p>\n<p>\u0422\u0435\u0445\u043d\u0438\u0447\u0435\u0441\u043a\u0438\u0435 \u0434\u0435\u0442\u0430\u043b\u0438:<br \/>\n\u0414\u0438\u0430\u043f\u0430\u0437\u043e\u043d \u0434\u0438\u0430\u043c\u0435\u0442\u0440\u043e\u0432: \u043e\u0442 2 \u043c\u043c \u0434\u043e 20 \u043c\u043c<br \/>\n\u041a\u0430\u043d\u0430\u043b \u00d8 22 \u043c\u043c<br \/>\n\u041c\u0430\u043a\u0441\u0438\u043c\u0430\u043b\u044c\u043d\u0430\u044f \u0434\u043b\u0438\u043d\u0430 \u0448\u0438\u043d\u044b: 3 000 \u043c\u043c<br \/>\n\u0413\u0430\u0431\u0430\u0440\u0438\u0442\u044b \u0443\u0441\u0442\u0430\u043d\u043e\u0432\u043a\u0438 \/ \u0440\u0430\u0437\u043c\u0435\u0440\u044b (\u0414 x \u0428 x \u0412): 3 970 x 480 x 1 250 \u043c\u043c<br \/>\n\u0412\u0435\u0441: \u043e\u043a\u043e\u043b\u043e 850 \u043a\u0433<br \/>\nZustand: voll funktionsf\u00e4hig<\/p>\n<p>Die Maschine kann nach Terminvereinbarung Strom besichtigt werden.<br \/>\n\u0418\u0437\u043c\u0435\u043d\u0435\u043d\u0438\u044f \u0438 \u043e\u0448\u0438\u0431\u043a\u0438 \u0432 \u0442\u0435\u0445\u043d\u0438\u0447\u0435\u0441\u043a\u0438\u0445 \u0434\u0430\u043d\u043d\u044b\u0445 \u0438 \u0438\u043d\u0444\u043e\u0440\u043c\u0430\u0446\u0438\u0438, \u0430 \u0442\u0430\u043a\u0436\u0435 \u043f\u0440\u0435\u0434\u0432\u0430\u0440\u0438\u0442\u0435\u043b\u044c\u043d\u0430\u044f \u043f\u0440\u043e\u0434\u0430\u0436\u0430 \u0437\u0430\u0440\u0435\u0437\u0435\u0440\u0432\u0438\u0440\u043e\u0432\u0430\u043d\u044b!<\/p>\n<p>I<br \/>\nCNC loading magazine LNS Express 220<br \/>\n\u0413\u043e\u0434 \u0432\u044b\u043f\u0443\u0441\u043a\u0430: 2007<br \/>\nType: Bar loading magazine<\/p>\n<p>Easy changeover of the guide channel in less than approx. 2 minutes.<br \/>\nComplete changeover of the guide elements possible in less than approx. 8 minutes.<\/p>\n<p>Technical details:<br \/>\nDiameter range: 2 mm to 20 mm<br \/>\nChannel \u00d8 22 mm<br \/>\nMaximum bar length: 3,000 mm<br \/>\nInstallation dimensions \/ dimensions (L x W x H): 3,970 x 480 x 1,250 mm<br \/>\nWeight: approx. 850 kg<br \/>\nCondition: fully functional<\/p>\n<p>The machine can be viewed in operation by appointment.<br \/>\n\u0412\u043e\u0437\u043c\u043e\u0436\u043d\u044b \u0438\u0437\u043c\u0435\u043d\u0435\u043d\u0438\u044f \u0438 \u043e\u0448\u0438\u0431\u043a\u0438 \u0432 \u0442\u0435\u0445\u043d\u0438\u0447\u0435\u0441\u043a\u0438\u0445 \u0434\u0430\u043d\u043d\u044b\u0445 \u0438 \u0441\u043f\u0435\u0446\u0438\u0444\u0438\u043a\u0430\u0446\u0438\u044f\u0445, \u0430 \u0442\u0430\u043a\u0436\u0435 \u043f\u0440\u0435\u0434\u0432\u0430\u0440\u0438\u0442\u0435\u043b\u044c\u043d\u0430\u044f \u043f\u0440\u043e\u0434\u0430\u0436\u0430!<\/p>\n<p>\u041f\u0435\u0440\u0435\u0432\u0435\u0434\u0435\u043d\u043e \u0441 \u043f\u043e\u043c\u043e\u0449\u044c\u044e DeepL.com (\u0431\u0435\u0441\u043f\u043b\u0430\u0442\u043d\u0430\u044f \u0432\u0435\u0440\u0441\u0438\u044f)<\/p>","protected":false},"excerpt":{"rendered":"<p>Standort: Deutschland, Baden-W\u00fcrttemberg S\u00fcdwest Zustand: Gebraucht Hersteller: LNS Modell: LNS Baujahr: 2007 CNC-Lademagazin LNS Express 220 Baujahr: 2007 Typ: Stangenlademagazin Einfaches Umr\u00fcsten des F\u00fchrungskanals in weniger als ca. 2 Minuten. Komplettwechsel der F\u00fchrungselemente in unter ca. 8 Minuten m\u00f6glich. Technische Details: Durchmesserbereich: 2 mm bis 20 mm Kanal \u00d8 22mm Maximale Stangenl\u00e4nge: 3.000 mm Aufstellma\u00df [&hellip;]<\/p>\n","protected":false},"featured_media":7475,"template":"","meta":[],"product_brand":[],"product_cat":[85],"product_tag":[],"class_list":{"0":"post-7480","1":"product","2":"type-product","3":"status-publish","4":"has-post-thumbnail","6":"product_cat-stangenzufuehrungen","8":"first","9":"instock","10":"taxable","11":"shipping-taxable","12":"product-type-simple"},"aioseo_notices":[],"_links":{"self":[{"href":"https:\/\/www.horn-wzm.de\/ru\/wp-json\/wp\/v2\/product\/7480","targetHints":{"allow":["GET"]}}],"collection":[{"href":"https:\/\/www.horn-wzm.de\/ru\/wp-json\/wp\/v2\/product"}],"about":[{"href":"https:\/\/www.horn-wzm.de\/ru\/wp-json\/wp\/v2\/types\/product"}],"version-history":[{"count":1,"href":"https:\/\/www.horn-wzm.de\/ru\/wp-json\/wp\/v2\/product\/7480\/revisions"}],"predecessor-version":[{"id":7481,"href":"https:\/\/www.horn-wzm.de\/ru\/wp-json\/wp\/v2\/product\/7480\/revisions\/7481"}],"wp:featuredmedia":[{"embeddable":true,"href":"https:\/\/www.horn-wzm.de\/ru\/wp-json\/wp\/v2\/media\/7475"}],"wp:attachment":[{"href":"https:\/\/www.horn-wzm.de\/ru\/wp-json\/wp\/v2\/media?parent=7480"}],"wp:term":[{"taxonomy":"product_brand","embeddable":true,"href":"https:\/\/www.horn-wzm.de\/ru\/wp-json\/wp\/v2\/product_brand?post=7480"},{"taxonomy":"product_cat","embeddable":true,"href":"https:\/\/www.horn-wzm.de\/ru\/wp-json\/wp\/v2\/product_cat?post=7480"},{"taxonomy":"product_tag","embeddable":true,"href":"https:\/\/www.horn-wzm.de\/ru\/wp-json\/wp\/v2\/product_tag?post=7480"}],"curies":[{"name":"wp","href":"https:\/\/api.w.org\/{rel}","templated":true}]}}