{"id":7285,"date":"2026-02-02T14:39:55","date_gmt":"2026-02-02T13:39:55","guid":{"rendered":"https:\/\/www.horn-wzm.de\/shop\/unkategorisiert\/chiron-mill-6000-high-speed-mit-nc-schwenkkopf-bj-2004-ueberholt-2013_-intnr231477\/"},"modified":"2026-02-02T14:39:55","modified_gmt":"2026-02-02T13:39:55","slug":"chiron-mill-6000-high-speed-mit-nc-schwenkkopf-bj-2004-ueberholt-2013_-intnr231477","status":"publish","type":"product","link":"https:\/\/www.horn-wzm.de\/ru\/shop\/cnc-bearbeitungszentrum\/chiron-mill-6000-high-speed-mit-nc-schwenkkopf-bj-2004-ueberholt-2013_-intnr231477\/","title":{"rendered":"CHIRON MILL 6000 high speed mit NC-Schwenkkopf, Bj. 2004 \/ \u00dcberholt 2013_ IntNr231477"},"content":{"rendered":"<p><b>\u0420\u0430\u0441\u043f\u043e\u043b\u043e\u0436\u0435\u043d\u0438\u0435:<\/b> \u0413\u0435\u0440\u043c\u0430\u043d\u0438\u044f, \u0411\u0430\u0434\u0435\u043d-\u0412\u044e\u0440\u0442\u0435\u043c\u0431\u0435\u0440\u0433, \u044e\u0433\u043e-\u0437\u0430\u043f\u0430\u0434<\/p>\n<p><b>Zustand:<\/b> \u041f\u043e\u0434\u0435\u0440\u0436\u0430\u043d\u043d\u044b\u0435<\/p>\n<p><b>Hersteller:<\/b> Chiron<\/p>\n<p><b>Modell:<\/b> Chiron<\/p>\n<p><b>\u0413\u043e\u0434 \u043f\u043e\u0441\u0442\u0440\u043e\u0439\u043a\u0438:<\/b> 2004<\/p>\n<p><b>\u0427\u0430\u0441\u044b \u0440\u0430\u0431\u043e\u0442\u044b:<\/b> 77374<\/p>\n<p>Vertikales CNC-Fertigungszentrum<br \/>\nChiron MILL 6000 high speed mit NC-Schwenkkopf<br \/>\nBaujahr 2004, gro\u00dfe Grund\u00fcberholung 2013<br \/>\nDie Maschine wurde 2013 vom Hersteller Chiron grund\u00fcberholt.<br \/>\nBetriebsstunden ca. 80.374 h<br \/>\nSpindeltausch M\u00e4rz 2021  Spindelstunden ca. 8.000 h<br \/>\nWartung wurde im Januar 2024 durchgef\u00fchrt<br \/>\nTechnische Daten:<br \/>\nSiemens 840D (PCU50, NCU572.4) <\/p>\n<p>NC-Schwenkkopf  <\/p>\n<p>Paket high speed:<br \/>\nMotorspindel D 12.000 U\/min., 140 Nm<br \/>\nVerfahrwege X 6.000mm \/ Y 630mm \/ Z 550mm<br \/>\nEilgang in X \/ Y \/ Z 60 m\/min.<br \/>\nSpan-zu-Span-Zeit 3,0 sek. (3,3 sek. DIN) vertikal und 4,7 sek. (5,0 sek. DIN) horizontal<br \/>\nProduktionspaket:<br \/>\nKratzbandf\u00f6rderer, Auswurfh\u00f6he 1.050 mm<br \/>\nIKZ-Vorbereitung<br \/>\nVakuumrotationsfilter KNOLL VRF250 (Stahl, Guss, Alu, Kunststoff, Messing)<br \/>\nHochdruck 70 bar mit HD-Pumpe und Varioventil<br \/>\nAutomatische Beladet\u00fcren<br \/>\nMittentrennwand f\u00fcr Pendelbearbeitung<br \/>\n92 Werkzeugpl\u00e4tze HSK-A63 (Hintergrundmagazin)<br \/>\n5-Achsfr\u00e4spaket<br \/>\nBlasluft<br \/>\nWerkzeugstandzeit\u00fcberwachung<br \/>\nzus\u00e4tzl. V24 RS232 im Schaltschrank<br \/>\nBDE\/MDE-Schnittstelle (Zust\u00e4nde: Maschine an, Maschine l\u00e4uft, St\u00fcckz\u00e4hler)<br \/>\nMarposs (Brankamp) Kollisions\u00fcberwachung CMS100<br \/>\n3D-Maschinenmodell zur kinematischen Simulation im CAM-Programmiersystem<br \/>\nHydraulikaggregat 210 bar, 2 Spannkreise, separater Systemspanndruck je Pendelfeld,<br \/>\nSpanndruckkontrolle  <\/p>\n<p>Linearspannsystem KOHN<br \/>\n8 St\u00fcck Hydraulik-Spannstock KOHN Multi 2000 MFS 125\/680 HD <\/p>\n<p>zweiteiliger Trittrost f\u00fcr Bediener \u00fcber die gesamte Bedienbreite 6.000 mm <\/p>\n<p>Maschinenh\u00f6he: ca. 3.000<br \/>\nGesamtgewicht: ca. 20.000 kg <\/p>\n<p>Die Maschine kann nach Terminvereinbarung Strom besichtigt werden.<br \/>\n\u0418\u0437\u043c\u0435\u043d\u0435\u043d\u0438\u044f \u0438 \u043e\u0448\u0438\u0431\u043a\u0438 \u0432 \u0442\u0435\u0445\u043d\u0438\u0447\u0435\u0441\u043a\u0438\u0445 \u0434\u0430\u043d\u043d\u044b\u0445 \u0438 \u0438\u043d\u0444\u043e\u0440\u043c\u0430\u0446\u0438\u0438, \u0430 \u0442\u0430\u043a\u0436\u0435 \u043f\u0440\u0435\u0434\u0432\u0430\u0440\u0438\u0442\u0435\u043b\u044c\u043d\u0430\u044f \u043f\u0440\u043e\u0434\u0430\u0436\u0430 \u0437\u0430\u0440\u0435\u0437\u0435\u0440\u0432\u0438\u0440\u043e\u0432\u0430\u043d\u044b!<\/p>\n<p>Vertical CNC Machining Center<br \/>\nCHIRON MILL 6000 high speed with NC swivel head<br \/>\nYear of manufacture: 2004 \u2013 major overhaul by manufacturer CHIRON in 2013<br \/>\nThe machine underwent a complete factory overhaul by CHIRON in 2013.<br \/>\nOperating hours: approx. 80,374 h<br \/>\nSpindle replacement: March 2021 \u2013 spindle hours: approx. 8,000 h<br \/>\nLast maintenance performed: January 2024<br \/>\nTechnical Specifications:<\/p>\n<p>Control: Siemens 840D (PCU50, NCU572.4)<br \/>\nNC swivel head<br \/>\nHigh-speed package: Motor spindle up to 12,000 rpm, 140 Nm<br \/>\nTravels: X 6,000 mm \/ Y 630 mm \/ Z 550 mm<br \/>\nRapid traverse in X \/ Y \/ Z: 60 m\/min<br \/>\nChip-to-chip time: 3.0 sec (3.3 sec DIN) vertical \/ 4.7 sec (5.0 sec DIN) horizontal<br \/>\nProduction package:<br \/>\nScraper belt conveyor, discharge height 1,050 mm<br \/>\nPreparation for internal coolant supply (IKZ)<br \/>\nVacuum rotary filter KNOLL VRF250 (for steel, cast iron, aluminum, plastic, brass)<br \/>\nHigh pressure 70 bar with HP pump and variable valve<br \/>\nAutomatic loading doors<br \/>\nCentral partition for pendulum machining<br \/>\n92 tool positions HSK-A63 (background magazine)<br \/>\n5-axis milling package<br \/>\nAir blast<br \/>\nTool life monitoring<br \/>\nAdditional V24 RS232 interface in electrical cabinet<br \/>\nBDE\/MDE interface (machine on, machine running, piece counter)<br \/>\nMarposs (Brankamp) collision monitoring CMS100<br \/>\n3D machine model for kinematic simulation in CAM programming system<br \/>\nHydraulic unit 210 bar, 2 clamping circuits, separate system clamping pressure per pendulum field, clamping pressure monitoring<br \/>\nLinear clamping system KOHN<br \/>\n8 hydraulic clamping vises KOHN Multi 2000 MFS 125\/680 HD<\/p>\n<p>Two-part operator platform (tread grid) across the full 6,000 mm operating width<\/p>\n<p>\u0420\u0430\u0437\u043c\u0435\u0440\u044b \u0438 \u0432\u0435\u0441:<\/p>\n<p>Machine height: approx. 3,000 mm<br \/>\nTotal weight: approx. 20,000 kg<\/p>\n<p>Due to the long X-travel of 6,000 mm (long-bed design), the required floor space is substantial:<\/p>\n<p>Approximate length (along X-axis): 9\u201310 m (machine footprint often ~8\u20139 m, plus operator\/maintenance access ~9\u201310 m total)<br \/>\nApproximate width (along Y-axis): 3\u20133.5 m (machine body ~2.8\u20133 m, plus safety\/operating clearance)<\/p>\n<p>\u041f\u043e \u043f\u0440\u0435\u0434\u0432\u0430\u0440\u0438\u0442\u0435\u043b\u044c\u043d\u043e\u0439 \u0434\u043e\u0433\u043e\u0432\u043e\u0440\u0435\u043d\u043d\u043e\u0441\u0442\u0438 \u043c\u0430\u0448\u0438\u043d\u0443 \u043c\u043e\u0436\u043d\u043e \u043e\u0441\u043c\u043e\u0442\u0440\u0435\u0442\u044c \u043f\u043e\u0434 \u043d\u0430\u043f\u0440\u044f\u0436\u0435\u043d\u0438\u0435\u043c.<br \/>\nTechnical specifications and information are subject to change and errors, and prior sale is reserved.<\/p>","protected":false},"excerpt":{"rendered":"<p>Standort: Deutschland, Baden-W\u00fcrttemberg S\u00fcdwest Zustand: Gebraucht Hersteller: Chiron Modell: Chiron Baujahr: 2004 Betriebsstunden: 77374 Vertikales CNC-Fertigungszentrum Chiron MILL 6000 high speed mit NC-Schwenkkopf Baujahr 2004, gro\u00dfe Grund\u00fcberholung 2013 Die Maschine wurde 2013 vom Hersteller Chiron grund\u00fcberholt. Betriebsstunden ca. 80.374 h Spindeltausch M\u00e4rz 2021 Spindelstunden ca. 8.000 h Wartung wurde im Januar 2024 durchgef\u00fchrt Technische Daten: [&hellip;]<\/p>\n","protected":false},"featured_media":7280,"template":"","meta":[],"product_brand":[],"product_cat":[88],"product_tag":[],"class_list":{"0":"post-7285","1":"product","2":"type-product","3":"status-publish","4":"has-post-thumbnail","6":"product_cat-cnc-bearbeitungszentrum","8":"first","9":"instock","10":"taxable","11":"shipping-taxable","12":"product-type-simple"},"aioseo_notices":[],"_links":{"self":[{"href":"https:\/\/www.horn-wzm.de\/ru\/wp-json\/wp\/v2\/product\/7285","targetHints":{"allow":["GET"]}}],"collection":[{"href":"https:\/\/www.horn-wzm.de\/ru\/wp-json\/wp\/v2\/product"}],"about":[{"href":"https:\/\/www.horn-wzm.de\/ru\/wp-json\/wp\/v2\/types\/product"}],"version-history":[{"count":1,"href":"https:\/\/www.horn-wzm.de\/ru\/wp-json\/wp\/v2\/product\/7285\/revisions"}],"predecessor-version":[{"id":7286,"href":"https:\/\/www.horn-wzm.de\/ru\/wp-json\/wp\/v2\/product\/7285\/revisions\/7286"}],"wp:featuredmedia":[{"embeddable":true,"href":"https:\/\/www.horn-wzm.de\/ru\/wp-json\/wp\/v2\/media\/7280"}],"wp:attachment":[{"href":"https:\/\/www.horn-wzm.de\/ru\/wp-json\/wp\/v2\/media?parent=7285"}],"wp:term":[{"taxonomy":"product_brand","embeddable":true,"href":"https:\/\/www.horn-wzm.de\/ru\/wp-json\/wp\/v2\/product_brand?post=7285"},{"taxonomy":"product_cat","embeddable":true,"href":"https:\/\/www.horn-wzm.de\/ru\/wp-json\/wp\/v2\/product_cat?post=7285"},{"taxonomy":"product_tag","embeddable":true,"href":"https:\/\/www.horn-wzm.de\/ru\/wp-json\/wp\/v2\/product_tag?post=7285"}],"curies":[{"name":"wp","href":"https:\/\/api.w.org\/{rel}","templated":true}]}}